{"id":8,"date":"2024-12-10T14:12:39","date_gmt":"2024-12-10T19:12:39","guid":{"rendered":"https:\/\/blog.utp.edu.co\/gestion-academica-estudiantil\/hestia-front\/"},"modified":"2025-12-17T11:46:53","modified_gmt":"2025-12-17T16:46:53","slug":"hestia-front","status":"publish","type":"page","link":"https:\/\/blog.utp.edu.co\/gestion-academica-estudiantil\/hestia-front\/","title":{"rendered":"PALE"},"content":{"rendered":"\n<div style=\"height:51px\" aria-hidden=\"true\" class=\"wp-block-spacer\"><\/div>\n\n\n\n<figure class=\"wp-block-image size-large\"><img loading=\"lazy\" decoding=\"async\" width=\"1024\" height=\"107\" src=\"https:\/\/blog.utp.edu.co\/gestion-academica-estudiantil\/files\/2025\/10\/Copia-de-BANER-2-1-1024x107.png\" alt=\"\" class=\"wp-image-389\" srcset=\"https:\/\/blog.utp.edu.co\/gestion-academica-estudiantil\/files\/2025\/10\/Copia-de-BANER-2-1-1024x107.png 1024w, https:\/\/blog.utp.edu.co\/gestion-academica-estudiantil\/files\/2025\/10\/Copia-de-BANER-2-1-300x31.png 300w, https:\/\/blog.utp.edu.co\/gestion-academica-estudiantil\/files\/2025\/10\/Copia-de-BANER-2-1-768x80.png 768w, https:\/\/blog.utp.edu.co\/gestion-academica-estudiantil\/files\/2025\/10\/Copia-de-BANER-2-1-1536x160.png 1536w, https:\/\/blog.utp.edu.co\/gestion-academica-estudiantil\/files\/2025\/10\/Copia-de-BANER-2-1.png 1920w\" sizes=\"auto, (max-width: 1024px) 100vw, 1024px\" \/><\/figure>\n\n\n\n<div style=\"height:79px\" aria-hidden=\"true\" class=\"wp-block-spacer\"><\/div>\n\n\n\n<figure class=\"wp-block-image size-large\"><img loading=\"lazy\" decoding=\"async\" width=\"1024\" height=\"512\" src=\"https:\/\/blog.utp.edu.co\/gestion-academica-estudiantil\/files\/2025\/03\/PALE-2-1-1024x512.png\" alt=\"\" class=\"wp-image-71\" srcset=\"https:\/\/blog.utp.edu.co\/gestion-academica-estudiantil\/files\/2025\/03\/PALE-2-1-1024x512.png 1024w, https:\/\/blog.utp.edu.co\/gestion-academica-estudiantil\/files\/2025\/03\/PALE-2-1-300x150.png 300w, https:\/\/blog.utp.edu.co\/gestion-academica-estudiantil\/files\/2025\/03\/PALE-2-1-768x384.png 768w, https:\/\/blog.utp.edu.co\/gestion-academica-estudiantil\/files\/2025\/03\/PALE-2-1-1536x768.png 1536w, https:\/\/blog.utp.edu.co\/gestion-academica-estudiantil\/files\/2025\/03\/PALE-2-1-2048x1024.png 2048w\" sizes=\"auto, (max-width: 1024px) 100vw, 1024px\" \/><\/figure>\n\n\n\n<div style=\"height:36px\" aria-hidden=\"true\" class=\"wp-block-spacer\"><\/div>\n\n\n\n<p>\u00a1Hola, estudiante y docente UTP! \ud83e\udd17<\/p>\n\n\n<div class=\"wp-block-image\">\n<figure class=\"alignleft size-full is-resized\"><img loading=\"lazy\" decoding=\"async\" width=\"612\" height=\"608\" src=\"https:\/\/blog.utp.edu.co\/gestion-academica-estudiantil\/files\/2025\/03\/imagen_2025-03-07_133159897.png\" alt=\"\" class=\"wp-image-42\" style=\"width:316px;height:auto\" srcset=\"https:\/\/blog.utp.edu.co\/gestion-academica-estudiantil\/files\/2025\/03\/imagen_2025-03-07_133159897.png 612w, https:\/\/blog.utp.edu.co\/gestion-academica-estudiantil\/files\/2025\/03\/imagen_2025-03-07_133159897-300x298.png 300w, https:\/\/blog.utp.edu.co\/gestion-academica-estudiantil\/files\/2025\/03\/imagen_2025-03-07_133159897-150x150.png 150w\" sizes=\"auto, (max-width: 612px) 100vw, 612px\" \/><figcaption class=\"wp-element-caption\"><em>Asesor\u00edas individuales <\/em><\/figcaption><\/figure>\n<\/div>\n\n\n<p>Somos el PALE, Programa de Acompa\u00f1amiento en Lectura y Escritura. Estamos adscrito a Vicerrector\u00eda Acad\u00e9mica como uno de los servicios que ofrece la Universidad Tecnol\u00f3gica de Pereira en aras de fortalecer los procesos de los estudiantes con relaci\u00f3n a las habilidades comunicativas. Como programa de acompa\u00f1amiento realizamos asesor\u00edas o procesos individuales y talleres en el aula enfocados en las cuatro habilidades comunicativas: lectura, escritura, oralidad y escucha. Adem\u00e1s, tambi\u00e9n podemos ayudarte con las pruebas Saber Pro y TyT \ud83d\udcda\ud83e\udd13<\/p>\n\n\n\n<p><\/p>\n\n\n\n<p><\/p>\n\n\n\n<hr class=\"wp-block-separator has-alpha-channel-opacity is-style-wide\" \/>\n\n\n<div class=\"wp-block-image\">\n<figure class=\"alignright size-full is-resized\"><img loading=\"lazy\" decoding=\"async\" width=\"611\" height=\"345\" src=\"https:\/\/blog.utp.edu.co\/gestion-academica-estudiantil\/files\/2025\/03\/imagen_2025-03-07_133339971.png\" alt=\"\" class=\"wp-image-44\" style=\"width:447px;height:auto\" srcset=\"https:\/\/blog.utp.edu.co\/gestion-academica-estudiantil\/files\/2025\/03\/imagen_2025-03-07_133339971.png 611w, https:\/\/blog.utp.edu.co\/gestion-academica-estudiantil\/files\/2025\/03\/imagen_2025-03-07_133339971-300x169.png 300w\" sizes=\"auto, (max-width: 611px) 100vw, 611px\" \/><figcaption class=\"wp-element-caption\"><em>Talleres PALE en el aula<\/em><\/figcaption><\/figure>\n<\/div>\n\n\n<p><\/p>\n\n\n\n<p>Recuerda, estudiante y docente UTP, si requieres asesor\u00edas individuales o talleres en el aula puedes contactarnos al correo pale@utp.edu.co. Tambi\u00e9n puedes seguirnos en redes sociales como <a href=\"https:\/\/www.instagram.com\/utppale\/\" data-type=\"link\" data-id=\"https:\/\/www.instagram.com\/utppale\/\">@utppale<\/a>\ud83e\udd17<\/p>\n\n\n\n<p style=\"margin-top:var(--wp--preset--spacing--20);margin-bottom:var(--wp--preset--spacing--20)\"><\/p>\n\n\n\n<p><\/p>\n\n\n\n<div style=\"height:134px\" aria-hidden=\"true\" class=\"wp-block-spacer\"><\/div>\n\n\n\n<figure class=\"wp-block-image size-large\"><img loading=\"lazy\" decoding=\"async\" width=\"1024\" height=\"512\" src=\"https:\/\/blog.utp.edu.co\/gestion-academica-estudiantil\/files\/2025\/03\/PALE-1-1024x512.png\" alt=\"\" class=\"wp-image-72\" srcset=\"https:\/\/blog.utp.edu.co\/gestion-academica-estudiantil\/files\/2025\/03\/PALE-1-1024x512.png 1024w, https:\/\/blog.utp.edu.co\/gestion-academica-estudiantil\/files\/2025\/03\/PALE-1-300x150.png 300w, https:\/\/blog.utp.edu.co\/gestion-academica-estudiantil\/files\/2025\/03\/PALE-1-768x384.png 768w, https:\/\/blog.utp.edu.co\/gestion-academica-estudiantil\/files\/2025\/03\/PALE-1-1536x768.png 1536w, https:\/\/blog.utp.edu.co\/gestion-academica-estudiantil\/files\/2025\/03\/PALE-1-2048x1024.png 2048w\" sizes=\"auto, (max-width: 1024px) 100vw, 1024px\" \/><\/figure>\n\n\n\n<div style=\"height:129px\" aria-hidden=\"true\" class=\"wp-block-spacer\"><\/div>\n\n\n<div class=\"wp-block-image\">\n<figure class=\"aligncenter size-large is-resized\"><img loading=\"lazy\" decoding=\"async\" width=\"1024\" height=\"726\" src=\"https:\/\/blog.utp.edu.co\/gestion-academica-estudiantil\/files\/2025\/12\/PALE-1-1024x726.png\" alt=\"\" class=\"wp-image-584\" style=\"width:609px;height:auto\" srcset=\"https:\/\/blog.utp.edu.co\/gestion-academica-estudiantil\/files\/2025\/12\/PALE-1-1024x726.png 1024w, https:\/\/blog.utp.edu.co\/gestion-academica-estudiantil\/files\/2025\/12\/PALE-1-300x213.png 300w, https:\/\/blog.utp.edu.co\/gestion-academica-estudiantil\/files\/2025\/12\/PALE-1-768x545.png 768w, https:\/\/blog.utp.edu.co\/gestion-academica-estudiantil\/files\/2025\/12\/PALE-1-1536x1090.png 1536w, https:\/\/blog.utp.edu.co\/gestion-academica-estudiantil\/files\/2025\/12\/PALE-1.png 1748w\" sizes=\"auto, (max-width: 1024px) 100vw, 1024px\" \/><\/figure>\n<\/div>\n\n\n<p>Desde el PALE y el PAMA tenemos un programa radial que llena las ma\u00f1anas de conocimiento, carisma y entretenimiento. Cada jueves te contamos diversos temas para que puedas ver las matem\u00e1ticas y las letras como algo m\u00e1s all\u00e1 de lo t\u00edpicamente aburrido.<\/p>\n\n\n\n<div style=\"height:100px\" aria-hidden=\"true\" class=\"wp-block-spacer\"><\/div>\n\n\n\n<figure class=\"wp-block-image size-large\"><img loading=\"lazy\" decoding=\"async\" width=\"1024\" height=\"512\" src=\"https:\/\/blog.utp.edu.co\/gestion-academica-estudiantil\/files\/2025\/12\/Banner-Navidad-Tradicional-Ilustrado-Azul-Beige-Rojo-2-1024x512.png\" alt=\"\" class=\"wp-image-585\" srcset=\"https:\/\/blog.utp.edu.co\/gestion-academica-estudiantil\/files\/2025\/12\/Banner-Navidad-Tradicional-Ilustrado-Azul-Beige-Rojo-2-1024x512.png 1024w, https:\/\/blog.utp.edu.co\/gestion-academica-estudiantil\/files\/2025\/12\/Banner-Navidad-Tradicional-Ilustrado-Azul-Beige-Rojo-2-300x150.png 300w, https:\/\/blog.utp.edu.co\/gestion-academica-estudiantil\/files\/2025\/12\/Banner-Navidad-Tradicional-Ilustrado-Azul-Beige-Rojo-2-768x384.png 768w, https:\/\/blog.utp.edu.co\/gestion-academica-estudiantil\/files\/2025\/12\/Banner-Navidad-Tradicional-Ilustrado-Azul-Beige-Rojo-2-1536x768.png 1536w, https:\/\/blog.utp.edu.co\/gestion-academica-estudiantil\/files\/2025\/12\/Banner-Navidad-Tradicional-Ilustrado-Azul-Beige-Rojo-2-2048x1024.png 2048w\" sizes=\"auto, (max-width: 1024px) 100vw, 1024px\" \/><\/figure>\n\n\n\n<div style=\"height:100px\" aria-hidden=\"true\" class=\"wp-block-spacer\"><\/div>\n\n\n\n<p class=\"has-text-align-center has-text-color has-link-color has-large-font-size wp-elements-f8424745aa8c10a1816d908a7b2e00f7\" style=\"color:#194f66;font-style:normal;font-weight:1000\">PRIMERA TEMPORADA <\/p>\n\n\n\n<div class=\"wp-block-buttons is-vertical is-content-justification-left is-layout-flex wp-container-core-buttons-is-layout-dd225191 wp-block-buttons-is-layout-flex\">\n<div class=\"wp-block-button is-style-fill\"><a class=\"wp-block-button__link has-background wp-element-button\" href=\"https:\/\/blog.utp.edu.co\/gestion-academica-estudiantil\/files\/2025\/12\/AlimentandoCocoTemp01Ep01-Jueves21Agosto25-1.mp3\" style=\"background:linear-gradient(135deg,rgb(36,167,242) 0%,rgb(222,147,7) 60%,rgb(235,127,12) 100%)\" target=\"_blank\" rel=\"noreferrer noopener\">Cap 01: Leer no es comprender.<\/a><\/div>\n\n\n\n<div class=\"wp-block-button is-style-fill\"><a class=\"wp-block-button__link has-background wp-element-button\" href=\"https:\/\/blog.utp.edu.co\/gestion-academica-estudiantil\/files\/2025\/12\/AlimentandoCocoTemp01Ep02-Jueves28Agosto25.mp3\" style=\"background:linear-gradient(135deg,rgb(36,167,242) 0%,rgb(222,147,7) 60%,rgb(235,127,12) 100%)\" target=\"_blank\" rel=\"noreferrer noopener\">Cap 02: Nunca lo descartes, es descartes. <\/a><\/div>\n\n\n\n<div class=\"wp-block-button is-style-fill\"><a class=\"wp-block-button__link has-background wp-element-button\" href=\"https:\/\/blog.utp.edu.co\/gestion-academica-estudiantil\/files\/2025\/12\/AlimentandoCocoTemp01Ep03-Jueves04Septiembre25.mp3\" style=\"background:linear-gradient(135deg,rgb(36,167,242) 0%,rgb(222,147,7) 60%,rgb(235,127,12) 100%)\" target=\"_blank\" rel=\"noreferrer noopener\">Cap 03: Escribir no es solo para las notas.<\/a><\/div>\n\n\n\n<div class=\"wp-block-button is-style-fill\"><a class=\"wp-block-button__link has-background wp-element-button\" href=\"https:\/\/blog.utp.edu.co\/gestion-academica-estudiantil\/files\/2025\/12\/AlimentandoCocoTemp01Ep04-Jueves11Septiembre25.mp3\" style=\"background:linear-gradient(135deg,rgb(36,167,242) 0%,rgb(222,147,7) 60%,rgb(235,127,12) 100%)\" target=\"_blank\" rel=\"noreferrer noopener\">Cap 04: La aguja de Buffon <\/a><\/div>\n\n\n\n<div class=\"wp-block-button is-style-fill\"><a class=\"wp-block-button__link has-background wp-element-button\" href=\"https:\/\/blog.utp.edu.co\/gestion-academica-estudiantil\/files\/2025\/12\/AlimentandoCocoTemp01Ep05-Jueves18Septiembre25.mp3\" style=\"background:linear-gradient(135deg,rgb(36,167,242) 0%,rgb(222,147,7) 60%,rgb(235,127,12) 100%)\" target=\"_blank\" rel=\"noreferrer noopener\">Cap 05: La literatura es para todo el mundo. <\/a><\/div>\n\n\n\n<div class=\"wp-block-button is-style-fill\"><a class=\"wp-block-button__link has-background wp-element-button\" href=\"https:\/\/blog.utp.edu.co\/gestion-academica-estudiantil\/files\/2025\/12\/AlimentandoCocoTemp01Ep06-Jueves25Septiembre25.mp3\" style=\"background:linear-gradient(135deg,rgb(36,167,242) 0%,rgb(222,147,7) 60%,rgb(235,127,12) 100%)\" target=\"_blank\" rel=\"noreferrer noopener\">Cap 06: Galois: genio, rebeld\u00eda y tragedia.<\/a><\/div>\n\n\n\n<div class=\"wp-block-button is-style-fill\"><a class=\"wp-block-button__link has-background wp-element-button\" href=\"https:\/\/blog.utp.edu.co\/gestion-academica-estudiantil\/files\/2025\/12\/AlimentandoCocoTemp01Ep07-Jueves02Octubre25.mp3\" style=\"background:linear-gradient(135deg,rgb(36,167,242) 0%,rgb(222,147,7) 60%,rgb(235,127,12) 100%)\" target=\"_blank\" rel=\"noreferrer noopener\">Cap 07: El ensayo nunca fue el enemigo.<\/a><\/div>\n\n\n\n<div class=\"wp-block-button is-style-fill\"><a class=\"wp-block-button__link has-background wp-element-button\" href=\"https:\/\/blog.utp.edu.co\/gestion-academica-estudiantil\/files\/2025\/12\/AlimentandoCocoTemp01Ep08-Jueves09Octubre25.mp3\" style=\"background:linear-gradient(135deg,rgb(36,167,242) 0%,rgb(222,147,7) 60%,rgb(235,127,12) 100%)\">Cap 08: Matem\u00e1ticas con sed de venganza.<\/a><\/div>\n<\/div>\n\n\n\n<div style=\"height:100px\" aria-hidden=\"true\" class=\"wp-block-spacer\"><\/div>\n\n\n\n<p class=\"has-text-align-center has-text-color has-link-color has-large-font-size wp-elements-8884714fff5603f02a3d3438ae94b169\" style=\"color:#194f66;font-style:normal;font-weight:1000\">SEGUNDA TEMPORADA <\/p>\n\n\n\n<div class=\"wp-block-buttons is-vertical is-content-justification-left is-layout-flex wp-container-core-buttons-is-layout-dd225191 wp-block-buttons-is-layout-flex\">\n<div class=\"wp-block-button\"><a class=\"wp-block-button__link has-background wp-element-button\" href=\"https:\/\/blog.utp.edu.co\/gestion-academica-estudiantil\/files\/2025\/12\/En-la-universidad-siendo-bilingue.-.mp3\" style=\"background:linear-gradient(135deg,rgb(36,167,242) 0%,rgb(222,147,7) 53%,rgb(235,127,12) 100%)\" target=\"_blank\" rel=\"noreferrer noopener\">Cap 01: En la universidad siendo biling\u00fce.<\/a><\/div>\n\n\n\n<div class=\"wp-block-button\"><a class=\"wp-block-button__link has-background wp-element-button\" style=\"background:linear-gradient(135deg,rgb(36,167,242) 0%,rgb(222,147,7) 53%,rgb(235,127,12) 100%)\">Cap 02: La ruta de las matem\u00e1ticas, un sobrevuelo a la historia.\u00a0<\/a><\/div>\n\n\n\n<div class=\"wp-block-button\"><a class=\"wp-block-button__link has-background wp-element-button\" href=\"https:\/\/blog.utp.edu.co\/gestion-academica-estudiantil\/files\/2025\/12\/Escribir-para-investigar.-1.mp3\" style=\"background:linear-gradient(135deg,rgb(36,167,242) 0%,rgb(222,147,7) 53%,rgb(235,127,12) 100%)\" target=\"_blank\" rel=\"noreferrer noopener\">Cap 03: Escribir para investigar.<\/a><\/div>\n\n\n\n<div class=\"wp-block-button\"><a class=\"wp-block-button__link has-background wp-element-button\" href=\"https:\/\/blog.utp.edu.co\/gestion-academica-estudiantil\/files\/2025\/12\/Gauss-el-genio-que-calculo-el-mundo.mp3\" style=\"background:linear-gradient(135deg,rgb(36,167,242) 0%,rgb(222,147,7) 53%,rgb(235,127,12) 100%)\" target=\"_blank\" rel=\"noreferrer noopener\">Cap 04: Gauss, el genio que calcul\u00f3 el mundo.<\/a><\/div>\n\n\n\n<div class=\"wp-block-button\"><a class=\"wp-block-button__link has-background wp-element-button\" href=\"https:\/\/blog.utp.edu.co\/gestion-academica-estudiantil\/files\/2025\/12\/Experiencia-del-club-de-lectura-Voragine.mp3\" style=\"background:linear-gradient(135deg,rgb(36,167,242) 0%,rgb(222,147,7) 53%,rgb(235,127,12) 100%)\" target=\"_blank\" rel=\"noreferrer noopener\">Cap 05: Experiencia del club de lectura Vor\u00e1gine.<\/a><\/div>\n\n\n\n<div class=\"wp-block-button\"><a class=\"wp-block-button__link has-background wp-element-button\" style=\"background:linear-gradient(135deg,rgb(36,167,242) 0%,rgb(222,147,7) 53%,rgb(235,127,12) 100%)\">Cap 06: PALE en acci\u00f3n, lo que hemos alcanzado.<\/a><\/div>\n\n\n\n<div class=\"wp-block-button\"><a class=\"wp-block-button__link has-background wp-element-button\" style=\"background:linear-gradient(135deg,rgb(36,167,242) 0%,rgb(222,147,7) 53%,rgb(235,127,12) 100%)\">Cap 07: PAMA en acci\u00f3n, actividades desarrolladas en 2025.<\/a><\/div>\n<\/div>\n\n\n\n<p><\/p>\n","protected":false},"excerpt":{"rendered":"<p>\u00a1Hola, estudiante y docente UTP! \ud83e\udd17 Somos el PALE, Programa de Acompa\u00f1amiento en Lectura y Escritura. Estamos adscrito a Vicerrector\u00eda Acad\u00e9mica como uno de los servicios que ofrece la Universidad Tecnol\u00f3gica de Pereira en aras de fortalecer los procesos de los estudiantes con relaci\u00f3n a las habilidades comunicativas. Como programa [&hellip;]<\/p>\n","protected":false},"author":1,"featured_media":28,"parent":0,"menu_order":0,"comment_status":"closed","ping_status":"closed","template":"","meta":{"footnotes":""},"class_list":["post-8","page","type-page","status-publish","has-post-thumbnail","hentry"],"_links":{"self":[{"href":"https:\/\/blog.utp.edu.co\/gestion-academica-estudiantil\/wp-json\/wp\/v2\/pages\/8","targetHints":{"allow":["GET"]}}],"collection":[{"href":"https:\/\/blog.utp.edu.co\/gestion-academica-estudiantil\/wp-json\/wp\/v2\/pages"}],"about":[{"href":"https:\/\/blog.utp.edu.co\/gestion-academica-estudiantil\/wp-json\/wp\/v2\/types\/page"}],"author":[{"embeddable":true,"href":"https:\/\/blog.utp.edu.co\/gestion-academica-estudiantil\/wp-json\/wp\/v2\/users\/1"}],"replies":[{"embeddable":true,"href":"https:\/\/blog.utp.edu.co\/gestion-academica-estudiantil\/wp-json\/wp\/v2\/comments?post=8"}],"version-history":[{"count":29,"href":"https:\/\/blog.utp.edu.co\/gestion-academica-estudiantil\/wp-json\/wp\/v2\/pages\/8\/revisions"}],"predecessor-version":[{"id":591,"href":"https:\/\/blog.utp.edu.co\/gestion-academica-estudiantil\/wp-json\/wp\/v2\/pages\/8\/revisions\/591"}],"wp:featuredmedia":[{"embeddable":true,"href":"https:\/\/blog.utp.edu.co\/gestion-academica-estudiantil\/wp-json\/wp\/v2\/media\/28"}],"wp:attachment":[{"href":"https:\/\/blog.utp.edu.co\/gestion-academica-estudiantil\/wp-json\/wp\/v2\/media?parent=8"}],"curies":[{"name":"wp","href":"https:\/\/api.w.org\/{rel}","templated":true}]}}