{"id":8,"date":"2026-04-10T22:46:27","date_gmt":"2026-04-11T03:46:27","guid":{"rendered":"https:\/\/blog.utp.edu.co\/felipe-osorio\/?page_id=8"},"modified":"2026-04-10T22:56:49","modified_gmt":"2026-04-11T03:56:49","slug":"inicio","status":"publish","type":"page","link":"https:\/\/blog.utp.edu.co\/felipe-osorio\/inicio\/","title":{"rendered":"Felipe Osorio-Arteaga"},"content":{"rendered":"\n<hr class=\"wp-block-separator has-alpha-channel-opacity\" \/>\n\n\n\n<div class=\"wp-block-group is-nowrap is-layout-flex wp-container-core-group-is-layout-6c531013 wp-block-group-is-layout-flex\">\n<p>Profesor Asociado<\/p>\n\n\n\n<p>Programa de Tecnolog\u00eda El\u00e9ctrica<\/p>\n\n\n\n<p> Universidad Tecnol\u00f3gica de Pereira<\/p>\n<\/div>\n\n\n\n<hr class=\"wp-block-separator has-alpha-channel-opacity\" \/>\n\n\n\n<p>Estudiante de doctorado en Ingenier\u00eda con experiencia en modelado e identificaci\u00f3n de sistemas f\u00edsicos, an\u00e1lisis de circuitos el\u00e9ctricos y electr\u00f3nicos lineales usando TINA, Proteus y Circuitmaker, an\u00e1lisis y dise\u00f1o de sistemas de control, simulaci\u00f3n de sistemas f\u00edsicos y de control en Matlab y Python, implementaci\u00f3n de sistemas de control en tiempo continuo y discreto en diferentes placas de desarrollo Arduino, PIC 16F628A, PIC 16F877A y ESP32. Conocimiento de la norma IEC 61131-3 en los lenguajes de programaci\u00f3n: lista de instrucciones, texto estructurado, diagrama de bloques de funciones, diagrama escalera y metodolog\u00eda diagrama funcional secuencial, dise\u00f1o estructurado y gu\u00eda GEMMA. Manejo de software TIA PORTAL, LOGO Soft Comfort y Zelio Soft para la programaci\u00f3n de PLC Siemens S7-1200, S7-1200F, S7-1500, LOGO y PLC Schneider Zelio respectivamente. Conocimiento en Internetworking y protocolos de comunicaci\u00f3n industrial Profibus. Experiencia en manipulaci\u00f3n de sensores industriales de proximidad finales de carrera, magn\u00e9ticos, inductivos, capacitivos y \u00f3pticos. Conocimiento en sistemas neum\u00e1ticos e hidr\u00e1ulicos, cilindros de simple y doble efecto, electrov\u00e1lvulas direccionales y proporcionales. Experiencia en el manejo del sistema de instrumentaci\u00f3n y an\u00e1lisis de se\u00f1ales usando Analog Discovery 2, escritura de textos acad\u00e9micos, art\u00edculos cient\u00edficos y presentaciones en LaTeX.<\/p>\n\n\n\n<hr class=\"wp-block-separator has-alpha-channel-opacity\" \/>\n\n\n\n<div class=\"wp-block-group is-nowrap is-layout-flex wp-container-core-group-is-layout-6c531013 wp-block-group-is-layout-flex\">\n<p>Oficina: 1B-118<\/p>\n\n\n\n<p>Laboratorio de docencia e investigaci\u00f3n: 1B-017<\/p>\n\n\n\n<p> Correo electr\u00f3nico: pipeoso28@utp.edu.co<\/p>\n<\/div>\n\n\n\n<hr class=\"wp-block-separator has-alpha-channel-opacity\" \/>\n\n\n\n<div class=\"wp-block-group is-nowrap is-layout-flex wp-container-core-group-is-layout-6c531013 wp-block-group-is-layout-flex\">\n<div class=\"wp-block-columns is-layout-flex wp-container-core-columns-is-layout-28f84493 wp-block-columns-is-layout-flex\">\n<div class=\"wp-block-column is-layout-flow wp-block-column-is-layout-flow\" style=\"flex-basis:100%\">\n<div class=\"wp-block-group is-nowrap is-layout-flex wp-container-core-group-is-layout-6c531013 wp-block-group-is-layout-flex\">\n<div class=\"wp-block-columns is-layout-flex wp-container-core-columns-is-layout-28f84493 wp-block-columns-is-layout-flex\">\n<div class=\"wp-block-column is-layout-flow wp-block-column-is-layout-flow\" style=\"flex-basis:100%\"><ul class=\"wp-block-page-list\"><li class=\"wp-block-pages-list__item\"><a class=\"wp-block-pages-list__item__link\" href=\"https:\/\/blog.utp.edu.co\/felipe-osorio\/inicio\/\">Felipe Osorio-Arteaga<\/a><\/li><li class=\"wp-block-pages-list__item\"><a class=\"wp-block-pages-list__item__link\" href=\"https:\/\/blog.utp.edu.co\/felipe-osorio\/pagina-ejemplo\/\">P\u00e1gina de ejemplo<\/a><\/li><\/ul><\/div>\n<\/div>\n<\/div>\n<\/div>\n<\/div>\n<\/div>\n","protected":false},"excerpt":{"rendered":"<p>Profesor Asociado Programa de Tecnolog\u00eda El\u00e9ctrica Universidad Tecnol\u00f3gica de Pereira Estudiante de doctorado en Ingenier\u00eda con experiencia en modelado e [&hellip;]<\/p>\n","protected":false},"author":6512,"featured_media":0,"parent":0,"menu_order":0,"comment_status":"closed","ping_status":"closed","template":"","meta":{"site-sidebar-layout":"default","site-content-layout":"","ast-site-content-layout":"default","site-content-style":"default","site-sidebar-style":"default","ast-global-header-display":"","ast-banner-title-visibility":"","ast-main-header-display":"","ast-hfb-above-header-display":"","ast-hfb-below-header-display":"","ast-hfb-mobile-header-display":"","site-post-title":"","ast-breadcrumbs-content":"","ast-featured-img":"","footer-sml-layout":"","ast-disable-related-posts":"","theme-transparent-header-meta":"","adv-header-id-meta":"","stick-header-meta":"","header-above-stick-meta":"","header-main-stick-meta":"","header-below-stick-meta":"","astra-migrate-meta-layouts":"default","ast-page-background-enabled":"default","ast-page-background-meta":{"desktop":{"background-color":"var(--ast-global-color-5)","background-image":"","background-repeat":"repeat","background-position":"center center","background-size":"auto","background-attachment":"scroll","background-type":"","background-media":"","overlay-type":"","overlay-color":"","overlay-opacity":"","overlay-gradient":""},"tablet":{"background-color":"","background-image":"","background-repeat":"repeat","background-position":"center center","background-size":"auto","background-attachment":"scroll","background-type":"","background-media":"","overlay-type":"","overlay-color":"","overlay-opacity":"","overlay-gradient":""},"mobile":{"background-color":"","background-image":"","background-repeat":"repeat","background-position":"center center","background-size":"auto","background-attachment":"scroll","background-type":"","background-media":"","overlay-type":"","overlay-color":"","overlay-opacity":"","overlay-gradient":""}},"ast-content-background-meta":{"desktop":{"background-color":"var(--ast-global-color-4)","background-image":"","background-repeat":"repeat","background-position":"center center","background-size":"auto","background-attachment":"scroll","background-type":"","background-media":"","overlay-type":"","overlay-color":"","overlay-opacity":"","overlay-gradient":""},"tablet":{"background-color":"var(--ast-global-color-4)","background-image":"","background-repeat":"repeat","background-position":"center center","background-size":"auto","background-attachment":"scroll","background-type":"","background-media":"","overlay-type":"","overlay-color":"","overlay-opacity":"","overlay-gradient":""},"mobile":{"background-color":"var(--ast-global-color-4)","background-image":"","background-repeat":"repeat","background-position":"center center","background-size":"auto","background-attachment":"scroll","background-type":"","background-media":"","overlay-type":"","overlay-color":"","overlay-opacity":"","overlay-gradient":""}},"footnotes":""},"class_list":["post-8","page","type-page","status-publish","hentry"],"_links":{"self":[{"href":"https:\/\/blog.utp.edu.co\/felipe-osorio\/wp-json\/wp\/v2\/pages\/8","targetHints":{"allow":["GET"]}}],"collection":[{"href":"https:\/\/blog.utp.edu.co\/felipe-osorio\/wp-json\/wp\/v2\/pages"}],"about":[{"href":"https:\/\/blog.utp.edu.co\/felipe-osorio\/wp-json\/wp\/v2\/types\/page"}],"author":[{"embeddable":true,"href":"https:\/\/blog.utp.edu.co\/felipe-osorio\/wp-json\/wp\/v2\/users\/6512"}],"replies":[{"embeddable":true,"href":"https:\/\/blog.utp.edu.co\/felipe-osorio\/wp-json\/wp\/v2\/comments?post=8"}],"version-history":[{"count":3,"href":"https:\/\/blog.utp.edu.co\/felipe-osorio\/wp-json\/wp\/v2\/pages\/8\/revisions"}],"predecessor-version":[{"id":13,"href":"https:\/\/blog.utp.edu.co\/felipe-osorio\/wp-json\/wp\/v2\/pages\/8\/revisions\/13"}],"wp:attachment":[{"href":"https:\/\/blog.utp.edu.co\/felipe-osorio\/wp-json\/wp\/v2\/media?parent=8"}],"curies":[{"name":"wp","href":"https:\/\/api.w.org\/{rel}","templated":true}]}}