{"id":3951,"date":"2022-12-12T20:53:28","date_gmt":"2022-12-12T20:53:28","guid":{"rendered":"https:\/\/blog.utp.edu.co\/estrategia-de-resignificacion-del-campus\/?page_id=3951"},"modified":"2022-12-14T03:13:24","modified_gmt":"2022-12-14T03:13:24","slug":"performance-colectivo","status":"publish","type":"page","link":"https:\/\/blog.utp.edu.co\/estrategia-de-resignificacion-del-campus\/performance-colectivo\/","title":{"rendered":"Performance Colectivo"},"content":{"rendered":"\n<figure class=\"wp-block-pullquote\"><blockquote><p><strong>Orquesta de Objetos, sonoridades del Campus<\/strong><br>Artistas encargados  Andrea Mar\u00edn y Adrian Hueso<\/p><\/blockquote><\/figure>\n\n\n\n<p>El&nbsp;performance colectivo&nbsp;fue una propuesta con creada &nbsp;con los artistas Andrea Mar\u00edn y Adri\u00e1n Hueso y 20 estudiantes de la UTP, para socializar los resultados de la Estrategia de Resignificaci\u00f3n del Campus Universitario, desarrollada durante el II semestre de 2022.<\/p>\n\n\n\n<p>La experiencia busc\u00f3 conectar aquellos sonidos cotidianos de la Universidad desde las subjetividades de cada estudiante participante en una gran orquestadirigida con lenguaje de se\u00f1as. Se usaron herramientas externas y elementos experimentales para la producci\u00f3n de sonido.<\/p>\n\n\n\n<p><\/p>\n\n\n\n\n\n<figure class=\"wp-block-gallery has-nested-images columns-default is-cropped wp-block-gallery-1 is-layout-flex wp-block-gallery-is-layout-flex\">\n<figure class=\"wp-block-image size-large\"><img loading=\"lazy\" decoding=\"async\" width=\"768\" height=\"1024\" data-id=\"4031\" src=\"https:\/\/blog.utp.edu.co\/estrategia-de-resignificacion-del-campus\/files\/2022\/12\/WhatsApp-Image-2022-11-18-at-4.19.57-PM-768x1024.jpeg\" alt=\"\" class=\"wp-image-4031\" srcset=\"https:\/\/blog.utp.edu.co\/estrategia-de-resignificacion-del-campus\/files\/2022\/12\/WhatsApp-Image-2022-11-18-at-4.19.57-PM-768x1024.jpeg 768w, https:\/\/blog.utp.edu.co\/estrategia-de-resignificacion-del-campus\/files\/2022\/12\/WhatsApp-Image-2022-11-18-at-4.19.57-PM-225x300.jpeg 225w, https:\/\/blog.utp.edu.co\/estrategia-de-resignificacion-del-campus\/files\/2022\/12\/WhatsApp-Image-2022-11-18-at-4.19.57-PM-1152x1536.jpeg 1152w, https:\/\/blog.utp.edu.co\/estrategia-de-resignificacion-del-campus\/files\/2022\/12\/WhatsApp-Image-2022-11-18-at-4.19.57-PM.jpeg 1200w\" sizes=\"auto, (max-width: 768px) 100vw, 768px\" \/><\/figure>\n\n\n\n<figure class=\"wp-block-image size-large\"><img loading=\"lazy\" decoding=\"async\" width=\"768\" height=\"1024\" data-id=\"4041\" src=\"https:\/\/blog.utp.edu.co\/estrategia-de-resignificacion-del-campus\/files\/2022\/12\/WhatsApp-Image-2022-11-18-at-4.19.58-PM-768x1024.jpeg\" alt=\"\" class=\"wp-image-4041\" srcset=\"https:\/\/blog.utp.edu.co\/estrategia-de-resignificacion-del-campus\/files\/2022\/12\/WhatsApp-Image-2022-11-18-at-4.19.58-PM-768x1024.jpeg 768w, https:\/\/blog.utp.edu.co\/estrategia-de-resignificacion-del-campus\/files\/2022\/12\/WhatsApp-Image-2022-11-18-at-4.19.58-PM-225x300.jpeg 225w, https:\/\/blog.utp.edu.co\/estrategia-de-resignificacion-del-campus\/files\/2022\/12\/WhatsApp-Image-2022-11-18-at-4.19.58-PM-1152x1536.jpeg 1152w, https:\/\/blog.utp.edu.co\/estrategia-de-resignificacion-del-campus\/files\/2022\/12\/WhatsApp-Image-2022-11-18-at-4.19.58-PM.jpeg 1200w\" sizes=\"auto, (max-width: 768px) 100vw, 768px\" \/><\/figure>\n\n\n\n<figure class=\"wp-block-image size-large\"><img loading=\"lazy\" decoding=\"async\" width=\"768\" height=\"1024\" data-id=\"4051\" src=\"https:\/\/blog.utp.edu.co\/estrategia-de-resignificacion-del-campus\/files\/2022\/12\/WhatsApp-Image-2022-12-12-at-3.55.55-PM-2-768x1024.jpeg\" alt=\"\" class=\"wp-image-4051\" srcset=\"https:\/\/blog.utp.edu.co\/estrategia-de-resignificacion-del-campus\/files\/2022\/12\/WhatsApp-Image-2022-12-12-at-3.55.55-PM-2-768x1024.jpeg 768w, https:\/\/blog.utp.edu.co\/estrategia-de-resignificacion-del-campus\/files\/2022\/12\/WhatsApp-Image-2022-12-12-at-3.55.55-PM-2-225x300.jpeg 225w, https:\/\/blog.utp.edu.co\/estrategia-de-resignificacion-del-campus\/files\/2022\/12\/WhatsApp-Image-2022-12-12-at-3.55.55-PM-2-1152x1536.jpeg 1152w, https:\/\/blog.utp.edu.co\/estrategia-de-resignificacion-del-campus\/files\/2022\/12\/WhatsApp-Image-2022-12-12-at-3.55.55-PM-2.jpeg 1200w\" sizes=\"auto, (max-width: 768px) 100vw, 768px\" \/><\/figure>\n\n\n\n<figure class=\"wp-block-image size-large\"><img decoding=\"async\" data-id=\"4011\" src=\"https:\/\/blog.utp.edu.co\/estrategia-de-resignificacion-del-campus\/files\/2022\/12\/WhatsApp-Image-2022-12-12-at-3.55.55-PM-1-575x1024.jpeg\" alt=\"\" class=\"wp-image-4011\" \/><\/figure>\n\n\n\n<figure class=\"wp-block-image size-large\"><img loading=\"lazy\" decoding=\"async\" width=\"575\" height=\"1024\" data-id=\"4061\" src=\"https:\/\/blog.utp.edu.co\/estrategia-de-resignificacion-del-campus\/files\/2022\/12\/WhatsApp-Image-2022-12-12-at-3.55.55-PM-575x1024.jpeg\" alt=\"\" class=\"wp-image-4061\" srcset=\"https:\/\/blog.utp.edu.co\/estrategia-de-resignificacion-del-campus\/files\/2022\/12\/WhatsApp-Image-2022-12-12-at-3.55.55-PM-575x1024.jpeg 575w, https:\/\/blog.utp.edu.co\/estrategia-de-resignificacion-del-campus\/files\/2022\/12\/WhatsApp-Image-2022-12-12-at-3.55.55-PM-169x300.jpeg 169w, https:\/\/blog.utp.edu.co\/estrategia-de-resignificacion-del-campus\/files\/2022\/12\/WhatsApp-Image-2022-12-12-at-3.55.55-PM-768x1367.jpeg 768w, https:\/\/blog.utp.edu.co\/estrategia-de-resignificacion-del-campus\/files\/2022\/12\/WhatsApp-Image-2022-12-12-at-3.55.55-PM-863x1536.jpeg 863w, https:\/\/blog.utp.edu.co\/estrategia-de-resignificacion-del-campus\/files\/2022\/12\/WhatsApp-Image-2022-12-12-at-3.55.55-PM.jpeg 899w\" sizes=\"auto, (max-width: 575px) 100vw, 575px\" \/><\/figure>\n\n\n\n<figure class=\"wp-block-image size-large\"><img loading=\"lazy\" decoding=\"async\" width=\"575\" height=\"1024\" data-id=\"4021\" src=\"https:\/\/blog.utp.edu.co\/estrategia-de-resignificacion-del-campus\/files\/2022\/12\/WhatsApp-Image-2022-12-12-at-3.55.56-PM-2-575x1024.jpeg\" alt=\"\" class=\"wp-image-4021\" srcset=\"https:\/\/blog.utp.edu.co\/estrategia-de-resignificacion-del-campus\/files\/2022\/12\/WhatsApp-Image-2022-12-12-at-3.55.56-PM-2-575x1024.jpeg 575w, https:\/\/blog.utp.edu.co\/estrategia-de-resignificacion-del-campus\/files\/2022\/12\/WhatsApp-Image-2022-12-12-at-3.55.56-PM-2-169x300.jpeg 169w, https:\/\/blog.utp.edu.co\/estrategia-de-resignificacion-del-campus\/files\/2022\/12\/WhatsApp-Image-2022-12-12-at-3.55.56-PM-2-768x1367.jpeg 768w, https:\/\/blog.utp.edu.co\/estrategia-de-resignificacion-del-campus\/files\/2022\/12\/WhatsApp-Image-2022-12-12-at-3.55.56-PM-2-863x1536.jpeg 863w, https:\/\/blog.utp.edu.co\/estrategia-de-resignificacion-del-campus\/files\/2022\/12\/WhatsApp-Image-2022-12-12-at-3.55.56-PM-2.jpeg 899w\" sizes=\"auto, (max-width: 575px) 100vw, 575px\" \/><\/figure>\n\n\n\n<figure class=\"wp-block-image size-large\"><img loading=\"lazy\" decoding=\"async\" width=\"575\" height=\"1024\" data-id=\"4071\" src=\"https:\/\/blog.utp.edu.co\/estrategia-de-resignificacion-del-campus\/files\/2022\/12\/WhatsApp-Image-2022-12-12-at-3.55.56-PM-1-575x1024.jpeg\" alt=\"\" class=\"wp-image-4071\" srcset=\"https:\/\/blog.utp.edu.co\/estrategia-de-resignificacion-del-campus\/files\/2022\/12\/WhatsApp-Image-2022-12-12-at-3.55.56-PM-1-575x1024.jpeg 575w, https:\/\/blog.utp.edu.co\/estrategia-de-resignificacion-del-campus\/files\/2022\/12\/WhatsApp-Image-2022-12-12-at-3.55.56-PM-1-169x300.jpeg 169w, https:\/\/blog.utp.edu.co\/estrategia-de-resignificacion-del-campus\/files\/2022\/12\/WhatsApp-Image-2022-12-12-at-3.55.56-PM-1-768x1367.jpeg 768w, https:\/\/blog.utp.edu.co\/estrategia-de-resignificacion-del-campus\/files\/2022\/12\/WhatsApp-Image-2022-12-12-at-3.55.56-PM-1-863x1536.jpeg 863w, https:\/\/blog.utp.edu.co\/estrategia-de-resignificacion-del-campus\/files\/2022\/12\/WhatsApp-Image-2022-12-12-at-3.55.56-PM-1.jpeg 899w\" sizes=\"auto, (max-width: 575px) 100vw, 575px\" \/><\/figure>\n\n\n\n<figure class=\"wp-block-image size-large\"><img loading=\"lazy\" decoding=\"async\" width=\"450\" height=\"800\" data-id=\"4091\" src=\"https:\/\/blog.utp.edu.co\/estrategia-de-resignificacion-del-campus\/files\/2022\/12\/WhatsApp-Image-2022-12-12-at-3.55.56-PM-edited.jpeg\" alt=\"\" class=\"wp-image-4091\" srcset=\"https:\/\/blog.utp.edu.co\/estrategia-de-resignificacion-del-campus\/files\/2022\/12\/WhatsApp-Image-2022-12-12-at-3.55.56-PM-edited.jpeg 450w, https:\/\/blog.utp.edu.co\/estrategia-de-resignificacion-del-campus\/files\/2022\/12\/WhatsApp-Image-2022-12-12-at-3.55.56-PM-edited-169x300.jpeg 169w\" sizes=\"auto, (max-width: 450px) 100vw, 450px\" \/><\/figure>\n<\/figure>\n","protected":false},"excerpt":{"rendered":"<p>Orquesta de Objetos, sonoridades del CampusArtistas encargados Andrea Mar\u00edn y Adrian Hueso El&nbsp;performance colectivo&nbsp;fue una propuesta con creada &nbsp;con los artistas Andrea Mar\u00edn y Adri\u00e1n Hueso y 20 estudiantes de la UTP, para socializar los resultados de la Estrategia de Resignificaci\u00f3n del Campus Universitario, desarrollada durante el II semestre de 2022. La experiencia busc\u00f3 conectar &#8230; <a title=\"Performance Colectivo\" class=\"read-more\" href=\"https:\/\/blog.utp.edu.co\/estrategia-de-resignificacion-del-campus\/performance-colectivo\/\" aria-label=\"Leer m\u00e1s sobre Performance Colectivo\">Leer m\u00e1s<\/a><\/p>\n","protected":false},"author":6461,"featured_media":761,"parent":0,"menu_order":0,"comment_status":"closed","ping_status":"closed","template":"","meta":{"footnotes":""},"class_list":["post-3951","page","type-page","status-publish","has-post-thumbnail"],"_links":{"self":[{"href":"https:\/\/blog.utp.edu.co\/estrategia-de-resignificacion-del-campus\/wp-json\/wp\/v2\/pages\/3951","targetHints":{"allow":["GET"]}}],"collection":[{"href":"https:\/\/blog.utp.edu.co\/estrategia-de-resignificacion-del-campus\/wp-json\/wp\/v2\/pages"}],"about":[{"href":"https:\/\/blog.utp.edu.co\/estrategia-de-resignificacion-del-campus\/wp-json\/wp\/v2\/types\/page"}],"author":[{"embeddable":true,"href":"https:\/\/blog.utp.edu.co\/estrategia-de-resignificacion-del-campus\/wp-json\/wp\/v2\/users\/6461"}],"replies":[{"embeddable":true,"href":"https:\/\/blog.utp.edu.co\/estrategia-de-resignificacion-del-campus\/wp-json\/wp\/v2\/comments?post=3951"}],"version-history":[{"count":11,"href":"https:\/\/blog.utp.edu.co\/estrategia-de-resignificacion-del-campus\/wp-json\/wp\/v2\/pages\/3951\/revisions"}],"predecessor-version":[{"id":4511,"href":"https:\/\/blog.utp.edu.co\/estrategia-de-resignificacion-del-campus\/wp-json\/wp\/v2\/pages\/3951\/revisions\/4511"}],"wp:featuredmedia":[{"embeddable":true,"href":"https:\/\/blog.utp.edu.co\/estrategia-de-resignificacion-del-campus\/wp-json\/wp\/v2\/media\/761"}],"wp:attachment":[{"href":"https:\/\/blog.utp.edu.co\/estrategia-de-resignificacion-del-campus\/wp-json\/wp\/v2\/media?parent=3951"}],"curies":[{"name":"wp","href":"https:\/\/api.w.org\/{rel}","templated":true}]}}