{"id":3911,"date":"2022-12-12T20:51:40","date_gmt":"2022-12-12T20:51:40","guid":{"rendered":"https:\/\/blog.utp.edu.co\/estrategia-de-resignificacion-del-campus\/?page_id=3911"},"modified":"2023-03-17T00:42:49","modified_gmt":"2023-03-17T00:42:49","slug":"socializacion-travesias-sensibles","status":"publish","type":"page","link":"https:\/\/blog.utp.edu.co\/estrategia-de-resignificacion-del-campus\/socializacion-travesias-sensibles\/","title":{"rendered":"Socializaci\u00f3n Traves\u00edas Sensibles"},"content":{"rendered":"\n<p><strong>Traves\u00edas sensibles. Hacia una psicogeograf\u00eda del campus universitario<\/strong><\/p>\n\n\n\n<p>Una traves\u00eda es un viaje, por tierra, por mar o por aire, a trav\u00e9s de una regi\u00f3n; es tambi\u00e9n el viento que da por los lados. Es, sobre todo, una aventura arriesgada, en la que el viajero se expone a situaciones imprevistas y a tareas azarosas. Un significado profundo del que nos valemos hoy para nombrar el acontecimiento sensible con el que cerramos la primera etapa de la Estrategia de Resignificaci\u00f3n del Campus de la UTP: un proceso que se propuso desentra\u00f1ar lo que el campus universitario significa para quienes lo habitan, a partir de una serie de experiencias y acciones que tuvieron lugar durante 2022: c\u00edrculos donde nos sentamos a escucharnos, laboratorios de creaci\u00f3n de postales sonoras en sitios espec\u00edficos de la UTP, acciones vivas y performance colectivos.&nbsp;<\/p>\n\n\n\n<p>Todo esto levanta un mapa del campus, una cartograf\u00eda psicogeogr\u00e1fica construida colaborativamente. La traves\u00eda es sensible, lo siente todo, se emociona, conserva y produce huellas. No se trata, entonces, de ejercicios pensados para delimitar zonas de propiedad a trav\u00e9s de acciones grandilocuentes \u2014\u201cesto es m\u00edo\u201d, \u201cyo lo conquist\u00e9 con mi lucha\u201d\u2014, sino de tejidos de sentidos y sentires; de retazos empatados de voces, experiencias, memorias, que dicen \u201caqu\u00ed aprend\u00ed\u201d, \u201cnos enamoramos\u201d, \u201cde repente la m\u00fasica nos hizo bailar juntos, aunque no nos conoc\u00edamos\u201d, \u201ceste es el lugar en el que m\u00e1s feliz he sido\u201d, \u201cla U es m\u00e1s que mi casa\u201d\u2026 voces que evocan una universidad que, pese a lo dif\u00edcil de la vida y la crueldad del mundo, promete un porvenir y, por eso, preserva saberes y espacios p\u00fablicos en los que se abraza la utop\u00eda de una generaci\u00f3n joven: construiremos juntos mundos mejores, nuestras alegr\u00edas colectivas tejer\u00e1n colchas coloridas para calentarnos en d\u00edas fr\u00edos.&nbsp;<\/p>\n\n\n\n<blockquote class=\"wp-block-quote is-layout-flow wp-block-quote-is-layout-flow\">\n<p>Hoy nos invitamos para disponer la escucha y la mirada, para percibir lo sonidos, para captar el gesto provocador de las im\u00e1genes, las acciones, las se\u00f1as y se\u00f1ales de una comunidad de viandantes que vive el presente con urgencia, sin la ilusi\u00f3n que promete la duraci\u00f3n. Invitamos a la consideraci\u00f3n de todas las especies que habitamos este espacio, so\u00f1ando formas acogedoras de estar juntas, inspiradas en este ecosistema que nos recibe con todo y la extra\u00f1eza cu\u00e1ntica de nuestras singularidades.&nbsp;<\/p>\n<\/blockquote>\n\n\n\n<p>Recorremos libertades imaginadas para encontrar se\u00f1ales de universos perdidos que se niegan a desaparecer, pedaleando utop\u00edas. Somos una sumatoria de especies transitando espacios plurales y diversos; aqu\u00ed y all\u00e1 nos esforzamos por permanecer; conjeturamos constelaciones expansivas, habitamos a trav\u00e9s de la invenci\u00f3n, construyendo \u201cterritorios\u201d inusitados. Somos acertijo: hojas tengo sin ser \u00e1rbol, hilo que se enrolla, a manera de c\u00edrculo, de agujero, de punto; punto que es pasado como las estrellas, presente en el reloj, futuro de semilla que crece entre hierbas que escuchan al cie lo.&nbsp;<\/p>\n\n\n\n<p>Este campus revela las transformaciones del hilo enrollado que une nuestras geo-psico-graf\u00edas, que nos deja por destino un despojo de juegos rebeldes y sue\u00f1os aplazados. Adivinamos caminos en esqueletos de bosques nativos, preguntamos a Carl Gauss el secreto revelado de las matem\u00e1ticas en las profundidades del brillante esplendor que colorea zonas de luz en nuestras memorias; tecnolog\u00edas de transmisi\u00f3n buscando destinatarios con cari\u00f1o. Siempre vamos llenos de preguntas.<\/p>\n\n\n\n<figure class=\"wp-block-gallery has-nested-images columns-default is-cropped wp-block-gallery-1 is-layout-flex wp-block-gallery-is-layout-flex\">\n<figure class=\"wp-block-image size-large\"><img loading=\"lazy\" decoding=\"async\" width=\"575\" height=\"1024\" data-id=\"5014\" src=\"https:\/\/blog.utp.edu.co\/estrategia-de-resignificacion-del-campus\/files\/2023\/03\/WhatsApp-Image-2022-12-12-at-3.55.59-PM-1-575x1024.jpeg\" alt=\"\" class=\"wp-image-5014\" srcset=\"https:\/\/blog.utp.edu.co\/estrategia-de-resignificacion-del-campus\/files\/2023\/03\/WhatsApp-Image-2022-12-12-at-3.55.59-PM-1-575x1024.jpeg 575w, https:\/\/blog.utp.edu.co\/estrategia-de-resignificacion-del-campus\/files\/2023\/03\/WhatsApp-Image-2022-12-12-at-3.55.59-PM-1-169x300.jpeg 169w, https:\/\/blog.utp.edu.co\/estrategia-de-resignificacion-del-campus\/files\/2023\/03\/WhatsApp-Image-2022-12-12-at-3.55.59-PM-1-768x1367.jpeg 768w, https:\/\/blog.utp.edu.co\/estrategia-de-resignificacion-del-campus\/files\/2023\/03\/WhatsApp-Image-2022-12-12-at-3.55.59-PM-1-863x1536.jpeg 863w, https:\/\/blog.utp.edu.co\/estrategia-de-resignificacion-del-campus\/files\/2023\/03\/WhatsApp-Image-2022-12-12-at-3.55.59-PM-1.jpeg 899w\" sizes=\"auto, (max-width: 575px) 100vw, 575px\" \/><\/figure>\n\n\n\n<figure class=\"wp-block-image size-large\"><img loading=\"lazy\" decoding=\"async\" width=\"575\" height=\"1024\" data-id=\"5015\" src=\"https:\/\/blog.utp.edu.co\/estrategia-de-resignificacion-del-campus\/files\/2023\/03\/WhatsApp-Image-2022-12-12-at-3.55.59-PM-575x1024.jpeg\" alt=\"\" class=\"wp-image-5015\" srcset=\"https:\/\/blog.utp.edu.co\/estrategia-de-resignificacion-del-campus\/files\/2023\/03\/WhatsApp-Image-2022-12-12-at-3.55.59-PM-575x1024.jpeg 575w, https:\/\/blog.utp.edu.co\/estrategia-de-resignificacion-del-campus\/files\/2023\/03\/WhatsApp-Image-2022-12-12-at-3.55.59-PM-169x300.jpeg 169w, https:\/\/blog.utp.edu.co\/estrategia-de-resignificacion-del-campus\/files\/2023\/03\/WhatsApp-Image-2022-12-12-at-3.55.59-PM-768x1367.jpeg 768w, https:\/\/blog.utp.edu.co\/estrategia-de-resignificacion-del-campus\/files\/2023\/03\/WhatsApp-Image-2022-12-12-at-3.55.59-PM-863x1536.jpeg 863w, https:\/\/blog.utp.edu.co\/estrategia-de-resignificacion-del-campus\/files\/2023\/03\/WhatsApp-Image-2022-12-12-at-3.55.59-PM.jpeg 899w\" sizes=\"auto, (max-width: 575px) 100vw, 575px\" \/><\/figure>\n\n\n\n<figure class=\"wp-block-image size-large\"><img loading=\"lazy\" decoding=\"async\" width=\"575\" height=\"1024\" data-id=\"5016\" src=\"https:\/\/blog.utp.edu.co\/estrategia-de-resignificacion-del-campus\/files\/2023\/03\/WhatsApp-Image-2022-12-12-at-3.56.00-PM-2-575x1024.jpeg\" alt=\"\" class=\"wp-image-5016\" srcset=\"https:\/\/blog.utp.edu.co\/estrategia-de-resignificacion-del-campus\/files\/2023\/03\/WhatsApp-Image-2022-12-12-at-3.56.00-PM-2-575x1024.jpeg 575w, https:\/\/blog.utp.edu.co\/estrategia-de-resignificacion-del-campus\/files\/2023\/03\/WhatsApp-Image-2022-12-12-at-3.56.00-PM-2-169x300.jpeg 169w, https:\/\/blog.utp.edu.co\/estrategia-de-resignificacion-del-campus\/files\/2023\/03\/WhatsApp-Image-2022-12-12-at-3.56.00-PM-2-768x1367.jpeg 768w, https:\/\/blog.utp.edu.co\/estrategia-de-resignificacion-del-campus\/files\/2023\/03\/WhatsApp-Image-2022-12-12-at-3.56.00-PM-2-863x1536.jpeg 863w, https:\/\/blog.utp.edu.co\/estrategia-de-resignificacion-del-campus\/files\/2023\/03\/WhatsApp-Image-2022-12-12-at-3.56.00-PM-2.jpeg 899w\" sizes=\"auto, (max-width: 575px) 100vw, 575px\" \/><\/figure>\n\n\n\n<figure class=\"wp-block-image size-large\"><img loading=\"lazy\" decoding=\"async\" width=\"575\" height=\"1024\" data-id=\"5018\" src=\"https:\/\/blog.utp.edu.co\/estrategia-de-resignificacion-del-campus\/files\/2023\/03\/WhatsApp-Image-2022-12-12-at-3.56.00-PM-1-575x1024.jpeg\" alt=\"\" class=\"wp-image-5018\" srcset=\"https:\/\/blog.utp.edu.co\/estrategia-de-resignificacion-del-campus\/files\/2023\/03\/WhatsApp-Image-2022-12-12-at-3.56.00-PM-1-575x1024.jpeg 575w, https:\/\/blog.utp.edu.co\/estrategia-de-resignificacion-del-campus\/files\/2023\/03\/WhatsApp-Image-2022-12-12-at-3.56.00-PM-1-169x300.jpeg 169w, https:\/\/blog.utp.edu.co\/estrategia-de-resignificacion-del-campus\/files\/2023\/03\/WhatsApp-Image-2022-12-12-at-3.56.00-PM-1-768x1367.jpeg 768w, https:\/\/blog.utp.edu.co\/estrategia-de-resignificacion-del-campus\/files\/2023\/03\/WhatsApp-Image-2022-12-12-at-3.56.00-PM-1-863x1536.jpeg 863w, https:\/\/blog.utp.edu.co\/estrategia-de-resignificacion-del-campus\/files\/2023\/03\/WhatsApp-Image-2022-12-12-at-3.56.00-PM-1.jpeg 899w\" sizes=\"auto, (max-width: 575px) 100vw, 575px\" \/><\/figure>\n\n\n\n<figure class=\"wp-block-image size-large\"><img loading=\"lazy\" decoding=\"async\" width=\"575\" height=\"1024\" data-id=\"5017\" src=\"https:\/\/blog.utp.edu.co\/estrategia-de-resignificacion-del-campus\/files\/2023\/03\/WhatsApp-Image-2022-12-12-at-3.56.00-PM-575x1024.jpeg\" alt=\"\" class=\"wp-image-5017\" srcset=\"https:\/\/blog.utp.edu.co\/estrategia-de-resignificacion-del-campus\/files\/2023\/03\/WhatsApp-Image-2022-12-12-at-3.56.00-PM-575x1024.jpeg 575w, https:\/\/blog.utp.edu.co\/estrategia-de-resignificacion-del-campus\/files\/2023\/03\/WhatsApp-Image-2022-12-12-at-3.56.00-PM-169x300.jpeg 169w, https:\/\/blog.utp.edu.co\/estrategia-de-resignificacion-del-campus\/files\/2023\/03\/WhatsApp-Image-2022-12-12-at-3.56.00-PM-768x1367.jpeg 768w, https:\/\/blog.utp.edu.co\/estrategia-de-resignificacion-del-campus\/files\/2023\/03\/WhatsApp-Image-2022-12-12-at-3.56.00-PM-863x1536.jpeg 863w, https:\/\/blog.utp.edu.co\/estrategia-de-resignificacion-del-campus\/files\/2023\/03\/WhatsApp-Image-2022-12-12-at-3.56.00-PM.jpeg 899w\" sizes=\"auto, (max-width: 575px) 100vw, 575px\" \/><\/figure>\n\n\n\n<figure class=\"wp-block-image size-large\"><img loading=\"lazy\" decoding=\"async\" width=\"575\" height=\"1024\" data-id=\"5019\" src=\"https:\/\/blog.utp.edu.co\/estrategia-de-resignificacion-del-campus\/files\/2023\/03\/WhatsApp-Image-2022-12-12-at-3.56.01-PM-1-575x1024.jpeg\" alt=\"\" class=\"wp-image-5019\" srcset=\"https:\/\/blog.utp.edu.co\/estrategia-de-resignificacion-del-campus\/files\/2023\/03\/WhatsApp-Image-2022-12-12-at-3.56.01-PM-1-575x1024.jpeg 575w, https:\/\/blog.utp.edu.co\/estrategia-de-resignificacion-del-campus\/files\/2023\/03\/WhatsApp-Image-2022-12-12-at-3.56.01-PM-1-169x300.jpeg 169w, https:\/\/blog.utp.edu.co\/estrategia-de-resignificacion-del-campus\/files\/2023\/03\/WhatsApp-Image-2022-12-12-at-3.56.01-PM-1-768x1367.jpeg 768w, https:\/\/blog.utp.edu.co\/estrategia-de-resignificacion-del-campus\/files\/2023\/03\/WhatsApp-Image-2022-12-12-at-3.56.01-PM-1-863x1536.jpeg 863w, https:\/\/blog.utp.edu.co\/estrategia-de-resignificacion-del-campus\/files\/2023\/03\/WhatsApp-Image-2022-12-12-at-3.56.01-PM-1.jpeg 899w\" sizes=\"auto, (max-width: 575px) 100vw, 575px\" \/><\/figure>\n\n\n\n<figure class=\"wp-block-image size-large\"><img loading=\"lazy\" decoding=\"async\" width=\"575\" height=\"1024\" data-id=\"5020\" src=\"https:\/\/blog.utp.edu.co\/estrategia-de-resignificacion-del-campus\/files\/2023\/03\/WhatsApp-Image-2022-12-12-at-3.56.01-PM-575x1024.jpeg\" alt=\"\" class=\"wp-image-5020\" srcset=\"https:\/\/blog.utp.edu.co\/estrategia-de-resignificacion-del-campus\/files\/2023\/03\/WhatsApp-Image-2022-12-12-at-3.56.01-PM-575x1024.jpeg 575w, https:\/\/blog.utp.edu.co\/estrategia-de-resignificacion-del-campus\/files\/2023\/03\/WhatsApp-Image-2022-12-12-at-3.56.01-PM-169x300.jpeg 169w, https:\/\/blog.utp.edu.co\/estrategia-de-resignificacion-del-campus\/files\/2023\/03\/WhatsApp-Image-2022-12-12-at-3.56.01-PM-768x1367.jpeg 768w, https:\/\/blog.utp.edu.co\/estrategia-de-resignificacion-del-campus\/files\/2023\/03\/WhatsApp-Image-2022-12-12-at-3.56.01-PM-863x1536.jpeg 863w, https:\/\/blog.utp.edu.co\/estrategia-de-resignificacion-del-campus\/files\/2023\/03\/WhatsApp-Image-2022-12-12-at-3.56.01-PM.jpeg 899w\" sizes=\"auto, (max-width: 575px) 100vw, 575px\" \/><\/figure>\n\n\n\n<figure class=\"wp-block-image size-large\"><img loading=\"lazy\" decoding=\"async\" width=\"575\" height=\"1024\" data-id=\"5021\" src=\"https:\/\/blog.utp.edu.co\/estrategia-de-resignificacion-del-campus\/files\/2023\/03\/WhatsApp-Image-2022-12-12-at-3.56.02-PM-3-1-575x1024.jpeg\" alt=\"\" class=\"wp-image-5021\" srcset=\"https:\/\/blog.utp.edu.co\/estrategia-de-resignificacion-del-campus\/files\/2023\/03\/WhatsApp-Image-2022-12-12-at-3.56.02-PM-3-1-575x1024.jpeg 575w, https:\/\/blog.utp.edu.co\/estrategia-de-resignificacion-del-campus\/files\/2023\/03\/WhatsApp-Image-2022-12-12-at-3.56.02-PM-3-1-169x300.jpeg 169w, https:\/\/blog.utp.edu.co\/estrategia-de-resignificacion-del-campus\/files\/2023\/03\/WhatsApp-Image-2022-12-12-at-3.56.02-PM-3-1-768x1367.jpeg 768w, https:\/\/blog.utp.edu.co\/estrategia-de-resignificacion-del-campus\/files\/2023\/03\/WhatsApp-Image-2022-12-12-at-3.56.02-PM-3-1-863x1536.jpeg 863w, https:\/\/blog.utp.edu.co\/estrategia-de-resignificacion-del-campus\/files\/2023\/03\/WhatsApp-Image-2022-12-12-at-3.56.02-PM-3-1.jpeg 899w\" sizes=\"auto, (max-width: 575px) 100vw, 575px\" \/><\/figure>\n\n\n\n<figure class=\"wp-block-image size-large\"><img loading=\"lazy\" decoding=\"async\" width=\"575\" height=\"1024\" data-id=\"5023\" src=\"https:\/\/blog.utp.edu.co\/estrategia-de-resignificacion-del-campus\/files\/2023\/03\/WhatsApp-Image-2022-12-12-at-3.56.02-PM-2-575x1024.jpeg\" alt=\"\" class=\"wp-image-5023\" srcset=\"https:\/\/blog.utp.edu.co\/estrategia-de-resignificacion-del-campus\/files\/2023\/03\/WhatsApp-Image-2022-12-12-at-3.56.02-PM-2-575x1024.jpeg 575w, https:\/\/blog.utp.edu.co\/estrategia-de-resignificacion-del-campus\/files\/2023\/03\/WhatsApp-Image-2022-12-12-at-3.56.02-PM-2-169x300.jpeg 169w, https:\/\/blog.utp.edu.co\/estrategia-de-resignificacion-del-campus\/files\/2023\/03\/WhatsApp-Image-2022-12-12-at-3.56.02-PM-2-768x1367.jpeg 768w, https:\/\/blog.utp.edu.co\/estrategia-de-resignificacion-del-campus\/files\/2023\/03\/WhatsApp-Image-2022-12-12-at-3.56.02-PM-2-863x1536.jpeg 863w, https:\/\/blog.utp.edu.co\/estrategia-de-resignificacion-del-campus\/files\/2023\/03\/WhatsApp-Image-2022-12-12-at-3.56.02-PM-2.jpeg 899w\" sizes=\"auto, (max-width: 575px) 100vw, 575px\" \/><\/figure>\n\n\n\n<figure class=\"wp-block-image size-large\"><img loading=\"lazy\" decoding=\"async\" width=\"575\" height=\"1024\" data-id=\"5022\" src=\"https:\/\/blog.utp.edu.co\/estrategia-de-resignificacion-del-campus\/files\/2023\/03\/WhatsApp-Image-2022-12-12-at-3.56.02-PM-1-575x1024.jpeg\" alt=\"\" class=\"wp-image-5022\" srcset=\"https:\/\/blog.utp.edu.co\/estrategia-de-resignificacion-del-campus\/files\/2023\/03\/WhatsApp-Image-2022-12-12-at-3.56.02-PM-1-575x1024.jpeg 575w, https:\/\/blog.utp.edu.co\/estrategia-de-resignificacion-del-campus\/files\/2023\/03\/WhatsApp-Image-2022-12-12-at-3.56.02-PM-1-169x300.jpeg 169w, https:\/\/blog.utp.edu.co\/estrategia-de-resignificacion-del-campus\/files\/2023\/03\/WhatsApp-Image-2022-12-12-at-3.56.02-PM-1-768x1367.jpeg 768w, https:\/\/blog.utp.edu.co\/estrategia-de-resignificacion-del-campus\/files\/2023\/03\/WhatsApp-Image-2022-12-12-at-3.56.02-PM-1-863x1536.jpeg 863w, https:\/\/blog.utp.edu.co\/estrategia-de-resignificacion-del-campus\/files\/2023\/03\/WhatsApp-Image-2022-12-12-at-3.56.02-PM-1.jpeg 899w\" sizes=\"auto, (max-width: 575px) 100vw, 575px\" \/><\/figure>\n\n\n\n<figure class=\"wp-block-image size-large\"><img loading=\"lazy\" decoding=\"async\" width=\"575\" height=\"1024\" data-id=\"5024\" src=\"https:\/\/blog.utp.edu.co\/estrategia-de-resignificacion-del-campus\/files\/2023\/03\/WhatsApp-Image-2022-12-12-at-3.56.02-PM-575x1024.jpeg\" alt=\"\" class=\"wp-image-5024\" srcset=\"https:\/\/blog.utp.edu.co\/estrategia-de-resignificacion-del-campus\/files\/2023\/03\/WhatsApp-Image-2022-12-12-at-3.56.02-PM-575x1024.jpeg 575w, https:\/\/blog.utp.edu.co\/estrategia-de-resignificacion-del-campus\/files\/2023\/03\/WhatsApp-Image-2022-12-12-at-3.56.02-PM-169x300.jpeg 169w, https:\/\/blog.utp.edu.co\/estrategia-de-resignificacion-del-campus\/files\/2023\/03\/WhatsApp-Image-2022-12-12-at-3.56.02-PM-768x1367.jpeg 768w, https:\/\/blog.utp.edu.co\/estrategia-de-resignificacion-del-campus\/files\/2023\/03\/WhatsApp-Image-2022-12-12-at-3.56.02-PM-863x1536.jpeg 863w, https:\/\/blog.utp.edu.co\/estrategia-de-resignificacion-del-campus\/files\/2023\/03\/WhatsApp-Image-2022-12-12-at-3.56.02-PM.jpeg 899w\" sizes=\"auto, (max-width: 575px) 100vw, 575px\" \/><\/figure>\n<\/figure>\n","protected":false},"excerpt":{"rendered":"<p>Traves\u00edas sensibles. Hacia una psicogeograf\u00eda del campus universitario Una traves\u00eda es un viaje, por tierra, por mar o por aire, a trav\u00e9s de una regi\u00f3n; es tambi\u00e9n el viento que da por los lados. Es, sobre todo, una aventura arriesgada, en la que el viajero se expone a situaciones imprevistas y a tareas azarosas. Un &#8230; <a title=\"Socializaci\u00f3n Traves\u00edas Sensibles\" class=\"read-more\" href=\"https:\/\/blog.utp.edu.co\/estrategia-de-resignificacion-del-campus\/socializacion-travesias-sensibles\/\" aria-label=\"Leer m\u00e1s sobre Socializaci\u00f3n Traves\u00edas Sensibles\">Leer m\u00e1s<\/a><\/p>\n","protected":false},"author":6461,"featured_media":4891,"parent":0,"menu_order":0,"comment_status":"closed","ping_status":"closed","template":"","meta":{"footnotes":""},"class_list":["post-3911","page","type-page","status-publish","has-post-thumbnail"],"_links":{"self":[{"href":"https:\/\/blog.utp.edu.co\/estrategia-de-resignificacion-del-campus\/wp-json\/wp\/v2\/pages\/3911","targetHints":{"allow":["GET"]}}],"collection":[{"href":"https:\/\/blog.utp.edu.co\/estrategia-de-resignificacion-del-campus\/wp-json\/wp\/v2\/pages"}],"about":[{"href":"https:\/\/blog.utp.edu.co\/estrategia-de-resignificacion-del-campus\/wp-json\/wp\/v2\/types\/page"}],"author":[{"embeddable":true,"href":"https:\/\/blog.utp.edu.co\/estrategia-de-resignificacion-del-campus\/wp-json\/wp\/v2\/users\/6461"}],"replies":[{"embeddable":true,"href":"https:\/\/blog.utp.edu.co\/estrategia-de-resignificacion-del-campus\/wp-json\/wp\/v2\/comments?post=3911"}],"version-history":[{"count":6,"href":"https:\/\/blog.utp.edu.co\/estrategia-de-resignificacion-del-campus\/wp-json\/wp\/v2\/pages\/3911\/revisions"}],"predecessor-version":[{"id":5028,"href":"https:\/\/blog.utp.edu.co\/estrategia-de-resignificacion-del-campus\/wp-json\/wp\/v2\/pages\/3911\/revisions\/5028"}],"wp:featuredmedia":[{"embeddable":true,"href":"https:\/\/blog.utp.edu.co\/estrategia-de-resignificacion-del-campus\/wp-json\/wp\/v2\/media\/4891"}],"wp:attachment":[{"href":"https:\/\/blog.utp.edu.co\/estrategia-de-resignificacion-del-campus\/wp-json\/wp\/v2\/media?parent=3911"}],"curies":[{"name":"wp","href":"https:\/\/api.w.org\/{rel}","templated":true}]}}