{"id":3261,"date":"2022-12-09T23:40:01","date_gmt":"2022-12-09T23:40:01","guid":{"rendered":"https:\/\/blog.utp.edu.co\/estrategia-de-resignificacion-del-campus\/?page_id=3261"},"modified":"2022-12-16T15:41:34","modified_gmt":"2022-12-16T15:41:34","slug":"resignificar-el-campus-universitario","status":"publish","type":"page","link":"https:\/\/blog.utp.edu.co\/estrategia-de-resignificacion-del-campus\/","title":{"rendered":"Resignificar el Campus Universitario"},"content":{"rendered":"\n<h1 class=\"has-text-align-center wp-block-heading\"><strong>Resignificar el Campus Universitario<\/strong><\/h1>\n\n\n\n<h3 class=\"has-text-align-center wp-block-heading\"><strong><em>DES(MONTAJES) Acontecimientos del espacio para resignificar el campus universitario&nbsp;<\/em><\/strong><\/h3>\n\n\n\n<h4 class=\"has-text-align-center wp-block-heading\"><em>Marco institucional: Estrategia de resignificaci\u00f3n y apropiaci\u00f3n del campus universitario&nbsp;<\/em><\/h4>\n\n\n\n<h3 class=\"wp-block-heading\">La Universidad entiende que su espacio, inmanentemente p\u00fablico, es resultado de la manera como nos conducimos, a trav\u00e9s de acciones vivas y relacionales. Al orientarse de maneras distintas en el campus, cada generaci\u00f3n, grupo, comunidad, ha participado en su resignificaci\u00f3n.&nbsp;<\/h3>\n\n\n\n<blockquote class=\"wp-block-quote is-layout-flow wp-block-quote-is-layout-flow\">\n<h3 class=\"wp-block-heading\"><em>Advirtiendo esta potencia colectiva, se pueden imaginar infinitas posibilidades de transformaci\u00f3n y utop\u00edas para recrear un campus habitado desde la dimensi\u00f3n pol\u00edtica de la amistad, que subvierte las relaciones de poder con pr\u00e1cticas de cuidado y formas de interacci\u00f3n afectivas, inclusivas, emp\u00e1ticas y respetuosas.&nbsp;<\/em><\/h3>\n<\/blockquote>\n\n\n\n<h3 class=\"wp-block-heading\">Compartir la responsabilidad que trae consigo crear una&nbsp;<em>comunidad<\/em>, nos permite reconocer que cada existencia es viable en reciprocidad con las dem\u00e1s, as\u00ed como con las condiciones ambientales, culturales y socioecon\u00f3micas que ayudamos a re\u2212construir en aras de permanecer colectivamente.<\/h3>\n\n\n\n<h3 class=\"wp-block-heading\">La Vicerrector\u00eda de Responsabilidad Social y Bienestar Universitario (VRSyBU) de la UTP ha querido sumar esfuerzos con un equipo interdisciplinar de la Maestr\u00eda en Est\u00e9tica y Creaci\u00f3n de la Facultad de Bellas Artes y Humanidades, para dise\u00f1ar e implementar una estrategia creativa y democr\u00e1tica, de intercambio y despliegue de diversos acontecimientos afectivos, en los que la comunidad universitaria ser\u00e1 protagonista. Desde la escucha y el di\u00e1logo ampliado, desde la participaci\u00f3n en talleres de creaci\u00f3n y laboratorios vivos, desde la posibilidad que abre una programaci\u00f3n cultural sensible a los lenguajes est\u00e9ticos contempor\u00e1neos, queremos propiciar dispositivos de relaci\u00f3n abiertos, que nos permitan identificar rutas, unir trayectos y tejer sentidos, para configurar un nuevo mapa del campus universitario, en el que se prioricen los h\u00e1bitos, las pr\u00e1cticas,&nbsp; los modos de estar&nbsp; y participar de este tiempo y de este presente, con su inminencia y su automatismo. En suma, nos so\u00f1amos la resignificaci\u00f3n de nuestro campus por la acci\u00f3n transformadora y creativa de las m\u00faltiples voces que habitan su territorio.<\/h3>\n\n\n\n<h3 class=\"wp-block-heading\">Durante el segundo semestre de 2022 Nos propusimos poner en di\u00e1logo los distintos estilos de vida que coexisten en el campus, a partir dispositivos de creaci\u00f3n colaborativa, en tres etapas:<\/h3>\n\n\n\n<ol class=\"wp-block-list\">\n<li><em><strong>MAPEO COLECTIVO.<\/strong><\/em><\/li>\n\n\n\n<li><em><strong>EDITORES DE GEOGRAF\u00cdAS INFINITAS,<\/strong><\/em><strong>&nbsp;Y<\/strong><\/li>\n\n\n\n<li><strong>A<em>CONTECER DEL ESPACIO, SESI\u00d3N DE ESCUCHA ENTRE ESPECIES PARA PRODUCIR ECOSISTEMAS HOSPITALARIOS<\/em>.&nbsp;<\/strong><\/li>\n<\/ol>\n\n\n\n<h3 class=\"wp-block-heading\">En cada etapa hubo lugar a conversaciones que estimularon el pensamiento cr\u00edtico y el emplazamiento de formas de\u00a0<em>cohesi\u00f3n\u00a0<\/em>que no omiten las singularidades, sino que, m\u00e1s bien, se val\u00edan de ella para propiciar otros reconocimientos. Con cada dispositivo se busc\u00f3 llamar la atenci\u00f3n sobre las situaciones m\u00e1s complejas que nos apremian como comunidad, que est\u00e1n haciendo del campus un espacio poco hospitalario y que reclaman con urgencia una actitud receptiva que prevenga su colisi\u00f3n.<\/h3>\n\n\n\n<blockquote class=\"wp-block-quote is-layout-flow wp-block-quote-is-layout-flow\">\n<h6 class=\"wp-block-heading\">Los invitamos a conocer el blog, donde se narra cada experiencia co-creada en el campus universitario con estudiantes de diferentes programas de pregrado de la Universidad.<\/h6>\n<\/blockquote>\n\n\n\n<figure class=\"wp-block-gallery has-nested-images columns-default is-cropped wp-block-gallery-1 is-layout-flex wp-block-gallery-is-layout-flex\">\n<figure class=\"wp-block-image size-large\"><img loading=\"lazy\" decoding=\"async\" width=\"1024\" height=\"576\" data-id=\"761\" src=\"https:\/\/blog.utp.edu.co\/estrategia-de-resignificacion-del-campus\/files\/2022\/11\/WhatsApp-Image-2022-11-09-at-9.51.15-AM-1024x576.jpeg\" alt=\"\" class=\"wp-image-761\" srcset=\"https:\/\/blog.utp.edu.co\/estrategia-de-resignificacion-del-campus\/files\/2022\/11\/WhatsApp-Image-2022-11-09-at-9.51.15-AM-1024x576.jpeg 1024w, https:\/\/blog.utp.edu.co\/estrategia-de-resignificacion-del-campus\/files\/2022\/11\/WhatsApp-Image-2022-11-09-at-9.51.15-AM-300x169.jpeg 300w, https:\/\/blog.utp.edu.co\/estrategia-de-resignificacion-del-campus\/files\/2022\/11\/WhatsApp-Image-2022-11-09-at-9.51.15-AM-768x432.jpeg 768w, https:\/\/blog.utp.edu.co\/estrategia-de-resignificacion-del-campus\/files\/2022\/11\/WhatsApp-Image-2022-11-09-at-9.51.15-AM.jpeg 1280w\" sizes=\"auto, (max-width: 1024px) 100vw, 1024px\" \/><\/figure>\n\n\n\n<figure class=\"wp-block-image size-large\"><img loading=\"lazy\" decoding=\"async\" width=\"768\" height=\"1024\" data-id=\"771\" src=\"https:\/\/blog.utp.edu.co\/estrategia-de-resignificacion-del-campus\/files\/2022\/11\/WhatsApp-Image-2022-11-05-at-5.27.00-PM.jpeg\" alt=\"\" class=\"wp-image-771\" srcset=\"https:\/\/blog.utp.edu.co\/estrategia-de-resignificacion-del-campus\/files\/2022\/11\/WhatsApp-Image-2022-11-05-at-5.27.00-PM.jpeg 768w, https:\/\/blog.utp.edu.co\/estrategia-de-resignificacion-del-campus\/files\/2022\/11\/WhatsApp-Image-2022-11-05-at-5.27.00-PM-225x300.jpeg 225w\" sizes=\"auto, (max-width: 768px) 100vw, 768px\" \/><\/figure>\n\n\n\n<figure class=\"wp-block-image size-large\"><img loading=\"lazy\" decoding=\"async\" width=\"1024\" height=\"768\" data-id=\"801\" src=\"https:\/\/blog.utp.edu.co\/estrategia-de-resignificacion-del-campus\/files\/2022\/11\/WhatsApp-Image-2022-11-02-at-9.53.38-AM-1024x768.jpeg\" alt=\"\" class=\"wp-image-801\" srcset=\"https:\/\/blog.utp.edu.co\/estrategia-de-resignificacion-del-campus\/files\/2022\/11\/WhatsApp-Image-2022-11-02-at-9.53.38-AM-1024x768.jpeg 1024w, https:\/\/blog.utp.edu.co\/estrategia-de-resignificacion-del-campus\/files\/2022\/11\/WhatsApp-Image-2022-11-02-at-9.53.38-AM-300x225.jpeg 300w, https:\/\/blog.utp.edu.co\/estrategia-de-resignificacion-del-campus\/files\/2022\/11\/WhatsApp-Image-2022-11-02-at-9.53.38-AM-768x576.jpeg 768w, https:\/\/blog.utp.edu.co\/estrategia-de-resignificacion-del-campus\/files\/2022\/11\/WhatsApp-Image-2022-11-02-at-9.53.38-AM-1536x1152.jpeg 1536w, https:\/\/blog.utp.edu.co\/estrategia-de-resignificacion-del-campus\/files\/2022\/11\/WhatsApp-Image-2022-11-02-at-9.53.38-AM.jpeg 1600w\" sizes=\"auto, (max-width: 1024px) 100vw, 1024px\" \/><\/figure>\n\n\n\n<figure class=\"wp-block-image size-large\"><img loading=\"lazy\" decoding=\"async\" width=\"768\" height=\"1024\" data-id=\"2161\" src=\"https:\/\/blog.utp.edu.co\/estrategia-de-resignificacion-del-campus\/files\/2022\/11\/WhatsApp-Image-2022-11-28-at-6.04.56-PM-2-768x1024.jpeg\" alt=\"\" class=\"wp-image-2161\" srcset=\"https:\/\/blog.utp.edu.co\/estrategia-de-resignificacion-del-campus\/files\/2022\/11\/WhatsApp-Image-2022-11-28-at-6.04.56-PM-2-768x1024.jpeg 768w, https:\/\/blog.utp.edu.co\/estrategia-de-resignificacion-del-campus\/files\/2022\/11\/WhatsApp-Image-2022-11-28-at-6.04.56-PM-2-225x300.jpeg 225w, https:\/\/blog.utp.edu.co\/estrategia-de-resignificacion-del-campus\/files\/2022\/11\/WhatsApp-Image-2022-11-28-at-6.04.56-PM-2-1152x1536.jpeg 1152w, https:\/\/blog.utp.edu.co\/estrategia-de-resignificacion-del-campus\/files\/2022\/11\/WhatsApp-Image-2022-11-28-at-6.04.56-PM-2.jpeg 1200w\" sizes=\"auto, (max-width: 768px) 100vw, 768px\" \/><\/figure>\n\n\n\n<figure class=\"wp-block-image size-large\"><img loading=\"lazy\" decoding=\"async\" width=\"768\" height=\"1024\" data-id=\"2241\" src=\"https:\/\/blog.utp.edu.co\/estrategia-de-resignificacion-del-campus\/files\/2022\/11\/WhatsApp-Image-2022-11-28-at-6.04.55-PM-768x1024.jpeg\" alt=\"\" class=\"wp-image-2241\" srcset=\"https:\/\/blog.utp.edu.co\/estrategia-de-resignificacion-del-campus\/files\/2022\/11\/WhatsApp-Image-2022-11-28-at-6.04.55-PM-768x1024.jpeg 768w, https:\/\/blog.utp.edu.co\/estrategia-de-resignificacion-del-campus\/files\/2022\/11\/WhatsApp-Image-2022-11-28-at-6.04.55-PM-225x300.jpeg 225w, https:\/\/blog.utp.edu.co\/estrategia-de-resignificacion-del-campus\/files\/2022\/11\/WhatsApp-Image-2022-11-28-at-6.04.55-PM-1152x1536.jpeg 1152w, https:\/\/blog.utp.edu.co\/estrategia-de-resignificacion-del-campus\/files\/2022\/11\/WhatsApp-Image-2022-11-28-at-6.04.55-PM.jpeg 1200w\" sizes=\"auto, (max-width: 768px) 100vw, 768px\" \/><\/figure>\n<\/figure>\n","protected":false},"excerpt":{"rendered":"<p>Resignificar el Campus Universitario DES(MONTAJES) Acontecimientos del espacio para resignificar el campus universitario&nbsp; Marco institucional: Estrategia de resignificaci\u00f3n y apropiaci\u00f3n del campus universitario&nbsp; La Universidad entiende que su espacio, inmanentemente p\u00fablico, es resultado de la manera como nos conducimos, a trav\u00e9s de acciones vivas y relacionales. Al orientarse de maneras distintas en el campus, cada &#8230; <a title=\"Resignificar el Campus Universitario\" class=\"read-more\" href=\"https:\/\/blog.utp.edu.co\/estrategia-de-resignificacion-del-campus\/\" aria-label=\"Leer m\u00e1s sobre Resignificar el Campus Universitario\">Leer m\u00e1s<\/a><\/p>\n","protected":false},"author":6461,"featured_media":751,"parent":0,"menu_order":0,"comment_status":"closed","ping_status":"closed","template":"","meta":{"footnotes":""},"class_list":["post-3261","page","type-page","status-publish","has-post-thumbnail"],"_links":{"self":[{"href":"https:\/\/blog.utp.edu.co\/estrategia-de-resignificacion-del-campus\/wp-json\/wp\/v2\/pages\/3261","targetHints":{"allow":["GET"]}}],"collection":[{"href":"https:\/\/blog.utp.edu.co\/estrategia-de-resignificacion-del-campus\/wp-json\/wp\/v2\/pages"}],"about":[{"href":"https:\/\/blog.utp.edu.co\/estrategia-de-resignificacion-del-campus\/wp-json\/wp\/v2\/types\/page"}],"author":[{"embeddable":true,"href":"https:\/\/blog.utp.edu.co\/estrategia-de-resignificacion-del-campus\/wp-json\/wp\/v2\/users\/6461"}],"replies":[{"embeddable":true,"href":"https:\/\/blog.utp.edu.co\/estrategia-de-resignificacion-del-campus\/wp-json\/wp\/v2\/comments?post=3261"}],"version-history":[{"count":8,"href":"https:\/\/blog.utp.edu.co\/estrategia-de-resignificacion-del-campus\/wp-json\/wp\/v2\/pages\/3261\/revisions"}],"predecessor-version":[{"id":5011,"href":"https:\/\/blog.utp.edu.co\/estrategia-de-resignificacion-del-campus\/wp-json\/wp\/v2\/pages\/3261\/revisions\/5011"}],"wp:featuredmedia":[{"embeddable":true,"href":"https:\/\/blog.utp.edu.co\/estrategia-de-resignificacion-del-campus\/wp-json\/wp\/v2\/media\/751"}],"wp:attachment":[{"href":"https:\/\/blog.utp.edu.co\/estrategia-de-resignificacion-del-campus\/wp-json\/wp\/v2\/media?parent=3261"}],"curies":[{"name":"wp","href":"https:\/\/api.w.org\/{rel}","templated":true}]}}