{"id":311,"date":"2022-11-15T20:20:29","date_gmt":"2022-11-15T20:20:29","guid":{"rendered":"https:\/\/blog.utp.edu.co\/estrategia-de-resignificacion-del-campus\/?page_id=311"},"modified":"2022-12-12T20:48:39","modified_gmt":"2022-12-12T20:48:39","slug":"travesias-sensibles","status":"publish","type":"page","link":"https:\/\/blog.utp.edu.co\/estrategia-de-resignificacion-del-campus\/travesias-sensibles\/","title":{"rendered":"Traves\u00edas Sensibles"},"content":{"rendered":"\n<p>En 2022 nos empe\u00f1amos en poner en juego una serie de estrategias orientadas a resignificar el campus universitario. Esta traves\u00eda sensible nos permiti\u00f3 reunir una serie de evidencias y registros afectivos, visuales, narrativos y sonoros, de los que nos hemos valido para crear el acontecimiento est\u00e9tico.<\/p>\n\n\n\n<p><strong>Traves\u00edas sensibles. Hacia una psicogeograf\u00eda del campus universitario<\/strong><\/p>\n\n\n\n<p>Una traves\u00eda es un viaje, por tierra, por mar o por aire, a trav\u00e9s de una regi\u00f3n; es tambi\u00e9n el viento que da por los lados. Es, sobre todo, una aventura arriesgada, en la que el viajero se expone a situaciones imprevistas y a tareas azarosas. Un significado profundo del que nos valemos hoy para nombrar el acontecimiento sensible con el que cerramos la primera etapa de la Estrategia de Resignificaci\u00f3n del Campus de la UTP: un proceso que se propuso desentra\u00f1ar lo que el campus universitario significa para quienes lo habitan, a partir de una serie de experiencias y acciones que tuvieron lugar durante 2022: c\u00edrculos donde nos sentamos a escucharnos, laboratorios de creaci\u00f3n de postales sonoras en sitios espec\u00edficos de la UTP, acciones vivas y performance colectivos.<\/p>\n\n\n\n<p>Todo esto levanta un mapa del campus, una cartograf\u00eda psicogeogr\u00e1fica construida colaborativamente. La traves\u00eda es sensible, lo siente todo, se emociona, conserva y produce huellas. No se trata, entonces, de ejercicios pensados para delimitar zonas de propiedad a trav\u00e9s de acciones grandilocuentes \u2014\u201cesto es m\u00edo\u201d, \u201cyo lo conquist\u00e9 con mi lucha\u201d\u2014, sino de tejidos de sentidos y sentires; de retazos empatados de voces, experiencias, memorias, que dicen \u201caqu\u00ed aprend\u00ed\u201d, \u201cnos enamoramos\u201d, \u201cde repente la m\u00fasica nos hizo bailar juntos, aunque no nos conoc\u00edamos\u201d, \u201ceste es el lugar en el que m\u00e1s feliz he sido\u201d, \u201cla U es m\u00e1s que mi casa\u201d\u2026 voces que evocan una universidad que, pese a lo dif\u00edcil de la vida y la crueldad del mundo, promete un porvenir y, por eso, preserva saberes y espacios p\u00fablicos en los que se abraza la utop\u00eda de una generaci\u00f3n joven: construiremos juntos mundos mejores, nuestras alegr\u00edas colectivas tejer\u00e1n colchas coloridas para calentarnos en d\u00edas fr\u00edos.<\/p>\n\n\n\n<p>Hoy nos invitamos para disponer la escucha y la mirada, para percibir lo sonidos, para captar el gesto provocador de las im\u00e1genes, las acciones, las se\u00f1as y se\u00f1ales de una comunidad de viandantes que vive el presente con urgencia, sin la ilusi\u00f3n que promete la duraci\u00f3n. Invitamos a la consideraci\u00f3n de todas las especies que habitamos este espacio, so\u00f1ando formas acogedoras de estar juntas, inspiradas en este ecosistema que nos recibe con todo y la extra\u00f1eza cu\u00e1ntica de nuestras singularidades.<\/p>\n\n\n\n<div class=\"wp-block-group\"><div class=\"wp-block-group__inner-container is-layout-constrained wp-block-group-is-layout-constrained\">\n<figure class=\"wp-block-gallery has-nested-images columns-default is-cropped wp-block-gallery-1 is-layout-flex wp-block-gallery-is-layout-flex\">\n<figure class=\"wp-block-image size-large\"><img loading=\"lazy\" decoding=\"async\" width=\"599\" height=\"1067\" data-id=\"3821\" src=\"https:\/\/blog.utp.edu.co\/estrategia-de-resignificacion-del-campus\/files\/2022\/12\/WhatsApp-Image-2022-12-12-at-3.55.59-PM-1-1-edited.jpeg\" alt=\"\" class=\"wp-image-3821\" srcset=\"https:\/\/blog.utp.edu.co\/estrategia-de-resignificacion-del-campus\/files\/2022\/12\/WhatsApp-Image-2022-12-12-at-3.55.59-PM-1-1-edited.jpeg 599w, https:\/\/blog.utp.edu.co\/estrategia-de-resignificacion-del-campus\/files\/2022\/12\/WhatsApp-Image-2022-12-12-at-3.55.59-PM-1-1-edited-168x300.jpeg 168w, https:\/\/blog.utp.edu.co\/estrategia-de-resignificacion-del-campus\/files\/2022\/12\/WhatsApp-Image-2022-12-12-at-3.55.59-PM-1-1-edited-575x1024.jpeg 575w\" sizes=\"auto, (max-width: 599px) 100vw, 599px\" \/><\/figure>\n\n\n\n<figure class=\"wp-block-image size-large\"><img loading=\"lazy\" decoding=\"async\" width=\"599\" height=\"1067\" data-id=\"3831\" src=\"https:\/\/blog.utp.edu.co\/estrategia-de-resignificacion-del-campus\/files\/2022\/12\/WhatsApp-Image-2022-12-12-at-3.55.59-PM-edited.jpeg\" alt=\"\" class=\"wp-image-3831\" srcset=\"https:\/\/blog.utp.edu.co\/estrategia-de-resignificacion-del-campus\/files\/2022\/12\/WhatsApp-Image-2022-12-12-at-3.55.59-PM-edited.jpeg 599w, https:\/\/blog.utp.edu.co\/estrategia-de-resignificacion-del-campus\/files\/2022\/12\/WhatsApp-Image-2022-12-12-at-3.55.59-PM-edited-168x300.jpeg 168w, https:\/\/blog.utp.edu.co\/estrategia-de-resignificacion-del-campus\/files\/2022\/12\/WhatsApp-Image-2022-12-12-at-3.55.59-PM-edited-575x1024.jpeg 575w\" sizes=\"auto, (max-width: 599px) 100vw, 599px\" \/><\/figure>\n\n\n\n<figure class=\"wp-block-image size-large\"><img loading=\"lazy\" decoding=\"async\" width=\"599\" height=\"1067\" data-id=\"3841\" src=\"https:\/\/blog.utp.edu.co\/estrategia-de-resignificacion-del-campus\/files\/2022\/12\/WhatsApp-Image-2022-12-12-at-3.56.00-PM-2-edited.jpeg\" alt=\"\" class=\"wp-image-3841\" srcset=\"https:\/\/blog.utp.edu.co\/estrategia-de-resignificacion-del-campus\/files\/2022\/12\/WhatsApp-Image-2022-12-12-at-3.56.00-PM-2-edited.jpeg 599w, https:\/\/blog.utp.edu.co\/estrategia-de-resignificacion-del-campus\/files\/2022\/12\/WhatsApp-Image-2022-12-12-at-3.56.00-PM-2-edited-168x300.jpeg 168w, https:\/\/blog.utp.edu.co\/estrategia-de-resignificacion-del-campus\/files\/2022\/12\/WhatsApp-Image-2022-12-12-at-3.56.00-PM-2-edited-575x1024.jpeg 575w\" sizes=\"auto, (max-width: 599px) 100vw, 599px\" \/><\/figure>\n\n\n\n<figure class=\"wp-block-image size-large\"><img loading=\"lazy\" decoding=\"async\" width=\"599\" height=\"1067\" data-id=\"3851\" src=\"https:\/\/blog.utp.edu.co\/estrategia-de-resignificacion-del-campus\/files\/2022\/12\/WhatsApp-Image-2022-12-12-at-3.56.00-PM-1-edited.jpeg\" alt=\"\" class=\"wp-image-3851\" srcset=\"https:\/\/blog.utp.edu.co\/estrategia-de-resignificacion-del-campus\/files\/2022\/12\/WhatsApp-Image-2022-12-12-at-3.56.00-PM-1-edited.jpeg 599w, https:\/\/blog.utp.edu.co\/estrategia-de-resignificacion-del-campus\/files\/2022\/12\/WhatsApp-Image-2022-12-12-at-3.56.00-PM-1-edited-168x300.jpeg 168w, https:\/\/blog.utp.edu.co\/estrategia-de-resignificacion-del-campus\/files\/2022\/12\/WhatsApp-Image-2022-12-12-at-3.56.00-PM-1-edited-575x1024.jpeg 575w\" sizes=\"auto, (max-width: 599px) 100vw, 599px\" \/><\/figure>\n\n\n\n<figure class=\"wp-block-image size-large\"><img loading=\"lazy\" decoding=\"async\" width=\"599\" height=\"1067\" data-id=\"3861\" src=\"https:\/\/blog.utp.edu.co\/estrategia-de-resignificacion-del-campus\/files\/2022\/12\/WhatsApp-Image-2022-12-12-at-3.56.00-PM-edited.jpeg\" alt=\"\" class=\"wp-image-3861\" srcset=\"https:\/\/blog.utp.edu.co\/estrategia-de-resignificacion-del-campus\/files\/2022\/12\/WhatsApp-Image-2022-12-12-at-3.56.00-PM-edited.jpeg 599w, https:\/\/blog.utp.edu.co\/estrategia-de-resignificacion-del-campus\/files\/2022\/12\/WhatsApp-Image-2022-12-12-at-3.56.00-PM-edited-168x300.jpeg 168w, https:\/\/blog.utp.edu.co\/estrategia-de-resignificacion-del-campus\/files\/2022\/12\/WhatsApp-Image-2022-12-12-at-3.56.00-PM-edited-575x1024.jpeg 575w\" sizes=\"auto, (max-width: 599px) 100vw, 599px\" \/><\/figure>\n\n\n\n<figure class=\"wp-block-image size-large\"><img loading=\"lazy\" decoding=\"async\" width=\"599\" height=\"1067\" data-id=\"3871\" src=\"https:\/\/blog.utp.edu.co\/estrategia-de-resignificacion-del-campus\/files\/2022\/12\/WhatsApp-Image-2022-12-12-at-3.56.01-PM-1-edited.jpeg\" alt=\"\" class=\"wp-image-3871\" srcset=\"https:\/\/blog.utp.edu.co\/estrategia-de-resignificacion-del-campus\/files\/2022\/12\/WhatsApp-Image-2022-12-12-at-3.56.01-PM-1-edited.jpeg 599w, https:\/\/blog.utp.edu.co\/estrategia-de-resignificacion-del-campus\/files\/2022\/12\/WhatsApp-Image-2022-12-12-at-3.56.01-PM-1-edited-168x300.jpeg 168w, https:\/\/blog.utp.edu.co\/estrategia-de-resignificacion-del-campus\/files\/2022\/12\/WhatsApp-Image-2022-12-12-at-3.56.01-PM-1-edited-575x1024.jpeg 575w\" sizes=\"auto, (max-width: 599px) 100vw, 599px\" \/><\/figure>\n\n\n\n<figure class=\"wp-block-image size-large\"><img loading=\"lazy\" decoding=\"async\" width=\"575\" height=\"1024\" data-id=\"3771\" src=\"https:\/\/blog.utp.edu.co\/estrategia-de-resignificacion-del-campus\/files\/2022\/12\/WhatsApp-Image-2022-12-12-at-3.56.01-PM-575x1024.jpeg\" alt=\"\" class=\"wp-image-3771\" srcset=\"https:\/\/blog.utp.edu.co\/estrategia-de-resignificacion-del-campus\/files\/2022\/12\/WhatsApp-Image-2022-12-12-at-3.56.01-PM-575x1024.jpeg 575w, https:\/\/blog.utp.edu.co\/estrategia-de-resignificacion-del-campus\/files\/2022\/12\/WhatsApp-Image-2022-12-12-at-3.56.01-PM-169x300.jpeg 169w, https:\/\/blog.utp.edu.co\/estrategia-de-resignificacion-del-campus\/files\/2022\/12\/WhatsApp-Image-2022-12-12-at-3.56.01-PM-768x1367.jpeg 768w, https:\/\/blog.utp.edu.co\/estrategia-de-resignificacion-del-campus\/files\/2022\/12\/WhatsApp-Image-2022-12-12-at-3.56.01-PM-863x1536.jpeg 863w, https:\/\/blog.utp.edu.co\/estrategia-de-resignificacion-del-campus\/files\/2022\/12\/WhatsApp-Image-2022-12-12-at-3.56.01-PM.jpeg 899w\" sizes=\"auto, (max-width: 575px) 100vw, 575px\" \/><\/figure>\n\n\n\n<figure class=\"wp-block-image size-large\"><img loading=\"lazy\" decoding=\"async\" width=\"575\" height=\"1024\" data-id=\"3761\" src=\"https:\/\/blog.utp.edu.co\/estrategia-de-resignificacion-del-campus\/files\/2022\/12\/WhatsApp-Image-2022-12-12-at-3.56.02-PM-3-575x1024.jpeg\" alt=\"\" class=\"wp-image-3761\" srcset=\"https:\/\/blog.utp.edu.co\/estrategia-de-resignificacion-del-campus\/files\/2022\/12\/WhatsApp-Image-2022-12-12-at-3.56.02-PM-3-575x1024.jpeg 575w, https:\/\/blog.utp.edu.co\/estrategia-de-resignificacion-del-campus\/files\/2022\/12\/WhatsApp-Image-2022-12-12-at-3.56.02-PM-3-169x300.jpeg 169w, https:\/\/blog.utp.edu.co\/estrategia-de-resignificacion-del-campus\/files\/2022\/12\/WhatsApp-Image-2022-12-12-at-3.56.02-PM-3-768x1367.jpeg 768w, https:\/\/blog.utp.edu.co\/estrategia-de-resignificacion-del-campus\/files\/2022\/12\/WhatsApp-Image-2022-12-12-at-3.56.02-PM-3-863x1536.jpeg 863w, https:\/\/blog.utp.edu.co\/estrategia-de-resignificacion-del-campus\/files\/2022\/12\/WhatsApp-Image-2022-12-12-at-3.56.02-PM-3.jpeg 899w\" sizes=\"auto, (max-width: 575px) 100vw, 575px\" \/><\/figure>\n\n\n\n<figure class=\"wp-block-image size-large\"><img loading=\"lazy\" decoding=\"async\" width=\"599\" height=\"1067\" data-id=\"3881\" src=\"https:\/\/blog.utp.edu.co\/estrategia-de-resignificacion-del-campus\/files\/2022\/12\/WhatsApp-Image-2022-12-12-at-3.56.02-PM-2-edited.jpeg\" alt=\"\" class=\"wp-image-3881\" srcset=\"https:\/\/blog.utp.edu.co\/estrategia-de-resignificacion-del-campus\/files\/2022\/12\/WhatsApp-Image-2022-12-12-at-3.56.02-PM-2-edited.jpeg 599w, https:\/\/blog.utp.edu.co\/estrategia-de-resignificacion-del-campus\/files\/2022\/12\/WhatsApp-Image-2022-12-12-at-3.56.02-PM-2-edited-168x300.jpeg 168w, https:\/\/blog.utp.edu.co\/estrategia-de-resignificacion-del-campus\/files\/2022\/12\/WhatsApp-Image-2022-12-12-at-3.56.02-PM-2-edited-575x1024.jpeg 575w\" sizes=\"auto, (max-width: 599px) 100vw, 599px\" \/><\/figure>\n\n\n\n<figure class=\"wp-block-image size-large\"><img loading=\"lazy\" decoding=\"async\" width=\"599\" height=\"1067\" data-id=\"3891\" src=\"https:\/\/blog.utp.edu.co\/estrategia-de-resignificacion-del-campus\/files\/2022\/12\/WhatsApp-Image-2022-12-12-at-3.56.02-PM-1-edited.jpeg\" alt=\"\" class=\"wp-image-3891\" srcset=\"https:\/\/blog.utp.edu.co\/estrategia-de-resignificacion-del-campus\/files\/2022\/12\/WhatsApp-Image-2022-12-12-at-3.56.02-PM-1-edited.jpeg 599w, https:\/\/blog.utp.edu.co\/estrategia-de-resignificacion-del-campus\/files\/2022\/12\/WhatsApp-Image-2022-12-12-at-3.56.02-PM-1-edited-168x300.jpeg 168w, https:\/\/blog.utp.edu.co\/estrategia-de-resignificacion-del-campus\/files\/2022\/12\/WhatsApp-Image-2022-12-12-at-3.56.02-PM-1-edited-575x1024.jpeg 575w\" sizes=\"auto, (max-width: 599px) 100vw, 599px\" \/><\/figure>\n\n\n\n<figure class=\"wp-block-image size-large\"><img loading=\"lazy\" decoding=\"async\" width=\"575\" height=\"1024\" data-id=\"3811\" src=\"https:\/\/blog.utp.edu.co\/estrategia-de-resignificacion-del-campus\/files\/2022\/12\/WhatsApp-Image-2022-12-12-at-3.56.02-PM-575x1024.jpeg\" alt=\"\" class=\"wp-image-3811\" srcset=\"https:\/\/blog.utp.edu.co\/estrategia-de-resignificacion-del-campus\/files\/2022\/12\/WhatsApp-Image-2022-12-12-at-3.56.02-PM-575x1024.jpeg 575w, https:\/\/blog.utp.edu.co\/estrategia-de-resignificacion-del-campus\/files\/2022\/12\/WhatsApp-Image-2022-12-12-at-3.56.02-PM-169x300.jpeg 169w, https:\/\/blog.utp.edu.co\/estrategia-de-resignificacion-del-campus\/files\/2022\/12\/WhatsApp-Image-2022-12-12-at-3.56.02-PM-768x1367.jpeg 768w, https:\/\/blog.utp.edu.co\/estrategia-de-resignificacion-del-campus\/files\/2022\/12\/WhatsApp-Image-2022-12-12-at-3.56.02-PM-863x1536.jpeg 863w, https:\/\/blog.utp.edu.co\/estrategia-de-resignificacion-del-campus\/files\/2022\/12\/WhatsApp-Image-2022-12-12-at-3.56.02-PM.jpeg 899w\" sizes=\"auto, (max-width: 575px) 100vw, 575px\" \/><\/figure>\n<\/figure>\n<\/div><\/div>\n","protected":false},"excerpt":{"rendered":"<p>En 2022 nos empe\u00f1amos en poner en juego una serie de estrategias orientadas a resignificar el campus universitario. Esta traves\u00eda sensible nos permiti\u00f3 reunir una serie de evidencias y registros afectivos, visuales, narrativos y sonoros, de los que nos hemos valido para crear el acontecimiento est\u00e9tico. Traves\u00edas sensibles. Hacia una psicogeograf\u00eda del campus universitario Una &#8230; <a title=\"Traves\u00edas Sensibles\" class=\"read-more\" href=\"https:\/\/blog.utp.edu.co\/estrategia-de-resignificacion-del-campus\/travesias-sensibles\/\" aria-label=\"Leer m\u00e1s sobre Traves\u00edas Sensibles\">Leer m\u00e1s<\/a><\/p>\n","protected":false},"author":6461,"featured_media":1211,"parent":0,"menu_order":0,"comment_status":"closed","ping_status":"closed","template":"","meta":{"footnotes":""},"class_list":["post-311","page","type-page","status-publish","has-post-thumbnail"],"_links":{"self":[{"href":"https:\/\/blog.utp.edu.co\/estrategia-de-resignificacion-del-campus\/wp-json\/wp\/v2\/pages\/311","targetHints":{"allow":["GET"]}}],"collection":[{"href":"https:\/\/blog.utp.edu.co\/estrategia-de-resignificacion-del-campus\/wp-json\/wp\/v2\/pages"}],"about":[{"href":"https:\/\/blog.utp.edu.co\/estrategia-de-resignificacion-del-campus\/wp-json\/wp\/v2\/types\/page"}],"author":[{"embeddable":true,"href":"https:\/\/blog.utp.edu.co\/estrategia-de-resignificacion-del-campus\/wp-json\/wp\/v2\/users\/6461"}],"replies":[{"embeddable":true,"href":"https:\/\/blog.utp.edu.co\/estrategia-de-resignificacion-del-campus\/wp-json\/wp\/v2\/comments?post=311"}],"version-history":[{"count":6,"href":"https:\/\/blog.utp.edu.co\/estrategia-de-resignificacion-del-campus\/wp-json\/wp\/v2\/pages\/311\/revisions"}],"predecessor-version":[{"id":3901,"href":"https:\/\/blog.utp.edu.co\/estrategia-de-resignificacion-del-campus\/wp-json\/wp\/v2\/pages\/311\/revisions\/3901"}],"wp:featuredmedia":[{"embeddable":true,"href":"https:\/\/blog.utp.edu.co\/estrategia-de-resignificacion-del-campus\/wp-json\/wp\/v2\/media\/1211"}],"wp:attachment":[{"href":"https:\/\/blog.utp.edu.co\/estrategia-de-resignificacion-del-campus\/wp-json\/wp\/v2\/media?parent=311"}],"curies":[{"name":"wp","href":"https:\/\/api.w.org\/{rel}","templated":true}]}}