{"id":2951,"date":"2022-12-09T20:37:56","date_gmt":"2022-12-09T20:37:56","guid":{"rendered":"https:\/\/blog.utp.edu.co\/estrategia-de-resignificacion-del-campus\/?page_id=2951"},"modified":"2022-12-16T14:54:15","modified_gmt":"2022-12-16T14:54:15","slug":"de-las-cartografias-del-espacio-afectivo-a-las-poeticas-del-espacio-sonoro","status":"publish","type":"page","link":"https:\/\/blog.utp.edu.co\/estrategia-de-resignificacion-del-campus\/laboratorios-vivos__trashed\/de-las-cartografias-del-espacio-afectivo-a-las-poeticas-del-espacio-sonoro\/","title":{"rendered":"De las Cartograf\u00edas del Espacio Afectivo a las Po\u00e9ticas del Espacio Sonoro"},"content":{"rendered":"\n<h1 class=\"wp-block-heading\"><strong>De las Cartograf\u00edas del Espacio Afectivo a las Po\u00e9ticas del Espacio Sonoro<\/strong><\/h1>\n\n\n\n<h3 class=\"wp-block-heading\">Artista: <strong>Georgina Montoya<\/strong><\/h3>\n\n\n\n<p>\u00bfQu\u00e9 es una postal sonora? Este dispositivo sonoro visual, tambi\u00e9n ha sido conocido como Gramophone Record Postcard, Phonogram Card, Singing Postcard, Carte Postale Parlante, Phonopost, Phono-Postal, Carte-Disque, entre otros.&nbsp; La invenci\u00f3n de este sistema de registro sonoro surgi\u00f3 en 1903 y tuvo un cierto \u00e9xito comercial pues permit\u00eda hacer grabaciones de recuerdo en modo parecido a lo que hacemos actualmente al enviar mensajes de voz a trav\u00e9s de los actuales servicios de mensajer\u00eda que muchos llevamos instalados en nuestros smartphones. <em>(Las tarjetas postales sonoras de la Biblioteca Nacional de Espa\u00f1a: historia, conservaci\u00f3n, restauraci\u00f3n y digitalizaci\u00f3n., 2018).<\/em><\/p>\n\n\n\n<p>En la actualidad este dispositivo est\u00e1 relacionado con los mapas ac\u00fasticos, mapas de ruido o mapas estrat\u00e9gicos de ruido, el mapa sonoro y desde esta perspectiva, nos permitir\u00e1 conocer el mundo desde sus sonidos. As\u00ed pues la postal sonora permitir\u00e1 descubrir, por ejemplo, c\u00f3mo suena un sal\u00f3n de clase, una cafeter\u00eda al mediod\u00eda, un jard\u00edn bot\u00e1nico, una fiesta, y por qu\u00e9 no un aeropuerto. Con la postal sonora, haremos cartograf\u00edas de la sonoridad de determinada \u00e1rea geogr\u00e1fica Utilizada por tanto para cartografiar la sonoridad de una determinada \u00e1rea geogr\u00e1fica, la finalidad \u00faltima ser\u00eda la de conocer su contaminaci\u00f3n ac\u00fastica.<\/p>\n\n\n\n<p><strong>Objetivo<\/strong> Realizar una postal Sonora para cartografiar determinada \u00e1rea geogr\u00e1fica de la Universidad tecnol\u00f3gica de Pereira, utilizando es su construcci\u00f3n el dibujo, el texto y el sonido<\/p>\n\n\n\n<figure class=\"wp-block-gallery has-nested-images columns-default is-cropped wp-block-gallery-1 is-layout-flex wp-block-gallery-is-layout-flex\">\n<figure class=\"wp-block-image size-large\"><img loading=\"lazy\" decoding=\"async\" width=\"1024\" height=\"576\" data-id=\"1921\" src=\"https:\/\/blog.utp.edu.co\/estrategia-de-resignificacion-del-campus\/files\/2022\/11\/WhatsApp-Image-2022-11-28-at-5.58.10-PM-1-1024x576.jpeg\" alt=\"\" class=\"wp-image-1921\" srcset=\"https:\/\/blog.utp.edu.co\/estrategia-de-resignificacion-del-campus\/files\/2022\/11\/WhatsApp-Image-2022-11-28-at-5.58.10-PM-1-1024x576.jpeg 1024w, https:\/\/blog.utp.edu.co\/estrategia-de-resignificacion-del-campus\/files\/2022\/11\/WhatsApp-Image-2022-11-28-at-5.58.10-PM-1-300x169.jpeg 300w, https:\/\/blog.utp.edu.co\/estrategia-de-resignificacion-del-campus\/files\/2022\/11\/WhatsApp-Image-2022-11-28-at-5.58.10-PM-1-768x432.jpeg 768w, https:\/\/blog.utp.edu.co\/estrategia-de-resignificacion-del-campus\/files\/2022\/11\/WhatsApp-Image-2022-11-28-at-5.58.10-PM-1-1536x864.jpeg 1536w, https:\/\/blog.utp.edu.co\/estrategia-de-resignificacion-del-campus\/files\/2022\/11\/WhatsApp-Image-2022-11-28-at-5.58.10-PM-1.jpeg 1600w\" sizes=\"auto, (max-width: 1024px) 100vw, 1024px\" \/><\/figure>\n\n\n\n<figure class=\"wp-block-image size-large\"><img loading=\"lazy\" decoding=\"async\" width=\"1024\" height=\"626\" data-id=\"1901\" src=\"https:\/\/blog.utp.edu.co\/estrategia-de-resignificacion-del-campus\/files\/2022\/11\/WhatsApp-Image-2022-11-28-at-5.58.10-PM-1024x626.jpeg\" alt=\"\" class=\"wp-image-1901\" srcset=\"https:\/\/blog.utp.edu.co\/estrategia-de-resignificacion-del-campus\/files\/2022\/11\/WhatsApp-Image-2022-11-28-at-5.58.10-PM-1024x626.jpeg 1024w, https:\/\/blog.utp.edu.co\/estrategia-de-resignificacion-del-campus\/files\/2022\/11\/WhatsApp-Image-2022-11-28-at-5.58.10-PM-300x183.jpeg 300w, https:\/\/blog.utp.edu.co\/estrategia-de-resignificacion-del-campus\/files\/2022\/11\/WhatsApp-Image-2022-11-28-at-5.58.10-PM-768x469.jpeg 768w, https:\/\/blog.utp.edu.co\/estrategia-de-resignificacion-del-campus\/files\/2022\/11\/WhatsApp-Image-2022-11-28-at-5.58.10-PM.jpeg 1280w\" sizes=\"auto, (max-width: 1024px) 100vw, 1024px\" \/><\/figure>\n\n\n\n<figure class=\"wp-block-image size-large\"><img loading=\"lazy\" decoding=\"async\" width=\"576\" height=\"1024\" data-id=\"1881\" src=\"https:\/\/blog.utp.edu.co\/estrategia-de-resignificacion-del-campus\/files\/2022\/11\/WhatsApp-Image-2022-11-28-at-5.58.11-PM-1-576x1024.jpeg\" alt=\"\" class=\"wp-image-1881\" srcset=\"https:\/\/blog.utp.edu.co\/estrategia-de-resignificacion-del-campus\/files\/2022\/11\/WhatsApp-Image-2022-11-28-at-5.58.11-PM-1-576x1024.jpeg 576w, https:\/\/blog.utp.edu.co\/estrategia-de-resignificacion-del-campus\/files\/2022\/11\/WhatsApp-Image-2022-11-28-at-5.58.11-PM-1-169x300.jpeg 169w, https:\/\/blog.utp.edu.co\/estrategia-de-resignificacion-del-campus\/files\/2022\/11\/WhatsApp-Image-2022-11-28-at-5.58.11-PM-1.jpeg 720w\" sizes=\"auto, (max-width: 576px) 100vw, 576px\" \/><\/figure>\n\n\n\n<figure class=\"wp-block-image size-large\"><img loading=\"lazy\" decoding=\"async\" width=\"576\" height=\"1024\" data-id=\"1891\" src=\"https:\/\/blog.utp.edu.co\/estrategia-de-resignificacion-del-campus\/files\/2022\/11\/WhatsApp-Image-2022-11-28-at-5.58.11-PM-576x1024.jpeg\" alt=\"\" class=\"wp-image-1891\" srcset=\"https:\/\/blog.utp.edu.co\/estrategia-de-resignificacion-del-campus\/files\/2022\/11\/WhatsApp-Image-2022-11-28-at-5.58.11-PM-576x1024.jpeg 576w, https:\/\/blog.utp.edu.co\/estrategia-de-resignificacion-del-campus\/files\/2022\/11\/WhatsApp-Image-2022-11-28-at-5.58.11-PM-169x300.jpeg 169w, https:\/\/blog.utp.edu.co\/estrategia-de-resignificacion-del-campus\/files\/2022\/11\/WhatsApp-Image-2022-11-28-at-5.58.11-PM.jpeg 720w\" sizes=\"auto, (max-width: 576px) 100vw, 576px\" \/><\/figure>\n\n\n\n<figure class=\"wp-block-image size-large\"><img loading=\"lazy\" decoding=\"async\" width=\"904\" height=\"1024\" data-id=\"1931\" src=\"https:\/\/blog.utp.edu.co\/estrategia-de-resignificacion-del-campus\/files\/2022\/11\/WhatsApp-Image-2022-11-28-at-5.58.50-PM-1-904x1024.jpeg\" alt=\"\" class=\"wp-image-1931\" srcset=\"https:\/\/blog.utp.edu.co\/estrategia-de-resignificacion-del-campus\/files\/2022\/11\/WhatsApp-Image-2022-11-28-at-5.58.50-PM-1-904x1024.jpeg 904w, https:\/\/blog.utp.edu.co\/estrategia-de-resignificacion-del-campus\/files\/2022\/11\/WhatsApp-Image-2022-11-28-at-5.58.50-PM-1-265x300.jpeg 265w, https:\/\/blog.utp.edu.co\/estrategia-de-resignificacion-del-campus\/files\/2022\/11\/WhatsApp-Image-2022-11-28-at-5.58.50-PM-1-768x870.jpeg 768w, https:\/\/blog.utp.edu.co\/estrategia-de-resignificacion-del-campus\/files\/2022\/11\/WhatsApp-Image-2022-11-28-at-5.58.50-PM-1.jpeg 1130w\" sizes=\"auto, (max-width: 904px) 100vw, 904px\" \/><\/figure>\n\n\n\n<figure class=\"wp-block-image size-large\"><img loading=\"lazy\" decoding=\"async\" width=\"860\" height=\"1024\" data-id=\"1911\" src=\"https:\/\/blog.utp.edu.co\/estrategia-de-resignificacion-del-campus\/files\/2022\/11\/WhatsApp-Image-2022-11-28-at-5.58.50-PM-860x1024.jpeg\" alt=\"\" class=\"wp-image-1911\" srcset=\"https:\/\/blog.utp.edu.co\/estrategia-de-resignificacion-del-campus\/files\/2022\/11\/WhatsApp-Image-2022-11-28-at-5.58.50-PM-860x1024.jpeg 860w, https:\/\/blog.utp.edu.co\/estrategia-de-resignificacion-del-campus\/files\/2022\/11\/WhatsApp-Image-2022-11-28-at-5.58.50-PM-252x300.jpeg 252w, https:\/\/blog.utp.edu.co\/estrategia-de-resignificacion-del-campus\/files\/2022\/11\/WhatsApp-Image-2022-11-28-at-5.58.50-PM-768x914.jpeg 768w, https:\/\/blog.utp.edu.co\/estrategia-de-resignificacion-del-campus\/files\/2022\/11\/WhatsApp-Image-2022-11-28-at-5.58.50-PM.jpeg 1075w\" sizes=\"auto, (max-width: 860px) 100vw, 860px\" \/><\/figure>\n\n\n\n<figure class=\"wp-block-image size-large\"><img loading=\"lazy\" decoding=\"async\" width=\"1024\" height=\"668\" data-id=\"1951\" src=\"https:\/\/blog.utp.edu.co\/estrategia-de-resignificacion-del-campus\/files\/2022\/11\/WhatsApp-Image-2022-11-28-at-5.58.51-PM-1-1024x668.jpeg\" alt=\"\" class=\"wp-image-1951\" srcset=\"https:\/\/blog.utp.edu.co\/estrategia-de-resignificacion-del-campus\/files\/2022\/11\/WhatsApp-Image-2022-11-28-at-5.58.51-PM-1-1024x668.jpeg 1024w, https:\/\/blog.utp.edu.co\/estrategia-de-resignificacion-del-campus\/files\/2022\/11\/WhatsApp-Image-2022-11-28-at-5.58.51-PM-1-300x196.jpeg 300w, https:\/\/blog.utp.edu.co\/estrategia-de-resignificacion-del-campus\/files\/2022\/11\/WhatsApp-Image-2022-11-28-at-5.58.51-PM-1-768x501.jpeg 768w, https:\/\/blog.utp.edu.co\/estrategia-de-resignificacion-del-campus\/files\/2022\/11\/WhatsApp-Image-2022-11-28-at-5.58.51-PM-1.jpeg 1280w\" sizes=\"auto, (max-width: 1024px) 100vw, 1024px\" \/><\/figure>\n\n\n\n<figure class=\"wp-block-image size-large\"><img loading=\"lazy\" decoding=\"async\" width=\"1024\" height=\"652\" data-id=\"1971\" src=\"https:\/\/blog.utp.edu.co\/estrategia-de-resignificacion-del-campus\/files\/2022\/11\/WhatsApp-Image-2022-11-28-at-5.58.51-PM-1024x652.jpeg\" alt=\"\" class=\"wp-image-1971\" srcset=\"https:\/\/blog.utp.edu.co\/estrategia-de-resignificacion-del-campus\/files\/2022\/11\/WhatsApp-Image-2022-11-28-at-5.58.51-PM-1024x652.jpeg 1024w, https:\/\/blog.utp.edu.co\/estrategia-de-resignificacion-del-campus\/files\/2022\/11\/WhatsApp-Image-2022-11-28-at-5.58.51-PM-300x191.jpeg 300w, https:\/\/blog.utp.edu.co\/estrategia-de-resignificacion-del-campus\/files\/2022\/11\/WhatsApp-Image-2022-11-28-at-5.58.51-PM-768x489.jpeg 768w, https:\/\/blog.utp.edu.co\/estrategia-de-resignificacion-del-campus\/files\/2022\/11\/WhatsApp-Image-2022-11-28-at-5.58.51-PM.jpeg 1280w\" sizes=\"auto, (max-width: 1024px) 100vw, 1024px\" \/><\/figure>\n\n\n\n<figure class=\"wp-block-image size-large\"><img loading=\"lazy\" decoding=\"async\" width=\"1024\" height=\"672\" data-id=\"1981\" src=\"https:\/\/blog.utp.edu.co\/estrategia-de-resignificacion-del-campus\/files\/2022\/11\/WhatsApp-Image-2022-11-28-at-5.58.52-PM-3-1024x672.jpeg\" alt=\"\" class=\"wp-image-1981\" srcset=\"https:\/\/blog.utp.edu.co\/estrategia-de-resignificacion-del-campus\/files\/2022\/11\/WhatsApp-Image-2022-11-28-at-5.58.52-PM-3-1024x672.jpeg 1024w, https:\/\/blog.utp.edu.co\/estrategia-de-resignificacion-del-campus\/files\/2022\/11\/WhatsApp-Image-2022-11-28-at-5.58.52-PM-3-300x197.jpeg 300w, https:\/\/blog.utp.edu.co\/estrategia-de-resignificacion-del-campus\/files\/2022\/11\/WhatsApp-Image-2022-11-28-at-5.58.52-PM-3-768x504.jpeg 768w, https:\/\/blog.utp.edu.co\/estrategia-de-resignificacion-del-campus\/files\/2022\/11\/WhatsApp-Image-2022-11-28-at-5.58.52-PM-3.jpeg 1280w\" sizes=\"auto, (max-width: 1024px) 100vw, 1024px\" \/><\/figure>\n\n\n\n<figure class=\"wp-block-image size-large\"><img loading=\"lazy\" decoding=\"async\" width=\"854\" height=\"1024\" data-id=\"2001\" src=\"https:\/\/blog.utp.edu.co\/estrategia-de-resignificacion-del-campus\/files\/2022\/11\/WhatsApp-Image-2022-11-28-at-5.58.52-PM-2-854x1024.jpeg\" alt=\"\" class=\"wp-image-2001\" srcset=\"https:\/\/blog.utp.edu.co\/estrategia-de-resignificacion-del-campus\/files\/2022\/11\/WhatsApp-Image-2022-11-28-at-5.58.52-PM-2-854x1024.jpeg 854w, https:\/\/blog.utp.edu.co\/estrategia-de-resignificacion-del-campus\/files\/2022\/11\/WhatsApp-Image-2022-11-28-at-5.58.52-PM-2-250x300.jpeg 250w, https:\/\/blog.utp.edu.co\/estrategia-de-resignificacion-del-campus\/files\/2022\/11\/WhatsApp-Image-2022-11-28-at-5.58.52-PM-2-768x921.jpeg 768w, https:\/\/blog.utp.edu.co\/estrategia-de-resignificacion-del-campus\/files\/2022\/11\/WhatsApp-Image-2022-11-28-at-5.58.52-PM-2.jpeg 1067w\" sizes=\"auto, (max-width: 854px) 100vw, 854px\" \/><\/figure>\n\n\n\n<figure class=\"wp-block-image size-large\"><img loading=\"lazy\" decoding=\"async\" width=\"862\" height=\"1024\" data-id=\"1991\" src=\"https:\/\/blog.utp.edu.co\/estrategia-de-resignificacion-del-campus\/files\/2022\/11\/WhatsApp-Image-2022-11-28-at-5.58.52-PM-1-862x1024.jpeg\" alt=\"\" class=\"wp-image-1991\" srcset=\"https:\/\/blog.utp.edu.co\/estrategia-de-resignificacion-del-campus\/files\/2022\/11\/WhatsApp-Image-2022-11-28-at-5.58.52-PM-1-862x1024.jpeg 862w, https:\/\/blog.utp.edu.co\/estrategia-de-resignificacion-del-campus\/files\/2022\/11\/WhatsApp-Image-2022-11-28-at-5.58.52-PM-1-253x300.jpeg 253w, https:\/\/blog.utp.edu.co\/estrategia-de-resignificacion-del-campus\/files\/2022\/11\/WhatsApp-Image-2022-11-28-at-5.58.52-PM-1-768x912.jpeg 768w, https:\/\/blog.utp.edu.co\/estrategia-de-resignificacion-del-campus\/files\/2022\/11\/WhatsApp-Image-2022-11-28-at-5.58.52-PM-1.jpeg 1078w\" sizes=\"auto, (max-width: 862px) 100vw, 862px\" \/><\/figure>\n\n\n\n<figure class=\"wp-block-image size-large\"><img loading=\"lazy\" decoding=\"async\" width=\"1024\" height=\"662\" data-id=\"2011\" src=\"https:\/\/blog.utp.edu.co\/estrategia-de-resignificacion-del-campus\/files\/2022\/11\/WhatsApp-Image-2022-11-28-at-5.58.52-PM-1024x662.jpeg\" alt=\"\" class=\"wp-image-2011\" srcset=\"https:\/\/blog.utp.edu.co\/estrategia-de-resignificacion-del-campus\/files\/2022\/11\/WhatsApp-Image-2022-11-28-at-5.58.52-PM-1024x662.jpeg 1024w, https:\/\/blog.utp.edu.co\/estrategia-de-resignificacion-del-campus\/files\/2022\/11\/WhatsApp-Image-2022-11-28-at-5.58.52-PM-300x194.jpeg 300w, https:\/\/blog.utp.edu.co\/estrategia-de-resignificacion-del-campus\/files\/2022\/11\/WhatsApp-Image-2022-11-28-at-5.58.52-PM-768x496.jpeg 768w, https:\/\/blog.utp.edu.co\/estrategia-de-resignificacion-del-campus\/files\/2022\/11\/WhatsApp-Image-2022-11-28-at-5.58.52-PM.jpeg 1280w\" sizes=\"auto, (max-width: 1024px) 100vw, 1024px\" \/><\/figure>\n<\/figure>\n","protected":false},"excerpt":{"rendered":"<p>De las Cartograf\u00edas del Espacio Afectivo a las Po\u00e9ticas del Espacio Sonoro Artista: Georgina Montoya \u00bfQu\u00e9 es una postal sonora? Este dispositivo sonoro visual, tambi\u00e9n ha sido conocido como Gramophone Record Postcard, Phonogram Card, Singing Postcard, Carte Postale Parlante, Phonopost, Phono-Postal, Carte-Disque, entre otros.&nbsp; La invenci\u00f3n de este sistema de registro sonoro surgi\u00f3 en 1903 &#8230; <a title=\"De las Cartograf\u00edas del Espacio Afectivo a las Po\u00e9ticas del Espacio Sonoro\" class=\"read-more\" href=\"https:\/\/blog.utp.edu.co\/estrategia-de-resignificacion-del-campus\/laboratorios-vivos__trashed\/de-las-cartografias-del-espacio-afectivo-a-las-poeticas-del-espacio-sonoro\/\" aria-label=\"Leer m\u00e1s sobre De las Cartograf\u00edas del Espacio Afectivo a las Po\u00e9ticas del Espacio Sonoro\">Leer m\u00e1s<\/a><\/p>\n","protected":false},"author":6461,"featured_media":0,"parent":291,"menu_order":0,"comment_status":"closed","ping_status":"closed","template":"","meta":{"footnotes":""},"class_list":["post-2951","page","type-page","status-publish"],"_links":{"self":[{"href":"https:\/\/blog.utp.edu.co\/estrategia-de-resignificacion-del-campus\/wp-json\/wp\/v2\/pages\/2951","targetHints":{"allow":["GET"]}}],"collection":[{"href":"https:\/\/blog.utp.edu.co\/estrategia-de-resignificacion-del-campus\/wp-json\/wp\/v2\/pages"}],"about":[{"href":"https:\/\/blog.utp.edu.co\/estrategia-de-resignificacion-del-campus\/wp-json\/wp\/v2\/types\/page"}],"author":[{"embeddable":true,"href":"https:\/\/blog.utp.edu.co\/estrategia-de-resignificacion-del-campus\/wp-json\/wp\/v2\/users\/6461"}],"replies":[{"embeddable":true,"href":"https:\/\/blog.utp.edu.co\/estrategia-de-resignificacion-del-campus\/wp-json\/wp\/v2\/comments?post=2951"}],"version-history":[{"count":4,"href":"https:\/\/blog.utp.edu.co\/estrategia-de-resignificacion-del-campus\/wp-json\/wp\/v2\/pages\/2951\/revisions"}],"predecessor-version":[{"id":4931,"href":"https:\/\/blog.utp.edu.co\/estrategia-de-resignificacion-del-campus\/wp-json\/wp\/v2\/pages\/2951\/revisions\/4931"}],"up":[{"embeddable":true,"href":"https:\/\/blog.utp.edu.co\/estrategia-de-resignificacion-del-campus\/wp-json\/wp\/v2\/pages\/291"}],"wp:attachment":[{"href":"https:\/\/blog.utp.edu.co\/estrategia-de-resignificacion-del-campus\/wp-json\/wp\/v2\/media?parent=2951"}],"curies":[{"name":"wp","href":"https:\/\/api.w.org\/{rel}","templated":true}]}}