{"id":2861,"date":"2022-12-09T19:33:24","date_gmt":"2022-12-09T19:33:24","guid":{"rendered":"https:\/\/blog.utp.edu.co\/estrategia-de-resignificacion-del-campus\/?page_id=2861"},"modified":"2022-12-16T15:22:41","modified_gmt":"2022-12-16T15:22:41","slug":"segundo-circulo-escucha-facultad-bellas-artes-humanidades","status":"publish","type":"page","link":"https:\/\/blog.utp.edu.co\/estrategia-de-resignificacion-del-campus\/mapeo-colectivo__trashed\/segundo-circulo-escucha-facultad-bellas-artes-humanidades\/","title":{"rendered":"Segundo Circulo de Escucha: Facultad de Bellas Artes y Humanidades"},"content":{"rendered":"\n<h1 class=\"wp-block-heading\"><strong>Segundo Circulo de Escucha: Facultad de Bellas Artes y Humanidades<\/strong><\/h1>\n\n\n\n<blockquote class=\"wp-block-quote is-layout-flow wp-block-quote-is-layout-flow\">\n<p><em>Hist\u00f3ricamente los mapas han sido representaciones ideol\u00f3gicas confeccionadas por quienes ostentan el poder; concebidos como instrumentos de dominaci\u00f3n para la apropiaci\u00f3n utilitaria de los territorios y el delineamiento de fronteras divisorias. La primera etapa de este proceso, propone el \u201cmapeo\u201d como una acci\u00f3n colectiva&nbsp;en manos de\u2026,&nbsp;a trav\u00e9s del caminar de los pies de\u2026,&nbsp;a o\u00eddos de\u2026,&nbsp;por el relato contado de&nbsp;quienes cotidianamente habitan las condiciones ambientales, culturales y socio\u2212econ\u00f3micas espec\u00edficas de este territorio que es la Universidad Tecnol\u00f3gica de Pereira.&nbsp;La construcci\u00f3n de un nuevo relato que gu\u00ede el recorrido a trav\u00e9s de este campo abierto de sentidos, ya no desde la perspectiva del \u201cpoder\u201d o los discursos oficiales, sino desde las experiencias, las memorias, las preguntas y los saberes m\u00faltiples&nbsp;reales&nbsp;de sus habitantes.<\/em><\/p>\n<\/blockquote>\n\n\n\n<h3 class=\"wp-block-heading\"><em>Al principio fue la escucha<\/em>. Proponemos espacios de escucha profunda con efectos de propagaci\u00f3n expansiva.&nbsp;<\/h3>\n\n\n\n<h3 class=\"wp-block-heading\">Un c\u00edrculo de escucha no tiene jerarqu\u00edas; nadie puede en \u00e9l estar \u201ca la cabecera\u201d, todos mantenemos en \u00e9l una relaci\u00f3n de equivalencia: siempre habr\u00e1 alguien frente a m\u00ed.&nbsp;<\/h3>\n\n\n\n<h3 class=\"wp-block-heading\">Invitamos al intercambio de memorias, situaciones del \u201cd\u00eda a d\u00eda\u201d y preguntas enlazadas a este campus en el que transcurren a\u00f1os decisivos y se ponen en juego proyectos importantes para nuestras vidas.&nbsp;<\/h3>\n\n\n\n<figure class=\"wp-block-gallery has-nested-images columns-default is-cropped wp-block-gallery-1 is-layout-flex wp-block-gallery-is-layout-flex\">\n<figure class=\"wp-block-image size-large\"><img loading=\"lazy\" decoding=\"async\" width=\"768\" height=\"1024\" data-id=\"1341\" src=\"https:\/\/blog.utp.edu.co\/estrategia-de-resignificacion-del-campus\/files\/2022\/11\/IMG-20220907-WA0013.jpg\" alt=\"\" class=\"wp-image-1341\" srcset=\"https:\/\/blog.utp.edu.co\/estrategia-de-resignificacion-del-campus\/files\/2022\/11\/IMG-20220907-WA0013.jpg 768w, https:\/\/blog.utp.edu.co\/estrategia-de-resignificacion-del-campus\/files\/2022\/11\/IMG-20220907-WA0013-225x300.jpg 225w\" sizes=\"auto, (max-width: 768px) 100vw, 768px\" \/><\/figure>\n\n\n\n<figure class=\"wp-block-image size-large\"><img loading=\"lazy\" decoding=\"async\" width=\"1024\" height=\"768\" data-id=\"1421\" src=\"https:\/\/blog.utp.edu.co\/estrategia-de-resignificacion-del-campus\/files\/2022\/11\/IMG_8730-1024x768.jpg\" alt=\"\" class=\"wp-image-1421\" srcset=\"https:\/\/blog.utp.edu.co\/estrategia-de-resignificacion-del-campus\/files\/2022\/11\/IMG_8730-1024x768.jpg 1024w, https:\/\/blog.utp.edu.co\/estrategia-de-resignificacion-del-campus\/files\/2022\/11\/IMG_8730-300x225.jpg 300w, https:\/\/blog.utp.edu.co\/estrategia-de-resignificacion-del-campus\/files\/2022\/11\/IMG_8730-768x576.jpg 768w, https:\/\/blog.utp.edu.co\/estrategia-de-resignificacion-del-campus\/files\/2022\/11\/IMG_8730-1536x1152.jpg 1536w, https:\/\/blog.utp.edu.co\/estrategia-de-resignificacion-del-campus\/files\/2022\/11\/IMG_8730-2048x1536.jpg 2048w\" sizes=\"auto, (max-width: 1024px) 100vw, 1024px\" \/><\/figure>\n\n\n\n<figure class=\"wp-block-image size-large\"><img loading=\"lazy\" decoding=\"async\" width=\"609\" height=\"343\" data-id=\"1351\" src=\"https:\/\/blog.utp.edu.co\/estrategia-de-resignificacion-del-campus\/files\/2022\/11\/F692A700-D6A4-46ED-8F84-AD2B699F05C7.jpg\" alt=\"\" class=\"wp-image-1351\" srcset=\"https:\/\/blog.utp.edu.co\/estrategia-de-resignificacion-del-campus\/files\/2022\/11\/F692A700-D6A4-46ED-8F84-AD2B699F05C7.jpg 609w, https:\/\/blog.utp.edu.co\/estrategia-de-resignificacion-del-campus\/files\/2022\/11\/F692A700-D6A4-46ED-8F84-AD2B699F05C7-300x169.jpg 300w\" sizes=\"auto, (max-width: 609px) 100vw, 609px\" \/><\/figure>\n\n\n\n<figure class=\"wp-block-image size-large\"><img loading=\"lazy\" decoding=\"async\" width=\"768\" height=\"1024\" data-id=\"1411\" src=\"https:\/\/blog.utp.edu.co\/estrategia-de-resignificacion-del-campus\/files\/2022\/11\/d17a38f3-4ad3-4f68-b74b-616054ed4ea5-768x1024.jpg\" alt=\"\" class=\"wp-image-1411\" srcset=\"https:\/\/blog.utp.edu.co\/estrategia-de-resignificacion-del-campus\/files\/2022\/11\/d17a38f3-4ad3-4f68-b74b-616054ed4ea5-768x1024.jpg 768w, https:\/\/blog.utp.edu.co\/estrategia-de-resignificacion-del-campus\/files\/2022\/11\/d17a38f3-4ad3-4f68-b74b-616054ed4ea5-225x300.jpg 225w, https:\/\/blog.utp.edu.co\/estrategia-de-resignificacion-del-campus\/files\/2022\/11\/d17a38f3-4ad3-4f68-b74b-616054ed4ea5-1152x1536.jpg 1152w, https:\/\/blog.utp.edu.co\/estrategia-de-resignificacion-del-campus\/files\/2022\/11\/d17a38f3-4ad3-4f68-b74b-616054ed4ea5.jpg 1200w\" sizes=\"auto, (max-width: 768px) 100vw, 768px\" \/><\/figure>\n\n\n\n<figure class=\"wp-block-image size-large\"><img loading=\"lazy\" decoding=\"async\" width=\"1024\" height=\"473\" data-id=\"1371\" src=\"https:\/\/blog.utp.edu.co\/estrategia-de-resignificacion-del-campus\/files\/2022\/11\/b0a3ee9e-3a96-4594-ad27-3b3db342a217-1024x473.jpg\" alt=\"\" class=\"wp-image-1371\" srcset=\"https:\/\/blog.utp.edu.co\/estrategia-de-resignificacion-del-campus\/files\/2022\/11\/b0a3ee9e-3a96-4594-ad27-3b3db342a217-1024x473.jpg 1024w, https:\/\/blog.utp.edu.co\/estrategia-de-resignificacion-del-campus\/files\/2022\/11\/b0a3ee9e-3a96-4594-ad27-3b3db342a217-300x139.jpg 300w, https:\/\/blog.utp.edu.co\/estrategia-de-resignificacion-del-campus\/files\/2022\/11\/b0a3ee9e-3a96-4594-ad27-3b3db342a217-768x355.jpg 768w, https:\/\/blog.utp.edu.co\/estrategia-de-resignificacion-del-campus\/files\/2022\/11\/b0a3ee9e-3a96-4594-ad27-3b3db342a217.jpg 1280w\" sizes=\"auto, (max-width: 1024px) 100vw, 1024px\" \/><\/figure>\n\n\n\n<figure class=\"wp-block-image size-large\"><img loading=\"lazy\" decoding=\"async\" width=\"1024\" height=\"766\" data-id=\"1361\" src=\"https:\/\/blog.utp.edu.co\/estrategia-de-resignificacion-del-campus\/files\/2022\/11\/a7c6e946-f56e-4501-859d-dd58adf74c0d-1024x766.jpg\" alt=\"\" class=\"wp-image-1361\" srcset=\"https:\/\/blog.utp.edu.co\/estrategia-de-resignificacion-del-campus\/files\/2022\/11\/a7c6e946-f56e-4501-859d-dd58adf74c0d-1024x766.jpg 1024w, https:\/\/blog.utp.edu.co\/estrategia-de-resignificacion-del-campus\/files\/2022\/11\/a7c6e946-f56e-4501-859d-dd58adf74c0d-300x225.jpg 300w, https:\/\/blog.utp.edu.co\/estrategia-de-resignificacion-del-campus\/files\/2022\/11\/a7c6e946-f56e-4501-859d-dd58adf74c0d-768x575.jpg 768w, https:\/\/blog.utp.edu.co\/estrategia-de-resignificacion-del-campus\/files\/2022\/11\/a7c6e946-f56e-4501-859d-dd58adf74c0d.jpg 1280w\" sizes=\"auto, (max-width: 1024px) 100vw, 1024px\" \/><\/figure>\n<\/figure>\n\n\n\n<figure class=\"wp-block-gallery has-nested-images columns-default is-cropped wp-block-gallery-2 is-layout-flex wp-block-gallery-is-layout-flex\">\n<figure class=\"wp-block-image size-large\"><img loading=\"lazy\" decoding=\"async\" width=\"768\" height=\"1024\" data-id=\"1391\" src=\"https:\/\/blog.utp.edu.co\/estrategia-de-resignificacion-del-campus\/files\/2022\/11\/31682fba-9d59-4980-a507-8acab40e5018-768x1024.jpg\" alt=\"\" class=\"wp-image-1391\" srcset=\"https:\/\/blog.utp.edu.co\/estrategia-de-resignificacion-del-campus\/files\/2022\/11\/31682fba-9d59-4980-a507-8acab40e5018-768x1024.jpg 768w, https:\/\/blog.utp.edu.co\/estrategia-de-resignificacion-del-campus\/files\/2022\/11\/31682fba-9d59-4980-a507-8acab40e5018-225x300.jpg 225w, https:\/\/blog.utp.edu.co\/estrategia-de-resignificacion-del-campus\/files\/2022\/11\/31682fba-9d59-4980-a507-8acab40e5018-1152x1536.jpg 1152w, https:\/\/blog.utp.edu.co\/estrategia-de-resignificacion-del-campus\/files\/2022\/11\/31682fba-9d59-4980-a507-8acab40e5018.jpg 1200w\" sizes=\"auto, (max-width: 768px) 100vw, 768px\" \/><\/figure>\n\n\n\n<figure class=\"wp-block-image size-large\"><img loading=\"lazy\" decoding=\"async\" width=\"720\" height=\"405\" data-id=\"1381\" src=\"https:\/\/blog.utp.edu.co\/estrategia-de-resignificacion-del-campus\/files\/2022\/11\/118E449F-7BB9-4406-B4D0-C520A894B12D.jpg\" alt=\"\" class=\"wp-image-1381\" srcset=\"https:\/\/blog.utp.edu.co\/estrategia-de-resignificacion-del-campus\/files\/2022\/11\/118E449F-7BB9-4406-B4D0-C520A894B12D.jpg 720w, https:\/\/blog.utp.edu.co\/estrategia-de-resignificacion-del-campus\/files\/2022\/11\/118E449F-7BB9-4406-B4D0-C520A894B12D-300x169.jpg 300w\" sizes=\"auto, (max-width: 720px) 100vw, 720px\" \/><\/figure>\n<\/figure>\n","protected":false},"excerpt":{"rendered":"<p>Segundo Circulo de Escucha: Facultad de Bellas Artes y Humanidades Hist\u00f3ricamente los mapas han sido representaciones ideol\u00f3gicas confeccionadas por quienes ostentan el poder; concebidos como instrumentos de dominaci\u00f3n para la apropiaci\u00f3n utilitaria de los territorios y el delineamiento de fronteras divisorias. La primera etapa de este proceso, propone el \u201cmapeo\u201d como una acci\u00f3n colectiva&nbsp;en manos &#8230; <a title=\"Segundo Circulo de Escucha: Facultad de Bellas Artes y Humanidades\" class=\"read-more\" href=\"https:\/\/blog.utp.edu.co\/estrategia-de-resignificacion-del-campus\/mapeo-colectivo__trashed\/segundo-circulo-escucha-facultad-bellas-artes-humanidades\/\" aria-label=\"Leer m\u00e1s sobre Segundo Circulo de Escucha: Facultad de Bellas Artes y Humanidades\">Leer m\u00e1s<\/a><\/p>\n","protected":false},"author":6461,"featured_media":4971,"parent":271,"menu_order":0,"comment_status":"closed","ping_status":"closed","template":"","meta":{"footnotes":""},"class_list":["post-2861","page","type-page","status-publish","has-post-thumbnail"],"_links":{"self":[{"href":"https:\/\/blog.utp.edu.co\/estrategia-de-resignificacion-del-campus\/wp-json\/wp\/v2\/pages\/2861","targetHints":{"allow":["GET"]}}],"collection":[{"href":"https:\/\/blog.utp.edu.co\/estrategia-de-resignificacion-del-campus\/wp-json\/wp\/v2\/pages"}],"about":[{"href":"https:\/\/blog.utp.edu.co\/estrategia-de-resignificacion-del-campus\/wp-json\/wp\/v2\/types\/page"}],"author":[{"embeddable":true,"href":"https:\/\/blog.utp.edu.co\/estrategia-de-resignificacion-del-campus\/wp-json\/wp\/v2\/users\/6461"}],"replies":[{"embeddable":true,"href":"https:\/\/blog.utp.edu.co\/estrategia-de-resignificacion-del-campus\/wp-json\/wp\/v2\/comments?post=2861"}],"version-history":[{"count":6,"href":"https:\/\/blog.utp.edu.co\/estrategia-de-resignificacion-del-campus\/wp-json\/wp\/v2\/pages\/2861\/revisions"}],"predecessor-version":[{"id":4411,"href":"https:\/\/blog.utp.edu.co\/estrategia-de-resignificacion-del-campus\/wp-json\/wp\/v2\/pages\/2861\/revisions\/4411"}],"up":[{"embeddable":true,"href":"https:\/\/blog.utp.edu.co\/estrategia-de-resignificacion-del-campus\/wp-json\/wp\/v2\/pages\/271"}],"wp:featuredmedia":[{"embeddable":true,"href":"https:\/\/blog.utp.edu.co\/estrategia-de-resignificacion-del-campus\/wp-json\/wp\/v2\/media\/4971"}],"wp:attachment":[{"href":"https:\/\/blog.utp.edu.co\/estrategia-de-resignificacion-del-campus\/wp-json\/wp\/v2\/media?parent=2861"}],"curies":[{"name":"wp","href":"https:\/\/api.w.org\/{rel}","templated":true}]}}