{"id":2751,"date":"2022-12-09T18:50:11","date_gmt":"2022-12-09T18:50:11","guid":{"rendered":"https:\/\/blog.utp.edu.co\/estrategia-de-resignificacion-del-campus\/?page_id=2751"},"modified":"2022-12-16T15:22:05","modified_gmt":"2022-12-16T15:22:05","slug":"primer-circulo-escucha-planetario","status":"publish","type":"page","link":"https:\/\/blog.utp.edu.co\/estrategia-de-resignificacion-del-campus\/mapeo-colectivo__trashed\/primer-circulo-escucha-planetario\/","title":{"rendered":"Primer Circulo de Escucha: Planetario"},"content":{"rendered":"\n<h1 class=\"wp-block-heading\"><strong>Primer Circulo de Escucha: Planetario<\/strong><\/h1>\n\n\n\n<blockquote class=\"wp-block-quote is-layout-flow wp-block-quote-is-layout-flow\">\n<p><em>Hist\u00f3ricamente los mapas han sido representaciones ideol\u00f3gicas confeccionadas por quienes ostentan el poder; concebidos como instrumentos de dominaci\u00f3n para la apropiaci\u00f3n utilitaria de los territorios y el delineamiento de fronteras divisorias. La primera etapa de este proceso, propone el \u201cmapeo\u201d como una acci\u00f3n colectiva&nbsp;en manos de\u2026,&nbsp;a trav\u00e9s del caminar de los pies de\u2026,&nbsp;a o\u00eddos de\u2026,&nbsp;por el relato contado de&nbsp;quienes cotidianamente habitan las condiciones ambientales, culturales y socio\u2212econ\u00f3micas espec\u00edficas de este territorio que es la Universidad Tecnol\u00f3gica de Pereira.&nbsp;La construcci\u00f3n de un nuevo relato que gu\u00ede el recorrido a trav\u00e9s de este campo abierto de sentidos, ya no desde la perspectiva del \u201cpoder\u201d o los discursos oficiales, sino desde las experiencias, las memorias, las preguntas y los saberes m\u00faltiples&nbsp;reales&nbsp;de sus habitantes.<\/em><\/p>\n<\/blockquote>\n\n\n\n<h3 class=\"wp-block-heading\"><strong>Conversaciones que tienen como prop\u00f3sito hacernos amigos y que ser\u00e1n luego retomadas por fragmentos en la construcci\u00f3n de un gui\u00f3n sonoro que orientar\u00e1 un recorrido geopo\u00e9tico por el campus<\/strong>&nbsp;a trav\u00e9s de las m\u00faltiples voces que lo habitan de distintas maneras.<\/h3>\n\n\n\n<h3 class=\"wp-block-heading\"><em>Al principio fue la escucha<\/em>. Para las disciplinas de la ret\u00f3rica, las&nbsp;<em>figuras<\/em>&nbsp;son formas propias del pensamiento y el lenguaje inspiradas por la naturaleza misma, a las que el arte solo ense\u00f1a a usar con discernimiento. Con licencia de la imaginaci\u00f3n, queremos pensar en la figura de un c\u00edrculo y el movimiento circular de las part\u00edculas producidas por el desplazamiento de una onda \u2013como el sonido \u2212, para proponer espacios de escucha profunda con efectos de propagaci\u00f3n expansiva.&nbsp;<\/h3>\n\n\n\n<h3 class=\"wp-block-heading\">Un c\u00edrculo no se interrumpe, el movimiento con que le recorremos es continuo; es una forma sin jerarqu\u00edas y con equilibrio, nadie puede en \u00e9l estar \u201ca la cabecera\u201d, todos mantenemos en \u00e9l una relaci\u00f3n de equivalencia: siempre habr\u00e1 alguien frente a m\u00ed y entre todos sostenemos la figura.<\/h3>\n\n\n\n<h3 class=\"wp-block-heading\">Esta es, entonces, una invitaci\u00f3n a estudiantes y dem\u00e1s integrantes de la comunidad universitaria, dise\u00f1ada sobre la figura del c\u00edrculo y la acci\u00f3n de una escucha activa, para dar espacio al intercambio de memorias, situaciones del \u201cd\u00eda a d\u00eda\u201d, clandestinas o secretas, y preguntas \u2013afectivas o intelectuales \u2013 enlazadas a este campus en el que transcurren a\u00f1os decisivos y se ponen en juego proyectos importantes para nuestras vidas.<\/h3>\n\n\n\n<figure class=\"wp-block-gallery has-nested-images columns-default is-cropped wp-block-gallery-1 is-layout-flex wp-block-gallery-is-layout-flex\">\n<figure class=\"wp-block-image size-large\"><img loading=\"lazy\" decoding=\"async\" width=\"1024\" height=\"682\" data-id=\"1241\" src=\"https:\/\/blog.utp.edu.co\/estrategia-de-resignificacion-del-campus\/files\/2022\/11\/IMG-20220526-WA0018-1024x682.jpg\" alt=\"\" class=\"wp-image-1241\" srcset=\"https:\/\/blog.utp.edu.co\/estrategia-de-resignificacion-del-campus\/files\/2022\/11\/IMG-20220526-WA0018-1024x682.jpg 1024w, https:\/\/blog.utp.edu.co\/estrategia-de-resignificacion-del-campus\/files\/2022\/11\/IMG-20220526-WA0018-300x200.jpg 300w, https:\/\/blog.utp.edu.co\/estrategia-de-resignificacion-del-campus\/files\/2022\/11\/IMG-20220526-WA0018-768x512.jpg 768w, https:\/\/blog.utp.edu.co\/estrategia-de-resignificacion-del-campus\/files\/2022\/11\/IMG-20220526-WA0018.jpg 1280w\" sizes=\"auto, (max-width: 1024px) 100vw, 1024px\" \/><\/figure>\n\n\n\n<figure class=\"wp-block-image size-large\"><img loading=\"lazy\" decoding=\"async\" width=\"1024\" height=\"682\" data-id=\"1251\" src=\"https:\/\/blog.utp.edu.co\/estrategia-de-resignificacion-del-campus\/files\/2022\/11\/IMG-20220526-WA0017-1024x682.jpg\" alt=\"\" class=\"wp-image-1251\" srcset=\"https:\/\/blog.utp.edu.co\/estrategia-de-resignificacion-del-campus\/files\/2022\/11\/IMG-20220526-WA0017-1024x682.jpg 1024w, https:\/\/blog.utp.edu.co\/estrategia-de-resignificacion-del-campus\/files\/2022\/11\/IMG-20220526-WA0017-300x200.jpg 300w, https:\/\/blog.utp.edu.co\/estrategia-de-resignificacion-del-campus\/files\/2022\/11\/IMG-20220526-WA0017-768x512.jpg 768w, https:\/\/blog.utp.edu.co\/estrategia-de-resignificacion-del-campus\/files\/2022\/11\/IMG-20220526-WA0017.jpg 1280w\" sizes=\"auto, (max-width: 1024px) 100vw, 1024px\" \/><\/figure>\n\n\n\n<figure class=\"wp-block-image size-large\"><img loading=\"lazy\" decoding=\"async\" width=\"1024\" height=\"682\" data-id=\"1271\" src=\"https:\/\/blog.utp.edu.co\/estrategia-de-resignificacion-del-campus\/files\/2022\/11\/IMG-20220526-WA0015-1-1024x682.jpg\" alt=\"\" class=\"wp-image-1271\" srcset=\"https:\/\/blog.utp.edu.co\/estrategia-de-resignificacion-del-campus\/files\/2022\/11\/IMG-20220526-WA0015-1-1024x682.jpg 1024w, https:\/\/blog.utp.edu.co\/estrategia-de-resignificacion-del-campus\/files\/2022\/11\/IMG-20220526-WA0015-1-300x200.jpg 300w, https:\/\/blog.utp.edu.co\/estrategia-de-resignificacion-del-campus\/files\/2022\/11\/IMG-20220526-WA0015-1-768x512.jpg 768w, https:\/\/blog.utp.edu.co\/estrategia-de-resignificacion-del-campus\/files\/2022\/11\/IMG-20220526-WA0015-1.jpg 1280w\" sizes=\"auto, (max-width: 1024px) 100vw, 1024px\" \/><\/figure>\n\n\n\n<figure class=\"wp-block-image size-large\"><img loading=\"lazy\" decoding=\"async\" width=\"1024\" height=\"682\" data-id=\"1281\" src=\"https:\/\/blog.utp.edu.co\/estrategia-de-resignificacion-del-campus\/files\/2022\/11\/IMG-20220526-WA0014-1024x682.jpg\" alt=\"\" class=\"wp-image-1281\" srcset=\"https:\/\/blog.utp.edu.co\/estrategia-de-resignificacion-del-campus\/files\/2022\/11\/IMG-20220526-WA0014-1024x682.jpg 1024w, https:\/\/blog.utp.edu.co\/estrategia-de-resignificacion-del-campus\/files\/2022\/11\/IMG-20220526-WA0014-300x200.jpg 300w, https:\/\/blog.utp.edu.co\/estrategia-de-resignificacion-del-campus\/files\/2022\/11\/IMG-20220526-WA0014-768x512.jpg 768w, https:\/\/blog.utp.edu.co\/estrategia-de-resignificacion-del-campus\/files\/2022\/11\/IMG-20220526-WA0014.jpg 1280w\" sizes=\"auto, (max-width: 1024px) 100vw, 1024px\" \/><\/figure>\n\n\n\n<figure class=\"wp-block-image size-large\"><img loading=\"lazy\" decoding=\"async\" width=\"1024\" height=\"682\" data-id=\"1291\" src=\"https:\/\/blog.utp.edu.co\/estrategia-de-resignificacion-del-campus\/files\/2022\/11\/IMG-20220526-WA0013-1-1024x682.jpg\" alt=\"\" class=\"wp-image-1291\" srcset=\"https:\/\/blog.utp.edu.co\/estrategia-de-resignificacion-del-campus\/files\/2022\/11\/IMG-20220526-WA0013-1-1024x682.jpg 1024w, https:\/\/blog.utp.edu.co\/estrategia-de-resignificacion-del-campus\/files\/2022\/11\/IMG-20220526-WA0013-1-300x200.jpg 300w, https:\/\/blog.utp.edu.co\/estrategia-de-resignificacion-del-campus\/files\/2022\/11\/IMG-20220526-WA0013-1-768x512.jpg 768w, https:\/\/blog.utp.edu.co\/estrategia-de-resignificacion-del-campus\/files\/2022\/11\/IMG-20220526-WA0013-1.jpg 1280w\" sizes=\"auto, (max-width: 1024px) 100vw, 1024px\" \/><\/figure>\n\n\n\n<figure class=\"wp-block-image size-large\"><img loading=\"lazy\" decoding=\"async\" width=\"1024\" height=\"682\" data-id=\"1261\" src=\"https:\/\/blog.utp.edu.co\/estrategia-de-resignificacion-del-campus\/files\/2022\/11\/IMG-20220526-WA0011-1024x682.jpg\" alt=\"\" class=\"wp-image-1261\" srcset=\"https:\/\/blog.utp.edu.co\/estrategia-de-resignificacion-del-campus\/files\/2022\/11\/IMG-20220526-WA0011-1024x682.jpg 1024w, https:\/\/blog.utp.edu.co\/estrategia-de-resignificacion-del-campus\/files\/2022\/11\/IMG-20220526-WA0011-300x200.jpg 300w, https:\/\/blog.utp.edu.co\/estrategia-de-resignificacion-del-campus\/files\/2022\/11\/IMG-20220526-WA0011-768x512.jpg 768w, https:\/\/blog.utp.edu.co\/estrategia-de-resignificacion-del-campus\/files\/2022\/11\/IMG-20220526-WA0011.jpg 1280w\" sizes=\"auto, (max-width: 1024px) 100vw, 1024px\" \/><\/figure>\n\n\n\n<figure class=\"wp-block-image size-large\"><img loading=\"lazy\" decoding=\"async\" width=\"1024\" height=\"682\" data-id=\"1301\" src=\"https:\/\/blog.utp.edu.co\/estrategia-de-resignificacion-del-campus\/files\/2022\/11\/IMG-20220526-WA0009-1024x682.jpg\" alt=\"\" class=\"wp-image-1301\" srcset=\"https:\/\/blog.utp.edu.co\/estrategia-de-resignificacion-del-campus\/files\/2022\/11\/IMG-20220526-WA0009-1024x682.jpg 1024w, https:\/\/blog.utp.edu.co\/estrategia-de-resignificacion-del-campus\/files\/2022\/11\/IMG-20220526-WA0009-300x200.jpg 300w, https:\/\/blog.utp.edu.co\/estrategia-de-resignificacion-del-campus\/files\/2022\/11\/IMG-20220526-WA0009-768x512.jpg 768w, https:\/\/blog.utp.edu.co\/estrategia-de-resignificacion-del-campus\/files\/2022\/11\/IMG-20220526-WA0009.jpg 1280w\" sizes=\"auto, (max-width: 1024px) 100vw, 1024px\" \/><\/figure>\n\n\n\n<figure class=\"wp-block-image size-large\"><img loading=\"lazy\" decoding=\"async\" width=\"1024\" height=\"682\" data-id=\"1311\" src=\"https:\/\/blog.utp.edu.co\/estrategia-de-resignificacion-del-campus\/files\/2022\/11\/IMG-20220526-WA0007-1024x682.jpg\" alt=\"\" class=\"wp-image-1311\" srcset=\"https:\/\/blog.utp.edu.co\/estrategia-de-resignificacion-del-campus\/files\/2022\/11\/IMG-20220526-WA0007-1024x682.jpg 1024w, https:\/\/blog.utp.edu.co\/estrategia-de-resignificacion-del-campus\/files\/2022\/11\/IMG-20220526-WA0007-300x200.jpg 300w, https:\/\/blog.utp.edu.co\/estrategia-de-resignificacion-del-campus\/files\/2022\/11\/IMG-20220526-WA0007-768x512.jpg 768w, https:\/\/blog.utp.edu.co\/estrategia-de-resignificacion-del-campus\/files\/2022\/11\/IMG-20220526-WA0007.jpg 1280w\" sizes=\"auto, (max-width: 1024px) 100vw, 1024px\" \/><\/figure>\n\n\n\n<figure class=\"wp-block-image size-large\"><img loading=\"lazy\" decoding=\"async\" width=\"1024\" height=\"682\" data-id=\"1321\" src=\"https:\/\/blog.utp.edu.co\/estrategia-de-resignificacion-del-campus\/files\/2022\/11\/IMG-20220526-WA0000-1024x682.jpg\" alt=\"\" class=\"wp-image-1321\" srcset=\"https:\/\/blog.utp.edu.co\/estrategia-de-resignificacion-del-campus\/files\/2022\/11\/IMG-20220526-WA0000-1024x682.jpg 1024w, https:\/\/blog.utp.edu.co\/estrategia-de-resignificacion-del-campus\/files\/2022\/11\/IMG-20220526-WA0000-300x200.jpg 300w, https:\/\/blog.utp.edu.co\/estrategia-de-resignificacion-del-campus\/files\/2022\/11\/IMG-20220526-WA0000-768x512.jpg 768w, https:\/\/blog.utp.edu.co\/estrategia-de-resignificacion-del-campus\/files\/2022\/11\/IMG-20220526-WA0000.jpg 1280w\" sizes=\"auto, (max-width: 1024px) 100vw, 1024px\" \/><\/figure>\n<\/figure>\n\n\n\n<figure class=\"wp-block-gallery has-nested-images columns-default is-cropped wp-block-gallery-2 is-layout-flex wp-block-gallery-is-layout-flex\">\n<figure class=\"wp-block-image size-large\"><img loading=\"lazy\" decoding=\"async\" width=\"768\" height=\"1024\" data-id=\"1331\" src=\"https:\/\/blog.utp.edu.co\/estrategia-de-resignificacion-del-campus\/files\/2022\/11\/IMG-20220525-WA0024-768x1024.jpg\" alt=\"\" class=\"wp-image-1331\" srcset=\"https:\/\/blog.utp.edu.co\/estrategia-de-resignificacion-del-campus\/files\/2022\/11\/IMG-20220525-WA0024-768x1024.jpg 768w, https:\/\/blog.utp.edu.co\/estrategia-de-resignificacion-del-campus\/files\/2022\/11\/IMG-20220525-WA0024-225x300.jpg 225w, https:\/\/blog.utp.edu.co\/estrategia-de-resignificacion-del-campus\/files\/2022\/11\/IMG-20220525-WA0024-1152x1536.jpg 1152w, https:\/\/blog.utp.edu.co\/estrategia-de-resignificacion-del-campus\/files\/2022\/11\/IMG-20220525-WA0024.jpg 1200w\" sizes=\"auto, (max-width: 768px) 100vw, 768px\" \/><\/figure>\n<\/figure>\n","protected":false},"excerpt":{"rendered":"<p>Primer Circulo de Escucha: Planetario Hist\u00f3ricamente los mapas han sido representaciones ideol\u00f3gicas confeccionadas por quienes ostentan el poder; concebidos como instrumentos de dominaci\u00f3n para la apropiaci\u00f3n utilitaria de los territorios y el delineamiento de fronteras divisorias. La primera etapa de este proceso, propone el \u201cmapeo\u201d como una acci\u00f3n colectiva&nbsp;en manos de\u2026,&nbsp;a trav\u00e9s del caminar de &#8230; <a title=\"Primer Circulo de Escucha: Planetario\" class=\"read-more\" href=\"https:\/\/blog.utp.edu.co\/estrategia-de-resignificacion-del-campus\/mapeo-colectivo__trashed\/primer-circulo-escucha-planetario\/\" aria-label=\"Leer m\u00e1s sobre Primer Circulo de Escucha: Planetario\">Leer m\u00e1s<\/a><\/p>\n","protected":false},"author":6461,"featured_media":4971,"parent":271,"menu_order":0,"comment_status":"closed","ping_status":"closed","template":"","meta":{"footnotes":""},"class_list":["post-2751","page","type-page","status-publish","has-post-thumbnail"],"_links":{"self":[{"href":"https:\/\/blog.utp.edu.co\/estrategia-de-resignificacion-del-campus\/wp-json\/wp\/v2\/pages\/2751","targetHints":{"allow":["GET"]}}],"collection":[{"href":"https:\/\/blog.utp.edu.co\/estrategia-de-resignificacion-del-campus\/wp-json\/wp\/v2\/pages"}],"about":[{"href":"https:\/\/blog.utp.edu.co\/estrategia-de-resignificacion-del-campus\/wp-json\/wp\/v2\/types\/page"}],"author":[{"embeddable":true,"href":"https:\/\/blog.utp.edu.co\/estrategia-de-resignificacion-del-campus\/wp-json\/wp\/v2\/users\/6461"}],"replies":[{"embeddable":true,"href":"https:\/\/blog.utp.edu.co\/estrategia-de-resignificacion-del-campus\/wp-json\/wp\/v2\/comments?post=2751"}],"version-history":[{"count":11,"href":"https:\/\/blog.utp.edu.co\/estrategia-de-resignificacion-del-campus\/wp-json\/wp\/v2\/pages\/2751\/revisions"}],"predecessor-version":[{"id":3481,"href":"https:\/\/blog.utp.edu.co\/estrategia-de-resignificacion-del-campus\/wp-json\/wp\/v2\/pages\/2751\/revisions\/3481"}],"up":[{"embeddable":true,"href":"https:\/\/blog.utp.edu.co\/estrategia-de-resignificacion-del-campus\/wp-json\/wp\/v2\/pages\/271"}],"wp:featuredmedia":[{"embeddable":true,"href":"https:\/\/blog.utp.edu.co\/estrategia-de-resignificacion-del-campus\/wp-json\/wp\/v2\/media\/4971"}],"wp:attachment":[{"href":"https:\/\/blog.utp.edu.co\/estrategia-de-resignificacion-del-campus\/wp-json\/wp\/v2\/media?parent=2751"}],"curies":[{"name":"wp","href":"https:\/\/api.w.org\/{rel}","templated":true}]}}