{"id":2,"date":"2026-02-19T23:18:48","date_gmt":"2026-02-19T22:18:48","guid":{"rendered":"https:\/\/blog.utp.edu.co\/eidos\/?page_id=2"},"modified":"2026-03-10T16:00:56","modified_gmt":"2026-03-10T21:00:56","slug":"pagina-ejemplo","status":"publish","type":"page","link":"https:\/\/blog.utp.edu.co\/eidos\/pagina-ejemplo","title":{"rendered":"Sobre el Proyecto"},"content":{"rendered":"\n<p>El <strong>Proyecto EIDOS Ensamble<\/strong> busca fortalecer los procesos de formaci\u00f3n integral a trav\u00e9s de actividades acad\u00e9micas, art\u00edsticas y culturales que promueven el di\u00e1logo entre las artes y las humanidades.<\/p>\n\n\n\n<p>Cada mes desarrolla una programaci\u00f3n que incluye exposiciones, conciertos, conferencias, conversatorios y visitas guiadas, en las que participan docentes, egresados y estudiantes de la Facultad, as\u00ed como invitados de otras universidades y artistas vinculados a redes nacionales e internacionales.<\/p>\n\n\n\n<p>El proyecto est\u00e1 conformado por profesores de la Facultad de Bellas Artes y Humanidades de la Universidad Tecnol\u00f3gica de Pereira, quienes reconocen la cultura como un pilar fundamental para la creaci\u00f3n de espacios de encuentro, reflexi\u00f3n y proyecci\u00f3n del trabajo art\u00edstico y la producci\u00f3n acad\u00e9mica.<\/p>\n\n\n\n<p>EIDOS Ensamble asume como principio inspirador el papel fundamental de las Artes y las Humanidades en la formaci\u00f3n integral de las comunidades educativas, superando la visi\u00f3n ornamental de la cultura y reconoci\u00e9ndola como una dimensi\u00f3n social esencial.<\/p>\n\n\n\n<p>Desde 2005 el proyecto se ha desarrollado de manera ininterrumpida con el apoyo de la Vicerrector\u00eda de Investigaciones, Innovaci\u00f3n y Extensi\u00f3n. Su programaci\u00f3n est\u00e1 pensada para la comunidad universitaria y para los ciudadanos de Pereira.<\/p>\n\n\n\n<p>Como parte de su din\u00e1mica cultural, <strong>el segundo jueves de cada mes se inaugura una exposici\u00f3n acompa\u00f1ada de un concierto inaugural.<\/strong><\/p>\n\n\n\n<p>Desde 2005 realiza exposiciones, conciertos, conferencias y encuentros con invitados nacionales e internacionales.<\/p>\n","protected":false},"excerpt":{"rendered":"<p>El Proyecto EIDOS Ensamble busca fortalecer los procesos de formaci\u00f3n integral a trav\u00e9s de actividades acad\u00e9micas, art\u00edsticas y culturales que promueven el di\u00e1logo entre las artes y las humanidades. Cada mes desarrolla una programaci\u00f3n que incluye exposiciones, conciertos, conferencias, conversatorios y visitas guiadas, en las que participan docentes, egresados y estudiantes de la Facultad, as\u00ed [&hellip;]<\/p>\n","protected":false},"author":2193,"featured_media":0,"parent":0,"menu_order":0,"comment_status":"closed","ping_status":"open","template":"","meta":{"footnotes":""},"class_list":["post-2","page","type-page","status-publish","hentry"],"_links":{"self":[{"href":"https:\/\/blog.utp.edu.co\/eidos\/wp-json\/wp\/v2\/pages\/2","targetHints":{"allow":["GET"]}}],"collection":[{"href":"https:\/\/blog.utp.edu.co\/eidos\/wp-json\/wp\/v2\/pages"}],"about":[{"href":"https:\/\/blog.utp.edu.co\/eidos\/wp-json\/wp\/v2\/types\/page"}],"author":[{"embeddable":true,"href":"https:\/\/blog.utp.edu.co\/eidos\/wp-json\/wp\/v2\/users\/2193"}],"replies":[{"embeddable":true,"href":"https:\/\/blog.utp.edu.co\/eidos\/wp-json\/wp\/v2\/comments?post=2"}],"version-history":[{"count":1,"href":"https:\/\/blog.utp.edu.co\/eidos\/wp-json\/wp\/v2\/pages\/2\/revisions"}],"predecessor-version":[{"id":65,"href":"https:\/\/blog.utp.edu.co\/eidos\/wp-json\/wp\/v2\/pages\/2\/revisions\/65"}],"wp:attachment":[{"href":"https:\/\/blog.utp.edu.co\/eidos\/wp-json\/wp\/v2\/media?parent=2"}],"curies":[{"name":"wp","href":"https:\/\/api.w.org\/{rel}","templated":true}]}}