{"id":15,"date":"2012-04-18T00:47:01","date_gmt":"2012-04-18T00:47:01","guid":{"rendered":"http:\/\/blog.utp.edu.co\/ee973\/?page_id=15"},"modified":"2012-10-13T20:52:25","modified_gmt":"2012-10-13T20:52:25","slug":"material-de-consulta","status":"publish","type":"page","link":"https:\/\/blog.utp.edu.co\/ee973\/material-de-consulta\/","title":{"rendered":"Material de consulta"},"content":{"rendered":"<p><strong>Plan de estudio<\/strong><\/p>\n<ul>\n<li>El contenido de la materia lo podemos visualizar en este enlace \u00a0<a href=\"http:\/\/www.utp.edu.co\/~fgallego\/Plan_de_estudio_EE973-Redes_de_Datos.pdf\">Plan de estudio<\/a><\/li>\n<\/ul>\n<p><strong>En esta pagina se publicar\u00e1n los archivos para las lecturas que se deben hacer con anterioridad a cada una de las clases.<\/strong><\/p>\n<ul>\n<li>Para la clase del 15 de septiembre este\u00a0documento\u00a0\u00a0<a href=\"http:\/\/blog.utp.edu.co\/ee973\/files\/2012\/04\/contenido-redes-de-datos-parte1.pdf\">Capitulo 1<\/a>\u00a0y el \u00a0<a href=\"http:\/\/www.utp.edu.co\/~fgallego\/claseXcapitulo\/clase02.pdf\">Capitulo 2<\/a><\/li>\n<li>Para la clase del 22 de septiembre leer el documento <a href=\"http:\/\/www.utp.edu.co\/~fgallego\/claseXcapitulo\/clase03-capitulo3.pdf\">Capitulo 3<\/a><\/li>\n<li>En la clase del 29 de septiembre el documento referencia es el\u00a0 <a href=\"http:\/\/www.utp.edu.co\/~fgallego\/claseXcapitulo\/capitulo04-capa%20de%20transporte.pdf\">Capitulo 4<\/a><\/li>\n<li>En la clase del\u00a06 de octubre los\u00a0 documentos de referencia son \u00a0\u00a0<a href=\"http:\/\/blog.utp.edu.co\/ee973\/files\/2012\/04\/capitulo05-capa-de-red.pdf\">Capitulo 5<\/a> y\u00a0el <a href=\"http:\/\/blog.utp.edu.co\/ee973\/files\/2012\/04\/capitulo06-Direccionamiento-de-red-IPv4.pdf\">Capitulo 6<\/a><\/li>\n<li>En la clase del 13 de octubre los\u00a0 documentos de referencia son\u00a0 <a href=\"http:\/\/blog.utp.edu.co\/ee973\/files\/2012\/04\/capitulo07-Capa-de-enlace-de-datos.pdf\">Capitulo 7<\/a> y <a href=\"http:\/\/blog.utp.edu.co\/ee973\/files\/2012\/04\/capitulo09-ethernet.pdf\">Capitulo 9<\/a><\/li>\n<li>En la clase del 20 \u00a0de octubre\u00a0 documentos de referencia son <a href=\"http:\/\/blog.utp.edu.co\/ee973\/files\/2012\/04\/capitulo08-Capa-Fisica.pdf\">Capitulo 8<\/a> y <a href=\"http:\/\/blog.utp.edu.co\/ee973\/files\/2012\/04\/capitulo10-planificaci\u00f3n-y-Cableado-de-redes.pdf\">Capitulo 10<\/a><\/li>\n<\/ul>\n<h2><strong>Laboratorios\u00a0de practica para el Segundo\u00a0 parcial<\/strong><\/h2>\n<ul>\n<li><a href=\"http:\/\/blog.utp.edu.co\/ee973\/files\/2012\/04\/lab-Division-de-direcciones-IPv4-en-subredes-01.pdf\">lab Division de direcciones IPv4 en subredes 01<\/a><\/li>\n<li><a href=\"http:\/\/blog.utp.edu.co\/ee973\/files\/2012\/04\/lab-Division-de-direcciones-IPv4-en-subredes-02.pdf\">lab Division de direcciones IPv4 en subredes 02<\/a><\/li>\n<li><a href=\"http:\/\/blog.utp.edu.co\/ee973\/files\/2012\/04\/lab-Calculo-de-VLSM-y-dise\u00f1o-de-direccionamiento.pdf\">lab Calculo de VLSM y dise\u00f1o de direccionamiento<\/a><\/li>\n<\/ul>\n<p>&nbsp;<\/p>\n<h2 class=\"art-PostHeader\"><span style=\"color: #3366ff;\">Recursos para descargar<\/span><\/h2>\n<ul>\n<li>Este es el archivo .iso que sirve para instalar el GNU\/Linux en una software virtualizador como el VirtualBox o el VmWare workstation, \u00a0esta\u00a0versi\u00f3n\u00a0es la mas parecida a la que se tiene instalada en la sala del CRIE \u00a0<a href=\"http:\/\/www.utp.edu.co\/~fgallego\/ubuntu-10.10-desktop-i386.iso\">ubuntu-10.10-desktop-i386.iso<\/a>.<\/li>\n<\/ul>\n<p>&nbsp;<\/p>\n<ul>\n<li>Tambi\u00e9n se puede quemar en un CD e instalarla en el equipo, sino tiene unidad de CD se puede instalar en una USB para reiniciar desde ella, incluso el GNU\/Linux da la posibilidad de trabajarlo en forma LiveCD lo que significa que no tienen que hacer ning\u00fan cambio en el disco duro de su maquina, claro esta que todo lo que haga en esta sesi\u00f3n solo sera efectivo mientras el equipo esta prendido, para mas informaci\u00f3n pueden ver esta pagina <a href=\"http:\/\/www.pendrivelinux.com\/put-ubuntu-netbook-remix-10-04-on-flash-drive-in-windows\/\">http:\/\/www.pendrivelinux.com\/put-ubuntu-netbook-remix-10-04-on-flash-drive-in-windows\/<\/a><\/li>\n<\/ul>\n<p>&nbsp;<\/p>\n<div><\/div>\n","protected":false},"excerpt":{"rendered":"<p>Plan de estudio El contenido de la materia lo podemos visualizar en este enlace \u00a0Plan de estudio En esta pagina se publicar\u00e1n los archivos para las lecturas que se deben hacer con anterioridad a cada una de las clases. Para la clase del 15 de septiembre este\u00a0documento\u00a0\u00a0Capitulo 1\u00a0y el \u00a0Capitulo 2 Para la clase del [&hellip;]<\/p>\n","protected":false},"author":253,"featured_media":0,"parent":0,"menu_order":0,"comment_status":"open","ping_status":"open","template":"","meta":{"footnotes":""},"class_list":["post-15","page","type-page","status-publish","hentry"],"_links":{"self":[{"href":"https:\/\/blog.utp.edu.co\/ee973\/wp-json\/wp\/v2\/pages\/15","targetHints":{"allow":["GET"]}}],"collection":[{"href":"https:\/\/blog.utp.edu.co\/ee973\/wp-json\/wp\/v2\/pages"}],"about":[{"href":"https:\/\/blog.utp.edu.co\/ee973\/wp-json\/wp\/v2\/types\/page"}],"author":[{"embeddable":true,"href":"https:\/\/blog.utp.edu.co\/ee973\/wp-json\/wp\/v2\/users\/253"}],"replies":[{"embeddable":true,"href":"https:\/\/blog.utp.edu.co\/ee973\/wp-json\/wp\/v2\/comments?post=15"}],"version-history":[{"count":40,"href":"https:\/\/blog.utp.edu.co\/ee973\/wp-json\/wp\/v2\/pages\/15\/revisions"}],"predecessor-version":[{"id":241,"href":"https:\/\/blog.utp.edu.co\/ee973\/wp-json\/wp\/v2\/pages\/15\/revisions\/241"}],"wp:attachment":[{"href":"https:\/\/blog.utp.edu.co\/ee973\/wp-json\/wp\/v2\/media?parent=15"}],"curies":[{"name":"wp","href":"https:\/\/api.w.org\/{rel}","templated":true}]}}