{"id":6492,"date":"2025-03-30T23:28:43","date_gmt":"2025-03-31T04:28:43","guid":{"rendered":"https:\/\/blog.utp.edu.co\/clubdelasalud\/?page_id=6492"},"modified":"2026-04-07T14:39:25","modified_gmt":"2026-04-07T19:39:25","slug":"oferta-de-servicios","status":"publish","type":"page","link":"https:\/\/blog.utp.edu.co\/clubdelasalud\/oferta-de-servicios\/","title":{"rendered":"Preguntas Frecuentes"},"content":{"rendered":"\n<p><strong>1. \u00bfDebo pagar para acceder a los grupos de ejercicio f\u00edsico del Club de la Salud?<\/strong><\/p>\n\n\n\n<p><strong><em>R\/=<\/em><\/strong> No, los grupos de ejercicio f\u00edsico del Club de la Salud aplican para estudiantes, docentes, administrativos y jubilados de la UTP y no se genera cobro por concepto de inscripci\u00f3n, mensualidad o uso de los escenarios. Es un servicio gratuito.<\/p>\n\n\n\n<p><strong>2. \u00bfEn qu\u00e9 consiste el servicio de Readaptaci\u00f3n Funcional?<\/strong><\/p>\n\n\n\n<p><strong><em>R\/=<\/em><\/strong> El servicio de Readaptaci\u00f3n Funcional es un programa dirigido a personas que requieren recuperaci\u00f3n de lesiones osteomusculares. Se realiza en el marco de una pr\u00e1ctica acad\u00e9mica de noveno semestre de Ciencias del Deporte y la Recreaci\u00f3n bajo la supervisi\u00f3n de docentes especializados en fisioterapia, kinesiolog\u00eda y medicina deportiva. En este servicio se interviene en las cuatro etapas de la rehabilitaci\u00f3n f\u00edsica: etapa aguda\/inicial (manejo del dolor), etapa de recuperaci\u00f3n (recuperaci\u00f3n de \u00e1ngulos de movilidad articular), etapa avanzada (recuperaci\u00f3n de la fuerza, resistencia y funci\u00f3n del \u00e1rea afectada) y etapa de mantenimiento y prevenci\u00f3n (garantizar la estabilidad a largo plazo de la zona afectada, as\u00ed como prevenir una posible reca\u00edda).<\/p>\n\n\n\n<p><strong>3. \u00bfQu\u00e9 grupos de ejercicio f\u00edsico tiene el Club de la Salud?<\/strong><\/p>\n\n\n\n<p><strong><em>R\/=<\/em><\/strong> Yoga, yoga jubilados, spinning, entrenamiento funcional, rumba terapia y actividad f\u00edsica para el adulto mayor.<\/p>\n\n\n\n<p>4. <strong>\u00bfC\u00f3mo puedo inscribirme a los servicios del Club de la Salud?<\/strong><\/p>\n\n\n\n<p><strong><em>R\/=<\/em><\/strong> La inscripci\u00f3n a los servicios se realiza a trav\u00e9s de los siguientes links:<\/p>\n\n\n\n<ul class=\"wp-block-list\">\n<li>Grupos de ejercicio f\u00edsico: <a href=\"https:\/\/forms.gle\/GMqScFxfE8gjpARU7\">https:\/\/forms.gle\/ozBwFEFLiX5frc3p7<\/a><\/li>\n\n\n\n<li>Readaptaci\u00f3n funcional: <a href=\"https:\/\/calendar.app.google\/xQb6mJyRXR24EL229\">https:\/\/calendar.app.google\/xQb6mJyRXR24EL229<\/a><\/li>\n<\/ul>\n\n\n\n<p><strong>5. \u00bfQu\u00e9 beneficios puedo obtener al participar en los grupos de ejercicio f\u00edsico del Club de la Salud?<\/strong><\/p>\n\n\n\n<p><strong><em>R\/= <\/em><\/strong>Algunos de los beneficios que puedes experimentar al participar de manera regular en los grupos de ejercicio f\u00edsico son: mejorar tu condici\u00f3n f\u00edsica, prevenir y recuperarte de lesiones osteomusculares y en el caso de ser deportista, regresar de manera segura a tu pr\u00e1ctica deportiva habitual. Tener un espacio de integraci\u00f3n social, adquirir h\u00e1bitos de vida saludable, rodearte de un c\u00edrculo social activo, deportivo y de cuidado de la salud f\u00edsica y mental.<\/p>\n\n\n\n<p><strong>6. \u00bfPuedo participar en eventos como la Carrera 5K o la Carrera OCR si no soy usuario frecuente del Club de la Salud?<\/strong><\/p>\n\n\n\n<p><strong><em>R\/= <\/em><\/strong>Puedes participar si eres miembro de la comunidad UTP (estudiante, docente, administrativo, egresado o jubilado) y cumples con el proceso de inscripci\u00f3n establecido para cada evento.<\/p>\n\n\n\n<p><strong>7. \u00bfQu\u00e9 actividades est\u00e1n disponibles en el Club de la Salud para los Jubilados UTP?<\/strong><\/p>\n\n\n\n<p><strong><em>R\/= <\/em><\/strong>El Club de la Salud ofrece sesiones de actividad f\u00edsica senior enfocadas al mejoramiento de la fuerza y resistencia muscular, capacidad aer\u00f3bica, estabilidad y equilibrio; y sesiones de yoga enfocadas al bienestar emocional, control postural, flexibilidad y respiraci\u00f3n consciente.<\/p>\n\n\n\n<p><strong>8. \u00bfExisten actividades para personas con lesiones osteomusculares previas o problemas de salud?<\/strong><\/p>\n\n\n\n<p><strong><em>R\/=<\/em><\/strong> S\u00ed, el servicio de Readaptaci\u00f3n Funcional est\u00e1 dise\u00f1ado espec\u00edficamente para ayudar a las personas con lesiones osteomusculares o problemas de movilidad, proporcionando una valoraci\u00f3n y ejercicio f\u00edsico enfocado en la readaptaci\u00f3n funcional.<\/p>\n\n\n\n<p><strong>9. \u00bfPuedo asistir a m\u00e1s de una actividad f\u00edsica al mismo tiempo?<\/strong><\/p>\n\n\n\n<p><strong><em>R\/=<\/em><\/strong> S\u00ed, puedes participar en varias actividades dentro del programa, siempre que se ajusten a tu horario y capacidad f\u00edsica.<\/p>\n\n\n\n<p><strong>10. \u00bfQu\u00e9 tipo de eventos realiza el Club de la Salud durante el a\u00f1o?<\/strong><\/p>\n\n\n\n<p><strong><em>R\/=<\/em><\/strong> El Club de la Salud tiene participaci\u00f3n en diferentes eventos deportivos universitarios y lidera cuatro grandes eventos: Carrera 5K, La UTP se mueve, Bienestar al Campus y la Carrera OCR, como medios para la promoci\u00f3n de la actividad f\u00edsica, el deporte y la recreaci\u00f3n para el bienestar, la integraci\u00f3n social y los modos, condiciones y estilos de vida saludable en la comunidad universitaria.<\/p>\n\n\n\n<p><strong>11. \u00bfC\u00f3mo puedo saber si hay disponibilidad de cupo en las actividades del Club de la Salud?<\/strong><\/p>\n\n\n\n<p><em>R\/= <\/em>La disponibilidad de cupos para cada sesi\u00f3n se gestiona a trav\u00e9s de los grupos de WhatsApp del Club de la Salud. Te recomendamos inscribirte a trav\u00e9s de este enlace: <a href=\"https:\/\/forms.gle\/GMqScFxfE8gjpARU7\">https:\/\/forms.gle\/ozBwFEFLiX5frc3p7<\/a><br>Una vez te inscribas, ser\u00e1s agregado al grupo o los grupos de WhatsApp correspondientes. Es importante que est\u00e9s atento(a) a las encuestas que se env\u00edan para la reserva de cupo para cada sesi\u00f3n.<\/p>\n\n\n\n<p><strong>12. \u00bfEl Club de la Salud ofrece actividades solo durante el semestre acad\u00e9mico?<\/strong><\/p>\n\n\n\n<p><strong><em>R\/=<\/em><\/strong> El servicio de Readaptaci\u00f3n Funcional y los eventos deportivos se realizan durante el periodo de semestre acad\u00e9mico. Los grupos de ejercicio f\u00edsico permanecen activos desde la primera semana de febrero hasta la segunda semana de diciembre.<\/p>\n\n\n\n<p><strong>13. \u00bfPuedo inscribirme en un grupo de ejercicio f\u00edsico aunque no soy muy activo f\u00edsicamente?<\/strong><\/p>\n\n\n\n<p><strong><em>R\/=<\/em><\/strong> S\u00ed, en el Club de la Salud adaptamos el plan de ejercicio f\u00edsico a la condici\u00f3n f\u00edsica de cada participante.<\/p>\n\n\n\n<p><strong>14. \u00bfEl Club de la Salud ofrece alguna orientaci\u00f3n en alimentaci\u00f3n saludable?<\/strong><\/p>\n\n\n\n<p><strong><em>R\/=<\/em><\/strong> El Club de la Salud no ofrece orientaci\u00f3n en alimentaci\u00f3n saludable, sin embargo si direcciona a los usuarios al servicio de alimentaci\u00f3n saludable dirigido por profesionales en Nutrici\u00f3n del \u00e1rea de Promoci\u00f3n de la Salud Integral de la Vicerrector\u00eda de Responsabilidad Social y Bienestar Universitario.<\/p>\n\n\n\n<p><strong>15. \u00bfPuedo asistir a las actividades del Club de la Salud si soy un estudiante de posgrado?<\/strong><\/p>\n\n\n\n<p><em>R\/=<\/em> S\u00ed, los estudiantes de posgrado al ser parte de la comunidad universitaria tienen acceso a todas las actividades ofrecidas por el Club de la Salud.<\/p>\n\n\n\n<p><strong>16. \u00bfC\u00f3mo puedo saber si las actividades del Club de la Salud se suspenden por mal tiempo o alg\u00fan otro imprevisto?<\/strong><\/p>\n\n\n\n<p><strong><em>R\/=<\/em><\/strong> Cualquier suspensi\u00f3n de actividades debido a mal tiempo o circunstancias especiales ser\u00e1 comunicada a trav\u00e9s de los grupos de WhatsApp de la actividad f\u00edsica elegida.<\/p>\n\n\n\n<p><strong>17. \u00bfC\u00f3mo puedo contactar al Club de la Salud si tengo dudas sobre las actividades?<\/strong><br><em>R\/= <\/em>Puedes contactar al Club de la Salud a trav\u00e9s de su correo electr\u00f3nico institucional: clubdelasalud@utp.edu.co<\/p>\n\n\n\n<p><strong>18. Pertenezco a la comunidad universitaria y tengo una idea de proyecto deportivo que quiero implementar en la Universidad \u00bfEl Club de la Salud puede brindarme asesor\u00eda y acompa\u00f1amiento para hacer realidad la propuesta?<\/strong><\/p>\n\n\n\n<p><em>R\/=<\/em> Si, el Club de la Salud brinda acompa\u00f1amiento en la planeaci\u00f3n y desarrollo de propuestas de intervenci\u00f3n social en la comunidad universitaria a partir de la actividad f\u00edsica, el deporte y la recreaci\u00f3n para la promoci\u00f3n de h\u00e1bitos de vida saludable, factores protectores de la salud mental e integraci\u00f3n social.<\/p>\n","protected":false},"excerpt":{"rendered":"<p>1. \u00bfDebo pagar para acceder a los grupos de ejercicio f\u00edsico del Club de la Salud? R\/= No, los grupos de ejercicio f\u00edsico del Club de la Salud aplican para estudiantes, docentes, administrativos y jubilados de la UTP y no se genera cobro por concepto de inscripci\u00f3n, mensualidad o uso de los escenarios. Es un <a href=\"https:\/\/blog.utp.edu.co\/clubdelasalud\/oferta-de-servicios\/\" rel=\"nofollow\"><span class=\"sr-only\">Leer m\u00e1sPreguntas Frecuentes<\/span>[&hellip;]<\/a><\/p>\n","protected":false},"author":5731,"featured_media":0,"parent":0,"menu_order":5,"comment_status":"closed","ping_status":"closed","template":"","meta":{"footnotes":""},"class_list":["post-6492","page","type-page","status-publish","hentry"],"_links":{"self":[{"href":"https:\/\/blog.utp.edu.co\/clubdelasalud\/wp-json\/wp\/v2\/pages\/6492","targetHints":{"allow":["GET"]}}],"collection":[{"href":"https:\/\/blog.utp.edu.co\/clubdelasalud\/wp-json\/wp\/v2\/pages"}],"about":[{"href":"https:\/\/blog.utp.edu.co\/clubdelasalud\/wp-json\/wp\/v2\/types\/page"}],"author":[{"embeddable":true,"href":"https:\/\/blog.utp.edu.co\/clubdelasalud\/wp-json\/wp\/v2\/users\/5731"}],"replies":[{"embeddable":true,"href":"https:\/\/blog.utp.edu.co\/clubdelasalud\/wp-json\/wp\/v2\/comments?post=6492"}],"version-history":[{"count":28,"href":"https:\/\/blog.utp.edu.co\/clubdelasalud\/wp-json\/wp\/v2\/pages\/6492\/revisions"}],"predecessor-version":[{"id":6687,"href":"https:\/\/blog.utp.edu.co\/clubdelasalud\/wp-json\/wp\/v2\/pages\/6492\/revisions\/6687"}],"wp:attachment":[{"href":"https:\/\/blog.utp.edu.co\/clubdelasalud\/wp-json\/wp\/v2\/media?parent=6492"}],"curies":[{"name":"wp","href":"https:\/\/api.w.org\/{rel}","templated":true}]}}