{"id":8941,"date":"2015-04-13T15:16:29","date_gmt":"2015-04-13T15:16:29","guid":{"rendered":"http:\/\/blog.utp.edu.co\/cirugia\/?page_id=8941"},"modified":"2020-06-03T13:03:53","modified_gmt":"2020-06-03T13:03:53","slug":"electivas-de-internado","status":"publish","type":"page","link":"https:\/\/blog.utp.edu.co\/cirugia\/asignaturas\/electivas-de-internado\/","title":{"rendered":"Electivas de Internado"},"content":{"rendered":"<p style=\"text-align: justify\">La cirug\u00eda como arte y ciencia, requiere de una dedicaci\u00f3n extra en la formaci\u00f3n para quien se incline m\u00e1s para adquirir sus secretos, habilidades y destrezas. Deben demostrar conocimiento sobre el campo cl\u00ednico al cuidado del paciente.<\/p>\n<p><span style=\"color: #000000\">El \u00c1rea de Cirug\u00eda\u00a0 y Especialidades Quir\u00fargica, \u00a0ofrece la electiva de:<\/span><\/p>\n<p><strong><span style=\"color: #000000\"> <a href=\"http:\/\/blog.utp.edu.co\/cirugia\/files\/2020\/05\/Microcurriculum-Electiva-de-Internado-cirugia.pdf\"><span style=\"color: #000000\">Microcurriculo Electiva de<\/span> <span style=\"color: #000000\">Internado<\/span> <\/a><\/span><\/strong><\/p>\n<p><strong><span style=\"color: #000000\"><a style=\"color: #000000\" href=\"http:\/\/blog.utp.edu.co\/cirugia\/files\/2020\/05\/Formato-de-Evaluaci\u00f3n.pdf\">Formato de Evaluaci\u00f3n<\/a><\/span><\/strong><\/p>\n<p><img loading=\"lazy\" decoding=\"async\" class=\"alignright size-full wp-image-46311\" src=\"http:\/\/blog.utp.edu.co\/cirugia\/files\/2020\/06\/imagen-para-el-blog-2.jpg\" alt=\"\" width=\"1093\" height=\"146\" srcset=\"https:\/\/blog.utp.edu.co\/cirugia\/files\/2020\/06\/imagen-para-el-blog-2.jpg 1093w, https:\/\/blog.utp.edu.co\/cirugia\/files\/2020\/06\/imagen-para-el-blog-2-300x40.jpg 300w, https:\/\/blog.utp.edu.co\/cirugia\/files\/2020\/06\/imagen-para-el-blog-2-1024x137.jpg 1024w, https:\/\/blog.utp.edu.co\/cirugia\/files\/2020\/06\/imagen-para-el-blog-2-768x103.jpg 768w\" sizes=\"auto, (max-width: 1093px) 100vw, 1093px\" \/><\/p>\n","protected":false},"excerpt":{"rendered":"<p>La cirug\u00eda como arte y ciencia, requiere de una dedicaci\u00f3n extra en la formaci\u00f3n para quien se incline m\u00e1s para [&hellip;]<\/p>\n","protected":false},"author":113,"featured_media":44921,"parent":40721,"menu_order":5,"comment_status":"closed","ping_status":"open","template":"","meta":{"site-sidebar-layout":"default","site-content-layout":"","ast-site-content-layout":"default","site-content-style":"default","site-sidebar-style":"default","ast-global-header-display":"","ast-banner-title-visibility":"","ast-main-header-display":"","ast-hfb-above-header-display":"","ast-hfb-below-header-display":"","ast-hfb-mobile-header-display":"","site-post-title":"","ast-breadcrumbs-content":"","ast-featured-img":"","footer-sml-layout":"","ast-disable-related-posts":"","theme-transparent-header-meta":"","adv-header-id-meta":"","stick-header-meta":"","header-above-stick-meta":"","header-main-stick-meta":"","header-below-stick-meta":"","astra-migrate-meta-layouts":"default","ast-page-background-enabled":"default","ast-page-background-meta":{"desktop":{"background-color":"var(--ast-global-color-4)","background-image":"","background-repeat":"repeat","background-position":"center center","background-size":"auto","background-attachment":"scroll","background-type":"","background-media":"","overlay-type":"","overlay-color":"","overlay-opacity":"","overlay-gradient":""},"tablet":{"background-color":"","background-image":"","background-repeat":"repeat","background-position":"center center","background-size":"auto","background-attachment":"scroll","background-type":"","background-media":"","overlay-type":"","overlay-color":"","overlay-opacity":"","overlay-gradient":""},"mobile":{"background-color":"","background-image":"","background-repeat":"repeat","background-position":"center center","background-size":"auto","background-attachment":"scroll","background-type":"","background-media":"","overlay-type":"","overlay-color":"","overlay-opacity":"","overlay-gradient":""}},"ast-content-background-meta":{"desktop":{"background-color":"var(--ast-global-color-5)","background-image":"","background-repeat":"repeat","background-position":"center center","background-size":"auto","background-attachment":"scroll","background-type":"","background-media":"","overlay-type":"","overlay-color":"","overlay-opacity":"","overlay-gradient":""},"tablet":{"background-color":"var(--ast-global-color-5)","background-image":"","background-repeat":"repeat","background-position":"center center","background-size":"auto","background-attachment":"scroll","background-type":"","background-media":"","overlay-type":"","overlay-color":"","overlay-opacity":"","overlay-gradient":""},"mobile":{"background-color":"var(--ast-global-color-5)","background-image":"","background-repeat":"repeat","background-position":"center center","background-size":"auto","background-attachment":"scroll","background-type":"","background-media":"","overlay-type":"","overlay-color":"","overlay-opacity":"","overlay-gradient":""}},"footnotes":""},"class_list":["post-8941","page","type-page","status-publish","has-post-thumbnail","hentry"],"_links":{"self":[{"href":"https:\/\/blog.utp.edu.co\/cirugia\/wp-json\/wp\/v2\/pages\/8941","targetHints":{"allow":["GET"]}}],"collection":[{"href":"https:\/\/blog.utp.edu.co\/cirugia\/wp-json\/wp\/v2\/pages"}],"about":[{"href":"https:\/\/blog.utp.edu.co\/cirugia\/wp-json\/wp\/v2\/types\/page"}],"author":[{"embeddable":true,"href":"https:\/\/blog.utp.edu.co\/cirugia\/wp-json\/wp\/v2\/users\/113"}],"replies":[{"embeddable":true,"href":"https:\/\/blog.utp.edu.co\/cirugia\/wp-json\/wp\/v2\/comments?post=8941"}],"version-history":[{"count":12,"href":"https:\/\/blog.utp.edu.co\/cirugia\/wp-json\/wp\/v2\/pages\/8941\/revisions"}],"predecessor-version":[{"id":46571,"href":"https:\/\/blog.utp.edu.co\/cirugia\/wp-json\/wp\/v2\/pages\/8941\/revisions\/46571"}],"up":[{"embeddable":true,"href":"https:\/\/blog.utp.edu.co\/cirugia\/wp-json\/wp\/v2\/pages\/40721"}],"wp:featuredmedia":[{"embeddable":true,"href":"https:\/\/blog.utp.edu.co\/cirugia\/wp-json\/wp\/v2\/media\/44921"}],"wp:attachment":[{"href":"https:\/\/blog.utp.edu.co\/cirugia\/wp-json\/wp\/v2\/media?parent=8941"}],"curies":[{"name":"wp","href":"https:\/\/api.w.org\/{rel}","templated":true}]}}