{"id":6973,"date":"2013-09-04T18:26:49","date_gmt":"2013-09-04T18:26:49","guid":{"rendered":"http:\/\/blog.utp.edu.co\/cirugia\/?page_id=6973"},"modified":"2020-06-12T14:03:11","modified_gmt":"2020-06-12T14:03:11","slug":"procuramiento-de-organos-opo-colombia-vive","status":"publish","type":"page","link":"https:\/\/blog.utp.edu.co\/cirugia\/procuramiento-de-organos-opo-colombia-vive\/","title":{"rendered":"Procuramiento de \u00d3rganos"},"content":{"rendered":"<p style=\"text-align: justify\"><span style=\"color: #000000\">La donaci\u00f3n de \u00f3rganos es la remoci\u00f3n de \u00f3rganos o tejidos del cuerpo de una persona que ha muerto recientemente o de un donante vivo, con el prop\u00f3sito de realizar un trasplante. Los \u00f3rganos y los tejidos son extirpados en procedimientos similares a la cirug\u00eda. Personas de todas las edades pueden ser donantes de \u00f3rganos y tejidos. Se producen muchas m\u00e1s donaciones de donantes muertos que de personas vivas<\/span>.<\/p>\n<ul>\n<li><a href=\"http:\/\/blog.utp.edu.co\/cirugia\/files\/2020\/06\/Asuntos-\u00c9ticos-Donaci\u00f3n-Tx-Juliana-Buitrago.pdf\"><strong><span style=\"color: #000000\">Asuntos \u00c9ticos Donaci\u00f3n Tx . Juliana-Buitrago<\/span><\/strong><\/a><\/li>\n<li><a href=\"http:\/\/blog.utp.edu.co\/cirugia\/files\/2020\/06\/Carta-a-un-Familiar-de-un-Donante-Fallecido1.pdf\"><span style=\"color: #000000\"><strong>Carta a un Familiar de un-Donante Fallecido<\/strong><\/span><\/a><\/li>\n<li><strong><span style=\"color: #000000\"><a style=\"color: #000000\" href=\"http:\/\/blog.utp.edu.co\/cirugia\/files\/2020\/06\/El-Procuramiento-de-\u00d3rganos-y-Tejidos-Feb.2013.pdf\">El Procuramiento de \u00d3rganos y Tejidos<\/a><\/span><\/strong><\/li>\n<li><strong><span style=\"color: #000000\"><a style=\"color: #000000\" href=\"http:\/\/blog.utp.edu.co\/cirugia\/files\/2020\/06\/Informe-Ejecutivo-de-Actividades-OPO-Colombia-Vive.pdf\">Informe Ejecutivo de Actividades OPO Colombia Vive<\/a><\/span><\/strong><\/li>\n<li><strong><span style=\"color: #000000\"><a style=\"color: #000000\" href=\"http:\/\/blog.utp.edu.co\/cirugia\/files\/2020\/06\/Monograf\u00eda-Juliana-Buitrago-.pdf\">Monograf\u00eda Juliana\u00a0 Buitrago<\/a><\/span><\/strong><\/li>\n<li><strong><span style=\"color: #000000\"><a style=\"color: #000000\" href=\"http:\/\/blog.utp.edu.co\/cirugia\/files\/2020\/06\/Ordenanza-de-octubre-26.pdf\">Ordenanza de octubre 26<\/a><\/span><\/strong><\/li>\n<li><span style=\"color: #000000\"><strong><a style=\"color: #000000\" href=\"http:\/\/blog.utp.edu.co\/cirugia\/files\/2020\/06\/OPO-P\u00e1gina-Web-ALMA-MATER-sin-eventos.pdf\">OPO P\u00e1gina Web ALMA MATER sin eventos<\/a><\/strong><\/span><\/li>\n<li><strong><span style=\"color: #000000\"><a style=\"color: #000000\" href=\"http:\/\/blog.utp.edu.co\/cirugia\/files\/2020\/06\/OPO-Protocolo-Mantenimiento-Donante-Fallecido.pdf\">OPO Protocolo Mantenimiento Donante Fallecido<\/a><\/span><\/strong><\/li>\n<li><strong><span style=\"color: #000000\"><a style=\"color: #000000\" href=\"http:\/\/blog.utp.edu.co\/cirugia\/files\/2020\/06\/Procuramiento-y-Trasplante-de-Organospps.pdf\">Procuramiento y Trasplante de Organos. pps<\/a><\/span><\/strong><\/li>\n<\/ul>\n<div class=\"ast-oembed-container \" style=\"height: 100%;\"><iframe loading=\"lazy\" title=\"Donaci\u00f3n y trasplante de \u00f3rganos: \u00bfEn qu\u00e9 consiste?\" width=\"500\" height=\"281\" src=\"https:\/\/www.youtube.com\/embed\/oJfc7sRWKBg?start=58&#038;feature=oembed\" frameborder=\"0\" allow=\"accelerometer; autoplay; clipboard-write; encrypted-media; gyroscope; picture-in-picture; web-share\" referrerpolicy=\"strict-origin-when-cross-origin\" allowfullscreen><\/iframe><\/div>\n<p><img loading=\"lazy\" decoding=\"async\" class=\"alignright size-full wp-image-46311\" src=\"http:\/\/blog.utp.edu.co\/cirugia\/files\/2020\/06\/imagen-para-el-blog-2.jpg\" alt=\"\" width=\"1093\" height=\"146\" srcset=\"https:\/\/blog.utp.edu.co\/cirugia\/files\/2020\/06\/imagen-para-el-blog-2.jpg 1093w, https:\/\/blog.utp.edu.co\/cirugia\/files\/2020\/06\/imagen-para-el-blog-2-300x40.jpg 300w, https:\/\/blog.utp.edu.co\/cirugia\/files\/2020\/06\/imagen-para-el-blog-2-1024x137.jpg 1024w, https:\/\/blog.utp.edu.co\/cirugia\/files\/2020\/06\/imagen-para-el-blog-2-768x103.jpg 768w\" sizes=\"auto, (max-width: 1093px) 100vw, 1093px\" \/><\/p>\n","protected":false},"excerpt":{"rendered":"<p>La donaci\u00f3n de \u00f3rganos es la remoci\u00f3n de \u00f3rganos o tejidos del cuerpo de una persona que ha muerto recientemente [&hellip;]<\/p>\n","protected":false},"author":113,"featured_media":44381,"parent":0,"menu_order":6,"comment_status":"closed","ping_status":"open","template":"","meta":{"site-sidebar-layout":"default","site-content-layout":"","ast-site-content-layout":"default","site-content-style":"default","site-sidebar-style":"default","ast-global-header-display":"","ast-banner-title-visibility":"","ast-main-header-display":"","ast-hfb-above-header-display":"","ast-hfb-below-header-display":"","ast-hfb-mobile-header-display":"","site-post-title":"","ast-breadcrumbs-content":"","ast-featured-img":"","footer-sml-layout":"","ast-disable-related-posts":"","theme-transparent-header-meta":"","adv-header-id-meta":"","stick-header-meta":"","header-above-stick-meta":"","header-main-stick-meta":"","header-below-stick-meta":"","astra-migrate-meta-layouts":"default","ast-page-background-enabled":"default","ast-page-background-meta":{"desktop":{"background-color":"var(--ast-global-color-4)","background-image":"","background-repeat":"repeat","background-position":"center center","background-size":"auto","background-attachment":"scroll","background-type":"","background-media":"","overlay-type":"","overlay-color":"","overlay-opacity":"","overlay-gradient":""},"tablet":{"background-color":"","background-image":"","background-repeat":"repeat","background-position":"center center","background-size":"auto","background-attachment":"scroll","background-type":"","background-media":"","overlay-type":"","overlay-color":"","overlay-opacity":"","overlay-gradient":""},"mobile":{"background-color":"","background-image":"","background-repeat":"repeat","background-position":"center center","background-size":"auto","background-attachment":"scroll","background-type":"","background-media":"","overlay-type":"","overlay-color":"","overlay-opacity":"","overlay-gradient":""}},"ast-content-background-meta":{"desktop":{"background-color":"var(--ast-global-color-5)","background-image":"","background-repeat":"repeat","background-position":"center center","background-size":"auto","background-attachment":"scroll","background-type":"","background-media":"","overlay-type":"","overlay-color":"","overlay-opacity":"","overlay-gradient":""},"tablet":{"background-color":"var(--ast-global-color-5)","background-image":"","background-repeat":"repeat","background-position":"center center","background-size":"auto","background-attachment":"scroll","background-type":"","background-media":"","overlay-type":"","overlay-color":"","overlay-opacity":"","overlay-gradient":""},"mobile":{"background-color":"var(--ast-global-color-5)","background-image":"","background-repeat":"repeat","background-position":"center center","background-size":"auto","background-attachment":"scroll","background-type":"","background-media":"","overlay-type":"","overlay-color":"","overlay-opacity":"","overlay-gradient":""}},"footnotes":""},"class_list":["post-6973","page","type-page","status-publish","has-post-thumbnail","hentry"],"_links":{"self":[{"href":"https:\/\/blog.utp.edu.co\/cirugia\/wp-json\/wp\/v2\/pages\/6973","targetHints":{"allow":["GET"]}}],"collection":[{"href":"https:\/\/blog.utp.edu.co\/cirugia\/wp-json\/wp\/v2\/pages"}],"about":[{"href":"https:\/\/blog.utp.edu.co\/cirugia\/wp-json\/wp\/v2\/types\/page"}],"author":[{"embeddable":true,"href":"https:\/\/blog.utp.edu.co\/cirugia\/wp-json\/wp\/v2\/users\/113"}],"replies":[{"embeddable":true,"href":"https:\/\/blog.utp.edu.co\/cirugia\/wp-json\/wp\/v2\/comments?post=6973"}],"version-history":[{"count":66,"href":"https:\/\/blog.utp.edu.co\/cirugia\/wp-json\/wp\/v2\/pages\/6973\/revisions"}],"predecessor-version":[{"id":47341,"href":"https:\/\/blog.utp.edu.co\/cirugia\/wp-json\/wp\/v2\/pages\/6973\/revisions\/47341"}],"wp:featuredmedia":[{"embeddable":true,"href":"https:\/\/blog.utp.edu.co\/cirugia\/wp-json\/wp\/v2\/media\/44381"}],"wp:attachment":[{"href":"https:\/\/blog.utp.edu.co\/cirugia\/wp-json\/wp\/v2\/media?parent=6973"}],"curies":[{"name":"wp","href":"https:\/\/api.w.org\/{rel}","templated":true}]}}