{"id":5149,"date":"2012-09-25T16:25:36","date_gmt":"2012-09-25T16:25:36","guid":{"rendered":"http:\/\/blog.utp.edu.co\/cirugia\/?page_id=5149"},"modified":"2020-08-04T16:58:04","modified_gmt":"2020-08-04T16:58:04","slug":"esquema-de-rotaciones","status":"publish","type":"page","link":"https:\/\/blog.utp.edu.co\/cirugia\/asignaturas\/especialidades-quirurgicas\/esquema-de-rotaciones\/","title":{"rendered":"Esquema de Rotaciones"},"content":{"rendered":"<p style=\"text-align: justify\">\u00a0<span style=\"color: #000000;font-size: medium\">Los Estudiantes en el \u00c1rea de Cirug\u00eda y Especialidades Quir\u00fargicas ,\u00a0 se dividen en 7\u00a0 grupos de 3 \u00a0o 4 estudiantes, los cuales rotan en el Hospital San Universitario San Jorge,\u00a0 Cl\u00ednica los Rosales, Calculaser y la Liga contra el C\u00e1ncer.<\/span><\/p>\n<p><span style=\"color: #000000\"><span style=\"font-size: medium\"><strong>Los grupos cambian de rotaci\u00f3n cada\u00a0 \u00a0semana.\u00a0<\/strong>\u00a0\u00a0<\/span><strong><em>\u00a0\u00a0\u00a0\u00a0\u00a0\u00a0\u00a0\u00a0\u00a0\u00a0\u00a0\u00a0<\/em><\/strong><\/span><\/p>\n<p style=\"text-align: left\"><span style=\"color: #000000\">Programaci\u00f3n:\u00a0\u00a0<\/span><\/p>\n<p><strong><span style=\"color: #333399\"><a style=\"color: #333399\" href=\"http:\/\/blog.utp.edu.co\/cirugia\/files\/2020\/05\/Rondas-y-Grupos-1-Contingencia.pdf\">Rondas y Grupos 1 (Contingencia)<\/a><\/span><\/strong><\/p>\n<p><img loading=\"lazy\" decoding=\"async\" class=\"size-full wp-image-49201 aligncenter\" src=\"http:\/\/blog.utp.edu.co\/cirugia\/files\/2020\/08\/BARRA01.jpg\" alt=\"\" width=\"582\" height=\"70\" srcset=\"https:\/\/blog.utp.edu.co\/cirugia\/files\/2020\/08\/BARRA01.jpg 582w, https:\/\/blog.utp.edu.co\/cirugia\/files\/2020\/08\/BARRA01-300x36.jpg 300w\" sizes=\"auto, (max-width: 582px) 100vw, 582px\" \/><\/p>\n","protected":false},"excerpt":{"rendered":"<p>\u00a0Los Estudiantes en el \u00c1rea de Cirug\u00eda y Especialidades Quir\u00fargicas ,\u00a0 se dividen en 7\u00a0 grupos de 3 \u00a0o 4 [&hellip;]<\/p>\n","protected":false},"author":113,"featured_media":42871,"parent":2837,"menu_order":2,"comment_status":"closed","ping_status":"open","template":"","meta":{"site-sidebar-layout":"default","site-content-layout":"","ast-site-content-layout":"default","site-content-style":"default","site-sidebar-style":"default","ast-global-header-display":"","ast-banner-title-visibility":"","ast-main-header-display":"","ast-hfb-above-header-display":"","ast-hfb-below-header-display":"","ast-hfb-mobile-header-display":"","site-post-title":"","ast-breadcrumbs-content":"","ast-featured-img":"","footer-sml-layout":"","ast-disable-related-posts":"","theme-transparent-header-meta":"","adv-header-id-meta":"","stick-header-meta":"","header-above-stick-meta":"","header-main-stick-meta":"","header-below-stick-meta":"","astra-migrate-meta-layouts":"default","ast-page-background-enabled":"default","ast-page-background-meta":{"desktop":{"background-color":"var(--ast-global-color-4)","background-image":"","background-repeat":"repeat","background-position":"center center","background-size":"auto","background-attachment":"scroll","background-type":"","background-media":"","overlay-type":"","overlay-color":"","overlay-opacity":"","overlay-gradient":""},"tablet":{"background-color":"","background-image":"","background-repeat":"repeat","background-position":"center center","background-size":"auto","background-attachment":"scroll","background-type":"","background-media":"","overlay-type":"","overlay-color":"","overlay-opacity":"","overlay-gradient":""},"mobile":{"background-color":"","background-image":"","background-repeat":"repeat","background-position":"center center","background-size":"auto","background-attachment":"scroll","background-type":"","background-media":"","overlay-type":"","overlay-color":"","overlay-opacity":"","overlay-gradient":""}},"ast-content-background-meta":{"desktop":{"background-color":"var(--ast-global-color-5)","background-image":"","background-repeat":"repeat","background-position":"center center","background-size":"auto","background-attachment":"scroll","background-type":"","background-media":"","overlay-type":"","overlay-color":"","overlay-opacity":"","overlay-gradient":""},"tablet":{"background-color":"var(--ast-global-color-5)","background-image":"","background-repeat":"repeat","background-position":"center center","background-size":"auto","background-attachment":"scroll","background-type":"","background-media":"","overlay-type":"","overlay-color":"","overlay-opacity":"","overlay-gradient":""},"mobile":{"background-color":"var(--ast-global-color-5)","background-image":"","background-repeat":"repeat","background-position":"center center","background-size":"auto","background-attachment":"scroll","background-type":"","background-media":"","overlay-type":"","overlay-color":"","overlay-opacity":"","overlay-gradient":""}},"footnotes":""},"class_list":["post-5149","page","type-page","status-publish","has-post-thumbnail","hentry"],"_links":{"self":[{"href":"https:\/\/blog.utp.edu.co\/cirugia\/wp-json\/wp\/v2\/pages\/5149","targetHints":{"allow":["GET"]}}],"collection":[{"href":"https:\/\/blog.utp.edu.co\/cirugia\/wp-json\/wp\/v2\/pages"}],"about":[{"href":"https:\/\/blog.utp.edu.co\/cirugia\/wp-json\/wp\/v2\/types\/page"}],"author":[{"embeddable":true,"href":"https:\/\/blog.utp.edu.co\/cirugia\/wp-json\/wp\/v2\/users\/113"}],"replies":[{"embeddable":true,"href":"https:\/\/blog.utp.edu.co\/cirugia\/wp-json\/wp\/v2\/comments?post=5149"}],"version-history":[{"count":48,"href":"https:\/\/blog.utp.edu.co\/cirugia\/wp-json\/wp\/v2\/pages\/5149\/revisions"}],"predecessor-version":[{"id":49211,"href":"https:\/\/blog.utp.edu.co\/cirugia\/wp-json\/wp\/v2\/pages\/5149\/revisions\/49211"}],"up":[{"embeddable":true,"href":"https:\/\/blog.utp.edu.co\/cirugia\/wp-json\/wp\/v2\/pages\/2837"}],"wp:featuredmedia":[{"embeddable":true,"href":"https:\/\/blog.utp.edu.co\/cirugia\/wp-json\/wp\/v2\/media\/42871"}],"wp:attachment":[{"href":"https:\/\/blog.utp.edu.co\/cirugia\/wp-json\/wp\/v2\/media?parent=5149"}],"curies":[{"name":"wp","href":"https:\/\/api.w.org\/{rel}","templated":true}]}}