{"id":48801,"date":"2020-08-04T15:50:50","date_gmt":"2020-08-04T15:50:50","guid":{"rendered":"http:\/\/blog.utp.edu.co\/cirugia\/?page_id=48801"},"modified":"2020-08-04T15:54:06","modified_gmt":"2020-08-04T15:54:06","slug":"docentes","status":"publish","type":"page","link":"https:\/\/blog.utp.edu.co\/cirugia\/asignaturas\/especialidades-quirurgicas\/docentes\/","title":{"rendered":"Docentes"},"content":{"rendered":"\n<p><strong>Docentes de Especialidades Quir\u00fargicas:<\/strong><\/p>\n<p>Juan Carlos Torrente Fern\u00e1ndez \u00a0\u00a0\u00a0\u00a0\u00a0\u00a0\u00a0\u00a0\u00a0\u00a0\u00a0\u00a0\u00a0 jucatofe@utp.edu.co<\/p>\n<p>Sergio Mogoll\u00f3n P\u00e9rez\u00a0 \u00a0\u00a0\u00a0\u00a0\u00a0\u00a0\u00a0\u00a0\u00a0\u00a0\u00a0\u00a0\u00a0\u00a0 \u00a0\u00a0\u00a0\u00a0\u00a0\u00a0\u00a0\u00a0\u00a0\u00a0\u00a0\u00a0\u00a0\u00a0\u00a0 moguistilin@utp.edu.co<\/p>\n<p>Fernando Montoya Navarrete \u00a0 \u00a0\u00a0\u00a0\u00a0\u00a0\u00a0\u00a0\u00a0\u00a0\u00a0\u00a0\u00a0\u00a0\u00a0\u00a0 fmontoya@utp.edu.co<\/p>\n<p>Emilio Aun Dau\u00a0 \u00a0 \u00a0 \u00a0 \u00a0 \u00a0 \u00a0 \u00a0 \u00a0 \u00a0 \u00a0 \u00a0 \u00a0 \u00a0 \u00a0 \u00a0 \u00a0 \u00a0 \u00a0 \u00a0 \u00a0 \u00a0 eaun@utp.edu.co<\/p>\n<p>Diego Iv\u00e1n Orozco Jaramillo\u00a0 \u00a0 \u00a0 \u00a0 \u00a0 \u00a0 \u00a0 \u00a0 \u00a0 \u00a0 \u00a0diegorozco9@utp.edu.co<\/p>\n<p>William Pati\u00f1o Cardona\u00a0 \u00a0 \u00a0 \u00a0 \u00a0 \u00a0 \u00a0 \u00a0 \u00a0 \u00a0 \u00a0 \u00a0 \u00a0 \u00a0 \u00a0 williamcadona@utp.edu.co<\/p>\n<p>Rodrigo Silva Aguilera\u00a0 \u00a0 \u00a0 \u00a0 \u00a0 \u00a0 \u00a0 \u00a0 \u00a0 \u00a0 \u00a0 \u00a0 \u00a0 \u00a0 \u00a0 \u00a0 \u00a0rosilva@utp.edu.co<\/p>\n<p>Carlos Eduardo Duque Montealegre\u00a0\u00a0\u00a0\u00a0\u00a0 eduardo.duque@utp.edu.co<\/p>\n<p>V\u00edctor Manuel Casta\u00f1o C\u00e1rdenas\u00a0\u00a0\u00a0\u00a0\u00a0\u00a0\u00a0\u00a0\u00a0\u00a0\u00a0\u00a0 vcaspano@utp.edu.co<\/p>\n<p>Yezid Chavarro Forero\u00a0 \u00a0 \u00a0 \u00a0 \u00a0 \u00a0 \u00a0 \u00a0 \u00a0 \u00a0 \u00a0 \u00a0 \u00a0 \u00a0 \u00a0 \u00a0 y.chavarro@utp.edu.co<\/p>\n<p>Adriana Milena P\u00e1ez Rodr\u00edguez\u00a0 \u00a0 \u00a0 \u00a0 \u00a0 \u00a0 \u00a0 \u00a0adrianap2511@utp.edu.co<\/p>\n<p>Iv\u00e1n Mauricio Herrera Mora\u00a0 \u00a0 \u00a0 \u00a0 \u00a0 \u00a0 \u00a0 \u00a0 \u00a0 \u00a0 \u00a0ivan.herrera@utp.edu.co<\/p>\n<p>Juli\u00e1n Ruiz P\u00e9rez\u00a0 \u00a0 \u00a0 \u00a0 \u00a0 \u00a0 \u00a0 \u00a0 \u00a0 \u00a0 \u00a0 \u00a0 \u00a0 \u00a0 \u00a0 \u00a0 \u00a0 \u00a0 \u00a0 \u00a0 \u00a0 julian.ruiz@utp.edu.co<\/p>\n<p>\u00a0<\/p>\n<p>\u00a0<\/p>\n<p>\u00a0<\/p>\n<p>\u00a0<\/p>\n<p>\u00a0<\/p>\n<p>\u00a0<\/p>\n<p>\u00a0<\/p>\n<p>\u00a0<\/p>\n<p>\u00a0<\/p>\n<p>\u00a0<\/p>\n<p>\u00a0<\/p>\n<p>\u00a0<\/p>\n<p>\u00a0<\/p>\n<p>\u00a0<\/p>\n<p>\u00a0<\/p>\n<p>\u00a0<\/p>\n<p>\u00a0<\/p>\n<p>\u00a0<\/p>\n<p>\u00a0<\/p>\n<p>\u00a0<\/p>\n<p>\u00a0<\/p>\n<p>\u00a0<\/p>\n<p>\u00a0<\/p>\n<p>\u00a0<\/p>\n<p>\u00a0<\/p>\n","protected":false},"excerpt":{"rendered":"","protected":false},"author":113,"featured_media":45961,"parent":2837,"menu_order":2,"comment_status":"closed","ping_status":"closed","template":"","meta":{"site-sidebar-layout":"default","site-content-layout":"","ast-site-content-layout":"default","site-content-style":"default","site-sidebar-style":"default","ast-global-header-display":"","ast-banner-title-visibility":"","ast-main-header-display":"","ast-hfb-above-header-display":"","ast-hfb-below-header-display":"","ast-hfb-mobile-header-display":"","site-post-title":"","ast-breadcrumbs-content":"","ast-featured-img":"","footer-sml-layout":"","ast-disable-related-posts":"","theme-transparent-header-meta":"","adv-header-id-meta":"","stick-header-meta":"","header-above-stick-meta":"","header-main-stick-meta":"","header-below-stick-meta":"","astra-migrate-meta-layouts":"default","ast-page-background-enabled":"default","ast-page-background-meta":{"desktop":{"background-color":"var(--ast-global-color-4)","background-image":"","background-repeat":"repeat","background-position":"center center","background-size":"auto","background-attachment":"scroll","background-type":"","background-media":"","overlay-type":"","overlay-color":"","overlay-opacity":"","overlay-gradient":""},"tablet":{"background-color":"","background-image":"","background-repeat":"repeat","background-position":"center center","background-size":"auto","background-attachment":"scroll","background-type":"","background-media":"","overlay-type":"","overlay-color":"","overlay-opacity":"","overlay-gradient":""},"mobile":{"background-color":"","background-image":"","background-repeat":"repeat","background-position":"center center","background-size":"auto","background-attachment":"scroll","background-type":"","background-media":"","overlay-type":"","overlay-color":"","overlay-opacity":"","overlay-gradient":""}},"ast-content-background-meta":{"desktop":{"background-color":"var(--ast-global-color-5)","background-image":"","background-repeat":"repeat","background-position":"center center","background-size":"auto","background-attachment":"scroll","background-type":"","background-media":"","overlay-type":"","overlay-color":"","overlay-opacity":"","overlay-gradient":""},"tablet":{"background-color":"var(--ast-global-color-5)","background-image":"","background-repeat":"repeat","background-position":"center center","background-size":"auto","background-attachment":"scroll","background-type":"","background-media":"","overlay-type":"","overlay-color":"","overlay-opacity":"","overlay-gradient":""},"mobile":{"background-color":"var(--ast-global-color-5)","background-image":"","background-repeat":"repeat","background-position":"center center","background-size":"auto","background-attachment":"scroll","background-type":"","background-media":"","overlay-type":"","overlay-color":"","overlay-opacity":"","overlay-gradient":""}},"footnotes":""},"class_list":["post-48801","page","type-page","status-publish","has-post-thumbnail","hentry"],"_links":{"self":[{"href":"https:\/\/blog.utp.edu.co\/cirugia\/wp-json\/wp\/v2\/pages\/48801","targetHints":{"allow":["GET"]}}],"collection":[{"href":"https:\/\/blog.utp.edu.co\/cirugia\/wp-json\/wp\/v2\/pages"}],"about":[{"href":"https:\/\/blog.utp.edu.co\/cirugia\/wp-json\/wp\/v2\/types\/page"}],"author":[{"embeddable":true,"href":"https:\/\/blog.utp.edu.co\/cirugia\/wp-json\/wp\/v2\/users\/113"}],"replies":[{"embeddable":true,"href":"https:\/\/blog.utp.edu.co\/cirugia\/wp-json\/wp\/v2\/comments?post=48801"}],"version-history":[{"count":3,"href":"https:\/\/blog.utp.edu.co\/cirugia\/wp-json\/wp\/v2\/pages\/48801\/revisions"}],"predecessor-version":[{"id":48841,"href":"https:\/\/blog.utp.edu.co\/cirugia\/wp-json\/wp\/v2\/pages\/48801\/revisions\/48841"}],"up":[{"embeddable":true,"href":"https:\/\/blog.utp.edu.co\/cirugia\/wp-json\/wp\/v2\/pages\/2837"}],"wp:featuredmedia":[{"embeddable":true,"href":"https:\/\/blog.utp.edu.co\/cirugia\/wp-json\/wp\/v2\/media\/45961"}],"wp:attachment":[{"href":"https:\/\/blog.utp.edu.co\/cirugia\/wp-json\/wp\/v2\/media?parent=48801"}],"curies":[{"name":"wp","href":"https:\/\/api.w.org\/{rel}","templated":true}]}}