{"id":46751,"date":"2020-06-03T21:00:20","date_gmt":"2020-06-03T21:00:20","guid":{"rendered":"http:\/\/blog.utp.edu.co\/cirugia\/?page_id=46751"},"modified":"2020-06-12T15:45:56","modified_gmt":"2020-06-12T15:45:56","slug":"atencion-estudiantes","status":"publish","type":"page","link":"https:\/\/blog.utp.edu.co\/cirugia\/atencion-estudiantes\/","title":{"rendered":"Atenci\u00f3n a Estudiantes"},"content":{"rendered":"\n<p style=\"text-align: justify\">La Universidad Tecnol\u00f3gica de Pereira consolida el PAI, como una apuesta de acompa\u00f1amiento integral para estudiantes, desde el inicio de su labor acad\u00e9mica hasta la culminaci\u00f3n de su periodo de estudios.\u00a0 El Programa de Acompa\u00f1amiento Integral (PAI) se desarrolla en toda la Universidad, por ello cuenta con diferentes puntos ubicados estrat\u00e9gicamente y con profesionales encargados para acompa\u00f1ar y orientar a los estudiantes, as\u00ed:<\/p>\n<p style=\"text-align: justify\">Facultad de Ciencias de la Salud, ubicado en el Edificio 13 oficina 105.<\/p>\n<p>Sede de Ciencias cl\u00ednicas, ubicada en el Hospital Universitario San Jorge.<\/p>\n<p style=\"text-align: justify\">Atiende la profesional Mar\u00eda Zuly Serna. \u00a0 \u00a0\u00a0 zuly@utp.edu.co<\/p>\n<p><strong><span style=\"color: #000080\"><a style=\"color: #000080\" href=\"http:\/\/blog.utp.edu.co\/cirugia\/files\/2020\/06\/plegable-PAI.pdf\">Plegable-PAI<\/a><\/span><\/strong><\/p>\n<p><img loading=\"lazy\" decoding=\"async\" class=\"wp-image-46761 aligncenter\" src=\"http:\/\/blog.utp.edu.co\/cirugia\/files\/2020\/06\/ATENCION-PAI-ZULY.jpg\" alt=\"\" width=\"345\" height=\"345\" srcset=\"https:\/\/blog.utp.edu.co\/cirugia\/files\/2020\/06\/ATENCION-PAI-ZULY.jpg 1279w, https:\/\/blog.utp.edu.co\/cirugia\/files\/2020\/06\/ATENCION-PAI-ZULY-300x300.jpg 300w, https:\/\/blog.utp.edu.co\/cirugia\/files\/2020\/06\/ATENCION-PAI-ZULY-1024x1024.jpg 1024w, https:\/\/blog.utp.edu.co\/cirugia\/files\/2020\/06\/ATENCION-PAI-ZULY-290x290.jpg 290w, https:\/\/blog.utp.edu.co\/cirugia\/files\/2020\/06\/ATENCION-PAI-ZULY-768x769.jpg 768w\" sizes=\"auto, (max-width: 345px) 100vw, 345px\" \/><\/p>\n<p><img loading=\"lazy\" decoding=\"async\" class=\"alignright size-full wp-image-46311\" src=\"http:\/\/blog.utp.edu.co\/cirugia\/files\/2020\/06\/imagen-para-el-blog-2.jpg\" alt=\"\" width=\"1093\" height=\"146\" srcset=\"https:\/\/blog.utp.edu.co\/cirugia\/files\/2020\/06\/imagen-para-el-blog-2.jpg 1093w, https:\/\/blog.utp.edu.co\/cirugia\/files\/2020\/06\/imagen-para-el-blog-2-300x40.jpg 300w, https:\/\/blog.utp.edu.co\/cirugia\/files\/2020\/06\/imagen-para-el-blog-2-1024x137.jpg 1024w, https:\/\/blog.utp.edu.co\/cirugia\/files\/2020\/06\/imagen-para-el-blog-2-768x103.jpg 768w\" sizes=\"auto, (max-width: 1093px) 100vw, 1093px\" \/><\/p>\n<p>\u00a0<\/p>\n<p>\u00a0<\/p>\n","protected":false},"excerpt":{"rendered":"","protected":false},"author":113,"featured_media":46991,"parent":0,"menu_order":0,"comment_status":"closed","ping_status":"closed","template":"","meta":{"site-sidebar-layout":"default","site-content-layout":"","ast-site-content-layout":"default","site-content-style":"default","site-sidebar-style":"default","ast-global-header-display":"","ast-banner-title-visibility":"","ast-main-header-display":"","ast-hfb-above-header-display":"","ast-hfb-below-header-display":"","ast-hfb-mobile-header-display":"","site-post-title":"","ast-breadcrumbs-content":"","ast-featured-img":"","footer-sml-layout":"","ast-disable-related-posts":"","theme-transparent-header-meta":"","adv-header-id-meta":"","stick-header-meta":"","header-above-stick-meta":"","header-main-stick-meta":"","header-below-stick-meta":"","astra-migrate-meta-layouts":"default","ast-page-background-enabled":"default","ast-page-background-meta":{"desktop":{"background-color":"var(--ast-global-color-4)","background-image":"","background-repeat":"repeat","background-position":"center center","background-size":"auto","background-attachment":"scroll","background-type":"","background-media":"","overlay-type":"","overlay-color":"","overlay-opacity":"","overlay-gradient":""},"tablet":{"background-color":"","background-image":"","background-repeat":"repeat","background-position":"center center","background-size":"auto","background-attachment":"scroll","background-type":"","background-media":"","overlay-type":"","overlay-color":"","overlay-opacity":"","overlay-gradient":""},"mobile":{"background-color":"","background-image":"","background-repeat":"repeat","background-position":"center center","background-size":"auto","background-attachment":"scroll","background-type":"","background-media":"","overlay-type":"","overlay-color":"","overlay-opacity":"","overlay-gradient":""}},"ast-content-background-meta":{"desktop":{"background-color":"var(--ast-global-color-5)","background-image":"","background-repeat":"repeat","background-position":"center center","background-size":"auto","background-attachment":"scroll","background-type":"","background-media":"","overlay-type":"","overlay-color":"","overlay-opacity":"","overlay-gradient":""},"tablet":{"background-color":"var(--ast-global-color-5)","background-image":"","background-repeat":"repeat","background-position":"center center","background-size":"auto","background-attachment":"scroll","background-type":"","background-media":"","overlay-type":"","overlay-color":"","overlay-opacity":"","overlay-gradient":""},"mobile":{"background-color":"var(--ast-global-color-5)","background-image":"","background-repeat":"repeat","background-position":"center center","background-size":"auto","background-attachment":"scroll","background-type":"","background-media":"","overlay-type":"","overlay-color":"","overlay-opacity":"","overlay-gradient":""}},"footnotes":""},"class_list":["post-46751","page","type-page","status-publish","has-post-thumbnail","hentry"],"_links":{"self":[{"href":"https:\/\/blog.utp.edu.co\/cirugia\/wp-json\/wp\/v2\/pages\/46751","targetHints":{"allow":["GET"]}}],"collection":[{"href":"https:\/\/blog.utp.edu.co\/cirugia\/wp-json\/wp\/v2\/pages"}],"about":[{"href":"https:\/\/blog.utp.edu.co\/cirugia\/wp-json\/wp\/v2\/types\/page"}],"author":[{"embeddable":true,"href":"https:\/\/blog.utp.edu.co\/cirugia\/wp-json\/wp\/v2\/users\/113"}],"replies":[{"embeddable":true,"href":"https:\/\/blog.utp.edu.co\/cirugia\/wp-json\/wp\/v2\/comments?post=46751"}],"version-history":[{"count":8,"href":"https:\/\/blog.utp.edu.co\/cirugia\/wp-json\/wp\/v2\/pages\/46751\/revisions"}],"predecessor-version":[{"id":47481,"href":"https:\/\/blog.utp.edu.co\/cirugia\/wp-json\/wp\/v2\/pages\/46751\/revisions\/47481"}],"wp:featuredmedia":[{"embeddable":true,"href":"https:\/\/blog.utp.edu.co\/cirugia\/wp-json\/wp\/v2\/media\/46991"}],"wp:attachment":[{"href":"https:\/\/blog.utp.edu.co\/cirugia\/wp-json\/wp\/v2\/media?parent=46751"}],"curies":[{"name":"wp","href":"https:\/\/api.w.org\/{rel}","templated":true}]}}