{"id":40721,"date":"2020-05-20T15:32:04","date_gmt":"2020-05-20T15:32:04","guid":{"rendered":"http:\/\/blog.utp.edu.co\/cirugia\/?page_id=40721"},"modified":"2021-05-20T19:36:30","modified_gmt":"2021-05-20T19:36:30","slug":"asignaturas","status":"publish","type":"page","link":"https:\/\/blog.utp.edu.co\/cirugia\/asignaturas\/","title":{"rendered":"Asignaturas"},"content":{"rendered":"\n<p style=\"text-align: justify\">La asignatura <strong>Cl\u00ednicas Quir\u00fargicas<\/strong>, responde a la necesidad de apropiaci\u00f3n de competencias en el ser, el saber y el saber hacer relacionados con las patolog\u00edas quir\u00fargicas m\u00e1s frecuentes en el mundo. Se hace especial \u00e9nfasis en las patolog\u00edas de origen traum\u00e1tico basados en el perfil epidemiol\u00f3gico de Colombia en el cual el trauma figura como la segunda causa de muerte en Colombia. \u00a0\u00a0Se busca que el estudiante tenga principios \u00e9ticos que manifiesten el compromiso y la responsabilidad con el paciente, la familia y el de trabajo. Las pr\u00e1cticas permiten al estudiante el desarrollo de competencias prevenci\u00f3n de problem\u00e1ticas relacionadas con la pr\u00e1ctica quir\u00fargica, con actividades como rondas por los diferentes servicios: quir\u00f3fanos, salas, consulta externa y urgencias.<\/p>\n<p style=\"text-align: justify\">La asignatura de <strong>Especialidades quir\u00fargicas<\/strong>, se justifica a partir del an\u00e1lisis del perfil epidemiol\u00f3gico del pa\u00eds y la regi\u00f3n, el cual muestra como una causa de morbimortalidad las lesiones traum\u00e1ticas que comprometen la funcionalidad de las extremidades y estructuras vitales como son: las intracraneales, cara, \u00f3rganos de los sentidos y aparato urogenital, adem\u00e1s de otras entidades de estas \u00e1reas, no relacionadas con el trauma, pero que ameritan manejo quir\u00fargico como son las infecciones y patolog\u00eda tumoral.\u00a0 El dise\u00f1o del semestre aporta a la formaci\u00f3n del m\u00e9dico general los conocimientos, habilidades y destrezas para la promoci\u00f3n, prevenci\u00f3n, atenci\u00f3n y rehabilitaci\u00f3n de \u00e9stas patolog\u00edas en una forma integral desde el punto de vista biosicosocial en todos los niveles de atenci\u00f3n, de acuerdo al perfil definido por la facultad<\/p>\n<p>\u00a0<\/p>\n<p>\u00a0<\/p>\n","protected":false},"excerpt":{"rendered":"","protected":false},"author":113,"featured_media":49951,"parent":0,"menu_order":0,"comment_status":"closed","ping_status":"closed","template":"","meta":{"site-sidebar-layout":"default","site-content-layout":"","ast-site-content-layout":"default","site-content-style":"default","site-sidebar-style":"default","ast-global-header-display":"","ast-banner-title-visibility":"","ast-main-header-display":"","ast-hfb-above-header-display":"","ast-hfb-below-header-display":"","ast-hfb-mobile-header-display":"","site-post-title":"","ast-breadcrumbs-content":"","ast-featured-img":"","footer-sml-layout":"","ast-disable-related-posts":"","theme-transparent-header-meta":"","adv-header-id-meta":"","stick-header-meta":"","header-above-stick-meta":"","header-main-stick-meta":"","header-below-stick-meta":"","astra-migrate-meta-layouts":"default","ast-page-background-enabled":"default","ast-page-background-meta":{"desktop":{"background-color":"var(--ast-global-color-4)","background-image":"","background-repeat":"repeat","background-position":"center center","background-size":"auto","background-attachment":"scroll","background-type":"","background-media":"","overlay-type":"","overlay-color":"","overlay-opacity":"","overlay-gradient":""},"tablet":{"background-color":"","background-image":"","background-repeat":"repeat","background-position":"center center","background-size":"auto","background-attachment":"scroll","background-type":"","background-media":"","overlay-type":"","overlay-color":"","overlay-opacity":"","overlay-gradient":""},"mobile":{"background-color":"","background-image":"","background-repeat":"repeat","background-position":"center center","background-size":"auto","background-attachment":"scroll","background-type":"","background-media":"","overlay-type":"","overlay-color":"","overlay-opacity":"","overlay-gradient":""}},"ast-content-background-meta":{"desktop":{"background-color":"var(--ast-global-color-5)","background-image":"","background-repeat":"repeat","background-position":"center center","background-size":"auto","background-attachment":"scroll","background-type":"","background-media":"","overlay-type":"","overlay-color":"","overlay-opacity":"","overlay-gradient":""},"tablet":{"background-color":"var(--ast-global-color-5)","background-image":"","background-repeat":"repeat","background-position":"center center","background-size":"auto","background-attachment":"scroll","background-type":"","background-media":"","overlay-type":"","overlay-color":"","overlay-opacity":"","overlay-gradient":""},"mobile":{"background-color":"var(--ast-global-color-5)","background-image":"","background-repeat":"repeat","background-position":"center center","background-size":"auto","background-attachment":"scroll","background-type":"","background-media":"","overlay-type":"","overlay-color":"","overlay-opacity":"","overlay-gradient":""}},"footnotes":""},"class_list":["post-40721","page","type-page","status-publish","has-post-thumbnail","hentry"],"_links":{"self":[{"href":"https:\/\/blog.utp.edu.co\/cirugia\/wp-json\/wp\/v2\/pages\/40721","targetHints":{"allow":["GET"]}}],"collection":[{"href":"https:\/\/blog.utp.edu.co\/cirugia\/wp-json\/wp\/v2\/pages"}],"about":[{"href":"https:\/\/blog.utp.edu.co\/cirugia\/wp-json\/wp\/v2\/types\/page"}],"author":[{"embeddable":true,"href":"https:\/\/blog.utp.edu.co\/cirugia\/wp-json\/wp\/v2\/users\/113"}],"replies":[{"embeddable":true,"href":"https:\/\/blog.utp.edu.co\/cirugia\/wp-json\/wp\/v2\/comments?post=40721"}],"version-history":[{"count":4,"href":"https:\/\/blog.utp.edu.co\/cirugia\/wp-json\/wp\/v2\/pages\/40721\/revisions"}],"predecessor-version":[{"id":50551,"href":"https:\/\/blog.utp.edu.co\/cirugia\/wp-json\/wp\/v2\/pages\/40721\/revisions\/50551"}],"wp:featuredmedia":[{"embeddable":true,"href":"https:\/\/blog.utp.edu.co\/cirugia\/wp-json\/wp\/v2\/media\/49951"}],"wp:attachment":[{"href":"https:\/\/blog.utp.edu.co\/cirugia\/wp-json\/wp\/v2\/media?parent=40721"}],"curies":[{"name":"wp","href":"https:\/\/api.w.org\/{rel}","templated":true}]}}