{"id":38911,"date":"2020-04-17T13:55:14","date_gmt":"2020-04-17T13:55:14","guid":{"rendered":"http:\/\/blog.utp.edu.co\/cirugia\/?page_id=38911"},"modified":"2020-09-11T15:45:45","modified_gmt":"2020-09-11T15:45:45","slug":"neoplasias-y-vascular","status":"publish","type":"page","link":"https:\/\/blog.utp.edu.co\/cirugia\/asignaturas\/cirugia-general\/bloques\/neoplasias-y-vascular\/","title":{"rendered":"Neoplasias y Vascular"},"content":{"rendered":"\n<p style=\"text-align: justify\"><span style=\"color: #000000\">Neoplasias es definido como un Tipo de tumor que surge de las c\u00e9lulas que forman los vasos sangu\u00edneos o linf\u00e1ticos. Los tumores <b>vasculares<\/b>\u00a0son benignos (no cancerosos) o malignos (c\u00e1ncer) y se pueden presentar en cualquier parte del cuerpo. Es posible que estos tumores se formen en la piel, los tejidos debajo de la piel o en un \u00f3rgano.<\/span><\/p>\n<ul>\n<li>\n<div class=\"gmail_default\"><span style=\"color: #000000\">\u00a0<strong><a style=\"color: #000000\" href=\"https:\/\/drive.google.com\/open?id=1he9bQ9i7fO2tkBBvFcPFjRBb27JUCu_Q&amp;authuser=0\" target=\"_blank\" rel=\"noopener noreferrer\" data-saferedirecturl=\"https:\/\/www.google.com\/url?q=https:\/\/drive.google.com\/open?id%3D1he9bQ9i7fO2tkBBvFcPFjRBb27JUCu_Q%26authuser%3D0&amp;source=gmail&amp;ust=1596110670028000&amp;usg=AFQjCNHQCEGFPd-09jwE2O3iFhtBzFexEg\">https:\/\/Neoplasias Malignas del Tracto Gastrointestinal\u00a0<\/a><\/strong><\/span><\/div>\n<\/li>\n<li><span style=\"color: #000000\"><strong><a style=\"color: #000000\" href=\"https:\/\/drive.google.com\/file\/d\/1Rf2-jbMErgOPAA87rCT6wvEn6SjuZTUK\/view?usp=sharing\"> https:\/\/Tromboprofilaxis <\/a>\u00a0<\/strong><\/span><\/li>\n<li><a href=\"https:\/\/drive.google.com\/\"><span style=\"color: #000000\"><strong>Enfermedad Vascular Periferica. Insuficiencia Venosa.\u00a0 Isquemia Aguda:<\/strong><\/span><\/a><\/li>\n<li><strong><span style=\"color: #000000\"><a style=\"color: #000000\" href=\"https:\/\/drive.google.com\/file\/d\/1wdeC9D1QmiUZz6CDnXzRkXR9iRFf3jUg\/view?usp=sharing\">https:\/\/drive.google.com\/file\/<\/a><\/span><\/strong><\/li>\n<li><span style=\"color: #000000\"><b>\u00a0<\/b><\/span><span style=\"color: #000000\"><strong><a style=\"color: #000000\" href=\"https:\/\/drive.google.com\/file\/d\/1f9gYXlJ-cw0a-imLFbeT5tL1f0tsEgGu\/view?usp=sharing\">https:\/\/Como dar Malas Noticias <\/a>\u00a0<\/strong><\/span><\/li>\n<li><span style=\"color: #000000\"><strong>Masas de Cuello:<a style=\"color: #000000\" href=\"http:\/\/blog.utp.edu.co\/cirugia\/files\/2020\/04\/Clase-2-1.pdf\">Clase<\/a>\u00a0 \u00a0 \u00a0 \u00a0 <\/strong><\/span><\/li>\n<li><span style=\"color: #000000\"><strong>Masas de Tiroideas:<a style=\"color: #000000\" href=\"http:\/\/blog.utp.edu.co\/cirugia\/files\/2020\/04\/Clase-3.pdf\">Clase<\/a><\/strong><\/span><\/li>\n<li><span style=\"color: #000000\"><strong><a style=\"color: #000000\" href=\"https:\/\/drive.google.com\/file\/d\/17VxJuIoM_r1qopq5EK2_3ZB9H8gv2QkY\/view?usp=sharing\">\u00a0https:\/\/Patolog\u00eca Benigna Mamaria. Casos Cl\u00ecnicos<\/a>\u00a0<\/strong><\/span><\/li>\n<li><span style=\"color: #000000\"><strong><a style=\"color: #000000\" href=\"https:\/\/drive.google.com\/file\/d\/1-LmuWox3Frdy_ocULsxDTRUCO7xA177j\/view?usp=sharing\">https:\/\/Patolog\u00eda Benigna Mamaria\u00a0<\/a><\/strong><\/span><\/li>\n<li><span style=\"color: #000000\"><strong><a style=\"color: #000000\" href=\"https:\/\/drive.google.com\/file\/d\/1m9uOHSyFMpqwMgBvYAK2ziB5Sto1k4QP\/view?usp=sharing\">https:\/\/Patolog\u00eda Mamaria Maligna\u00a0<\/a>\u00a0<\/strong><\/span><\/li>\n<\/ul>\n<p><span style=\"color: #000000\"><strong>Documentos:<\/strong><\/span><\/p>\n<ul>\n<li><span style=\"color: #000000\"><strong>Manual para la Detecci\u00f3n Temprana del Ca de Mama:\u00a0 <a style=\"color: #000000\" href=\"http:\/\/blog.utp.edu.co\/cirugia\/files\/2020\/04\/Documento3-1.pdf\">Documento<\/a><\/strong><\/span><\/li>\n<li><span style=\"color: #000000\"><strong>Epidemiolog\u00eda de los Desordenes Venosos Cr\u00f3nicos:\u00a0 <a style=\"color: #000000\" href=\"http:\/\/blog.utp.edu.co\/cirugia\/files\/2020\/04\/Documento-1.pdf\">Documento<\/a><\/strong><\/span><\/li>\n<li><span style=\"color: #000000\"><strong>Gu\u00eda de Manejo Vascular Arterial Perif\u00e9rica<span style=\"background-color: #ffffff\">:<\/span><span style=\"background-color: #ffffff\"><a style=\"color: #000000\" href=\"http:\/\/blog.utp.edu.co\/cirugia\/files\/2020\/04\/Documento2-2.pdf\">Documento<\/a><\/span><\/strong><\/span><\/li>\n<li><span style=\"color: #000000\"><strong>Recomendaciones para la Tromboprofilaxis de Pacientes Hospitalizados:\u00a0 <a style=\"color: #000000\" href=\"http:\/\/blog.utp.edu.co\/cirugia\/files\/2020\/04\/Tabla-Riesgo-Moderado.pdf\">Tabla Riesgo Moderado<\/a> \u00a0\u00a0 \u00a0\u00a0 \u00a0\u00a0<a style=\"color: #000000\" href=\"http:\/\/blog.utp.edu.co\/cirugia\/files\/2020\/04\/Tabla-Bajo-Riesgo.pdf\">Tabla Bajo Riesgo<\/a><\/strong><\/span><\/li>\n<\/ul>\n<p><span style=\"color: #000000\"><strong>Art\u00edculos:<\/strong><\/span><\/p>\n<ul>\n<li><span style=\"color: #000000\"><strong><em><a style=\"color: #000000\" title=\"Absceso Hepatico\" href=\"http:\/\/blog.utp.edu.co\/cirugia\/files\/2013\/08\/Absceso-Hepatico.pdf\" rel=\"attachment\">Absceso-Hepatico <\/a>\u00a0 \u00a0<\/em><\/strong><\/span><\/li>\n<li><span style=\"color: #000000\"><strong> <em><a style=\"color: #000000\" title=\"Colangitis aguda\" href=\"http:\/\/blog.utp.edu.co\/cirugia\/files\/2013\/08\/Colangitis-aguda.pdf\" rel=\"attachment\">Colangitis\u00a0 Aguda<\/a>\u00a0 \u00a0 \u00a0\u00a0<\/em><\/strong><\/span><\/li>\n<li><span style=\"color: #000000\"><strong><em><a style=\"color: #000000\" title=\"Colecistitis aguda\" href=\"http:\/\/blog.utp.edu.co\/cirugia\/files\/2013\/08\/Colecistitis-aguda.pdf\" rel=\"attachment\">Colecistitis Aguda<\/a><\/em><\/strong><\/span><\/li>\n<li><span style=\"color: #000000\"><strong><em><a style=\"color: #000000\" title=\"Pancreatitis aguda y Cronica\" href=\"http:\/\/blog.utp.edu.co\/cirugia\/files\/2013\/08\/Pancreatitis-aguda-y-Cronica.pdf\" rel=\"attachment\">Pancreatitis Aguda Cr\u00f3nica<\/a>\u00a0 \u00a0 \u00a0\u00a0<\/em><\/strong><\/span><\/li>\n<li><span style=\"color: #000000\"><strong><em><a style=\"color: #000000\" title=\"Symptomatic Coledocolitiasis)\" href=\"http:\/\/blog.utp.edu.co\/cirugia\/files\/2013\/08\/Symptomatic-Coledocolitiasis.pdf\" rel=\"attachment\">Symptomatic Coledocolitiasis<\/a><\/em><\/strong><\/span><\/li>\n<li><span style=\"color: #000000\"><strong><a style=\"color: #000000\" title=\"Articulo de colelitiasis\" href=\"http:\/\/blog.utp.edu.co\/cirugia\/files\/2013\/08\/Articulo-de-colelitiasis.pdf\" rel=\"attachment\">Articulo de<em>\u00a0 Colelitiasis<\/em><\/a><em>\u00a0<\/em><\/strong><\/span><\/li>\n<li><span style=\"color: #000000\"><strong> <em><a style=\"color: #000000\" title=\"CA Esofago\" href=\"http:\/\/blog.utp.edu.co\/cirugia\/files\/2013\/08\/CA-Esofago.pdf\" rel=\"attachment\">Ca Esofago<\/a> \u00a0 <\/em><\/strong><\/span><\/li>\n<li><span style=\"color: #000000\"><strong><em><a style=\"color: #000000\" title=\"Cancer de colon\" href=\"http:\/\/blog.utp.edu.co\/cirugia\/files\/2013\/08\/Cancer-de-colon-.pdf\" rel=\"attachment\">Cancer de Colon<\/a> <\/em><\/strong><\/span><\/li>\n<li><span style=\"color: #000000\"><strong><em><a style=\"color: #000000\" title=\"C\u00e1ncer de colon y recto GPC_Prof_Sal_Ca_colon (1) (1)\" href=\"http:\/\/blog.utp.edu.co\/cirugia\/files\/2013\/08\/C%C3%A1ncer-de-colon-y-recto-GPC_Prof_Sal_Ca_colon-1-1.pdf\" rel=\"attachment\">Cancer de Colon y\u00a0 Recto<\/a> \u00a0 \u00a0 <\/em><\/strong><\/span><\/li>\n<li><span style=\"color: #000000\"><strong><em><a style=\"color: #000000\" title=\"Cancer de pancreas\" href=\"http:\/\/blog.utp.edu.co\/cirugia\/files\/2013\/08\/Cancer-de-pancreas.pdf\" rel=\"attachment\">Cancer de Pancreas<\/a><\/em><\/strong><\/span><\/li>\n<li><span style=\"color: #000000\"><strong><em><a style=\"color: #000000\" title=\"Cancer de recto\" href=\"http:\/\/blog.utp.edu.co\/cirugia\/files\/2013\/08\/Cancer-de-recto.pdf\" rel=\"attachment\">Cancer-de-recto<\/a> \u00a0 \u00a0 \u00a0\u00a0 <\/em><\/strong><\/span><\/li>\n<li><span style=\"color: #000000\"><strong><em><a style=\"color: #000000\" title=\"Cancer gastrico\" href=\"http:\/\/blog.utp.edu.co\/cirugia\/files\/2013\/08\/Cancer-gastrico.pdf\" rel=\"attachment\">Cancer Gastrico<\/a> \u00a0 \u00a0 \u00a0 <\/em><\/strong><\/span><\/li>\n<li><span style=\"color: #000000\"><strong><em><a style=\"color: #000000\" title=\"Cancer gastrico\" href=\"http:\/\/blog.utp.edu.co\/cirugia\/files\/2013\/08\/Cancer-gastrico.pdf\" rel=\"attachment\">V\u00edas Biliares<\/a><\/em><\/strong><\/span><\/li>\n<li><span style=\"color: #000000\"><strong><em><a style=\"color: #000000\" title=\"Neoplasias Pancreatobiliares -Arch Pathol Lab Med\" href=\"http:\/\/blog.utp.edu.co\/cirugia\/files\/2013\/08\/Neoplasias-Pancreatobiliares-Arch-Pathol-Lab-Med.pdf\" rel=\"attachment\">Neoplasias Pancreatobiliares<\/a>\u00a0 \u00a0 \u00a0 \u00a0 <\/em><\/strong><\/span><\/li>\n<li><span style=\"color: #000000\"><strong>\u00a0<a style=\"color: #000000\" title=\"Tumores del canal anal\" href=\"http:\/\/blog.utp.edu.co\/cirugia\/files\/2013\/08\/Tumores-del-canal-anal.pdf\" rel=\"attachment\">Tumores del Canal Anal<\/a><\/strong><\/span><\/li>\n<li><span style=\"color: #000000\"><a style=\"color: #000000\" href=\"https:\/\/www.msdmanuals.com\/es-co\/professional\/trastornos-cardiovasculares\/enfermedades-de-las-venas-perif\u00e9ricas\/trombosis-venosa-profunda-tvp\"><strong>https:\/\/trastornos-cardiovasculares\/enfermedades-de-las-venas-perif\u00e9ricas\/trombosis-venosa-profunda-tvp<\/strong><\/a><\/span><\/li>\n<li><span style=\"color: #000000\"><strong>\u00a0 <a style=\"color: #000000\" href=\"http:\/\/blog.utp.edu.co\/cirugia\/files\/2020\/04\/Art\u00edculo-1.pdf\">Entrega de malas noticias en la pr\u00e1ctica Cl\u00ednica<\/a>\u00a0\u00a0<\/strong><\/span><\/li>\n<\/ul>\n<p><img loading=\"lazy\" decoding=\"async\" class=\"size-full wp-image-48951 aligncenter\" src=\"http:\/\/blog.utp.edu.co\/cirugia\/files\/2020\/08\/BARRA12.png\" alt=\"\" width=\"636\" height=\"77\" srcset=\"https:\/\/blog.utp.edu.co\/cirugia\/files\/2020\/08\/BARRA12.png 636w, https:\/\/blog.utp.edu.co\/cirugia\/files\/2020\/08\/BARRA12-300x36.png 300w\" sizes=\"auto, (max-width: 636px) 100vw, 636px\" \/><\/p>\n<p>\u00a0<\/p>\n<p>\u00a0<\/p>\n","protected":false},"excerpt":{"rendered":"","protected":false},"author":113,"featured_media":46371,"parent":36691,"menu_order":4,"comment_status":"closed","ping_status":"closed","template":"","meta":{"site-sidebar-layout":"default","site-content-layout":"","ast-site-content-layout":"default","site-content-style":"default","site-sidebar-style":"default","ast-global-header-display":"","ast-banner-title-visibility":"","ast-main-header-display":"","ast-hfb-above-header-display":"","ast-hfb-below-header-display":"","ast-hfb-mobile-header-display":"","site-post-title":"","ast-breadcrumbs-content":"","ast-featured-img":"","footer-sml-layout":"","ast-disable-related-posts":"","theme-transparent-header-meta":"","adv-header-id-meta":"","stick-header-meta":"","header-above-stick-meta":"","header-main-stick-meta":"","header-below-stick-meta":"","astra-migrate-meta-layouts":"default","ast-page-background-enabled":"default","ast-page-background-meta":{"desktop":{"background-color":"var(--ast-global-color-4)","background-image":"","background-repeat":"repeat","background-position":"center center","background-size":"auto","background-attachment":"scroll","background-type":"","background-media":"","overlay-type":"","overlay-color":"","overlay-opacity":"","overlay-gradient":""},"tablet":{"background-color":"","background-image":"","background-repeat":"repeat","background-position":"center center","background-size":"auto","background-attachment":"scroll","background-type":"","background-media":"","overlay-type":"","overlay-color":"","overlay-opacity":"","overlay-gradient":""},"mobile":{"background-color":"","background-image":"","background-repeat":"repeat","background-position":"center center","background-size":"auto","background-attachment":"scroll","background-type":"","background-media":"","overlay-type":"","overlay-color":"","overlay-opacity":"","overlay-gradient":""}},"ast-content-background-meta":{"desktop":{"background-color":"var(--ast-global-color-5)","background-image":"","background-repeat":"repeat","background-position":"center center","background-size":"auto","background-attachment":"scroll","background-type":"","background-media":"","overlay-type":"","overlay-color":"","overlay-opacity":"","overlay-gradient":""},"tablet":{"background-color":"var(--ast-global-color-5)","background-image":"","background-repeat":"repeat","background-position":"center center","background-size":"auto","background-attachment":"scroll","background-type":"","background-media":"","overlay-type":"","overlay-color":"","overlay-opacity":"","overlay-gradient":""},"mobile":{"background-color":"var(--ast-global-color-5)","background-image":"","background-repeat":"repeat","background-position":"center center","background-size":"auto","background-attachment":"scroll","background-type":"","background-media":"","overlay-type":"","overlay-color":"","overlay-opacity":"","overlay-gradient":""}},"footnotes":""},"class_list":["post-38911","page","type-page","status-publish","has-post-thumbnail","hentry"],"_links":{"self":[{"href":"https:\/\/blog.utp.edu.co\/cirugia\/wp-json\/wp\/v2\/pages\/38911","targetHints":{"allow":["GET"]}}],"collection":[{"href":"https:\/\/blog.utp.edu.co\/cirugia\/wp-json\/wp\/v2\/pages"}],"about":[{"href":"https:\/\/blog.utp.edu.co\/cirugia\/wp-json\/wp\/v2\/types\/page"}],"author":[{"embeddable":true,"href":"https:\/\/blog.utp.edu.co\/cirugia\/wp-json\/wp\/v2\/users\/113"}],"replies":[{"embeddable":true,"href":"https:\/\/blog.utp.edu.co\/cirugia\/wp-json\/wp\/v2\/comments?post=38911"}],"version-history":[{"count":37,"href":"https:\/\/blog.utp.edu.co\/cirugia\/wp-json\/wp\/v2\/pages\/38911\/revisions"}],"predecessor-version":[{"id":49571,"href":"https:\/\/blog.utp.edu.co\/cirugia\/wp-json\/wp\/v2\/pages\/38911\/revisions\/49571"}],"up":[{"embeddable":true,"href":"https:\/\/blog.utp.edu.co\/cirugia\/wp-json\/wp\/v2\/pages\/36691"}],"wp:featuredmedia":[{"embeddable":true,"href":"https:\/\/blog.utp.edu.co\/cirugia\/wp-json\/wp\/v2\/media\/46371"}],"wp:attachment":[{"href":"https:\/\/blog.utp.edu.co\/cirugia\/wp-json\/wp\/v2\/media?parent=38911"}],"curies":[{"name":"wp","href":"https:\/\/api.w.org\/{rel}","templated":true}]}}