{"id":37031,"date":"2020-04-07T15:19:57","date_gmt":"2020-04-07T15:19:57","guid":{"rendered":"http:\/\/blog.utp.edu.co\/cirugia\/?page_id=37031"},"modified":"2020-09-11T15:32:18","modified_gmt":"2020-09-11T15:32:18","slug":"generalidade-e-infeccion","status":"publish","type":"page","link":"https:\/\/blog.utp.edu.co\/cirugia\/asignaturas\/cirugia-general\/bloques\/generalidade-e-infeccion\/","title":{"rendered":"Generalidades e Infecci\u00f3n"},"content":{"rendered":"\n<p style=\"text-align: justify\"><span style=\"color: #000000\">En la carrera de Medicina y en el \u00e1rea que agrupa a las especialidades quir\u00fargicas, se desarrollan en la primera semana del VIII semestre, unas pr\u00e1cticas de t\u00e9cnica quir\u00fargica, que servir\u00e1n de base al futuro profesional, para desempe\u00f1arse en todo lo concerniente a la aplicaci\u00f3n de la t\u00e9cnica quir\u00fargica b\u00e1sica; es decir, realizaci\u00f3n de nudos, suturas, ayudant\u00edas en cirug\u00eda, etc<\/span><\/p>\n<ul>\n<li><span style=\"color: #000000\">Pr\u00e1ctica Quir\u00fargica: <a style=\"color: #000000\" href=\"http:\/\/blog.utp.edu.co\/cirugia\/files\/2020\/04\/Documentos-de-Talleres-de-Pr\u00e1ctica-Quir\u00fargica.pdf\">\u00a0<span style=\"color: #000000\"><strong> Documento\u00a0<\/strong><\/span><\/a><\/span><\/li>\n<li><span style=\"color: #000000\">Cuidados Perioperatorios y Aspectos \u00c9ticos en Cirug\u00eda: \u00a0\u00a0 <strong><a style=\"color: #000000\" href=\"http:\/\/blog.utp.edu.co\/cirugia\/files\/2020\/04\/Clase-cuidados-periop.pdf\">Clase<\/a><\/strong><\/span><\/li>\n<li><span style=\"color: #000000\">preparaci\u00f3n del paciente para el acto quir\u00fargico y traslado al\u00a0 quir\u00f3fano:\u00a0 <strong><a style=\"color: #000000\" href=\"http:\/\/blog.utp.edu.co\/cirugia\/files\/2020\/04\/Art\u00edculo.pdf\">Art\u00edculo<\/a><\/strong><\/span><\/li>\n<li>Taller de Nudos: <span style=\"color: #000000\"><a style=\"color: #000000\" href=\"https:\/\/drive.google.com\/file\/d\/1gOSiYlN8JhbWSk_ocVTLq7FPn6h6P5_V\/view?usp=sharing\"><strong>https:\/\/drive.google.com\/<\/strong><\/a><\/span><\/li>\n<li><span style=\"color: #000000\">Materiales de suturas:<strong> <a style=\"color: #000000\" href=\"http:\/\/blog.utp.edu.co\/cirugia\/files\/2020\/09\/Clase.pptx\">Clase<\/a>\u00a0<\/strong><\/span><\/li>\n<li><span style=\"color: #000000\">L\u00edquidos y Electrolitos: \u00a0<strong>\u00a0<a style=\"color: #000000\" href=\"http:\/\/blog.utp.edu.co\/cirugia\/files\/2020\/04\/LIQUIDOS-Y-ELECTROLITOS-2020.pdf\">Clase<\/a><\/strong>\u00a0 \u00a0 \u00a0 \u00a0 \u00a0 \u00a0 \u00a0<\/span><\/li>\n<li><span style=\"color: #000000\">Nutrici\u00f3n en Cirug\u00eda:\u00a0\u00a0<strong><a style=\"color: #000000\" href=\"http:\/\/blog.utp.edu.co\/cirugia\/files\/2020\/04\/Nutrici\u00f3n-en-Cirug\u00eda.pdf\">Clase<\/a><\/strong><\/span><\/li>\n<li><span style=\"color: #000000\">Normas de Bioseguridad.\u00a0 Asepsia y Antisepsia:\u00a0 <a style=\"color: #000000\" href=\"http:\/\/blog.utp.edu.co\/cirugia\/files\/2020\/04\/Asepsia-y-Antisepsia.pdf\">\u00a0<strong>Clase\u00a0\u00a0<\/strong><\/a><\/span><\/li>\n<li><span style=\"color: #000000\">Historia de la Cirug\u00eda:<strong><a style=\"color: #000000\" href=\"http:\/\/blog.utp.edu.co\/cirugia\/files\/2020\/09\/Clase-1.pptx\">Clase<\/a> <\/strong><\/span><\/li>\n<li><span style=\"color: #000000\">Principios B\u00e1sicos de la Cirug\u00eda: <strong><a style=\"color: #000000\" href=\"http:\/\/blog.utp.edu.co\/cirugia\/files\/2020\/09\/Clase-2.pptx\">Clase<\/a><\/strong><\/span><\/li>\n<li><span style=\"color: #000000\">Heridas y su Manejo.\u00a0Sondas Drenes y Suturas: <strong><a style=\"color: #000000\" href=\"http:\/\/blog.utp.edu.co\/cirugia\/files\/2020\/04\/Clase.pdf\">Clase<\/a><\/strong><\/span><\/li>\n<li><span style=\"color: #000000\">Aspectos Emocionales del Paciente Quir\u00fargico: <strong><a style=\"color: #000000\" href=\"http:\/\/blog.utp.edu.co\/cirugia\/files\/2020\/04\/Clase2.pdf\">Clase<\/a><\/strong><\/span><\/li>\n<li><span style=\"color: #000000\">Sepsis y Choque:<\/span><\/li>\n<li><span style=\"color: #000000\">Sistema de Emergencias M\u00e9dicas:<a style=\"color: #000000\" href=\"https:\/\/drive.google.com\/file\/d\/1Q44hs-CoTisP-NCzo3MpzE5F4oZFXh2X\/view?usp=sharing\"><strong> https:\/\/drive.google.com\/<\/strong><\/a><\/span><\/li>\n<\/ul>\n<p><img loading=\"lazy\" decoding=\"async\" class=\"size-full wp-image-48951 aligncenter\" src=\"http:\/\/blog.utp.edu.co\/cirugia\/files\/2020\/08\/BARRA12.png\" alt=\"\" width=\"636\" height=\"77\" srcset=\"https:\/\/blog.utp.edu.co\/cirugia\/files\/2020\/08\/BARRA12.png 636w, https:\/\/blog.utp.edu.co\/cirugia\/files\/2020\/08\/BARRA12-300x36.png 300w\" sizes=\"auto, (max-width: 636px) 100vw, 636px\" \/><\/p>\n<p>\u00a0<\/p>\n<p>\u00a0<\/p>\n","protected":false},"excerpt":{"rendered":"","protected":false},"author":113,"featured_media":46371,"parent":36691,"menu_order":1,"comment_status":"closed","ping_status":"closed","template":"","meta":{"site-sidebar-layout":"default","site-content-layout":"","ast-site-content-layout":"default","site-content-style":"default","site-sidebar-style":"default","ast-global-header-display":"","ast-banner-title-visibility":"","ast-main-header-display":"","ast-hfb-above-header-display":"","ast-hfb-below-header-display":"","ast-hfb-mobile-header-display":"","site-post-title":"","ast-breadcrumbs-content":"","ast-featured-img":"","footer-sml-layout":"","ast-disable-related-posts":"","theme-transparent-header-meta":"","adv-header-id-meta":"","stick-header-meta":"","header-above-stick-meta":"","header-main-stick-meta":"","header-below-stick-meta":"","astra-migrate-meta-layouts":"default","ast-page-background-enabled":"default","ast-page-background-meta":{"desktop":{"background-color":"var(--ast-global-color-4)","background-image":"","background-repeat":"repeat","background-position":"center center","background-size":"auto","background-attachment":"scroll","background-type":"","background-media":"","overlay-type":"","overlay-color":"","overlay-opacity":"","overlay-gradient":""},"tablet":{"background-color":"","background-image":"","background-repeat":"repeat","background-position":"center center","background-size":"auto","background-attachment":"scroll","background-type":"","background-media":"","overlay-type":"","overlay-color":"","overlay-opacity":"","overlay-gradient":""},"mobile":{"background-color":"","background-image":"","background-repeat":"repeat","background-position":"center center","background-size":"auto","background-attachment":"scroll","background-type":"","background-media":"","overlay-type":"","overlay-color":"","overlay-opacity":"","overlay-gradient":""}},"ast-content-background-meta":{"desktop":{"background-color":"var(--ast-global-color-5)","background-image":"","background-repeat":"repeat","background-position":"center center","background-size":"auto","background-attachment":"scroll","background-type":"","background-media":"","overlay-type":"","overlay-color":"","overlay-opacity":"","overlay-gradient":""},"tablet":{"background-color":"var(--ast-global-color-5)","background-image":"","background-repeat":"repeat","background-position":"center center","background-size":"auto","background-attachment":"scroll","background-type":"","background-media":"","overlay-type":"","overlay-color":"","overlay-opacity":"","overlay-gradient":""},"mobile":{"background-color":"var(--ast-global-color-5)","background-image":"","background-repeat":"repeat","background-position":"center center","background-size":"auto","background-attachment":"scroll","background-type":"","background-media":"","overlay-type":"","overlay-color":"","overlay-opacity":"","overlay-gradient":""}},"footnotes":""},"class_list":["post-37031","page","type-page","status-publish","has-post-thumbnail","hentry"],"_links":{"self":[{"href":"https:\/\/blog.utp.edu.co\/cirugia\/wp-json\/wp\/v2\/pages\/37031","targetHints":{"allow":["GET"]}}],"collection":[{"href":"https:\/\/blog.utp.edu.co\/cirugia\/wp-json\/wp\/v2\/pages"}],"about":[{"href":"https:\/\/blog.utp.edu.co\/cirugia\/wp-json\/wp\/v2\/types\/page"}],"author":[{"embeddable":true,"href":"https:\/\/blog.utp.edu.co\/cirugia\/wp-json\/wp\/v2\/users\/113"}],"replies":[{"embeddable":true,"href":"https:\/\/blog.utp.edu.co\/cirugia\/wp-json\/wp\/v2\/comments?post=37031"}],"version-history":[{"count":37,"href":"https:\/\/blog.utp.edu.co\/cirugia\/wp-json\/wp\/v2\/pages\/37031\/revisions"}],"predecessor-version":[{"id":49521,"href":"https:\/\/blog.utp.edu.co\/cirugia\/wp-json\/wp\/v2\/pages\/37031\/revisions\/49521"}],"up":[{"embeddable":true,"href":"https:\/\/blog.utp.edu.co\/cirugia\/wp-json\/wp\/v2\/pages\/36691"}],"wp:featuredmedia":[{"embeddable":true,"href":"https:\/\/blog.utp.edu.co\/cirugia\/wp-json\/wp\/v2\/media\/46371"}],"wp:attachment":[{"href":"https:\/\/blog.utp.edu.co\/cirugia\/wp-json\/wp\/v2\/media?parent=37031"}],"curies":[{"name":"wp","href":"https:\/\/api.w.org\/{rel}","templated":true}]}}