{"id":36411,"date":"2020-04-06T16:45:15","date_gmt":"2020-04-06T16:45:15","guid":{"rendered":"http:\/\/blog.utp.edu.co\/cirugia\/?page_id=36411"},"modified":"2022-06-01T13:54:52","modified_gmt":"2022-06-01T13:54:52","slug":"clases","status":"publish","type":"page","link":"https:\/\/blog.utp.edu.co\/cirugia\/asignaturas\/cirugia-general\/clases\/","title":{"rendered":"Programaci\u00f3n de Clases Cl\u00ednicas Quir\u00fargicas y Subespecialidades Quir\u00fargicas"},"content":{"rendered":"\n<p>\u00a0<\/p>\n<p>\u00a0<\/p>\n<p>Apreciados estudiantes:<\/p>\n<p>\u00a0<\/p>\n<p>En los siguientes links podr\u00e1n encontrar la programaci\u00f3n de rondas y clases para el semestre 2022-01.<\/p>\n<p>\u00a0<\/p>\n<p><em><strong>Clases magistrales:<\/strong><\/em><\/p>\n<p>\u00a0<\/p>\n<p><a href=\"https:\/\/docs.google.com\/spreadsheets\/d\/1295hM5Gce709myB_YwaeM8v32Fm9yJbB\/edit?usp=sharing&amp;ouid=101065554594230401353&amp;rtpof=true&amp;sd=true\">https:\/\/docs.google.com\/spreadsheets\/d\/1295hM5Gce709myB_YwaeM8v32Fm9yJbB\/edit?usp=sharing&amp;ouid=101065554594230401353&amp;rtpof=true&amp;sd=true<\/a><\/p>\n<p>\u00a0<\/p>\n<p>\u00a0<\/p>\n<p><em><strong>Programaci\u00f3n de rondas:<\/strong><\/em><\/p>\n<p>\u00a0<\/p>\n<p><a href=\"https:\/\/docs.google.com\/spreadsheets\/d\/1_-3wgD6ln4tXfPfgNgOMx8uMp_OPJEhP\/edit?usp=sharing&amp;ouid=101065554594230401353&amp;rtpof=true&amp;sd=true\">https:\/\/docs.google.com\/spreadsheets\/d\/1_-3wgD6ln4tXfPfgNgOMx8uMp_OPJEhP\/edit?usp=sharing&amp;ouid=101065554594230401353&amp;rtpof=true&amp;sd=true<\/a><\/p>\n<p><img loading=\"lazy\" decoding=\"async\" class=\"size-full wp-image-48951 alignnone\" src=\"http:\/\/blog.utp.edu.co\/cirugia\/files\/2020\/08\/BARRA12.png\" alt=\"\" width=\"636\" height=\"77\" srcset=\"https:\/\/blog.utp.edu.co\/cirugia\/files\/2020\/08\/BARRA12.png 636w, https:\/\/blog.utp.edu.co\/cirugia\/files\/2020\/08\/BARRA12-300x36.png 300w\" sizes=\"auto, (max-width: 636px) 100vw, 636px\" \/><\/p>\n","protected":false},"excerpt":{"rendered":"","protected":false},"author":113,"featured_media":46371,"parent":40741,"menu_order":6,"comment_status":"closed","ping_status":"closed","template":"","meta":{"site-sidebar-layout":"default","site-content-layout":"","ast-site-content-layout":"default","site-content-style":"default","site-sidebar-style":"default","ast-global-header-display":"","ast-banner-title-visibility":"","ast-main-header-display":"","ast-hfb-above-header-display":"","ast-hfb-below-header-display":"","ast-hfb-mobile-header-display":"","site-post-title":"","ast-breadcrumbs-content":"","ast-featured-img":"","footer-sml-layout":"","ast-disable-related-posts":"","theme-transparent-header-meta":"","adv-header-id-meta":"","stick-header-meta":"","header-above-stick-meta":"","header-main-stick-meta":"","header-below-stick-meta":"","astra-migrate-meta-layouts":"default","ast-page-background-enabled":"default","ast-page-background-meta":{"desktop":{"background-color":"var(--ast-global-color-4)","background-image":"","background-repeat":"repeat","background-position":"center center","background-size":"auto","background-attachment":"scroll","background-type":"","background-media":"","overlay-type":"","overlay-color":"","overlay-opacity":"","overlay-gradient":""},"tablet":{"background-color":"","background-image":"","background-repeat":"repeat","background-position":"center center","background-size":"auto","background-attachment":"scroll","background-type":"","background-media":"","overlay-type":"","overlay-color":"","overlay-opacity":"","overlay-gradient":""},"mobile":{"background-color":"","background-image":"","background-repeat":"repeat","background-position":"center center","background-size":"auto","background-attachment":"scroll","background-type":"","background-media":"","overlay-type":"","overlay-color":"","overlay-opacity":"","overlay-gradient":""}},"ast-content-background-meta":{"desktop":{"background-color":"var(--ast-global-color-5)","background-image":"","background-repeat":"repeat","background-position":"center center","background-size":"auto","background-attachment":"scroll","background-type":"","background-media":"","overlay-type":"","overlay-color":"","overlay-opacity":"","overlay-gradient":""},"tablet":{"background-color":"var(--ast-global-color-5)","background-image":"","background-repeat":"repeat","background-position":"center center","background-size":"auto","background-attachment":"scroll","background-type":"","background-media":"","overlay-type":"","overlay-color":"","overlay-opacity":"","overlay-gradient":""},"mobile":{"background-color":"var(--ast-global-color-5)","background-image":"","background-repeat":"repeat","background-position":"center center","background-size":"auto","background-attachment":"scroll","background-type":"","background-media":"","overlay-type":"","overlay-color":"","overlay-opacity":"","overlay-gradient":""}},"footnotes":""},"class_list":["post-36411","page","type-page","status-publish","has-post-thumbnail","hentry"],"_links":{"self":[{"href":"https:\/\/blog.utp.edu.co\/cirugia\/wp-json\/wp\/v2\/pages\/36411","targetHints":{"allow":["GET"]}}],"collection":[{"href":"https:\/\/blog.utp.edu.co\/cirugia\/wp-json\/wp\/v2\/pages"}],"about":[{"href":"https:\/\/blog.utp.edu.co\/cirugia\/wp-json\/wp\/v2\/types\/page"}],"author":[{"embeddable":true,"href":"https:\/\/blog.utp.edu.co\/cirugia\/wp-json\/wp\/v2\/users\/113"}],"replies":[{"embeddable":true,"href":"https:\/\/blog.utp.edu.co\/cirugia\/wp-json\/wp\/v2\/comments?post=36411"}],"version-history":[{"count":19,"href":"https:\/\/blog.utp.edu.co\/cirugia\/wp-json\/wp\/v2\/pages\/36411\/revisions"}],"predecessor-version":[{"id":50461,"href":"https:\/\/blog.utp.edu.co\/cirugia\/wp-json\/wp\/v2\/pages\/36411\/revisions\/50461"}],"up":[{"embeddable":true,"href":"https:\/\/blog.utp.edu.co\/cirugia\/wp-json\/wp\/v2\/pages\/40741"}],"wp:featuredmedia":[{"embeddable":true,"href":"https:\/\/blog.utp.edu.co\/cirugia\/wp-json\/wp\/v2\/media\/46371"}],"wp:attachment":[{"href":"https:\/\/blog.utp.edu.co\/cirugia\/wp-json\/wp\/v2\/media?parent=36411"}],"curies":[{"name":"wp","href":"https:\/\/api.w.org\/{rel}","templated":true}]}}