{"id":2837,"date":"2011-09-07T20:14:56","date_gmt":"2011-09-07T20:14:56","guid":{"rendered":"http:\/\/blog.utp.edu.co\/cirugia\/?page_id=2837"},"modified":"2020-08-04T21:02:52","modified_gmt":"2020-08-04T21:02:52","slug":"especialidades-quirurgicas","status":"publish","type":"page","link":"https:\/\/blog.utp.edu.co\/cirugia\/asignaturas\/especialidades-quirurgicas\/","title":{"rendered":"Especialidades  Quir\u00fargicas"},"content":{"rendered":"<p style=\"text-align: justify\"><span style=\"color: #000000\">La asignatura de Especialidades quir\u00fargicas, se justifica a partir del an\u00e1lisis del perfil epidemiol\u00f3gico del pa\u00eds y la regi\u00f3n, el cual muestra como una causa de morbimortalidad las lesiones\u00a0 traum\u00e1ticas que comprometen la funcionalidad de las extremidades\u00a0 y estructuras vitales como son: las intracraneales, cara, \u00f3rganos de los sentidos y aparato urogenital, adem\u00e1s de otras entidades de estas \u00e1reas,\u00a0 no relacionadas con el trauma, pero\u00a0 que ameritan manejo quir\u00fargico como son las infecciones y patolog\u00eda tumoral.\u00a0<\/span><\/p>\n<p style=\"text-align: justify\"><span style=\"color: #000000\">El dise\u00f1o del semestre aporta a la formaci\u00f3n del m\u00e9dico general los conocimientos, habilidades y destrezas para la promoci\u00f3n, prevenci\u00f3n, atenci\u00f3n y rehabilitaci\u00f3n de \u00e9stas patolog\u00edas en una forma integral desde el punto de vista biosicosocial en todos los niveles de atenci\u00f3n, de acuerdo al perfil definido por la facultad.<\/span><b><\/b><\/p>\n<p><img loading=\"lazy\" decoding=\"async\" class=\"alignright size-full wp-image-42371\" src=\"http:\/\/blog.utp.edu.co\/cirugia\/files\/2020\/05\/imagen-para-el-blog-3.jpg\" alt=\"\" width=\"1093\" height=\"146\" \/><\/p>\n<p><b><img loading=\"lazy\" decoding=\"async\" class=\"size-full wp-image-49361 aligncenter\" src=\"http:\/\/blog.utp.edu.co\/cirugia\/files\/2020\/08\/GIF1.gif\" alt=\"\" width=\"550\" height=\"3\" \/>\u00a0<\/b><\/p>\n","protected":false},"excerpt":{"rendered":"<p>La asignatura de Especialidades quir\u00fargicas, se justifica a partir del an\u00e1lisis del perfil epidemiol\u00f3gico del pa\u00eds y la regi\u00f3n, el [&hellip;]<\/p>\n","protected":false},"author":113,"featured_media":42871,"parent":40721,"menu_order":2,"comment_status":"closed","ping_status":"open","template":"","meta":{"site-sidebar-layout":"default","site-content-layout":"","ast-site-content-layout":"default","site-content-style":"default","site-sidebar-style":"default","ast-global-header-display":"","ast-banner-title-visibility":"","ast-main-header-display":"","ast-hfb-above-header-display":"","ast-hfb-below-header-display":"","ast-hfb-mobile-header-display":"","site-post-title":"","ast-breadcrumbs-content":"","ast-featured-img":"","footer-sml-layout":"","ast-disable-related-posts":"","theme-transparent-header-meta":"","adv-header-id-meta":"","stick-header-meta":"","header-above-stick-meta":"","header-main-stick-meta":"","header-below-stick-meta":"","astra-migrate-meta-layouts":"default","ast-page-background-enabled":"default","ast-page-background-meta":{"desktop":{"background-color":"var(--ast-global-color-4)","background-image":"","background-repeat":"repeat","background-position":"center center","background-size":"auto","background-attachment":"scroll","background-type":"","background-media":"","overlay-type":"","overlay-color":"","overlay-opacity":"","overlay-gradient":""},"tablet":{"background-color":"","background-image":"","background-repeat":"repeat","background-position":"center center","background-size":"auto","background-attachment":"scroll","background-type":"","background-media":"","overlay-type":"","overlay-color":"","overlay-opacity":"","overlay-gradient":""},"mobile":{"background-color":"","background-image":"","background-repeat":"repeat","background-position":"center center","background-size":"auto","background-attachment":"scroll","background-type":"","background-media":"","overlay-type":"","overlay-color":"","overlay-opacity":"","overlay-gradient":""}},"ast-content-background-meta":{"desktop":{"background-color":"var(--ast-global-color-5)","background-image":"","background-repeat":"repeat","background-position":"center center","background-size":"auto","background-attachment":"scroll","background-type":"","background-media":"","overlay-type":"","overlay-color":"","overlay-opacity":"","overlay-gradient":""},"tablet":{"background-color":"var(--ast-global-color-5)","background-image":"","background-repeat":"repeat","background-position":"center center","background-size":"auto","background-attachment":"scroll","background-type":"","background-media":"","overlay-type":"","overlay-color":"","overlay-opacity":"","overlay-gradient":""},"mobile":{"background-color":"var(--ast-global-color-5)","background-image":"","background-repeat":"repeat","background-position":"center center","background-size":"auto","background-attachment":"scroll","background-type":"","background-media":"","overlay-type":"","overlay-color":"","overlay-opacity":"","overlay-gradient":""}},"footnotes":""},"class_list":["post-2837","page","type-page","status-publish","has-post-thumbnail","hentry"],"_links":{"self":[{"href":"https:\/\/blog.utp.edu.co\/cirugia\/wp-json\/wp\/v2\/pages\/2837","targetHints":{"allow":["GET"]}}],"collection":[{"href":"https:\/\/blog.utp.edu.co\/cirugia\/wp-json\/wp\/v2\/pages"}],"about":[{"href":"https:\/\/blog.utp.edu.co\/cirugia\/wp-json\/wp\/v2\/types\/page"}],"author":[{"embeddable":true,"href":"https:\/\/blog.utp.edu.co\/cirugia\/wp-json\/wp\/v2\/users\/113"}],"replies":[{"embeddable":true,"href":"https:\/\/blog.utp.edu.co\/cirugia\/wp-json\/wp\/v2\/comments?post=2837"}],"version-history":[{"count":19,"href":"https:\/\/blog.utp.edu.co\/cirugia\/wp-json\/wp\/v2\/pages\/2837\/revisions"}],"predecessor-version":[{"id":49371,"href":"https:\/\/blog.utp.edu.co\/cirugia\/wp-json\/wp\/v2\/pages\/2837\/revisions\/49371"}],"up":[{"embeddable":true,"href":"https:\/\/blog.utp.edu.co\/cirugia\/wp-json\/wp\/v2\/pages\/40721"}],"wp:featuredmedia":[{"embeddable":true,"href":"https:\/\/blog.utp.edu.co\/cirugia\/wp-json\/wp\/v2\/media\/42871"}],"wp:attachment":[{"href":"https:\/\/blog.utp.edu.co\/cirugia\/wp-json\/wp\/v2\/media?parent=2837"}],"curies":[{"name":"wp","href":"https:\/\/api.w.org\/{rel}","templated":true}]}}