{"id":25261,"date":"2017-11-30T17:53:50","date_gmt":"2017-11-30T17:53:50","guid":{"rendered":"http:\/\/blog.utp.edu.co\/cirugia\/?page_id=25261"},"modified":"2020-08-04T16:29:41","modified_gmt":"2020-08-04T16:29:41","slug":"formato-cambio-de-turnos","status":"publish","type":"page","link":"https:\/\/blog.utp.edu.co\/cirugia\/asignaturas\/cirugia-general\/formato-cambio-de-turnos\/","title":{"rendered":"Turnos y Formato cambio  de turnos"},"content":{"rendered":"<div id=\"wrapper\" class=\"hfeed\">\n<div id=\"main\">\n<div id=\"container\">\n<div id=\"content\" role=\"main\">\n<div id=\"post-33021\" class=\"post-33021 page type-page status-publish hentry\">\n<p>Los turnos se realizan el\u00a0 servicio de trauma del HUSJ.<\/p>\n<p><span style=\"color: #000000\"><a style=\"color: #000000\" href=\"http:\/\/blog.utp.edu.co\/cirugia\/files\/2020\/04\/Turnos-EstudiantesCirugia-Marzo-16-Junio-28.pdf\"><b>Turnos Estudiantes Cirug\u00eda\u00a0Marzo 16 Junio 28<\/b><\/a><\/span><\/p>\n<p class=\"entry-title\" style=\"text-align: justify\">Para realizar un \u00a0cambio de turno se debe diligenciar un \u00a0formato \u00a0con un m\u00ednimo de 24 horas, debe tener el visto bueno de la\u00a0 coordinadora acad\u00e9mica, doctora Mar\u00eda Carolina Diaz Rivera, la firma del reemplazo, y luego entregada a la secretaria de cada \u00c1rea.<\/p>\n<p><span style=\"color: #000000\"><strong><a style=\"color: #000000\" href=\"http:\/\/blog.utp.edu.co\/cirugia\/files\/2020\/04\/Cambio-de-turnos-.pdf\">Formato Cambio de turnos<\/a><\/strong><\/span><\/p>\n<p><span style=\"color: #000000\"><strong>Ustedes imprimen las hojas de turno, al d\u00eda siguiente de realizado el turno lo entregan a la secretaria del \u00c1rea.<\/strong><\/span><\/p>\n<p><img loading=\"lazy\" decoding=\"async\" class=\"size-full wp-image-48951 aligncenter\" src=\"http:\/\/blog.utp.edu.co\/cirugia\/files\/2020\/08\/BARRA12.png\" alt=\"\" width=\"636\" height=\"77\" srcset=\"https:\/\/blog.utp.edu.co\/cirugia\/files\/2020\/08\/BARRA12.png 636w, https:\/\/blog.utp.edu.co\/cirugia\/files\/2020\/08\/BARRA12-300x36.png 300w\" sizes=\"auto, (max-width: 636px) 100vw, 636px\" \/><\/p>\n<\/div>\n<\/div>\n<\/div>\n<\/div>\n<\/div>\n\n","protected":false},"excerpt":{"rendered":"<p>Los turnos se realizan el\u00a0 servicio de trauma del HUSJ. Turnos Estudiantes Cirug\u00eda\u00a0Marzo 16 Junio 28 Para realizar un \u00a0cambio [&hellip;]<\/p>\n","protected":false},"author":113,"featured_media":46371,"parent":40741,"menu_order":6,"comment_status":"closed","ping_status":"closed","template":"","meta":{"site-sidebar-layout":"default","site-content-layout":"","ast-site-content-layout":"default","site-content-style":"default","site-sidebar-style":"default","ast-global-header-display":"","ast-banner-title-visibility":"","ast-main-header-display":"","ast-hfb-above-header-display":"","ast-hfb-below-header-display":"","ast-hfb-mobile-header-display":"","site-post-title":"","ast-breadcrumbs-content":"","ast-featured-img":"","footer-sml-layout":"","ast-disable-related-posts":"","theme-transparent-header-meta":"","adv-header-id-meta":"","stick-header-meta":"","header-above-stick-meta":"","header-main-stick-meta":"","header-below-stick-meta":"","astra-migrate-meta-layouts":"default","ast-page-background-enabled":"default","ast-page-background-meta":{"desktop":{"background-color":"var(--ast-global-color-4)","background-image":"","background-repeat":"repeat","background-position":"center center","background-size":"auto","background-attachment":"scroll","background-type":"","background-media":"","overlay-type":"","overlay-color":"","overlay-opacity":"","overlay-gradient":""},"tablet":{"background-color":"","background-image":"","background-repeat":"repeat","background-position":"center center","background-size":"auto","background-attachment":"scroll","background-type":"","background-media":"","overlay-type":"","overlay-color":"","overlay-opacity":"","overlay-gradient":""},"mobile":{"background-color":"","background-image":"","background-repeat":"repeat","background-position":"center center","background-size":"auto","background-attachment":"scroll","background-type":"","background-media":"","overlay-type":"","overlay-color":"","overlay-opacity":"","overlay-gradient":""}},"ast-content-background-meta":{"desktop":{"background-color":"var(--ast-global-color-5)","background-image":"","background-repeat":"repeat","background-position":"center center","background-size":"auto","background-attachment":"scroll","background-type":"","background-media":"","overlay-type":"","overlay-color":"","overlay-opacity":"","overlay-gradient":""},"tablet":{"background-color":"var(--ast-global-color-5)","background-image":"","background-repeat":"repeat","background-position":"center center","background-size":"auto","background-attachment":"scroll","background-type":"","background-media":"","overlay-type":"","overlay-color":"","overlay-opacity":"","overlay-gradient":""},"mobile":{"background-color":"var(--ast-global-color-5)","background-image":"","background-repeat":"repeat","background-position":"center center","background-size":"auto","background-attachment":"scroll","background-type":"","background-media":"","overlay-type":"","overlay-color":"","overlay-opacity":"","overlay-gradient":""}},"footnotes":""},"class_list":["post-25261","page","type-page","status-publish","has-post-thumbnail","hentry"],"_links":{"self":[{"href":"https:\/\/blog.utp.edu.co\/cirugia\/wp-json\/wp\/v2\/pages\/25261","targetHints":{"allow":["GET"]}}],"collection":[{"href":"https:\/\/blog.utp.edu.co\/cirugia\/wp-json\/wp\/v2\/pages"}],"about":[{"href":"https:\/\/blog.utp.edu.co\/cirugia\/wp-json\/wp\/v2\/types\/page"}],"author":[{"embeddable":true,"href":"https:\/\/blog.utp.edu.co\/cirugia\/wp-json\/wp\/v2\/users\/113"}],"replies":[{"embeddable":true,"href":"https:\/\/blog.utp.edu.co\/cirugia\/wp-json\/wp\/v2\/comments?post=25261"}],"version-history":[{"count":18,"href":"https:\/\/blog.utp.edu.co\/cirugia\/wp-json\/wp\/v2\/pages\/25261\/revisions"}],"predecessor-version":[{"id":49121,"href":"https:\/\/blog.utp.edu.co\/cirugia\/wp-json\/wp\/v2\/pages\/25261\/revisions\/49121"}],"up":[{"embeddable":true,"href":"https:\/\/blog.utp.edu.co\/cirugia\/wp-json\/wp\/v2\/pages\/40741"}],"wp:featuredmedia":[{"embeddable":true,"href":"https:\/\/blog.utp.edu.co\/cirugia\/wp-json\/wp\/v2\/media\/46371"}],"wp:attachment":[{"href":"https:\/\/blog.utp.edu.co\/cirugia\/wp-json\/wp\/v2\/media?parent=25261"}],"curies":[{"name":"wp","href":"https:\/\/api.w.org\/{rel}","templated":true}]}}