{"id":2503,"date":"2011-07-18T20:04:10","date_gmt":"2011-07-18T20:04:10","guid":{"rendered":"http:\/\/blog.utp.edu.co\/cirugia\/?page_id=2503"},"modified":"2020-08-04T16:27:06","modified_gmt":"2020-08-04T16:27:06","slug":"abdomen","status":"publish","type":"page","link":"https:\/\/blog.utp.edu.co\/cirugia\/asignaturas\/cirugia-general\/bloques\/abdomen\/","title":{"rendered":"Abdomen"},"content":{"rendered":"<p style=\"text-align: justify\"><span style=\"color: #000000\">El paciente con dolor abdominal, puede presentar patolog\u00eda de manejo m\u00e9dico quir\u00fargico. La patolog\u00eda quir\u00fargica es variada y generalmente se acompa\u00f1a de repuesta sist\u00e9mica que ayuda a enfocar al paciente. El examen f\u00edsico completo incluye la valoraci\u00f3n de los signos vitales, el estado de las mucosas permite realizar una aproximaci\u00f3n m\u00e1s cercana al diagn\u00f3stico.<\/span><\/p>\n<ul>\n<li><span style=\"color: #000000\"><strong>Absceso Hep\u00e1tico:<span style=\"background-color: #ffffff\">\u00a0 \u00a0 <a style=\"background-color: #ffffff;color: #000000\" href=\"http:\/\/blog.utp.edu.co\/cirugia\/files\/2020\/05\/Clase-2.pdf\">Clase<\/a> \u00a0 \u00a0 \u00a0<a style=\"color: #000000;background-color: #ffffff\" href=\"http:\/\/blog.utp.edu.co\/cirugia\/files\/2020\/04\/Absceso-Hepatico.pdf\">Art\u00edculo <\/a>\u00a0<\/span><\/strong><\/span><\/li>\n<li><span style=\"color: #000000\"><strong><a style=\"color: #000000\" href=\"https:\/\/drive.google.com\/open?id=14Io7rvIaxTGru2KR5dgUcpnbjUxjk9vi&amp;authuser=0\">https:\/\/Pancreatitis Aguda<\/a>\u00a0<\/strong><\/span><\/li>\n<li><span style=\"color: #000000\"><strong>Colelitiasis:\u00a0 \u00a0<a style=\"color: #000000\" href=\"http:\/\/blog.utp.edu.co\/cirugia\/files\/2020\/05\/Clase4.pdf\">Clase<\/a>\u00a0<\/strong><\/span><\/li>\n<li><span style=\"color: #000000\"><strong><a style=\"color: #000000\" href=\"http:\/\/blog.utp.edu.co\/cirugia\/files\/2020\/04\/CLASES5.pdf\">Coledocolitiasis:<\/a><\/strong><strong>\u00a0 \u00a0<a style=\"color: #000000\" href=\"http:\/\/blog.utp.edu.co\/cirugia\/files\/2020\/04\/ARTICULO-.pdf\">Art\u00edculo\u00a0<\/a>\u00a0<\/strong><\/span><\/li>\n<li class=\"gmail_default\"><span style=\"color: #000000\"><strong>\u00a0<\/strong><strong><a style=\"color: #000000\" href=\"https:\/\/drive.google.com\/open?id=1K3r8v9qgbY-7I1Rntn0Ukj2dMzEiaBYr&amp;authuser=0\" target=\"_blank\" rel=\"noopener noreferrer\" data-saferedirecturl=\"https:\/\/www.google.com\/url?q=https:\/\/drive.google.com\/open?id%3D1K3r8v9qgbY-7I1Rntn0Ukj2dMzEiaBYr%26authuser%3D0&amp;source=gmail&amp;ust=1596110670028000&amp;usg=AFQjCNF_YbS7bSM29Jm6S3tDMJBx8-QuwQ\">https:\/\/Coledocolitiasis.Colecistectom\u00eda. Colecistitis<\/a>\u00a0<\/strong><\/span><\/li>\n<li><span style=\"color: #000000\"><strong>Patolog\u00eda Anorectal:\u00a0 <a style=\"color: #000000\" href=\"http:\/\/blog.utp.edu.co\/cirugia\/files\/2020\/04\/CLASEl.pdf\">Clase\u00a0 <\/a>\u00a0 \u00a0<\/strong><\/span><\/li>\n<li><span style=\"color: #000000\"><strong>\u00a0<a style=\"color: #000000\" href=\"http:\/\/blog.utp.edu.co\/cirugia\/files\/2020\/04\/CLASEl.pdf\">Reflujo:<\/a>\u00a0 \u00a0<a style=\"color: #000000\" href=\"http:\/\/blog.utp.edu.co\/cirugia\/files\/2020\/04\/CLASE-6.pdf\">Clase<\/a> \u00a0 \u00a0\u00a0<\/strong><\/span><\/li>\n<li><span style=\"color: #000000\"><strong>\u00a0<a style=\"color: #000000\" href=\"https:\/\/drive.google.com\/file\/d\/1ZEBS19QzD-rZ8sVsBS5G6q8AByL-daQZ\/view?usp=sharing\">https:\/\/Apendicitis\u00a0<\/a>\u00a0<\/strong><\/span><\/li>\n<li><span style=\"color: #000000\"><strong>\u00a0<a style=\"color: #000000\" href=\"https:\/\/drive.google.com\/file\/d\/1wgWBzxNSjG9Im5gfuM3bcadA9RDT6csx\/view?\">https:\/\/Enfermeda Diverticular. generalidades de Abdomen\u00a0 <\/a><\/strong><strong><a style=\"color: #000000\" href=\"https:\/\/drive.google.com\/file\/d\/1LIahN7_GkptR-iBHYnRpOp0C_j8hVCgQ\/view?usp=sharin\">\u00a0https:\/\/Obstrucci\u00f2n Intestinal<\/a>\u00a0<\/strong><\/span><\/li>\n<li><span style=\"color: #000000\"><u><strong>\u00a0<a style=\"color: #000000\" href=\"https:\/\/drive.google.com\/file\/d\/1nWzFduxw6OuPN1gtrEY8KXTcb_GTRnVI\/view?usp=sharing\">https:\/\/Masas Abdominales<\/a>\u00a0<\/strong><\/u><\/span><\/li>\n<li><span style=\"color: #000000\"><strong>Sangrado Digestivo:\u00a0 \u00a0 \u00a0 \u00a0 \u00a0 \u00a0 \u00a0 \u00a0 \u00a0 \u00a0 \u00a0 \u00a0 \u00a0 \u00a0 \u00a0 \u00a0 \u00a0 \u00a0 \u00a0 \u00a0 <\/strong><\/span><\/li>\n<li><span style=\"color: #000000\"><strong>\u00a0Hernias: \u00a0<a style=\"color: #000000\" href=\"http:\/\/blog.utp.edu.co\/cirugia\/files\/2020\/05\/Clase.pdf\">Clase\u00a0<\/a>\u00a0 \u00a0 <a style=\"color: #000000\" href=\"http:\/\/blog.utp.edu.co\/cirugia\/files\/2020\/05\/Documento.docx\">Documento<\/a><\/strong><\/span><\/li>\n<li><span style=\"color: #000000\"><b>\u00a0<\/b><strong>Trastornos Somatomorfos Facticios y Simulaci\u00f3n: <a style=\"color: #000000\" href=\"http:\/\/blog.utp.edu.co\/cirugia\/files\/2020\/04\/Clase4-1.pdf\">Clase<\/a><\/strong><\/span><\/li>\n<li><span style=\"color: #000000\"><strong><a style=\"color: #000000\" href=\"https:\/\/drive.google.com\/file\/d\/1j8JDsv67ucnxMA5609jIzq3PAQ4Pium5\/view?usp=sharing\">https:\/\/Derrame Pleural . N\u00f2duloPulmonar<\/a>\u00a0<\/strong><\/span><\/li>\n<\/ul>\n<p><img loading=\"lazy\" decoding=\"async\" class=\"size-full wp-image-48951 aligncenter\" src=\"http:\/\/blog.utp.edu.co\/cirugia\/files\/2020\/08\/BARRA12.png\" alt=\"\" width=\"636\" height=\"77\" srcset=\"https:\/\/blog.utp.edu.co\/cirugia\/files\/2020\/08\/BARRA12.png 636w, https:\/\/blog.utp.edu.co\/cirugia\/files\/2020\/08\/BARRA12-300x36.png 300w\" sizes=\"auto, (max-width: 636px) 100vw, 636px\" \/><\/p>\n","protected":false},"excerpt":{"rendered":"<p>El paciente con dolor abdominal, puede presentar patolog\u00eda de manejo m\u00e9dico quir\u00fargico. La patolog\u00eda quir\u00fargica es variada y generalmente se [&hellip;]<\/p>\n","protected":false},"author":113,"featured_media":46371,"parent":36691,"menu_order":4,"comment_status":"closed","ping_status":"open","template":"","meta":{"site-sidebar-layout":"default","site-content-layout":"","ast-site-content-layout":"default","site-content-style":"default","site-sidebar-style":"default","ast-global-header-display":"","ast-banner-title-visibility":"","ast-main-header-display":"","ast-hfb-above-header-display":"","ast-hfb-below-header-display":"","ast-hfb-mobile-header-display":"","site-post-title":"","ast-breadcrumbs-content":"","ast-featured-img":"","footer-sml-layout":"","ast-disable-related-posts":"","theme-transparent-header-meta":"","adv-header-id-meta":"","stick-header-meta":"","header-above-stick-meta":"","header-main-stick-meta":"","header-below-stick-meta":"","astra-migrate-meta-layouts":"default","ast-page-background-enabled":"default","ast-page-background-meta":{"desktop":{"background-color":"var(--ast-global-color-4)","background-image":"","background-repeat":"repeat","background-position":"center center","background-size":"auto","background-attachment":"scroll","background-type":"","background-media":"","overlay-type":"","overlay-color":"","overlay-opacity":"","overlay-gradient":""},"tablet":{"background-color":"","background-image":"","background-repeat":"repeat","background-position":"center center","background-size":"auto","background-attachment":"scroll","background-type":"","background-media":"","overlay-type":"","overlay-color":"","overlay-opacity":"","overlay-gradient":""},"mobile":{"background-color":"","background-image":"","background-repeat":"repeat","background-position":"center center","background-size":"auto","background-attachment":"scroll","background-type":"","background-media":"","overlay-type":"","overlay-color":"","overlay-opacity":"","overlay-gradient":""}},"ast-content-background-meta":{"desktop":{"background-color":"var(--ast-global-color-5)","background-image":"","background-repeat":"repeat","background-position":"center center","background-size":"auto","background-attachment":"scroll","background-type":"","background-media":"","overlay-type":"","overlay-color":"","overlay-opacity":"","overlay-gradient":""},"tablet":{"background-color":"var(--ast-global-color-5)","background-image":"","background-repeat":"repeat","background-position":"center center","background-size":"auto","background-attachment":"scroll","background-type":"","background-media":"","overlay-type":"","overlay-color":"","overlay-opacity":"","overlay-gradient":""},"mobile":{"background-color":"var(--ast-global-color-5)","background-image":"","background-repeat":"repeat","background-position":"center center","background-size":"auto","background-attachment":"scroll","background-type":"","background-media":"","overlay-type":"","overlay-color":"","overlay-opacity":"","overlay-gradient":""}},"footnotes":""},"class_list":["post-2503","page","type-page","status-publish","has-post-thumbnail","hentry"],"_links":{"self":[{"href":"https:\/\/blog.utp.edu.co\/cirugia\/wp-json\/wp\/v2\/pages\/2503","targetHints":{"allow":["GET"]}}],"collection":[{"href":"https:\/\/blog.utp.edu.co\/cirugia\/wp-json\/wp\/v2\/pages"}],"about":[{"href":"https:\/\/blog.utp.edu.co\/cirugia\/wp-json\/wp\/v2\/types\/page"}],"author":[{"embeddable":true,"href":"https:\/\/blog.utp.edu.co\/cirugia\/wp-json\/wp\/v2\/users\/113"}],"replies":[{"embeddable":true,"href":"https:\/\/blog.utp.edu.co\/cirugia\/wp-json\/wp\/v2\/comments?post=2503"}],"version-history":[{"count":151,"href":"https:\/\/blog.utp.edu.co\/cirugia\/wp-json\/wp\/v2\/pages\/2503\/revisions"}],"predecessor-version":[{"id":49071,"href":"https:\/\/blog.utp.edu.co\/cirugia\/wp-json\/wp\/v2\/pages\/2503\/revisions\/49071"}],"up":[{"embeddable":true,"href":"https:\/\/blog.utp.edu.co\/cirugia\/wp-json\/wp\/v2\/pages\/36691"}],"wp:featuredmedia":[{"embeddable":true,"href":"https:\/\/blog.utp.edu.co\/cirugia\/wp-json\/wp\/v2\/media\/46371"}],"wp:attachment":[{"href":"https:\/\/blog.utp.edu.co\/cirugia\/wp-json\/wp\/v2\/media?parent=2503"}],"curies":[{"name":"wp","href":"https:\/\/api.w.org\/{rel}","templated":true}]}}