{"id":24971,"date":"2017-11-30T15:25:32","date_gmt":"2017-11-30T15:25:32","guid":{"rendered":"http:\/\/blog.utp.edu.co\/cirugia\/?page_id=24971"},"modified":"2020-06-01T14:01:28","modified_gmt":"2020-06-01T14:01:28","slug":"revision-tema-de-cirugia","status":"publish","type":"page","link":"https:\/\/blog.utp.edu.co\/cirugia\/asignaturas\/internado\/revision-tema-de-cirugia\/","title":{"rendered":"Programaci\u00f3n de Cirug\u00eda"},"content":{"rendered":"<p style=\"text-align: justify\"><span style=\"color: #000000\">Las revisiones de tema de Cirug\u00eda General\u00a0 <\/span><span style=\"color: #000080\"><span style=\"color: #000000\">Se realizan:<\/span>\u00a0<\/span><\/p>\n<p><strong><em><span style=\"color: #000000\">JUEVES<\/span>:<\/em><\/strong><span style=\"color: #000080\"><span style=\"color: #000000\"><strong>\u00a0 \u00a09:00AM<\/strong>:\u00a0 Doctor Rodolfo Adri\u00e1n Cabrales Vega. asisten, los internos que est\u00e1n en:\u00a0 Trauma-Ayudantias y Salas. En la sede de Ciencias\u00a0 Clinicas.<\/span><\/span><\/p>\n<p style=\"text-align: justify\"><span style=\"color: #000000\"><strong>JUEVES 2:00pm<\/strong>, en la sede de Ciencias Cl\u00ednicas, con el doctor Bernardo Alfonso Borraez Segura.\u00a0 Asisten todos los internos que est\u00e1n en Cirug\u00eda y Especialidades.<\/span><\/p>\n<p><strong>JUEVES:\u00a0 4:30PM<\/strong>, en la sede de Ciencias Cl\u00ednicas , revisi\u00f3n tema doctor Yezid Cahvarro Forero, asisten todos los internos que est\u00e1n en Cirug\u00eda y Especialidades.<\/p>\n<p style=\"text-align: justify\"><span style=\"color: #000000\">Durante\u00a012 semanas\u00a0\u00a0por Cl\u00ednicas Quir\u00fargicas del Adulto, realizan rotaciones por:<\/span><\/p>\n<p style=\"text-align: justify\"><span style=\"color: #000000\">Cirug\u00eda General. \u00a0Trauma &#8211; Ayudant\u00edas y Salas, Anestesia, Cirug\u00eda Pl\u00e1stica, Neurocirug\u00eda y Ortopedia.<\/span><\/p>\n<p><strong>Agenda de Ortopedia Dr Chavarro :<\/strong>\u00a0\u00a0<strong><span style=\"color: #000000\"><a style=\"color: #000000\" href=\"http:\/\/blog.utp.edu.co\/cirugia\/internado\/revision-tema-de-cirugia\/agenda-dr-chavarro-de-ortopedia\/\" rel=\"attachment wp-att-29171\">Agenda de Ortopedia\u00a0<\/a>\u00a0<\/span><\/strong><\/p>\n<p><strong><span style=\"text-decoration: underline\"><em><span style=\"color: #000000;text-decoration: underline\">\u00a0Los Internos de Cirugia General.\u00a0 Anestesia.\u00a0 Urgencias San Joaquin<\/span><\/em><\/span><\/strong><\/p>\n<p><span style=\"background-color: #ffffff\"><strong><span style=\"color: #000000\"><u>Presentar\u00e1n Caso o Junta de Decisiones.\u00a0 Seg\u00fan Programaci\u00f3n\u00a0<\/u><\/span><\/strong><\/span><\/p>\n<p><strong><span style=\"text-align: left;color: #000000;line-height: 24px;text-indent: 0px;letter-spacing: normal;font-family: Georgia,'Bitstream Charter',serif;font-size: 16px;font-style: normal;font-variant: normal;text-decoration: none;float: none;background-color: transparent\">Encargados de Junta de Decisiones y Caso Interesante.<\/span><\/strong><br \/>\n<span style=\"font: 400 16px\/24px Georgia,'Bitstream Charter',serif;text-align: left;color: #000000;text-indent: 0px;letter-spacing: normal;text-decoration: none;float: none;background-color: transparent\"><strong>Junta de Decisiones:<\/strong> Dr. Luis Javier Villota G. celular 3162567680<\/span><br \/>\n<span style=\"color: #000000\"><span style=\"font: 400 16px\/24px Georgia,'Bitstream Charter',serif;text-align: left;text-indent: 0px;letter-spacing: normal;text-decoration: none;float: none;background-color: transparent\"><strong>Caso Interesante<\/strong>: \u00a0 \u00a0 \u00a0\u00a0 Dr. Carlos Enrique Ram\u00edrez I. Celular 311 3677308<\/span><\/span><\/p>\n<p><b><\/b><i><\/i><u><\/u><strong><span style=\"color: #000000\"><a style=\"color: #000000;line-height: 24px\" href=\"http:\/\/blog.utp.edu.co\/cirugia\/files\/2014\/05\/Pautas-para-Preparaci\u00f3n-y-Presentaci\u00f3n-de-Juntas-.pdf\"><span style=\"line-height: 24px\">Pa<span style=\"color: #000000\">utas para preparaci\u00f3n y<\/span><\/span><span style=\"line-height: 24px;color: #000000\"> presentaci\u00f3n de juntas<\/span><\/a><\/span><\/strong><\/p>\n<p><span style=\"color: #000000\"><strong><span style=\"background-color: #ffffff\"><a style=\"color: #000000;line-height: 24px;background-color: #ffffff\" href=\"http:\/\/blog.utp.edu.co\/cirugia\/files\/2014\/05\/Pautas-para-Preparaci\u00f3n-y-Presentaci\u00f3nde-Caso-Interesante-1.pdf\"><span style=\"line-height: 24px\">Pautas para \u00a0preparaci\u00f3n y \u00a0presentaci\u00f3n de caso interesante<\/span><\/a><\/span><\/strong><\/span><\/p>\n<p><span style=\"color: #000000;background-color: #ffffff\"><strong>P<a style=\"color: #000000;line-height: 24px;background-color: #ffffff\" href=\"http:\/\/blog.utp.edu.co\/cirugia\/files\/2014\/05\/plantilla-1.ppt\"><span style=\"line-height: 24px\">lantilla 1<\/span><\/a><span style=\"line-height: 24px\">\u00a0<\/span> <span style=\"line-height: 24px\">\u00a0 \u00a0 \u00a0 \u00a0\u00a0<\/span><a style=\"color: #000000;line-height: 24px;background-color: #ffffff\" href=\"http:\/\/blog.utp.edu.co\/cirugia\/files\/2014\/05\/plantilla-2.ppt\"><span style=\"line-height: 24px\">Plantilla<\/span> <span style=\"line-height: 24px\">2<\/span><\/a><span style=\"line-height: 24px\">\u00a0<\/span>\u00a0\u00a0\u00a0<\/strong><\/span><\/p>\n<p><span style=\"text-decoration: underline\"><span style=\"color: #000080;text-decoration: underline\"><strong><span style=\"color: #000080;text-decoration: underline\">Art\u00edculos de Cirug\u00eda :<\/span><\/strong><\/span><\/span><\/p>\n<ul>\n<li><a href=\"http:\/\/blog.utp.edu.co\/cirugia\/internado\/abdomen-agudo-documento\/\"><span style=\"color: #000080\"><span style=\"color: #000000\">Abdomen \u00a0Agudo (Documento)<\/span><\/span><\/a><span style=\"color: #000000\">\u00a0<\/span><\/li>\n<li><span style=\"color: #000000\"> <a style=\"color: #000000\" href=\"http:\/\/blog.utp.edu.co\/cirugia\/internado\/abdomen-agudo-guia-rapida\/\">Abdomen Agudo Gu\u00eda R\u00e1pida<\/a> <\/span><\/li>\n<li><span style=\"color: #000000\"><a style=\"color: #000000\" href=\"http:\/\/blog.utp.edu.co\/cirugia\/internado\/emergencia-en-hernias\/\">Emergencia en Hernias <\/a><\/span><\/li>\n<li><span style=\"color: #000000\"><a style=\"color: #000000\" href=\"http:\/\/blog.utp.edu.co\/cirugia\/internado\/revision-tema-de-cirugia\/apendicitis-3\/\" rel=\"attachment wp-att-25031\">Apendicitis<\/a><\/span><\/li>\n<li><span style=\"color: #000080\"><span style=\"color: #000000\"> <a style=\"color: #000000\" href=\"http:\/\/blog.utp.edu.co\/cirugia\/internado\/revision-tema-de-cirugia\/trauma-de-torax-3\/\" rel=\"attachment wp-att-25051\">Trau<\/a>ma de Torax \u00a0 \u00a0 \u00a0\u00a0<\/span><\/span><\/li>\n<li><span style=\"color: #000080\"> <a style=\"color: #000080\" href=\"http:\/\/blog.utp.edu.co\/cirugia\/internado\/resucitacion-hipovolemica\/\"><span style=\"color: #000000\">Resucitaci\u00f3n Hipovol\u00e9mica<\/span><\/a><\/span><\/li>\n<li><span style=\"color: #000000\"><a style=\"color: #000000\" href=\"http:\/\/blog.utp.edu.co\/cirugia\/internado\/enfermedad-diverticular-5\/\">Enfermedad Diverticular<\/a> <\/span><\/li>\n<li><span style=\"color: #000000\"><a style=\"color: #000000\" href=\"http:\/\/blog.utp.edu.co\/cirugia\/internado\/infecciones-intraabdominales\/\">Infecciones \u00a0Intraabdominales\u00a0<\/a> <\/span><\/li>\n<li><span style=\"color: #000000\"><a style=\"color: #000000\" href=\"http:\/\/blog.utp.edu.co\/cirugia\/internado\/litogenesis-y-metabolismo-de-la-bilis\/\">Litog\u00e9nesis y metabolismo de la Bilis<\/a><\/span><\/li>\n<li><span style=\"color: #000000\"><a style=\"color: #000000\" href=\"http:\/\/blog.utp.edu.co\/cirugia\/internado\/obstruccion-intestinal-7\/\">Obstrucci\u00f3n \u00a0Intestinal\u00a0<\/a> <\/span><\/li>\n<li><span style=\"color: #000000\"><a style=\"color: #000000\" href=\"http:\/\/blog.utp.edu.co\/cirugia\/internado\/manejo-quirurgico-de-trauma-vascular\/\">Manejo Quir\u00fargico de Trauma Vascular<\/a><\/span><\/li>\n<li><span style=\"color: #000000\"> <a style=\"color: #000000\" href=\"http:\/\/blog.utp.edu.co\/cirugia\/internado\/resucitacion-hidrica-entrauma\/\">Resucitaci\u00f3n Hidr\u00edca en Trauma<\/a>\u00a0<\/span><\/li>\n<\/ul>\n<p><img loading=\"lazy\" decoding=\"async\" class=\"alignright size-full wp-image-45271\" src=\"http:\/\/blog.utp.edu.co\/cirugia\/files\/2020\/06\/imagen-para-el-blog.jpg\" alt=\"\" width=\"1093\" height=\"146\" srcset=\"https:\/\/blog.utp.edu.co\/cirugia\/files\/2020\/06\/imagen-para-el-blog.jpg 1093w, https:\/\/blog.utp.edu.co\/cirugia\/files\/2020\/06\/imagen-para-el-blog-300x40.jpg 300w, https:\/\/blog.utp.edu.co\/cirugia\/files\/2020\/06\/imagen-para-el-blog-1024x137.jpg 1024w, https:\/\/blog.utp.edu.co\/cirugia\/files\/2020\/06\/imagen-para-el-blog-768x103.jpg 768w\" sizes=\"auto, (max-width: 1093px) 100vw, 1093px\" \/><\/p>\n<p><span style=\"color: #003366\"><b>\u00a0<\/b><\/span><\/p>\n<p><span style=\"color: #000080\">\u00a0\u00a0<\/span><\/p>\n","protected":false},"excerpt":{"rendered":"<p>Las revisiones de tema de Cirug\u00eda General\u00a0 Se realizan:\u00a0 JUEVES:\u00a0 \u00a09:00AM:\u00a0 Doctor Rodolfo Adri\u00e1n Cabrales Vega. asisten, los internos que [&hellip;]<\/p>\n","protected":false},"author":113,"featured_media":44921,"parent":7718,"menu_order":1,"comment_status":"closed","ping_status":"closed","template":"","meta":{"site-sidebar-layout":"default","site-content-layout":"","ast-site-content-layout":"default","site-content-style":"default","site-sidebar-style":"default","ast-global-header-display":"","ast-banner-title-visibility":"","ast-main-header-display":"","ast-hfb-above-header-display":"","ast-hfb-below-header-display":"","ast-hfb-mobile-header-display":"","site-post-title":"","ast-breadcrumbs-content":"","ast-featured-img":"","footer-sml-layout":"","ast-disable-related-posts":"","theme-transparent-header-meta":"","adv-header-id-meta":"","stick-header-meta":"","header-above-stick-meta":"","header-main-stick-meta":"","header-below-stick-meta":"","astra-migrate-meta-layouts":"default","ast-page-background-enabled":"default","ast-page-background-meta":{"desktop":{"background-color":"var(--ast-global-color-4)","background-image":"","background-repeat":"repeat","background-position":"center center","background-size":"auto","background-attachment":"scroll","background-type":"","background-media":"","overlay-type":"","overlay-color":"","overlay-opacity":"","overlay-gradient":""},"tablet":{"background-color":"","background-image":"","background-repeat":"repeat","background-position":"center center","background-size":"auto","background-attachment":"scroll","background-type":"","background-media":"","overlay-type":"","overlay-color":"","overlay-opacity":"","overlay-gradient":""},"mobile":{"background-color":"","background-image":"","background-repeat":"repeat","background-position":"center center","background-size":"auto","background-attachment":"scroll","background-type":"","background-media":"","overlay-type":"","overlay-color":"","overlay-opacity":"","overlay-gradient":""}},"ast-content-background-meta":{"desktop":{"background-color":"var(--ast-global-color-5)","background-image":"","background-repeat":"repeat","background-position":"center center","background-size":"auto","background-attachment":"scroll","background-type":"","background-media":"","overlay-type":"","overlay-color":"","overlay-opacity":"","overlay-gradient":""},"tablet":{"background-color":"var(--ast-global-color-5)","background-image":"","background-repeat":"repeat","background-position":"center center","background-size":"auto","background-attachment":"scroll","background-type":"","background-media":"","overlay-type":"","overlay-color":"","overlay-opacity":"","overlay-gradient":""},"mobile":{"background-color":"var(--ast-global-color-5)","background-image":"","background-repeat":"repeat","background-position":"center center","background-size":"auto","background-attachment":"scroll","background-type":"","background-media":"","overlay-type":"","overlay-color":"","overlay-opacity":"","overlay-gradient":""}},"footnotes":""},"class_list":["post-24971","page","type-page","status-publish","has-post-thumbnail","hentry"],"_links":{"self":[{"href":"https:\/\/blog.utp.edu.co\/cirugia\/wp-json\/wp\/v2\/pages\/24971","targetHints":{"allow":["GET"]}}],"collection":[{"href":"https:\/\/blog.utp.edu.co\/cirugia\/wp-json\/wp\/v2\/pages"}],"about":[{"href":"https:\/\/blog.utp.edu.co\/cirugia\/wp-json\/wp\/v2\/types\/page"}],"author":[{"embeddable":true,"href":"https:\/\/blog.utp.edu.co\/cirugia\/wp-json\/wp\/v2\/users\/113"}],"replies":[{"embeddable":true,"href":"https:\/\/blog.utp.edu.co\/cirugia\/wp-json\/wp\/v2\/comments?post=24971"}],"version-history":[{"count":54,"href":"https:\/\/blog.utp.edu.co\/cirugia\/wp-json\/wp\/v2\/pages\/24971\/revisions"}],"predecessor-version":[{"id":45361,"href":"https:\/\/blog.utp.edu.co\/cirugia\/wp-json\/wp\/v2\/pages\/24971\/revisions\/45361"}],"up":[{"embeddable":true,"href":"https:\/\/blog.utp.edu.co\/cirugia\/wp-json\/wp\/v2\/pages\/7718"}],"wp:featuredmedia":[{"embeddable":true,"href":"https:\/\/blog.utp.edu.co\/cirugia\/wp-json\/wp\/v2\/media\/44921"}],"wp:attachment":[{"href":"https:\/\/blog.utp.edu.co\/cirugia\/wp-json\/wp\/v2\/media?parent=24971"}],"curies":[{"name":"wp","href":"https:\/\/api.w.org\/{rel}","templated":true}]}}