{"id":24801,"date":"2017-11-30T14:40:50","date_gmt":"2017-11-30T14:40:50","guid":{"rendered":"http:\/\/blog.utp.edu.co\/cirugia\/?page_id=24801"},"modified":"2020-06-03T20:56:27","modified_gmt":"2020-06-03T20:56:27","slug":"formato-de-evaluacion-2","status":"publish","type":"page","link":"https:\/\/blog.utp.edu.co\/cirugia\/asignaturas\/internado\/formato-de-evaluacion-2\/","title":{"rendered":"Formato de Evaluaci\u00f3n y Reglamento de Internado"},"content":{"rendered":"<p><strong><u>EVALUACI\u00d3N\u00a0 GENERAL:<\/u><\/strong><\/p>\n<p>Al Finalizar la rotaci\u00f3n se realizar\u00e1 examen de cirug\u00eda, que tiene un valor del 20%.<\/p>\n<p>La nota definitiva se obtiene del promedio de la Subrotaciones as\u00ed:<\/p>\n<p><strong>\u00a0Cirug\u00eda general:\u00a0 <\/strong>Trauma Ayudant\u00edas:\u00a0\u00a0 50% de la nota<\/p>\n<p><strong>Las Subrotaciones de Especialidades:<\/strong> corresponde el otro 50%, sin embargo, de acuerdo con el reglamento vigente, la p\u00e9rdida\u00a0 de una\u00a0 subrotaci\u00f3n obliga a su repetici\u00f3n.<\/p>\n<p><strong>\u00a0<\/strong><strong><a href=\"http:\/\/blog.utp.edu.co\/cirugia\/files\/2020\/05\/Formato-de-Evaluaci\u00f3n.pdf\"><span style=\"color: #000000\">Formato de Evaluaci\u00f3n<\/span><\/a><\/strong><\/p>\n<p><span style=\"color: #000000\"><strong><a style=\"color: #000000\" href=\"http:\/\/blog.utp.edu.co\/cirugia\/files\/2020\/06\/Reglamento-de-Internado.pdf\">Reglamento de Internado<\/a><\/strong><\/span><\/p>\n<p><img loading=\"lazy\" decoding=\"async\" class=\"alignright size-full wp-image-46311\" src=\"http:\/\/blog.utp.edu.co\/cirugia\/files\/2020\/06\/imagen-para-el-blog-2.jpg\" alt=\"\" width=\"1093\" height=\"146\" srcset=\"https:\/\/blog.utp.edu.co\/cirugia\/files\/2020\/06\/imagen-para-el-blog-2.jpg 1093w, https:\/\/blog.utp.edu.co\/cirugia\/files\/2020\/06\/imagen-para-el-blog-2-300x40.jpg 300w, https:\/\/blog.utp.edu.co\/cirugia\/files\/2020\/06\/imagen-para-el-blog-2-1024x137.jpg 1024w, https:\/\/blog.utp.edu.co\/cirugia\/files\/2020\/06\/imagen-para-el-blog-2-768x103.jpg 768w\" sizes=\"auto, (max-width: 1093px) 100vw, 1093px\" \/><\/p>\n","protected":false},"excerpt":{"rendered":"<p>EVALUACI\u00d3N\u00a0 GENERAL: Al Finalizar la rotaci\u00f3n se realizar\u00e1 examen de cirug\u00eda, que tiene un valor del 20%. La nota definitiva [&hellip;]<\/p>\n","protected":false},"author":113,"featured_media":46081,"parent":7718,"menu_order":2,"comment_status":"closed","ping_status":"closed","template":"","meta":{"site-sidebar-layout":"default","site-content-layout":"","ast-site-content-layout":"default","site-content-style":"default","site-sidebar-style":"default","ast-global-header-display":"","ast-banner-title-visibility":"","ast-main-header-display":"","ast-hfb-above-header-display":"","ast-hfb-below-header-display":"","ast-hfb-mobile-header-display":"","site-post-title":"","ast-breadcrumbs-content":"","ast-featured-img":"","footer-sml-layout":"","ast-disable-related-posts":"","theme-transparent-header-meta":"","adv-header-id-meta":"","stick-header-meta":"","header-above-stick-meta":"","header-main-stick-meta":"","header-below-stick-meta":"","astra-migrate-meta-layouts":"default","ast-page-background-enabled":"default","ast-page-background-meta":{"desktop":{"background-color":"var(--ast-global-color-4)","background-image":"","background-repeat":"repeat","background-position":"center center","background-size":"auto","background-attachment":"scroll","background-type":"","background-media":"","overlay-type":"","overlay-color":"","overlay-opacity":"","overlay-gradient":""},"tablet":{"background-color":"","background-image":"","background-repeat":"repeat","background-position":"center center","background-size":"auto","background-attachment":"scroll","background-type":"","background-media":"","overlay-type":"","overlay-color":"","overlay-opacity":"","overlay-gradient":""},"mobile":{"background-color":"","background-image":"","background-repeat":"repeat","background-position":"center center","background-size":"auto","background-attachment":"scroll","background-type":"","background-media":"","overlay-type":"","overlay-color":"","overlay-opacity":"","overlay-gradient":""}},"ast-content-background-meta":{"desktop":{"background-color":"var(--ast-global-color-5)","background-image":"","background-repeat":"repeat","background-position":"center center","background-size":"auto","background-attachment":"scroll","background-type":"","background-media":"","overlay-type":"","overlay-color":"","overlay-opacity":"","overlay-gradient":""},"tablet":{"background-color":"var(--ast-global-color-5)","background-image":"","background-repeat":"repeat","background-position":"center center","background-size":"auto","background-attachment":"scroll","background-type":"","background-media":"","overlay-type":"","overlay-color":"","overlay-opacity":"","overlay-gradient":""},"mobile":{"background-color":"var(--ast-global-color-5)","background-image":"","background-repeat":"repeat","background-position":"center center","background-size":"auto","background-attachment":"scroll","background-type":"","background-media":"","overlay-type":"","overlay-color":"","overlay-opacity":"","overlay-gradient":""}},"footnotes":""},"class_list":["post-24801","page","type-page","status-publish","has-post-thumbnail","hentry"],"_links":{"self":[{"href":"https:\/\/blog.utp.edu.co\/cirugia\/wp-json\/wp\/v2\/pages\/24801","targetHints":{"allow":["GET"]}}],"collection":[{"href":"https:\/\/blog.utp.edu.co\/cirugia\/wp-json\/wp\/v2\/pages"}],"about":[{"href":"https:\/\/blog.utp.edu.co\/cirugia\/wp-json\/wp\/v2\/types\/page"}],"author":[{"embeddable":true,"href":"https:\/\/blog.utp.edu.co\/cirugia\/wp-json\/wp\/v2\/users\/113"}],"replies":[{"embeddable":true,"href":"https:\/\/blog.utp.edu.co\/cirugia\/wp-json\/wp\/v2\/comments?post=24801"}],"version-history":[{"count":13,"href":"https:\/\/blog.utp.edu.co\/cirugia\/wp-json\/wp\/v2\/pages\/24801\/revisions"}],"predecessor-version":[{"id":46741,"href":"https:\/\/blog.utp.edu.co\/cirugia\/wp-json\/wp\/v2\/pages\/24801\/revisions\/46741"}],"up":[{"embeddable":true,"href":"https:\/\/blog.utp.edu.co\/cirugia\/wp-json\/wp\/v2\/pages\/7718"}],"wp:featuredmedia":[{"embeddable":true,"href":"https:\/\/blog.utp.edu.co\/cirugia\/wp-json\/wp\/v2\/media\/46081"}],"wp:attachment":[{"href":"https:\/\/blog.utp.edu.co\/cirugia\/wp-json\/wp\/v2\/media?parent=24801"}],"curies":[{"name":"wp","href":"https:\/\/api.w.org\/{rel}","templated":true}]}}