{"id":22021,"date":"2017-08-04T15:55:46","date_gmt":"2017-08-04T15:55:46","guid":{"rendered":"http:\/\/blog.utp.edu.co\/cirugia\/?page_id=22021"},"modified":"2020-08-04T17:00:17","modified_gmt":"2020-08-04T17:00:17","slug":"programa-de-neurocirugia","status":"publish","type":"page","link":"https:\/\/blog.utp.edu.co\/cirugia\/asignaturas\/especialidades-quirurgicas\/programa-de-neurocirugia\/","title":{"rendered":"Neurocirug\u00eda"},"content":{"rendered":"<p style=\"text-align: justify\">La <b>Neurocirug\u00eda<\/b>\u00a0 es la ciencia m\u00e9dica que estudia las enfermedades que afectan al sistema nervioso que requieren o pueden requerir un tratamiento quir\u00fargico en alg\u00fan momento de su evoluci\u00f3n.<\/p>\n<p><strong><u>RONDA DE \u00a0NEUROCIRUGIA<\/u>: \u00a0 Docente:<span style=\"text-decoration: underline\">\u00a0<\/span><\/strong>\u00a0Doctora Adriana Milena P\u00e1ez<\/p>\n<p><b><u>Martes<\/u><\/b><strong><u>: <\/u><\/strong>7:00am en el servicio de Neurocirug\u00eda deben preparar los siguientes temas:<\/p>\n<p><strong><u>Temas de revisi\u00f2n <\/u><\/strong>: hidrocefalia y hemorragia subaracnoidea.<\/p>\n<p><strong><span style=\"color: #000000\">TEC y Trauma Raquimedular: \u00a0<span style=\"color: #000080\"><a style=\"color: #000080\" href=\"http:\/\/blog.utp.edu.co\/cirugia\/files\/2020\/04\/Clase-TCE-y-TRM-estudiantes-UTP-Marzo-2020.pdf\">Clase\u00a0<\/a><\/span><\/span><\/strong><\/p>\n<p><img loading=\"lazy\" decoding=\"async\" class=\" wp-image-49201 aligncenter\" src=\"http:\/\/blog.utp.edu.co\/cirugia\/files\/2020\/08\/BARRA01.jpg\" alt=\"\" width=\"674\" height=\"81\" srcset=\"https:\/\/blog.utp.edu.co\/cirugia\/files\/2020\/08\/BARRA01.jpg 582w, https:\/\/blog.utp.edu.co\/cirugia\/files\/2020\/08\/BARRA01-300x36.jpg 300w\" sizes=\"auto, (max-width: 674px) 100vw, 674px\" \/><\/p>\n<p><img loading=\"lazy\" decoding=\"async\" class=\"alignright size-full wp-image-42371\" src=\"http:\/\/blog.utp.edu.co\/cirugia\/files\/2020\/05\/imagen-para-el-blog-3.jpg\" alt=\"\" width=\"1093\" height=\"146\" \/><\/p>\n","protected":false},"excerpt":{"rendered":"<p>La Neurocirug\u00eda\u00a0 es la ciencia m\u00e9dica que estudia las enfermedades que afectan al sistema nervioso que requieren o pueden requerir [&hellip;]<\/p>\n","protected":false},"author":113,"featured_media":43101,"parent":2837,"menu_order":2,"comment_status":"closed","ping_status":"closed","template":"","meta":{"site-sidebar-layout":"default","site-content-layout":"","ast-site-content-layout":"default","site-content-style":"default","site-sidebar-style":"default","ast-global-header-display":"","ast-banner-title-visibility":"","ast-main-header-display":"","ast-hfb-above-header-display":"","ast-hfb-below-header-display":"","ast-hfb-mobile-header-display":"","site-post-title":"","ast-breadcrumbs-content":"","ast-featured-img":"","footer-sml-layout":"","ast-disable-related-posts":"","theme-transparent-header-meta":"","adv-header-id-meta":"","stick-header-meta":"","header-above-stick-meta":"","header-main-stick-meta":"","header-below-stick-meta":"","astra-migrate-meta-layouts":"default","ast-page-background-enabled":"default","ast-page-background-meta":{"desktop":{"background-color":"var(--ast-global-color-4)","background-image":"","background-repeat":"repeat","background-position":"center center","background-size":"auto","background-attachment":"scroll","background-type":"","background-media":"","overlay-type":"","overlay-color":"","overlay-opacity":"","overlay-gradient":""},"tablet":{"background-color":"","background-image":"","background-repeat":"repeat","background-position":"center center","background-size":"auto","background-attachment":"scroll","background-type":"","background-media":"","overlay-type":"","overlay-color":"","overlay-opacity":"","overlay-gradient":""},"mobile":{"background-color":"","background-image":"","background-repeat":"repeat","background-position":"center center","background-size":"auto","background-attachment":"scroll","background-type":"","background-media":"","overlay-type":"","overlay-color":"","overlay-opacity":"","overlay-gradient":""}},"ast-content-background-meta":{"desktop":{"background-color":"var(--ast-global-color-5)","background-image":"","background-repeat":"repeat","background-position":"center center","background-size":"auto","background-attachment":"scroll","background-type":"","background-media":"","overlay-type":"","overlay-color":"","overlay-opacity":"","overlay-gradient":""},"tablet":{"background-color":"var(--ast-global-color-5)","background-image":"","background-repeat":"repeat","background-position":"center center","background-size":"auto","background-attachment":"scroll","background-type":"","background-media":"","overlay-type":"","overlay-color":"","overlay-opacity":"","overlay-gradient":""},"mobile":{"background-color":"var(--ast-global-color-5)","background-image":"","background-repeat":"repeat","background-position":"center center","background-size":"auto","background-attachment":"scroll","background-type":"","background-media":"","overlay-type":"","overlay-color":"","overlay-opacity":"","overlay-gradient":""}},"footnotes":""},"class_list":["post-22021","page","type-page","status-publish","has-post-thumbnail","hentry"],"_links":{"self":[{"href":"https:\/\/blog.utp.edu.co\/cirugia\/wp-json\/wp\/v2\/pages\/22021","targetHints":{"allow":["GET"]}}],"collection":[{"href":"https:\/\/blog.utp.edu.co\/cirugia\/wp-json\/wp\/v2\/pages"}],"about":[{"href":"https:\/\/blog.utp.edu.co\/cirugia\/wp-json\/wp\/v2\/types\/page"}],"author":[{"embeddable":true,"href":"https:\/\/blog.utp.edu.co\/cirugia\/wp-json\/wp\/v2\/users\/113"}],"replies":[{"embeddable":true,"href":"https:\/\/blog.utp.edu.co\/cirugia\/wp-json\/wp\/v2\/comments?post=22021"}],"version-history":[{"count":11,"href":"https:\/\/blog.utp.edu.co\/cirugia\/wp-json\/wp\/v2\/pages\/22021\/revisions"}],"predecessor-version":[{"id":49271,"href":"https:\/\/blog.utp.edu.co\/cirugia\/wp-json\/wp\/v2\/pages\/22021\/revisions\/49271"}],"up":[{"embeddable":true,"href":"https:\/\/blog.utp.edu.co\/cirugia\/wp-json\/wp\/v2\/pages\/2837"}],"wp:featuredmedia":[{"embeddable":true,"href":"https:\/\/blog.utp.edu.co\/cirugia\/wp-json\/wp\/v2\/media\/43101"}],"wp:attachment":[{"href":"https:\/\/blog.utp.edu.co\/cirugia\/wp-json\/wp\/v2\/media?parent=22021"}],"curies":[{"name":"wp","href":"https:\/\/api.w.org\/{rel}","templated":true}]}}