{"id":21911,"date":"2017-08-04T14:31:58","date_gmt":"2017-08-04T14:31:58","guid":{"rendered":"http:\/\/blog.utp.edu.co\/cirugia\/?page_id=21911"},"modified":"2020-08-04T21:08:20","modified_gmt":"2020-08-04T21:08:20","slug":"21911-2","status":"publish","type":"page","link":"https:\/\/blog.utp.edu.co\/cirugia\/asignaturas\/especialidades-quirurgicas\/21911-2\/","title":{"rendered":"Urolog\u00eda"},"content":{"rendered":"<p style=\"text-align: justify\">La urolog\u00eda es la especialidad m\u00e9dico-quir\u00fargica que se ocupa del estudio, diagn\u00f3stico y tratamiento de las patolog\u00edas que afectan al aparato urinario de hombres y mujeres. Para esta especialidad son prerrequisitos los conocimientos de anatom\u00eda, fisiolog\u00eda y semiolog\u00eda previamente adquiridos.<\/p>\n<p style=\"text-align: justify\">Tiene como objetivo Lograr, que el\u00a0 estudiante, aprenda, conozca y maneje una patolog\u00eda\u00a0 que\u00a0 es\u00a0 de todos\u00a0 los d\u00edas.<\/p>\n<p>Docentes: \u00a0Doctora Catalina Osorio Ospino.\u00a0 \u00a0 Doctor Rodrigo Silva Aguilera.<\/p>\n<h3><strong><span style=\"color: #000000\"><a href=\"http:\/\/blog.utp.edu.co\/cirugia\/especialidades-quirurgicas\/21911-2\/programa-de-urologia\/\" rel=\"attachment wp-att-21971\"><span style=\"color: #000000\">Programa de Urolog\u00eda<\/span><\/a><\/span><\/strong><\/h3>\n<p><span style=\"color: #000000\"><strong><u>HORARIO DE RONDAS<\/u><u>\u00a0<\/u><\/strong><\/span><\/p>\n<p style=\"text-align: justify\"><span style=\"color: #000000\"><strong><span style=\"background-color: #ffffff\"><u>Doctor Rodrigo Silva:<\/u><\/span><\/strong><\/span><\/p>\n<ul>\n<li style=\"text-align: justify\"><span style=\"color: #000000\"><strong><u>Martes<\/u><\/strong> \u00a0\u00a07:00am \u00a0\u00a0\u00a0\u00a0\u00a0\u00a0Calculaser megacentro<\/span><\/li>\n<li style=\"text-align: justify\"><span style=\"color: #000000\"><strong><u>Temas:<\/u> \u00a0 \u00a0 <\/strong>Leer y dominar los temas ya vistos<\/span><\/li>\n<li><span style=\"color: #000000\"><strong><span style=\"text-decoration: underline\">Martes Temas<\/span>:\u00a0<\/strong> C\u00e1lculos de la v\u00eda urinaria,D<\/span>x\u2014tratamiento<\/li>\n<\/ul>\n<p style=\"text-align: justify\">Prostata.\u00a0 \u00a0 Deben estudiar incontinencia de orina femenina.<\/p>\n<p>\u00a0C\u00e1lculos de la v\u00eda urinaria, Dx &#8211; tratamiento<\/p>\n<p><strong>DEBEN LLEVAR ROPA PARA ENTRAR A CIRUGIA,<\/strong><\/p>\n<p>______________________________________________<\/p>\n<p><strong><u><span style=\"color: #000000\">Doctor Carlos Eduardo Duque M<\/span>: <\/u><\/strong><\/p>\n<ul>\n<li style=\"text-align: justify\"><span style=\"color: #000000\"><strong><u><span style=\"background-color: #ffffff;color: #000000\">Martes :<\/span>\u00a0<\/u> 7am HUSJ<\/strong><\/span><\/li>\n<li><strong><span style=\"color: #000000\">Mi\u00e9coles<\/span>: <span style=\"color: #000000\">7am HUSJ<\/span><\/strong><\/li>\n<li style=\"text-align: justify\"><span style=\"text-decoration: underline\"><strong>Jueves<\/strong><\/span> . <span style=\"color: #000000\"><strong>7am HUSJ<\/strong><\/span><\/li>\n<\/ul>\n<p><img loading=\"lazy\" decoding=\"async\" class=\" wp-image-49391 aligncenter\" src=\"http:\/\/blog.utp.edu.co\/cirugia\/files\/2020\/08\/GIF5.gif\" alt=\"\" width=\"489\" height=\"23\" \/><\/p>\n","protected":false},"excerpt":{"rendered":"<p>La urolog\u00eda es la especialidad m\u00e9dico-quir\u00fargica que se ocupa del estudio, diagn\u00f3stico y tratamiento de las patolog\u00edas que afectan al [&hellip;]<\/p>\n","protected":false},"author":113,"featured_media":43131,"parent":2837,"menu_order":3,"comment_status":"closed","ping_status":"closed","template":"","meta":{"site-sidebar-layout":"default","site-content-layout":"","ast-site-content-layout":"default","site-content-style":"default","site-sidebar-style":"default","ast-global-header-display":"","ast-banner-title-visibility":"","ast-main-header-display":"","ast-hfb-above-header-display":"","ast-hfb-below-header-display":"","ast-hfb-mobile-header-display":"","site-post-title":"","ast-breadcrumbs-content":"","ast-featured-img":"","footer-sml-layout":"","ast-disable-related-posts":"","theme-transparent-header-meta":"","adv-header-id-meta":"","stick-header-meta":"","header-above-stick-meta":"","header-main-stick-meta":"","header-below-stick-meta":"","astra-migrate-meta-layouts":"default","ast-page-background-enabled":"default","ast-page-background-meta":{"desktop":{"background-color":"var(--ast-global-color-4)","background-image":"","background-repeat":"repeat","background-position":"center center","background-size":"auto","background-attachment":"scroll","background-type":"","background-media":"","overlay-type":"","overlay-color":"","overlay-opacity":"","overlay-gradient":""},"tablet":{"background-color":"","background-image":"","background-repeat":"repeat","background-position":"center center","background-size":"auto","background-attachment":"scroll","background-type":"","background-media":"","overlay-type":"","overlay-color":"","overlay-opacity":"","overlay-gradient":""},"mobile":{"background-color":"","background-image":"","background-repeat":"repeat","background-position":"center center","background-size":"auto","background-attachment":"scroll","background-type":"","background-media":"","overlay-type":"","overlay-color":"","overlay-opacity":"","overlay-gradient":""}},"ast-content-background-meta":{"desktop":{"background-color":"var(--ast-global-color-5)","background-image":"","background-repeat":"repeat","background-position":"center center","background-size":"auto","background-attachment":"scroll","background-type":"","background-media":"","overlay-type":"","overlay-color":"","overlay-opacity":"","overlay-gradient":""},"tablet":{"background-color":"var(--ast-global-color-5)","background-image":"","background-repeat":"repeat","background-position":"center center","background-size":"auto","background-attachment":"scroll","background-type":"","background-media":"","overlay-type":"","overlay-color":"","overlay-opacity":"","overlay-gradient":""},"mobile":{"background-color":"var(--ast-global-color-5)","background-image":"","background-repeat":"repeat","background-position":"center center","background-size":"auto","background-attachment":"scroll","background-type":"","background-media":"","overlay-type":"","overlay-color":"","overlay-opacity":"","overlay-gradient":""}},"footnotes":""},"class_list":["post-21911","page","type-page","status-publish","has-post-thumbnail","hentry"],"_links":{"self":[{"href":"https:\/\/blog.utp.edu.co\/cirugia\/wp-json\/wp\/v2\/pages\/21911","targetHints":{"allow":["GET"]}}],"collection":[{"href":"https:\/\/blog.utp.edu.co\/cirugia\/wp-json\/wp\/v2\/pages"}],"about":[{"href":"https:\/\/blog.utp.edu.co\/cirugia\/wp-json\/wp\/v2\/types\/page"}],"author":[{"embeddable":true,"href":"https:\/\/blog.utp.edu.co\/cirugia\/wp-json\/wp\/v2\/users\/113"}],"replies":[{"embeddable":true,"href":"https:\/\/blog.utp.edu.co\/cirugia\/wp-json\/wp\/v2\/comments?post=21911"}],"version-history":[{"count":16,"href":"https:\/\/blog.utp.edu.co\/cirugia\/wp-json\/wp\/v2\/pages\/21911\/revisions"}],"predecessor-version":[{"id":49401,"href":"https:\/\/blog.utp.edu.co\/cirugia\/wp-json\/wp\/v2\/pages\/21911\/revisions\/49401"}],"up":[{"embeddable":true,"href":"https:\/\/blog.utp.edu.co\/cirugia\/wp-json\/wp\/v2\/pages\/2837"}],"wp:featuredmedia":[{"embeddable":true,"href":"https:\/\/blog.utp.edu.co\/cirugia\/wp-json\/wp\/v2\/media\/43131"}],"wp:attachment":[{"href":"https:\/\/blog.utp.edu.co\/cirugia\/wp-json\/wp\/v2\/media?parent=21911"}],"curies":[{"name":"wp","href":"https:\/\/api.w.org\/{rel}","templated":true}]}}