{"id":2177,"date":"2011-07-08T14:00:04","date_gmt":"2011-07-08T14:00:04","guid":{"rendered":"http:\/\/blog.utp.edu.co\/cirugia\/?page_id=2177"},"modified":"2020-05-29T20:06:22","modified_gmt":"2020-05-29T20:06:22","slug":"investigacion","status":"publish","type":"page","link":"https:\/\/blog.utp.edu.co\/cirugia\/investigacion\/","title":{"rendered":"Investigaci\u00f3n"},"content":{"rendered":"<address style=\"text-align: center\"><strong><span style=\"color: #000000\"><span style=\"font-size: medium\">Grupo de Investigaci\u00f3n en Ciencias Quir\u00fargicas\u00a0\u00a0<\/span><\/span><\/strong><\/address>\n<p style=\"text-align: justify\"><span style=\"color: #000000\"><span style=\"font-size: medium\">El grupo de investigaci\u00f3n en ciencias quir\u00fargicas fue creado en el marco del \u00e1rea \u00a0quir\u00fargica con la finalidad de fomentar la investigaci\u00f3n y generaci\u00f3n de \u00a0conocimiento en cualquiera de las especialidades quir\u00fargicas.<\/span><\/span><span style=\"color: #000000;font-size: medium\">\u00a0<\/span><\/p>\n<ul>\n<li><span style=\"color: #000000\">Proyecto Trabajo Final Cl\u00ednicas\u00a0Quir\u00fargicas<span style=\"color: #000080\">:<a style=\"color: #000080\" href=\"http:\/\/blog.utp.edu.co\/cirugia\/files\/2020\/04\/Trabajos-Finales-del-Area-Quir%C3%B9rgica-.pdf\">\u00a0<\/a><\/span><\/span><span style=\"color: #000080\"><strong><a style=\"color: #000080\" href=\"http:\/\/blog.utp.edu.co\/cirugia\/files\/2020\/04\/Trabajos-Finales-del-Area-Quir%C3%B9rgica-.pdf\">Clase\u00a0<\/a><\/strong><\/span><\/li>\n<li style=\"text-align: justify\"><span style=\"color: #000000\"><a style=\"color: #000000\" href=\"http:\/\/blog.utp.edu.co\/cirugia\/files\/2011\/07\/Formato-blancometodol\u00f3gico-par-la-presentaci\u00f3n-de-trabajos-de-investigaci\u00f2n.pdf\">Formato \u00a0metodol\u00f3gico (pasos para la realizaci\u00f3n del formato) \u00a0<\/a><\/span><\/li>\n<li style=\"text-align: justify\"><span style=\"color: #000000\"><a style=\"color: #000000\" href=\"http:\/\/blog.utp.edu.co\/cirugia\/investigacion\/formato-de-investigacion-en-blanco\/\" rel=\"attachment wp-att-20951\">Formato de Investigaci\u00f3n (en blanco)<\/a><\/span><\/li>\n<li style=\"text-align: justify\"><span style=\"color: #000000\"><a style=\"color: #000000\" href=\"http:\/\/blog.utp.edu.co\/cirugia\/files\/2011\/07\/Investigaci\u00f3n-en-Cirug\u00eda-Sept.-2013-Clase-2.pdf\">Investigaci\u00f3n en Cirug\u00eda \u00a0(Clase)<\/a><\/span><\/li>\n<li style=\"text-align: justify\"><span style=\"color: #000000\"><a style=\"color: #000000\" href=\"http:\/\/blog.utp.edu.co\/cirugia\/files\/2011\/07\/L\u00edneas-de-Investigaci\u00f3n-delGrupo-de-Investigaci\u00f3n-en-Ciencias-Quir\u00fargicas.pdf\">L\u00edneas de Investigaci\u00f3n del Grupo de Investigaci\u00f3n en Ciencias Quir\u00fargicas<\/a><\/span><\/li>\n<li style=\"text-align: justify\"><span style=\"color: #000000\"><a style=\"color: #000000\" href=\"http:\/\/blog.utp.edu.co\/cirugia\/files\/2011\/07\/ObjetivosLineasdeInvetigacionenCienciasQuirurgicas.pdf\">Objetivos L\u00edneas de Investigaci\u00f3n en Ciencias Quir\u00fargicas<\/a><\/span><\/li>\n<li style=\"text-align: justify\"><span style=\"color: #000000\"><a style=\"color: #000000\" href=\"http:\/\/blog.utp.edu.co\/cirugia\/files\/2011\/07\/Formato-de-Investigaci\u00f3n-para-Comit\u00e9-\u00c9tica.pdf\">Formato de Investigaci\u00f3n (para Comit\u00e9 de \u00c9tica)<\/a><\/span><\/li>\n<li style=\"text-align: justify\"><span style=\"color: #000000\"><a style=\"color: #000000\" href=\"http:\/\/blog.utp.edu.co\/cirugia\/files\/2011\/07\/Normas-Vancouver-BUMA-2013-guia-breve.pdf\">Normas-Vancouver-BUMA-2013-guia-breve<\/a><\/span><\/li>\n<li style=\"text-align: justify\"><span style=\"color: #000000\"><a style=\"color: #000000\" href=\"http:\/\/blog.utp.edu.co\/cirugia\/files\/2011\/07\/FRAUDE-Y-ENGA\u00d1O-EN-LA-INVESTIGACION-BIOMEDICA.pdf\">Fraude y Enga\u00f1o en la \u00a0 \u00a0Investigaci\u00f3n Biom\u00e9dica<\/a><\/span><\/li>\n<li style=\"text-align: justify\"><span style=\"color: #000000\"><a style=\"color: #000000\" href=\"http:\/\/blog.utp.edu.co\/cirugia\/files\/2011\/07\/LEY-ETICA-EN-INVESTIGACION-Res__8430_1993_-_Salud.pdf\">Ley \u00a0\u00c9tica en In<\/a><a style=\"color: #000000\" href=\"http:\/\/blog.utp.edu.co\/cirugia\/files\/2011\/07\/LEY-ETICA-EN-INVESTIGACION-Res__8430_1993_-_Salud.pdf\">vestigaci\u00f3n Res 8430 1993-Salud<\/a><\/span><\/li>\n<li style=\"text-align: justify\"><span style=\"color: #000000\"><a style=\"color: #000000\" href=\"http:\/\/blog.utp.edu.co\/cirugia\/files\/2011\/07\/Informe-Grupo-Investigaci\u00f3n-en-Ciencias-Quir\u00fargicasmayo-20131.pdf\">Informe Grupo Investigaci\u00f3n en Ciencias Quir\u00fargicas(mayo 2013)<\/a><\/span><\/li>\n<li style=\"text-align: justify\"><span style=\"color: #000000\"><a style=\"color: #000000\" href=\"http:\/\/blog.utp.edu.co\/cirugia\/files\/2011\/07\/DIAPOSITIVA-LOGO-GRUPO-DE-INVESTIGACION-EN-CIENCIAS-QUIRURGICAS.pdf\">Diapositiva \u00a0Logo Grupo \u00a0de investigaci\u00f3n en Ciencias Quir\u00fargicas<\/a><\/span><\/li>\n<li style=\"text-align: justify\"><span style=\"color: #000000\"><a style=\"color: #000000\" href=\"http:\/\/blog.utp.edu.co\/cirugia\/files\/2011\/07\/Consentimientos-informados.zip\">Consentimientos Informados<\/a><\/span><\/li>\n<li style=\"text-align: justify\"><span style=\"color: #000000\"><a style=\"color: #000000\" href=\"http:\/\/blog.utp.edu.co\/cirugia\/files\/2011\/07\/Trabajos-Finales-en-el-Area-Quir\u00fargica.-La-idea-de-investigaci\u00f3n-_1_.pdf\">Trabajos Finales en el \u00c1rea Quir\u00fargica. La idea de investigaci\u00f3n<\/a><\/span><\/li>\n<\/ul>\n<p style=\"text-align: justify\"><span style=\"color: #000000\"><strong>Lista de Trabajos presentados<\/strong><\/span><\/p>\n<ul>\n<li style=\"text-align: justify\"><span style=\"color: #000000\"><a style=\"color: #000000\" href=\"http:\/\/blog.utp.edu.co\/cirugia\/files\/2011\/07\/Trabajos-Presentados-1.zip\">Trabajos Presentados 1<\/a><\/span><\/li>\n<li style=\"text-align: justify\"><span style=\"color: #000000\"><a style=\"color: #000000\" href=\"http:\/\/blog.utp.edu.co\/cirugia\/files\/2011\/07\/Trabajos-presentaddos-22.zip\">Trabajos presentados 2<\/a><\/span><\/li>\n<li style=\"text-align: justify\"><a href=\"http:\/\/blog.utp.edu.co\/cirugia\/files\/2011\/07\/Trabajos-presentados3.zip\"><span style=\"color: #000000\">Trab<\/span><\/a><span style=\"color: #000000\"><a style=\"color: #000000\" href=\"http:\/\/blog.utp.edu.co\/cirugia\/files\/2011\/07\/Trabajos-presentados3.zip\">ajos presentados3<\/a><\/span><a href=\"http:\/\/blog.utp.edu.co\/cirugia\/files\/2011\/07\/investigacion.gif\">\u00a0<\/a><\/li>\n<\/ul>\n<p><img loading=\"lazy\" decoding=\"async\" class=\"alignright size-full wp-image-35621\" src=\"http:\/\/blog.utp.edu.co\/cirugia\/files\/2020\/03\/images.jpg\" alt=\"\" width=\"600\" height=\"76\" srcset=\"https:\/\/blog.utp.edu.co\/cirugia\/files\/2020\/03\/images.jpg 600w, https:\/\/blog.utp.edu.co\/cirugia\/files\/2020\/03\/images-300x38.jpg 300w\" sizes=\"auto, (max-width: 600px) 100vw, 600px\" \/><\/p>\n","protected":false},"excerpt":{"rendered":"<p>Grupo de Investigaci\u00f3n en Ciencias Quir\u00fargicas\u00a0\u00a0 El grupo de investigaci\u00f3n en ciencias quir\u00fargicas fue creado en el marco del \u00e1rea [&hellip;]<\/p>\n","protected":false},"author":113,"featured_media":44471,"parent":0,"menu_order":4,"comment_status":"closed","ping_status":"open","template":"","meta":{"site-sidebar-layout":"default","site-content-layout":"","ast-site-content-layout":"default","site-content-style":"default","site-sidebar-style":"default","ast-global-header-display":"","ast-banner-title-visibility":"","ast-main-header-display":"","ast-hfb-above-header-display":"","ast-hfb-below-header-display":"","ast-hfb-mobile-header-display":"","site-post-title":"","ast-breadcrumbs-content":"","ast-featured-img":"","footer-sml-layout":"","ast-disable-related-posts":"","theme-transparent-header-meta":"","adv-header-id-meta":"","stick-header-meta":"","header-above-stick-meta":"","header-main-stick-meta":"","header-below-stick-meta":"","astra-migrate-meta-layouts":"default","ast-page-background-enabled":"default","ast-page-background-meta":{"desktop":{"background-color":"var(--ast-global-color-4)","background-image":"","background-repeat":"repeat","background-position":"center center","background-size":"auto","background-attachment":"scroll","background-type":"","background-media":"","overlay-type":"","overlay-color":"","overlay-opacity":"","overlay-gradient":""},"tablet":{"background-color":"","background-image":"","background-repeat":"repeat","background-position":"center center","background-size":"auto","background-attachment":"scroll","background-type":"","background-media":"","overlay-type":"","overlay-color":"","overlay-opacity":"","overlay-gradient":""},"mobile":{"background-color":"","background-image":"","background-repeat":"repeat","background-position":"center center","background-size":"auto","background-attachment":"scroll","background-type":"","background-media":"","overlay-type":"","overlay-color":"","overlay-opacity":"","overlay-gradient":""}},"ast-content-background-meta":{"desktop":{"background-color":"var(--ast-global-color-5)","background-image":"","background-repeat":"repeat","background-position":"center center","background-size":"auto","background-attachment":"scroll","background-type":"","background-media":"","overlay-type":"","overlay-color":"","overlay-opacity":"","overlay-gradient":""},"tablet":{"background-color":"var(--ast-global-color-5)","background-image":"","background-repeat":"repeat","background-position":"center center","background-size":"auto","background-attachment":"scroll","background-type":"","background-media":"","overlay-type":"","overlay-color":"","overlay-opacity":"","overlay-gradient":""},"mobile":{"background-color":"var(--ast-global-color-5)","background-image":"","background-repeat":"repeat","background-position":"center center","background-size":"auto","background-attachment":"scroll","background-type":"","background-media":"","overlay-type":"","overlay-color":"","overlay-opacity":"","overlay-gradient":""}},"footnotes":""},"class_list":["post-2177","page","type-page","status-publish","has-post-thumbnail","hentry"],"_links":{"self":[{"href":"https:\/\/blog.utp.edu.co\/cirugia\/wp-json\/wp\/v2\/pages\/2177","targetHints":{"allow":["GET"]}}],"collection":[{"href":"https:\/\/blog.utp.edu.co\/cirugia\/wp-json\/wp\/v2\/pages"}],"about":[{"href":"https:\/\/blog.utp.edu.co\/cirugia\/wp-json\/wp\/v2\/types\/page"}],"author":[{"embeddable":true,"href":"https:\/\/blog.utp.edu.co\/cirugia\/wp-json\/wp\/v2\/users\/113"}],"replies":[{"embeddable":true,"href":"https:\/\/blog.utp.edu.co\/cirugia\/wp-json\/wp\/v2\/comments?post=2177"}],"version-history":[{"count":123,"href":"https:\/\/blog.utp.edu.co\/cirugia\/wp-json\/wp\/v2\/pages\/2177\/revisions"}],"predecessor-version":[{"id":44481,"href":"https:\/\/blog.utp.edu.co\/cirugia\/wp-json\/wp\/v2\/pages\/2177\/revisions\/44481"}],"wp:featuredmedia":[{"embeddable":true,"href":"https:\/\/blog.utp.edu.co\/cirugia\/wp-json\/wp\/v2\/media\/44471"}],"wp:attachment":[{"href":"https:\/\/blog.utp.edu.co\/cirugia\/wp-json\/wp\/v2\/media?parent=2177"}],"curies":[{"name":"wp","href":"https:\/\/api.w.org\/{rel}","templated":true}]}}