{"id":1861,"date":"2016-08-06T16:18:00","date_gmt":"2016-08-06T16:18:00","guid":{"rendered":"http:\/\/blog.utp.edu.co\/circuitosii457\/?page_id=1861"},"modified":"2016-09-09T12:30:07","modified_gmt":"2016-09-09T12:30:07","slug":"videos","status":"publish","type":"page","link":"https:\/\/blog.utp.edu.co\/circuitosii457\/enlaces-de-interes\/videos\/","title":{"rendered":"Videos"},"content":{"rendered":"<p>Link de Videos interesantes:<\/p>\n<p><a href=\"https:\/\/www.youtube.com\/watch?v=TN3jw9HFyXY\">Video 01:Electricidad est\u00e1tica<\/a><\/p>\n<p><a href=\"https:\/\/www.youtube.com\/watch?v=luyvyhPtduk\">Video 02:Magnetismo<\/a><\/p>\n<p><a href=\"https:\/\/www.youtube.com\/watch?v=nI9U7wqcLSM\">Video 03:Circuitos El\u00e9ctricos<\/a><\/p>\n<p><a href=\"https:\/\/www.youtube.com\/watch?v=dgQVaOOGvq8\">Video 04:Inducci\u00f3n electromagn\u00e9tica<\/a><\/p>\n<p><a href=\"https:\/\/www.youtube.com\/watch?v=xFyZrq8XIhA\">Video 05:Las ecuaciones de Maxwell<\/a><\/p>\n<p><a href=\"http:\/\/youtu.be\/54kBrQoVjOQ?list=PLF526AC3B5F53BA22\">Video 06:Serie Paralelo<\/a><\/p>\n<p><a href=\"http:\/\/blog.utp.edu.co\/circuitosii457\/files\/2014\/08\/Videos-Circuitos-Trifasicos.docx\">Lista videos circuitos trifasicos<\/a><\/p>\n<p>Generaci\u00f3n y energ\u00eda alternativa:<\/p>\n<p><a href=\"https:\/\/www.youtube.com\/watch?v=srwWcQVRbZU\" target=\"_blank\">Generadores y motores<\/a>\u00a0\u00a0<a href=\"https:\/\/www.youtube.com\/watch?v=e05D7Xr2kfw\" target=\"_blank\">Generacion hidraulica<\/a>\u00a0\u00a0<a href=\"https:\/\/www.youtube.com\/watch?v=QZMalSwwyeY\" target=\"_blank\">Generacion Alternativa<\/a><\/p>\n<p>Transformadores:<\/p>\n<p><a href=\"https:\/\/www.youtube.com\/watch?v=nLxfWdGCiuY\" target=\"_blank\">Principios de funcionamiento<\/a>\u00a0<a href=\"https:\/\/www.youtube.com\/watch?v=db8vun1_AA4\" target=\"_blank\">Principios de funcionamiento<\/a>\u00a0<a href=\"https:\/\/www.youtube.com\/watch?v=ba2foZSDKJk\" target=\"_blank\">Como se fabrican<\/a>\u00a0<a href=\"https:\/\/www.youtube.com\/watch?v=vh_aCAHThTQ\">Como funciona un transformador<\/a><\/p>\n<p>Motores:<\/p>\n<p><a href=\"https:\/\/www.youtube.com\/watch?v=xN5jdheIP4s\" target=\"_blank\">Funcionamiento del motor01<\/a>\u00a0<a href=\"https:\/\/www.youtube.com\/watch?v=LAtPHANEfQo\">Como funciona un motor<\/a><\/p>\n<p>Rectificadores:<\/p>\n<p><a href=\"https:\/\/www.youtube.com\/watch?v=m7cdyrBirFc\" target=\"_blank\">Pasar se\u00f1al AC a DC<\/a>\u00a0<a href=\"https:\/\/www.youtube.com\/watch?v=7nbINeDI6Co\" target=\"_blank\">Se\u00f1al AC a DC<\/a><\/p>\n<p>Inversores:<\/p>\n<p><a href=\"https:\/\/www.youtube.com\/watch?v=rJgxnZNEYI8\" target=\"_blank\">Se\u00f1al DC a AC<\/a><\/p>\n<p>Arduinos:<\/p>\n<p><a href=\"https:\/\/www.youtube.com\/watch?v=Kgz0vD1vSxY\" target=\"_blank\">Electronica Actual<\/a><\/p>\n<p>&nbsp;<\/p>\n<p>&nbsp;<\/p>\n","protected":false},"excerpt":{"rendered":"<p>Link de Videos interesantes: Video 01:Electricidad est\u00e1tica Video 02:Magnetismo Video 03:Circuitos El\u00e9ctricos Video 04:Inducci\u00f3n electromagn\u00e9tica Video 05:Las ecuaciones de Maxwell Video 06:Serie Paralelo Lista videos circuitos trifasicos Generaci\u00f3n y energ\u00eda alternativa: Generadores y motores\u00a0\u00a0Generacion hidraulica\u00a0\u00a0Generacion Alternativa Transformadores: Principios de funcionamiento\u00a0Principios de funcionamiento\u00a0Como se fabrican\u00a0Como funciona un transformador Motores: Funcionamiento del motor01\u00a0Como funciona un motor Rectificadores: [&hellip;]<\/p>\n","protected":false},"author":807,"featured_media":0,"parent":8,"menu_order":0,"comment_status":"closed","ping_status":"closed","template":"","meta":{"footnotes":""},"class_list":["post-1861","page","type-page","status-publish","hentry"],"_links":{"self":[{"href":"https:\/\/blog.utp.edu.co\/circuitosii457\/wp-json\/wp\/v2\/pages\/1861","targetHints":{"allow":["GET"]}}],"collection":[{"href":"https:\/\/blog.utp.edu.co\/circuitosii457\/wp-json\/wp\/v2\/pages"}],"about":[{"href":"https:\/\/blog.utp.edu.co\/circuitosii457\/wp-json\/wp\/v2\/types\/page"}],"author":[{"embeddable":true,"href":"https:\/\/blog.utp.edu.co\/circuitosii457\/wp-json\/wp\/v2\/users\/807"}],"replies":[{"embeddable":true,"href":"https:\/\/blog.utp.edu.co\/circuitosii457\/wp-json\/wp\/v2\/comments?post=1861"}],"version-history":[{"count":9,"href":"https:\/\/blog.utp.edu.co\/circuitosii457\/wp-json\/wp\/v2\/pages\/1861\/revisions"}],"predecessor-version":[{"id":2311,"href":"https:\/\/blog.utp.edu.co\/circuitosii457\/wp-json\/wp\/v2\/pages\/1861\/revisions\/2311"}],"up":[{"embeddable":true,"href":"https:\/\/blog.utp.edu.co\/circuitosii457\/wp-json\/wp\/v2\/pages\/8"}],"wp:attachment":[{"href":"https:\/\/blog.utp.edu.co\/circuitosii457\/wp-json\/wp\/v2\/media?parent=1861"}],"curies":[{"name":"wp","href":"https:\/\/api.w.org\/{rel}","templated":true}]}}