{"id":844,"date":"2024-05-20T10:57:49","date_gmt":"2024-05-20T15:57:49","guid":{"rendered":"https:\/\/blog.utp.edu.co\/area-de-recreacion-cdr\/?page_id=844"},"modified":"2026-04-06T09:40:24","modified_gmt":"2026-04-06T14:40:24","slug":"recursos","status":"publish","type":"page","link":"https:\/\/blog.utp.edu.co\/area-de-recreacion-cdr\/recursos\/","title":{"rendered":"Recursos"},"content":{"rendered":"\n<p>En este espacio encontrar\u00e1s muchas <strong>HERRAMIENTAS<\/strong> de <strong>RECREACI\u00d3N<\/strong> que puedes utilizar en tus <strong>INTERVENCIONES<\/strong>, <strong>PR\u00c1CTICAS<\/strong> u otros espacios <strong>ACAD\u00c9MICOS <\/strong>y\/o <strong>LABORALES<\/strong>.<\/p>\n\n\n\n<p>Muchas de estas herramientas son construidas por los mismos<strong> ESTUDIANTES <\/strong>desde sus experiencias, su creatividad y la misma utilidad que les ha generado implementarlas. Todo esto desde los aprendizajes que adquieren en las diferentes asignaturas de Recreaci\u00f3n que se dictan en el Programa CDR.<\/p>\n\n\n\n<figure class=\"wp-block-image size-large\"><img loading=\"lazy\" decoding=\"async\" width=\"1024\" height=\"768\" src=\"https:\/\/blog.utp.edu.co\/area-de-recreacion-cdr\/files\/2024\/05\/WhatsApp-Image-2024-05-15-at-9.04.59-AM-1024x768.jpeg\" alt=\"\" class=\"wp-image-851\" srcset=\"https:\/\/blog.utp.edu.co\/area-de-recreacion-cdr\/files\/2024\/05\/WhatsApp-Image-2024-05-15-at-9.04.59-AM-1024x768.jpeg 1024w, https:\/\/blog.utp.edu.co\/area-de-recreacion-cdr\/files\/2024\/05\/WhatsApp-Image-2024-05-15-at-9.04.59-AM-300x225.jpeg 300w, https:\/\/blog.utp.edu.co\/area-de-recreacion-cdr\/files\/2024\/05\/WhatsApp-Image-2024-05-15-at-9.04.59-AM-768x576.jpeg 768w, https:\/\/blog.utp.edu.co\/area-de-recreacion-cdr\/files\/2024\/05\/WhatsApp-Image-2024-05-15-at-9.04.59-AM-285x214.jpeg 285w, https:\/\/blog.utp.edu.co\/area-de-recreacion-cdr\/files\/2024\/05\/WhatsApp-Image-2024-05-15-at-9.04.59-AM.jpeg 1280w\" sizes=\"auto, (max-width: 1024px) 100vw, 1024px\" \/><\/figure>\n\n\n\n<p><\/p>\n\n\n\n<h2 class=\"wp-block-heading\">MANUAL RECREATIVO &#8211; FICHERO L\u00daDICO DE ACTIVIDADES<\/h2>\n\n\n\n<p>Este fichero fue realizado por el Practicante Profesional de Participaci\u00f3n Comunitaria <strong>Gabriel Garc\u00eda Chica <\/strong>(2024-1), con el fin de plasmar las actividades, juegos y rondas bases que los estudiantes pueden aprender desde los primeros semestres, buscando alimentar su repertorio creativo y recreativo que los har\u00e1 crecer como buenos profesionales en sus futuras pr\u00e1cticas, intervenciones o espacios acad\u00e9micos.<\/p>\n\n\n\n<p><\/p>\n\n\n\n<div data-wp-interactive=\"core\/file\" class=\"wp-block-file\"><object data-wp-bind--hidden=\"!state.hasPdfPreview\" hidden class=\"wp-block-file__embed\" data=\"https:\/\/blog.utp.edu.co\/area-de-recreacion-cdr\/files\/2024\/05\/Manual-Recrativo-Gabriel-Giraldo.pdf\" type=\"application\/pdf\" style=\"width:100%;height:200px\" aria-label=\"Incrustado de Manual-Recrativo-Gabriel-Giraldo.\"><\/object><a id=\"wp-block-file--media-33865cf1-dbfa-46d6-8159-6364d081ddca\" href=\"https:\/\/blog.utp.edu.co\/area-de-recreacion-cdr\/files\/2024\/05\/Manual-Recrativo-Gabriel-Giraldo.pdf\">Manual-Recrativo-Gabriel-Giraldo<\/a><a href=\"https:\/\/blog.utp.edu.co\/area-de-recreacion-cdr\/files\/2024\/05\/Manual-Recrativo-Gabriel-Giraldo.pdf\" class=\"wp-block-file__button wp-element-button\" download aria-describedby=\"wp-block-file--media-33865cf1-dbfa-46d6-8159-6364d081ddca\">Descarga<\/a><\/div>\n\n\n\n<p><\/p>\n\n\n\n<h2 class=\"wp-block-heading\">VIDEOS &#8211; ACTIVIDADES, JUEGOS Y RONDAS<\/h2>\n\n\n\n<p>Los videos que encontrar\u00e1s aqu\u00ed fueron realizados por el Practicante Profesional de Participaci\u00f3n Comunitaria<strong> Gabriel Garc\u00eda Chica<\/strong> en compa\u00f1\u00eda de los Practicantes de Recreaci\u00f3n Espec\u00edfica  (2024-1), con el objetivo de ilustrar activamente todas las actividades juegos y rondas recreativas que puedes aprender e implementar. Ver\u00e1s la manera de explicarlas y ejecutarlas con los grupos.<\/p>\n\n\n\n<p><\/p>\n\n\n\n<div class=\"wp-block-columns is-layout-flex wp-container-core-columns-is-layout-9d6595d7 wp-block-columns-is-layout-flex\">\n<div class=\"wp-block-column is-layout-flow wp-block-column-is-layout-flow\">\n<figure class=\"wp-block-video\"><video controls src=\"https:\/\/drive.google.com\/file\/d\/1-vrt9HMXoOd1dtW_bBEWv-2EXn3hNLVQ\/view?usp=drive_link\"><\/video><\/figure>\n<\/div>\n\n\n\n<div class=\"wp-block-column is-layout-flow wp-block-column-is-layout-flow\"><\/div>\n\n\n\n<div class=\"wp-block-column is-layout-flow wp-block-column-is-layout-flow\"><\/div>\n<\/div>\n","protected":false},"excerpt":{"rendered":"<p>En este espacio encontrar\u00e1s muchas HERRAMIENTAS de RECREACI\u00d3N que puedes utilizar en tus INTERVENCIONES, PR\u00c1CTICAS u otros espacios ACAD\u00c9MICOS y\/o LABORALES. Muchas de estas herramientas son construidas por los mismos ESTUDIANTES desde sus experiencias, su creatividad y la misma utilidad que les ha generado implementarlas. Todo esto desde los aprendizajes que adquieren en las diferentes <a href=\"https:\/\/blog.utp.edu.co\/area-de-recreacion-cdr\/recursos\/\" rel=\"nofollow\"><span class=\"sr-only\">Leer m\u00e1sRecursos<\/span>[&hellip;]<\/a><\/p>\n","protected":false},"author":247,"featured_media":0,"parent":0,"menu_order":0,"comment_status":"closed","ping_status":"closed","template":"","meta":{"footnotes":""},"class_list":["post-844","page","type-page","status-publish","hentry"],"_links":{"self":[{"href":"https:\/\/blog.utp.edu.co\/area-de-recreacion-cdr\/wp-json\/wp\/v2\/pages\/844","targetHints":{"allow":["GET"]}}],"collection":[{"href":"https:\/\/blog.utp.edu.co\/area-de-recreacion-cdr\/wp-json\/wp\/v2\/pages"}],"about":[{"href":"https:\/\/blog.utp.edu.co\/area-de-recreacion-cdr\/wp-json\/wp\/v2\/types\/page"}],"author":[{"embeddable":true,"href":"https:\/\/blog.utp.edu.co\/area-de-recreacion-cdr\/wp-json\/wp\/v2\/users\/247"}],"replies":[{"embeddable":true,"href":"https:\/\/blog.utp.edu.co\/area-de-recreacion-cdr\/wp-json\/wp\/v2\/comments?post=844"}],"version-history":[{"count":7,"href":"https:\/\/blog.utp.edu.co\/area-de-recreacion-cdr\/wp-json\/wp\/v2\/pages\/844\/revisions"}],"predecessor-version":[{"id":1354,"href":"https:\/\/blog.utp.edu.co\/area-de-recreacion-cdr\/wp-json\/wp\/v2\/pages\/844\/revisions\/1354"}],"wp:attachment":[{"href":"https:\/\/blog.utp.edu.co\/area-de-recreacion-cdr\/wp-json\/wp\/v2\/media?parent=844"}],"curies":[{"name":"wp","href":"https:\/\/api.w.org\/{rel}","templated":true}]}}