{"id":794,"date":"2024-05-15T20:57:38","date_gmt":"2024-05-16T01:57:38","guid":{"rendered":"https:\/\/blog.utp.edu.co\/area-de-recreacion-cdr\/?page_id=794"},"modified":"2026-04-07T11:34:13","modified_gmt":"2026-04-07T16:34:13","slug":"guayacanes","status":"publish","type":"page","link":"https:\/\/blog.utp.edu.co\/area-de-recreacion-cdr\/guayacanes\/","title":{"rendered":"Guayacanes"},"content":{"rendered":"\n<p><strong>Campamento de Innovaci\u00f3n Metodol\u00f3gica en Recreaci\u00f3n \u00abGuayacanes\u00bb<\/strong><\/p>\n\n\n\n<p><\/p>\n\n\n\n<div class=\"wp-block-columns is-layout-flex wp-container-core-columns-is-layout-9d6595d7 wp-block-columns-is-layout-flex\">\n<div class=\"wp-block-column is-layout-flow wp-block-column-is-layout-flow\" style=\"flex-basis:25%\">\n<figure class=\"wp-block-image size-large is-resized\"><img loading=\"lazy\" decoding=\"async\" width=\"768\" height=\"1024\" src=\"https:\/\/blog.utp.edu.co\/area-de-recreacion-cdr\/files\/2024\/10\/Imagen-de-WhatsApp-2024-05-05-a-las-13.19.01_5a809b12-768x1024.jpg\" alt=\"\" class=\"wp-image-959\" style=\"width:212px;height:auto\" srcset=\"https:\/\/blog.utp.edu.co\/area-de-recreacion-cdr\/files\/2024\/10\/Imagen-de-WhatsApp-2024-05-05-a-las-13.19.01_5a809b12-768x1024.jpg 768w, https:\/\/blog.utp.edu.co\/area-de-recreacion-cdr\/files\/2024\/10\/Imagen-de-WhatsApp-2024-05-05-a-las-13.19.01_5a809b12-225x300.jpg 225w, https:\/\/blog.utp.edu.co\/area-de-recreacion-cdr\/files\/2024\/10\/Imagen-de-WhatsApp-2024-05-05-a-las-13.19.01_5a809b12-1152x1536.jpg 1152w, https:\/\/blog.utp.edu.co\/area-de-recreacion-cdr\/files\/2024\/10\/Imagen-de-WhatsApp-2024-05-05-a-las-13.19.01_5a809b12.jpg 1200w\" sizes=\"auto, (max-width: 768px) 100vw, 768px\" \/><\/figure>\n<\/div>\n\n\n\n<div class=\"wp-block-column is-layout-flow wp-block-column-is-layout-flow\" style=\"flex-basis:50%\">\n<figure class=\"wp-block-image size-large is-resized\"><img loading=\"lazy\" decoding=\"async\" width=\"1024\" height=\"768\" src=\"https:\/\/blog.utp.edu.co\/area-de-recreacion-cdr\/files\/2024\/10\/Imagen-de-WhatsApp-2024-05-05-a-las-12.25.30_3cdb9dcc-1024x768.jpg\" alt=\"\" class=\"wp-image-960\" style=\"width:409px;height:auto\" srcset=\"https:\/\/blog.utp.edu.co\/area-de-recreacion-cdr\/files\/2024\/10\/Imagen-de-WhatsApp-2024-05-05-a-las-12.25.30_3cdb9dcc-1024x768.jpg 1024w, https:\/\/blog.utp.edu.co\/area-de-recreacion-cdr\/files\/2024\/10\/Imagen-de-WhatsApp-2024-05-05-a-las-12.25.30_3cdb9dcc-300x225.jpg 300w, https:\/\/blog.utp.edu.co\/area-de-recreacion-cdr\/files\/2024\/10\/Imagen-de-WhatsApp-2024-05-05-a-las-12.25.30_3cdb9dcc-768x576.jpg 768w, https:\/\/blog.utp.edu.co\/area-de-recreacion-cdr\/files\/2024\/10\/Imagen-de-WhatsApp-2024-05-05-a-las-12.25.30_3cdb9dcc-1536x1152.jpg 1536w, https:\/\/blog.utp.edu.co\/area-de-recreacion-cdr\/files\/2024\/10\/Imagen-de-WhatsApp-2024-05-05-a-las-12.25.30_3cdb9dcc-285x214.jpg 285w, https:\/\/blog.utp.edu.co\/area-de-recreacion-cdr\/files\/2024\/10\/Imagen-de-WhatsApp-2024-05-05-a-las-12.25.30_3cdb9dcc.jpg 1600w\" sizes=\"auto, (max-width: 1024px) 100vw, 1024px\" \/><\/figure>\n<\/div>\n\n\n\n<div class=\"wp-block-column is-layout-flow wp-block-column-is-layout-flow\" style=\"flex-basis:25%\">\n<figure class=\"wp-block-image size-large is-resized\"><img loading=\"lazy\" decoding=\"async\" width=\"768\" height=\"1024\" src=\"https:\/\/blog.utp.edu.co\/area-de-recreacion-cdr\/files\/2024\/10\/Imagen-de-WhatsApp-2024-05-05-a-las-13.19.07_0b57d71f-768x1024.jpg\" alt=\"\" class=\"wp-image-961\" style=\"width:214px;height:auto\" srcset=\"https:\/\/blog.utp.edu.co\/area-de-recreacion-cdr\/files\/2024\/10\/Imagen-de-WhatsApp-2024-05-05-a-las-13.19.07_0b57d71f-768x1024.jpg 768w, https:\/\/blog.utp.edu.co\/area-de-recreacion-cdr\/files\/2024\/10\/Imagen-de-WhatsApp-2024-05-05-a-las-13.19.07_0b57d71f-225x300.jpg 225w, https:\/\/blog.utp.edu.co\/area-de-recreacion-cdr\/files\/2024\/10\/Imagen-de-WhatsApp-2024-05-05-a-las-13.19.07_0b57d71f-1152x1536.jpg 1152w, https:\/\/blog.utp.edu.co\/area-de-recreacion-cdr\/files\/2024\/10\/Imagen-de-WhatsApp-2024-05-05-a-las-13.19.07_0b57d71f.jpg 1200w\" sizes=\"auto, (max-width: 768px) 100vw, 768px\" \/><\/figure>\n<\/div>\n<\/div>\n\n\n\n<p><\/p>\n\n\n\n<p>El Campamento de Innovaci\u00f3n Metodol\u00f3gica en Recreaci\u00f3n \u00abGuayacanes\u00bb est\u00e1 dise\u00f1ado para crear en los estudiantes habilidades estrat\u00e9gicas en pro del liderazgo desde la recreaci\u00f3n con prop\u00f3sito. Es decir, utilizan la recreaci\u00f3n como una herramienta clave para ejecutar cualquier actividad y\/o enfrentarse a diferentes situaciones, representando a la recreaci\u00f3n desde el juego, el arte, la cultura y sobre todo el disfrute.\u00a0<\/p>\n\n\n\n<p><\/p>\n\n\n\n<p><\/p>\n\n\n\n<p><\/p>\n\n\n\n<div class=\"wp-block-columns is-layout-flex wp-container-core-columns-is-layout-9d6595d7 wp-block-columns-is-layout-flex\">\n<div class=\"wp-block-column is-layout-flow wp-block-column-is-layout-flow\">\n<figure class=\"wp-block-image size-large is-resized\"><img loading=\"lazy\" decoding=\"async\" width=\"768\" height=\"1024\" src=\"https:\/\/blog.utp.edu.co\/area-de-recreacion-cdr\/files\/2024\/10\/Imagen-de-WhatsApp-2024-05-05-a-las-11.43.26_d2adf180-768x1024.jpg\" alt=\"\" class=\"wp-image-955\" style=\"width:263px;height:auto\" srcset=\"https:\/\/blog.utp.edu.co\/area-de-recreacion-cdr\/files\/2024\/10\/Imagen-de-WhatsApp-2024-05-05-a-las-11.43.26_d2adf180-768x1024.jpg 768w, https:\/\/blog.utp.edu.co\/area-de-recreacion-cdr\/files\/2024\/10\/Imagen-de-WhatsApp-2024-05-05-a-las-11.43.26_d2adf180-225x300.jpg 225w, https:\/\/blog.utp.edu.co\/area-de-recreacion-cdr\/files\/2024\/10\/Imagen-de-WhatsApp-2024-05-05-a-las-11.43.26_d2adf180-1152x1536.jpg 1152w, https:\/\/blog.utp.edu.co\/area-de-recreacion-cdr\/files\/2024\/10\/Imagen-de-WhatsApp-2024-05-05-a-las-11.43.26_d2adf180.jpg 1200w\" sizes=\"auto, (max-width: 768px) 100vw, 768px\" \/><\/figure>\n<\/div>\n\n\n\n<div class=\"wp-block-column is-layout-flow wp-block-column-is-layout-flow\">\n<figure class=\"wp-block-image size-large is-resized\"><img loading=\"lazy\" decoding=\"async\" width=\"768\" height=\"1024\" src=\"https:\/\/blog.utp.edu.co\/area-de-recreacion-cdr\/files\/2024\/10\/Imagen-de-WhatsApp-2024-05-05-a-las-13.19.15_f6c00fd1-768x1024.jpg\" alt=\"\" class=\"wp-image-984\" style=\"width:263px;height:auto\" srcset=\"https:\/\/blog.utp.edu.co\/area-de-recreacion-cdr\/files\/2024\/10\/Imagen-de-WhatsApp-2024-05-05-a-las-13.19.15_f6c00fd1-768x1024.jpg 768w, https:\/\/blog.utp.edu.co\/area-de-recreacion-cdr\/files\/2024\/10\/Imagen-de-WhatsApp-2024-05-05-a-las-13.19.15_f6c00fd1-225x300.jpg 225w, https:\/\/blog.utp.edu.co\/area-de-recreacion-cdr\/files\/2024\/10\/Imagen-de-WhatsApp-2024-05-05-a-las-13.19.15_f6c00fd1-1152x1536.jpg 1152w, https:\/\/blog.utp.edu.co\/area-de-recreacion-cdr\/files\/2024\/10\/Imagen-de-WhatsApp-2024-05-05-a-las-13.19.15_f6c00fd1.jpg 1200w\" sizes=\"auto, (max-width: 768px) 100vw, 768px\" \/><\/figure>\n<\/div>\n\n\n\n<div class=\"wp-block-column is-layout-flow wp-block-column-is-layout-flow\">\n<figure class=\"wp-block-image size-large is-resized\"><img loading=\"lazy\" decoding=\"async\" width=\"768\" height=\"1024\" src=\"https:\/\/blog.utp.edu.co\/area-de-recreacion-cdr\/files\/2024\/10\/Imagen-de-WhatsApp-2024-05-05-a-las-13.19.14_3ccf8093-768x1024.jpg\" alt=\"\" class=\"wp-image-985\" style=\"width:263px;height:auto\" srcset=\"https:\/\/blog.utp.edu.co\/area-de-recreacion-cdr\/files\/2024\/10\/Imagen-de-WhatsApp-2024-05-05-a-las-13.19.14_3ccf8093-768x1024.jpg 768w, https:\/\/blog.utp.edu.co\/area-de-recreacion-cdr\/files\/2024\/10\/Imagen-de-WhatsApp-2024-05-05-a-las-13.19.14_3ccf8093-225x300.jpg 225w, https:\/\/blog.utp.edu.co\/area-de-recreacion-cdr\/files\/2024\/10\/Imagen-de-WhatsApp-2024-05-05-a-las-13.19.14_3ccf8093-1152x1536.jpg 1152w, https:\/\/blog.utp.edu.co\/area-de-recreacion-cdr\/files\/2024\/10\/Imagen-de-WhatsApp-2024-05-05-a-las-13.19.14_3ccf8093.jpg 1200w\" sizes=\"auto, (max-width: 768px) 100vw, 768px\" \/><\/figure>\n<\/div>\n<\/div>\n\n\n\n<p><\/p>\n\n\n\n<p><strong><mark style=\"background-color:#8ed1fc\" class=\"has-inline-color\">Conoce algunas actividades que realizan nuestros estudiantes <\/mark><\/strong><\/p>\n\n\n\n<p><\/p>\n\n\n\n<div class=\"wp-block-cover\"><img loading=\"lazy\" decoding=\"async\" width=\"1024\" height=\"837\" class=\"wp-block-cover__image-background wp-image-958\" alt=\"\" src=\"https:\/\/blog.utp.edu.co\/area-de-recreacion-cdr\/files\/2024\/10\/Imagen-de-WhatsApp-2024-05-05-a-las-12.00.13_8e888751-1024x837.jpg\" data-object-fit=\"cover\" srcset=\"https:\/\/blog.utp.edu.co\/area-de-recreacion-cdr\/files\/2024\/10\/Imagen-de-WhatsApp-2024-05-05-a-las-12.00.13_8e888751-1024x837.jpg 1024w, https:\/\/blog.utp.edu.co\/area-de-recreacion-cdr\/files\/2024\/10\/Imagen-de-WhatsApp-2024-05-05-a-las-12.00.13_8e888751-300x245.jpg 300w, https:\/\/blog.utp.edu.co\/area-de-recreacion-cdr\/files\/2024\/10\/Imagen-de-WhatsApp-2024-05-05-a-las-12.00.13_8e888751-768x628.jpg 768w, https:\/\/blog.utp.edu.co\/area-de-recreacion-cdr\/files\/2024\/10\/Imagen-de-WhatsApp-2024-05-05-a-las-12.00.13_8e888751.jpg 1440w\" sizes=\"auto, (max-width: 1024px) 100vw, 1024px\" \/><span aria-hidden=\"true\" class=\"wp-block-cover__background has-background-dim\"><\/span><div class=\"wp-block-cover__inner-container is-layout-flow wp-block-cover-is-layout-flow\">\n<p class=\"has-text-align-center has-large-font-size\">2024-1<\/p>\n<\/div><\/div>\n\n\n\n<p><\/p>\n\n\n\n<div class=\"wp-block-columns is-layout-flex wp-container-core-columns-is-layout-9d6595d7 wp-block-columns-is-layout-flex\">\n<div class=\"wp-block-column is-layout-flow wp-block-column-is-layout-flow\">\n<figure class=\"wp-block-image size-large\"><img loading=\"lazy\" decoding=\"async\" width=\"768\" height=\"1024\" src=\"https:\/\/blog.utp.edu.co\/area-de-recreacion-cdr\/files\/2024\/10\/Imagen-de-WhatsApp-2024-05-05-a-las-11.43.35_8d1fea77-768x1024.jpg\" alt=\"\" class=\"wp-image-979\" srcset=\"https:\/\/blog.utp.edu.co\/area-de-recreacion-cdr\/files\/2024\/10\/Imagen-de-WhatsApp-2024-05-05-a-las-11.43.35_8d1fea77-768x1024.jpg 768w, https:\/\/blog.utp.edu.co\/area-de-recreacion-cdr\/files\/2024\/10\/Imagen-de-WhatsApp-2024-05-05-a-las-11.43.35_8d1fea77-225x300.jpg 225w, https:\/\/blog.utp.edu.co\/area-de-recreacion-cdr\/files\/2024\/10\/Imagen-de-WhatsApp-2024-05-05-a-las-11.43.35_8d1fea77-1152x1536.jpg 1152w, https:\/\/blog.utp.edu.co\/area-de-recreacion-cdr\/files\/2024\/10\/Imagen-de-WhatsApp-2024-05-05-a-las-11.43.35_8d1fea77.jpg 1200w\" sizes=\"auto, (max-width: 768px) 100vw, 768px\" \/><\/figure>\n<\/div>\n\n\n\n<div class=\"wp-block-column is-layout-flow wp-block-column-is-layout-flow\">\n<figure class=\"wp-block-image size-large\"><img loading=\"lazy\" decoding=\"async\" width=\"768\" height=\"1024\" src=\"https:\/\/blog.utp.edu.co\/area-de-recreacion-cdr\/files\/2024\/10\/Imagen-de-WhatsApp-2024-05-05-a-las-12.00.13_9293ae18-768x1024.jpg\" alt=\"\" class=\"wp-image-981\" srcset=\"https:\/\/blog.utp.edu.co\/area-de-recreacion-cdr\/files\/2024\/10\/Imagen-de-WhatsApp-2024-05-05-a-las-12.00.13_9293ae18-768x1024.jpg 768w, https:\/\/blog.utp.edu.co\/area-de-recreacion-cdr\/files\/2024\/10\/Imagen-de-WhatsApp-2024-05-05-a-las-12.00.13_9293ae18-225x300.jpg 225w, https:\/\/blog.utp.edu.co\/area-de-recreacion-cdr\/files\/2024\/10\/Imagen-de-WhatsApp-2024-05-05-a-las-12.00.13_9293ae18-1152x1536.jpg 1152w, https:\/\/blog.utp.edu.co\/area-de-recreacion-cdr\/files\/2024\/10\/Imagen-de-WhatsApp-2024-05-05-a-las-12.00.13_9293ae18.jpg 1200w\" sizes=\"auto, (max-width: 768px) 100vw, 768px\" \/><\/figure>\n<\/div>\n\n\n\n<div class=\"wp-block-column is-layout-flow wp-block-column-is-layout-flow\">\n<figure class=\"wp-block-image size-large\"><img loading=\"lazy\" decoding=\"async\" width=\"768\" height=\"1024\" src=\"https:\/\/blog.utp.edu.co\/area-de-recreacion-cdr\/files\/2024\/10\/Imagen-de-WhatsApp-2024-05-05-a-las-13.19.03_c34d9933-768x1024.jpg\" alt=\"\" class=\"wp-image-982\" srcset=\"https:\/\/blog.utp.edu.co\/area-de-recreacion-cdr\/files\/2024\/10\/Imagen-de-WhatsApp-2024-05-05-a-las-13.19.03_c34d9933-768x1024.jpg 768w, https:\/\/blog.utp.edu.co\/area-de-recreacion-cdr\/files\/2024\/10\/Imagen-de-WhatsApp-2024-05-05-a-las-13.19.03_c34d9933-225x300.jpg 225w, https:\/\/blog.utp.edu.co\/area-de-recreacion-cdr\/files\/2024\/10\/Imagen-de-WhatsApp-2024-05-05-a-las-13.19.03_c34d9933-1152x1536.jpg 1152w, https:\/\/blog.utp.edu.co\/area-de-recreacion-cdr\/files\/2024\/10\/Imagen-de-WhatsApp-2024-05-05-a-las-13.19.03_c34d9933.jpg 1200w\" sizes=\"auto, (max-width: 768px) 100vw, 768px\" \/><\/figure>\n<\/div>\n<\/div>\n\n\n\n<p><\/p>\n\n\n\n<p>Este campamento se realiza en quinto semestre desde la asignatura Modalidad Recreativa I, est\u00e1 ubicado en la v\u00eda Alcal\u00e1 y tiene una duraci\u00f3n de 3 d\u00edas y 2 noches.\u00a0<\/p>\n\n\n\n<p>En el primer d\u00eda se realiza una intervenci\u00f3n recreativa en el Instituto de Bienestar Familiar de Alcal\u00e1, seguido de actividades culturales por equipos seg\u00fan la tem\u00e1tica elegida ese semestre. Adem\u00e1s, en los d\u00edas y noches siguientes se desarrollan actividades de innovaci\u00f3n, superaci\u00f3n de retos, circuitos y fogata con sus respectivos momentos.<\/p>\n\n\n\n<p><\/p>\n\n\n\n<div class=\"wp-block-columns is-layout-flex wp-container-core-columns-is-layout-9d6595d7 wp-block-columns-is-layout-flex\">\n<div class=\"wp-block-column is-layout-flow wp-block-column-is-layout-flow\">\n<div class=\"wp-block-cover\" style=\"min-height:429px;aspect-ratio:unset;\"><img loading=\"lazy\" decoding=\"async\" width=\"768\" height=\"1024\" class=\"wp-block-cover__image-background wp-image-962\" alt=\"\" src=\"https:\/\/blog.utp.edu.co\/area-de-recreacion-cdr\/files\/2024\/10\/Imagen-de-WhatsApp-2024-05-05-a-las-13.19.07_994dba87-768x1024.jpg\" data-object-fit=\"cover\" srcset=\"https:\/\/blog.utp.edu.co\/area-de-recreacion-cdr\/files\/2024\/10\/Imagen-de-WhatsApp-2024-05-05-a-las-13.19.07_994dba87-768x1024.jpg 768w, https:\/\/blog.utp.edu.co\/area-de-recreacion-cdr\/files\/2024\/10\/Imagen-de-WhatsApp-2024-05-05-a-las-13.19.07_994dba87-225x300.jpg 225w, https:\/\/blog.utp.edu.co\/area-de-recreacion-cdr\/files\/2024\/10\/Imagen-de-WhatsApp-2024-05-05-a-las-13.19.07_994dba87-1152x1536.jpg 1152w, https:\/\/blog.utp.edu.co\/area-de-recreacion-cdr\/files\/2024\/10\/Imagen-de-WhatsApp-2024-05-05-a-las-13.19.07_994dba87.jpg 1200w\" sizes=\"auto, (max-width: 768px) 100vw, 768px\" \/><span aria-hidden=\"true\" class=\"wp-block-cover__background has-background-dim\"><\/span><div class=\"wp-block-cover__inner-container is-layout-flow wp-block-cover-is-layout-flow\">\n<p class=\"has-text-align-center has-large-font-size\">TRABAJO EN <\/p>\n\n\n\n<p class=\"has-text-align-center has-large-font-size\">EQUIPO<\/p>\n<\/div><\/div>\n<\/div>\n\n\n\n<div class=\"wp-block-column is-layout-flow wp-block-column-is-layout-flow\">\n<div class=\"wp-block-cover\"><img loading=\"lazy\" decoding=\"async\" width=\"768\" height=\"1024\" class=\"wp-block-cover__image-background wp-image-963\" alt=\"\" src=\"https:\/\/blog.utp.edu.co\/area-de-recreacion-cdr\/files\/2024\/10\/Imagen-de-WhatsApp-2024-05-05-a-las-13.19.23_4d5d782f-768x1024.jpg\" data-object-fit=\"cover\" srcset=\"https:\/\/blog.utp.edu.co\/area-de-recreacion-cdr\/files\/2024\/10\/Imagen-de-WhatsApp-2024-05-05-a-las-13.19.23_4d5d782f-768x1024.jpg 768w, https:\/\/blog.utp.edu.co\/area-de-recreacion-cdr\/files\/2024\/10\/Imagen-de-WhatsApp-2024-05-05-a-las-13.19.23_4d5d782f-225x300.jpg 225w, https:\/\/blog.utp.edu.co\/area-de-recreacion-cdr\/files\/2024\/10\/Imagen-de-WhatsApp-2024-05-05-a-las-13.19.23_4d5d782f-1152x1536.jpg 1152w, https:\/\/blog.utp.edu.co\/area-de-recreacion-cdr\/files\/2024\/10\/Imagen-de-WhatsApp-2024-05-05-a-las-13.19.23_4d5d782f.jpg 1200w\" sizes=\"auto, (max-width: 768px) 100vw, 768px\" \/><span aria-hidden=\"true\" class=\"wp-block-cover__background has-background-dim\"><\/span><div class=\"wp-block-cover__inner-container is-layout-flow wp-block-cover-is-layout-flow\">\n<p class=\"has-text-align-center has-large-font-size\">CULTURA<\/p>\n<\/div><\/div>\n<\/div>\n\n\n\n<div class=\"wp-block-column is-layout-flow wp-block-column-is-layout-flow\">\n<div class=\"wp-block-cover\"><img loading=\"lazy\" decoding=\"async\" width=\"768\" height=\"1024\" class=\"wp-block-cover__image-background wp-image-964\" alt=\"\" src=\"https:\/\/blog.utp.edu.co\/area-de-recreacion-cdr\/files\/2024\/10\/Imagen-de-WhatsApp-2024-05-05-a-las-13.19.21_ff47d071-768x1024.jpg\" data-object-fit=\"cover\" srcset=\"https:\/\/blog.utp.edu.co\/area-de-recreacion-cdr\/files\/2024\/10\/Imagen-de-WhatsApp-2024-05-05-a-las-13.19.21_ff47d071-768x1024.jpg 768w, https:\/\/blog.utp.edu.co\/area-de-recreacion-cdr\/files\/2024\/10\/Imagen-de-WhatsApp-2024-05-05-a-las-13.19.21_ff47d071-225x300.jpg 225w, https:\/\/blog.utp.edu.co\/area-de-recreacion-cdr\/files\/2024\/10\/Imagen-de-WhatsApp-2024-05-05-a-las-13.19.21_ff47d071-1152x1536.jpg 1152w, https:\/\/blog.utp.edu.co\/area-de-recreacion-cdr\/files\/2024\/10\/Imagen-de-WhatsApp-2024-05-05-a-las-13.19.21_ff47d071.jpg 1200w\" sizes=\"auto, (max-width: 768px) 100vw, 768px\" \/><span aria-hidden=\"true\" class=\"wp-block-cover__background has-background-dim\"><\/span><div class=\"wp-block-cover__inner-container is-layout-flow wp-block-cover-is-layout-flow\">\n<p class=\"has-text-align-center has-large-font-size\">LIDERAZGO<\/p>\n<\/div><\/div>\n<\/div>\n<\/div>\n\n\n\n<div class=\"wp-block-columns is-layout-flex wp-container-core-columns-is-layout-9d6595d7 wp-block-columns-is-layout-flex\">\n<div class=\"wp-block-column is-layout-flow wp-block-column-is-layout-flow\"><\/div>\n\n\n\n<div class=\"wp-block-column is-layout-flow wp-block-column-is-layout-flow\"><\/div>\n<\/div>\n\n\n\n<p><\/p>\n\n\n\n<div class=\"wp-block-columns is-layout-flex wp-container-core-columns-is-layout-9d6595d7 wp-block-columns-is-layout-flex\">\n<div class=\"wp-block-column is-layout-flow wp-block-column-is-layout-flow\">\n<figure class=\"wp-block-image\"><img loading=\"lazy\" decoding=\"async\" width=\"1200\" height=\"1600\" src=\"https:\/\/blog.utp.edu.co\/area-de-recreacion-cdr\/files\/2024\/10\/Imagen-de-WhatsApp-2024-05-05-a-las-13.19.21_24bcf849-2.jpg\" alt=\"\" class=\"wp-image-998\" srcset=\"https:\/\/blog.utp.edu.co\/area-de-recreacion-cdr\/files\/2024\/10\/Imagen-de-WhatsApp-2024-05-05-a-las-13.19.21_24bcf849-2.jpg 1200w, https:\/\/blog.utp.edu.co\/area-de-recreacion-cdr\/files\/2024\/10\/Imagen-de-WhatsApp-2024-05-05-a-las-13.19.21_24bcf849-2-225x300.jpg 225w, https:\/\/blog.utp.edu.co\/area-de-recreacion-cdr\/files\/2024\/10\/Imagen-de-WhatsApp-2024-05-05-a-las-13.19.21_24bcf849-2-768x1024.jpg 768w, https:\/\/blog.utp.edu.co\/area-de-recreacion-cdr\/files\/2024\/10\/Imagen-de-WhatsApp-2024-05-05-a-las-13.19.21_24bcf849-2-1152x1536.jpg 1152w\" sizes=\"auto, (max-width: 1200px) 100vw, 1200px\" \/><figcaption class=\"wp-element-caption\">Comunicaci\u00f3n<\/figcaption><\/figure>\n<\/div>\n\n\n\n<div class=\"wp-block-column is-layout-flow wp-block-column-is-layout-flow\">\n<figure class=\"wp-block-image\"><img loading=\"lazy\" decoding=\"async\" width=\"768\" height=\"1024\" src=\"https:\/\/blog.utp.edu.co\/area-de-recreacion-cdr\/files\/2024\/10\/Imagen-de-WhatsApp-2024-05-05-a-las-12.00.52_8556461b-768x1024.jpg\" alt=\"\" class=\"wp-image-974\" srcset=\"https:\/\/blog.utp.edu.co\/area-de-recreacion-cdr\/files\/2024\/10\/Imagen-de-WhatsApp-2024-05-05-a-las-12.00.52_8556461b-768x1024.jpg 768w, https:\/\/blog.utp.edu.co\/area-de-recreacion-cdr\/files\/2024\/10\/Imagen-de-WhatsApp-2024-05-05-a-las-12.00.52_8556461b-225x300.jpg 225w, https:\/\/blog.utp.edu.co\/area-de-recreacion-cdr\/files\/2024\/10\/Imagen-de-WhatsApp-2024-05-05-a-las-12.00.52_8556461b-1152x1536.jpg 1152w, https:\/\/blog.utp.edu.co\/area-de-recreacion-cdr\/files\/2024\/10\/Imagen-de-WhatsApp-2024-05-05-a-las-12.00.52_8556461b.jpg 1200w\" sizes=\"auto, (max-width: 768px) 100vw, 768px\" \/><figcaption class=\"wp-element-caption\">Creatividad<\/figcaption><\/figure>\n<\/div>\n\n\n\n<div class=\"wp-block-column is-layout-flow wp-block-column-is-layout-flow\">\n<figure class=\"wp-block-image\"><img loading=\"lazy\" decoding=\"async\" width=\"768\" height=\"1024\" src=\"https:\/\/blog.utp.edu.co\/area-de-recreacion-cdr\/files\/2024\/10\/Imagen-de-WhatsApp-2024-05-05-a-las-12.19.47_21e34766-768x1024.jpg\" alt=\"\" class=\"wp-image-973\" srcset=\"https:\/\/blog.utp.edu.co\/area-de-recreacion-cdr\/files\/2024\/10\/Imagen-de-WhatsApp-2024-05-05-a-las-12.19.47_21e34766-768x1024.jpg 768w, https:\/\/blog.utp.edu.co\/area-de-recreacion-cdr\/files\/2024\/10\/Imagen-de-WhatsApp-2024-05-05-a-las-12.19.47_21e34766-225x300.jpg 225w, https:\/\/blog.utp.edu.co\/area-de-recreacion-cdr\/files\/2024\/10\/Imagen-de-WhatsApp-2024-05-05-a-las-12.19.47_21e34766-1152x1536.jpg 1152w, https:\/\/blog.utp.edu.co\/area-de-recreacion-cdr\/files\/2024\/10\/Imagen-de-WhatsApp-2024-05-05-a-las-12.19.47_21e34766.jpg 1200w\" sizes=\"auto, (max-width: 768px) 100vw, 768px\" \/><figcaption class=\"wp-element-caption\">Innovaci\u00f3n<\/figcaption><\/figure>\n<\/div>\n<\/div>\n\n\n\n<div class=\"wp-block-columns is-layout-flex wp-container-core-columns-is-layout-9d6595d7 wp-block-columns-is-layout-flex\">\n<div class=\"wp-block-column is-layout-flow wp-block-column-is-layout-flow\">\n<p><\/p>\n<\/div>\n\n\n\n<div class=\"wp-block-column is-layout-flow wp-block-column-is-layout-flow\">\n<p><\/p>\n<\/div>\n\n\n\n<div class=\"wp-block-column is-layout-flow wp-block-column-is-layout-flow\">\n<p><\/p>\n<\/div>\n<\/div>\n\n\n\n<div class=\"wp-block-columns is-layout-flex wp-container-core-columns-is-layout-9d6595d7 wp-block-columns-is-layout-flex\">\n<div class=\"wp-block-column is-layout-flow wp-block-column-is-layout-flow\">\n<figure class=\"wp-block-image size-large\"><img loading=\"lazy\" decoding=\"async\" width=\"768\" height=\"1024\" src=\"https:\/\/blog.utp.edu.co\/area-de-recreacion-cdr\/files\/2024\/10\/Imagen-de-WhatsApp-2024-05-05-a-las-12.07.02_c0261246-768x1024.jpg\" alt=\"\" class=\"wp-image-966\" srcset=\"https:\/\/blog.utp.edu.co\/area-de-recreacion-cdr\/files\/2024\/10\/Imagen-de-WhatsApp-2024-05-05-a-las-12.07.02_c0261246-768x1024.jpg 768w, https:\/\/blog.utp.edu.co\/area-de-recreacion-cdr\/files\/2024\/10\/Imagen-de-WhatsApp-2024-05-05-a-las-12.07.02_c0261246-225x300.jpg 225w, https:\/\/blog.utp.edu.co\/area-de-recreacion-cdr\/files\/2024\/10\/Imagen-de-WhatsApp-2024-05-05-a-las-12.07.02_c0261246-1152x1536.jpg 1152w, https:\/\/blog.utp.edu.co\/area-de-recreacion-cdr\/files\/2024\/10\/Imagen-de-WhatsApp-2024-05-05-a-las-12.07.02_c0261246.jpg 1200w\" sizes=\"auto, (max-width: 768px) 100vw, 768px\" \/><figcaption class=\"wp-element-caption\">Compartencia<\/figcaption><\/figure>\n<\/div>\n\n\n\n<div class=\"wp-block-column is-layout-flow wp-block-column-is-layout-flow\">\n<figure class=\"wp-block-image size-large\"><img loading=\"lazy\" decoding=\"async\" width=\"768\" height=\"1024\" src=\"https:\/\/blog.utp.edu.co\/area-de-recreacion-cdr\/files\/2024\/10\/Imagen-de-WhatsApp-2024-05-05-a-las-13.19.14_0e6d7e1c-768x1024.jpg\" alt=\"\" class=\"wp-image-967\" srcset=\"https:\/\/blog.utp.edu.co\/area-de-recreacion-cdr\/files\/2024\/10\/Imagen-de-WhatsApp-2024-05-05-a-las-13.19.14_0e6d7e1c-768x1024.jpg 768w, https:\/\/blog.utp.edu.co\/area-de-recreacion-cdr\/files\/2024\/10\/Imagen-de-WhatsApp-2024-05-05-a-las-13.19.14_0e6d7e1c-225x300.jpg 225w, https:\/\/blog.utp.edu.co\/area-de-recreacion-cdr\/files\/2024\/10\/Imagen-de-WhatsApp-2024-05-05-a-las-13.19.14_0e6d7e1c-1152x1536.jpg 1152w, https:\/\/blog.utp.edu.co\/area-de-recreacion-cdr\/files\/2024\/10\/Imagen-de-WhatsApp-2024-05-05-a-las-13.19.14_0e6d7e1c.jpg 1200w\" sizes=\"auto, (max-width: 768px) 100vw, 768px\" \/><figcaption class=\"wp-element-caption\">Disfrute<\/figcaption><\/figure>\n<\/div>\n\n\n\n<div class=\"wp-block-column is-layout-flow wp-block-column-is-layout-flow\">\n<figure class=\"wp-block-image size-large\"><img loading=\"lazy\" decoding=\"async\" width=\"768\" height=\"1024\" src=\"https:\/\/blog.utp.edu.co\/area-de-recreacion-cdr\/files\/2024\/10\/Imagen-de-WhatsApp-2024-05-05-a-las-13.19.15_4e075d28-768x1024.jpg\" alt=\"\" class=\"wp-image-968\" srcset=\"https:\/\/blog.utp.edu.co\/area-de-recreacion-cdr\/files\/2024\/10\/Imagen-de-WhatsApp-2024-05-05-a-las-13.19.15_4e075d28-768x1024.jpg 768w, https:\/\/blog.utp.edu.co\/area-de-recreacion-cdr\/files\/2024\/10\/Imagen-de-WhatsApp-2024-05-05-a-las-13.19.15_4e075d28-225x300.jpg 225w, https:\/\/blog.utp.edu.co\/area-de-recreacion-cdr\/files\/2024\/10\/Imagen-de-WhatsApp-2024-05-05-a-las-13.19.15_4e075d28-1152x1536.jpg 1152w, https:\/\/blog.utp.edu.co\/area-de-recreacion-cdr\/files\/2024\/10\/Imagen-de-WhatsApp-2024-05-05-a-las-13.19.15_4e075d28.jpg 1200w\" sizes=\"auto, (max-width: 768px) 100vw, 768px\" \/><figcaption class=\"wp-element-caption\">Experiencias<\/figcaption><\/figure>\n<\/div>\n<\/div>\n\n\n\n<div class=\"wp-block-columns is-layout-flex wp-container-core-columns-is-layout-9d6595d7 wp-block-columns-is-layout-flex\">\n<div class=\"wp-block-column is-layout-flow wp-block-column-is-layout-flow\">\n<p><\/p>\n<\/div>\n<\/div>\n","protected":false},"excerpt":{"rendered":"<p>Campamento de Innovaci\u00f3n Metodol\u00f3gica en Recreaci\u00f3n \u00abGuayacanes\u00bb El Campamento de Innovaci\u00f3n Metodol\u00f3gica en Recreaci\u00f3n \u00abGuayacanes\u00bb est\u00e1 dise\u00f1ado para crear en los estudiantes habilidades estrat\u00e9gicas en pro del liderazgo desde la recreaci\u00f3n con prop\u00f3sito. Es decir, utilizan la recreaci\u00f3n como una herramienta clave para ejecutar cualquier actividad y\/o enfrentarse a diferentes situaciones, representando a la recreaci\u00f3n <a href=\"https:\/\/blog.utp.edu.co\/area-de-recreacion-cdr\/guayacanes\/\" rel=\"nofollow\"><span class=\"sr-only\">Leer m\u00e1sGuayacanes<\/span>[&hellip;]<\/a><\/p>\n","protected":false},"author":247,"featured_media":0,"parent":0,"menu_order":0,"comment_status":"closed","ping_status":"closed","template":"","meta":{"footnotes":""},"class_list":["post-794","page","type-page","status-publish","hentry"],"_links":{"self":[{"href":"https:\/\/blog.utp.edu.co\/area-de-recreacion-cdr\/wp-json\/wp\/v2\/pages\/794","targetHints":{"allow":["GET"]}}],"collection":[{"href":"https:\/\/blog.utp.edu.co\/area-de-recreacion-cdr\/wp-json\/wp\/v2\/pages"}],"about":[{"href":"https:\/\/blog.utp.edu.co\/area-de-recreacion-cdr\/wp-json\/wp\/v2\/types\/page"}],"author":[{"embeddable":true,"href":"https:\/\/blog.utp.edu.co\/area-de-recreacion-cdr\/wp-json\/wp\/v2\/users\/247"}],"replies":[{"embeddable":true,"href":"https:\/\/blog.utp.edu.co\/area-de-recreacion-cdr\/wp-json\/wp\/v2\/comments?post=794"}],"version-history":[{"count":15,"href":"https:\/\/blog.utp.edu.co\/area-de-recreacion-cdr\/wp-json\/wp\/v2\/pages\/794\/revisions"}],"predecessor-version":[{"id":1385,"href":"https:\/\/blog.utp.edu.co\/area-de-recreacion-cdr\/wp-json\/wp\/v2\/pages\/794\/revisions\/1385"}],"wp:attachment":[{"href":"https:\/\/blog.utp.edu.co\/area-de-recreacion-cdr\/wp-json\/wp\/v2\/media?parent=794"}],"curies":[{"name":"wp","href":"https:\/\/api.w.org\/{rel}","templated":true}]}}