{"id":793,"date":"2024-05-15T20:57:37","date_gmt":"2024-05-16T01:57:37","guid":{"rendered":"https:\/\/blog.utp.edu.co\/area-de-recreacion-cdr\/?page_id=793"},"modified":"2026-04-06T09:41:56","modified_gmt":"2026-04-06T14:41:56","slug":"yarumo-blanco","status":"publish","type":"page","link":"https:\/\/blog.utp.edu.co\/area-de-recreacion-cdr\/yarumo-blanco\/","title":{"rendered":"Yarumo Blanco"},"content":{"rendered":"\n<p>Esta salida acad\u00e9mica se realiza en primer semestre desde la asignatura Introducci\u00f3n al Deporte y la Recreaci\u00f3n con duraci\u00f3n de un d\u00eda. Se desarrolla en el corregimiento de la Florida, teniendo contacto con la naturaleza y diferentes actividades grupales que buscan el fortalecimiento social de los estudiantes que reci\u00e9n ingresan a Ciencias del Deporte y la Recreaci\u00f3n.&nbsp;<\/p>\n\n\n\n<p>Lo que se busca con este primer acercamiento es la cohesi\u00f3n grupal, identificaci\u00f3n de l\u00edderes, descubrimiento de habilidades y finalmente los estudiantes tienen la oportunidad de conocerse entre ellos y entender con qui\u00e9nes compartir\u00e1n los siguientes a\u00f1os.&nbsp;<\/p>\n\n\n\n<p><\/p>\n\n\n\n<div class=\"wp-block-columns is-layout-flex wp-container-core-columns-is-layout-9d6595d7 wp-block-columns-is-layout-flex\">\n<div class=\"wp-block-column is-layout-flow wp-block-column-is-layout-flow\">\n<figure class=\"wp-block-image size-large\"><img loading=\"lazy\" decoding=\"async\" width=\"577\" height=\"1024\" src=\"https:\/\/blog.utp.edu.co\/area-de-recreacion-cdr\/files\/2024\/10\/WhatsApp-Image-2024-09-04-at-4.31.55-PM-577x1024.jpeg\" alt=\"\" class=\"wp-image-943\" srcset=\"https:\/\/blog.utp.edu.co\/area-de-recreacion-cdr\/files\/2024\/10\/WhatsApp-Image-2024-09-04-at-4.31.55-PM-577x1024.jpeg 577w, https:\/\/blog.utp.edu.co\/area-de-recreacion-cdr\/files\/2024\/10\/WhatsApp-Image-2024-09-04-at-4.31.55-PM-169x300.jpeg 169w, https:\/\/blog.utp.edu.co\/area-de-recreacion-cdr\/files\/2024\/10\/WhatsApp-Image-2024-09-04-at-4.31.55-PM.jpeg 640w\" sizes=\"auto, (max-width: 577px) 100vw, 577px\" \/><\/figure>\n<\/div>\n\n\n\n<div class=\"wp-block-column is-layout-flow wp-block-column-is-layout-flow\">\n<figure class=\"wp-block-image size-full\"><img loading=\"lazy\" decoding=\"async\" width=\"1200\" height=\"1600\" src=\"https:\/\/blog.utp.edu.co\/area-de-recreacion-cdr\/files\/2024\/10\/WhatsApp-Image-2024-09-04-at-4.32.23-PM-2.jpeg\" alt=\"\" class=\"wp-image-952\" srcset=\"https:\/\/blog.utp.edu.co\/area-de-recreacion-cdr\/files\/2024\/10\/WhatsApp-Image-2024-09-04-at-4.32.23-PM-2.jpeg 1200w, https:\/\/blog.utp.edu.co\/area-de-recreacion-cdr\/files\/2024\/10\/WhatsApp-Image-2024-09-04-at-4.32.23-PM-2-225x300.jpeg 225w, https:\/\/blog.utp.edu.co\/area-de-recreacion-cdr\/files\/2024\/10\/WhatsApp-Image-2024-09-04-at-4.32.23-PM-2-768x1024.jpeg 768w, https:\/\/blog.utp.edu.co\/area-de-recreacion-cdr\/files\/2024\/10\/WhatsApp-Image-2024-09-04-at-4.32.23-PM-2-1152x1536.jpeg 1152w\" sizes=\"auto, (max-width: 1200px) 100vw, 1200px\" \/><\/figure>\n<\/div>\n\n\n\n<div class=\"wp-block-column is-layout-flow wp-block-column-is-layout-flow\">\n<figure class=\"wp-block-image size-large\"><img loading=\"lazy\" decoding=\"async\" width=\"576\" height=\"1024\" src=\"https:\/\/blog.utp.edu.co\/area-de-recreacion-cdr\/files\/2024\/10\/WhatsApp-Image-2024-09-04-at-4.31.56-PM-1-576x1024.jpeg\" alt=\"\" class=\"wp-image-947\" srcset=\"https:\/\/blog.utp.edu.co\/area-de-recreacion-cdr\/files\/2024\/10\/WhatsApp-Image-2024-09-04-at-4.31.56-PM-1-576x1024.jpeg 576w, https:\/\/blog.utp.edu.co\/area-de-recreacion-cdr\/files\/2024\/10\/WhatsApp-Image-2024-09-04-at-4.31.56-PM-1-169x300.jpeg 169w, https:\/\/blog.utp.edu.co\/area-de-recreacion-cdr\/files\/2024\/10\/WhatsApp-Image-2024-09-04-at-4.31.56-PM-1.jpeg 720w\" sizes=\"auto, (max-width: 576px) 100vw, 576px\" \/><\/figure>\n<\/div>\n<\/div>\n\n\n\n<p><\/p>\n\n\n\n<div class=\"wp-block-columns is-layout-flex wp-container-core-columns-is-layout-9d6595d7 wp-block-columns-is-layout-flex\">\n<div class=\"wp-block-column is-layout-flow wp-block-column-is-layout-flow\">\n<figure class=\"wp-block-image size-full\"><img loading=\"lazy\" decoding=\"async\" width=\"768\" height=\"1024\" src=\"https:\/\/blog.utp.edu.co\/area-de-recreacion-cdr\/files\/2024\/10\/WhatsApp-Image-2024-09-04-at-4.33.03-PM-1.jpeg\" alt=\"\" class=\"wp-image-949\" srcset=\"https:\/\/blog.utp.edu.co\/area-de-recreacion-cdr\/files\/2024\/10\/WhatsApp-Image-2024-09-04-at-4.33.03-PM-1.jpeg 768w, https:\/\/blog.utp.edu.co\/area-de-recreacion-cdr\/files\/2024\/10\/WhatsApp-Image-2024-09-04-at-4.33.03-PM-1-225x300.jpeg 225w\" sizes=\"auto, (max-width: 768px) 100vw, 768px\" \/><\/figure>\n<\/div>\n\n\n\n<div class=\"wp-block-column is-layout-flow wp-block-column-is-layout-flow\">\n<figure class=\"wp-block-image size-full\"><img loading=\"lazy\" decoding=\"async\" width=\"768\" height=\"1024\" src=\"https:\/\/blog.utp.edu.co\/area-de-recreacion-cdr\/files\/2024\/10\/WhatsApp-Image-2024-09-04-at-4.33.03-PM-2.jpeg\" alt=\"\" class=\"wp-image-950\" srcset=\"https:\/\/blog.utp.edu.co\/area-de-recreacion-cdr\/files\/2024\/10\/WhatsApp-Image-2024-09-04-at-4.33.03-PM-2.jpeg 768w, https:\/\/blog.utp.edu.co\/area-de-recreacion-cdr\/files\/2024\/10\/WhatsApp-Image-2024-09-04-at-4.33.03-PM-2-225x300.jpeg 225w\" sizes=\"auto, (max-width: 768px) 100vw, 768px\" \/><\/figure>\n<\/div>\n<\/div>\n","protected":false},"excerpt":{"rendered":"<p>Esta salida acad\u00e9mica se realiza en primer semestre desde la asignatura Introducci\u00f3n al Deporte y la Recreaci\u00f3n con duraci\u00f3n de un d\u00eda. Se desarrolla en el corregimiento de la Florida, teniendo contacto con la naturaleza y diferentes actividades grupales que buscan el fortalecimiento social de los estudiantes que reci\u00e9n ingresan a Ciencias del Deporte y <a href=\"https:\/\/blog.utp.edu.co\/area-de-recreacion-cdr\/yarumo-blanco\/\" rel=\"nofollow\"><span class=\"sr-only\">Leer m\u00e1sYarumo Blanco<\/span>[&hellip;]<\/a><\/p>\n","protected":false},"author":247,"featured_media":0,"parent":0,"menu_order":0,"comment_status":"closed","ping_status":"closed","template":"","meta":{"footnotes":""},"class_list":["post-793","page","type-page","status-publish","hentry"],"_links":{"self":[{"href":"https:\/\/blog.utp.edu.co\/area-de-recreacion-cdr\/wp-json\/wp\/v2\/pages\/793","targetHints":{"allow":["GET"]}}],"collection":[{"href":"https:\/\/blog.utp.edu.co\/area-de-recreacion-cdr\/wp-json\/wp\/v2\/pages"}],"about":[{"href":"https:\/\/blog.utp.edu.co\/area-de-recreacion-cdr\/wp-json\/wp\/v2\/types\/page"}],"author":[{"embeddable":true,"href":"https:\/\/blog.utp.edu.co\/area-de-recreacion-cdr\/wp-json\/wp\/v2\/users\/247"}],"replies":[{"embeddable":true,"href":"https:\/\/blog.utp.edu.co\/area-de-recreacion-cdr\/wp-json\/wp\/v2\/comments?post=793"}],"version-history":[{"count":5,"href":"https:\/\/blog.utp.edu.co\/area-de-recreacion-cdr\/wp-json\/wp\/v2\/pages\/793\/revisions"}],"predecessor-version":[{"id":1358,"href":"https:\/\/blog.utp.edu.co\/area-de-recreacion-cdr\/wp-json\/wp\/v2\/pages\/793\/revisions\/1358"}],"wp:attachment":[{"href":"https:\/\/blog.utp.edu.co\/area-de-recreacion-cdr\/wp-json\/wp\/v2\/media?parent=793"}],"curies":[{"name":"wp","href":"https:\/\/api.w.org\/{rel}","templated":true}]}}