{"id":609,"date":"2023-09-27T15:52:45","date_gmt":"2023-09-27T20:52:45","guid":{"rendered":"https:\/\/blog.utp.edu.co\/area-de-recreacion-cdr\/?page_id=609"},"modified":"2026-03-24T15:06:54","modified_gmt":"2026-03-24T20:06:54","slug":"boletin-adrenalina","status":"publish","type":"page","link":"https:\/\/blog.utp.edu.co\/area-de-recreacion-cdr\/boletin-adrenalina\/","title":{"rendered":"Bolet\u00edn de Adrenalina"},"content":{"rendered":"\n<p>El Bolet\u00edn Adrenalina hace parte integral del Programa de Ciencias del Deporte y la Recreaci\u00f3n, es una emocionante fuente de informaci\u00f3n que conecta a la comunidad apasionada por el deporte y la recreaci\u00f3n. Este bolet\u00edn peri\u00f3dico se dedica a difundir experiencias, temas, entrevistas y noticias con expertos relacionadas con el campo, fomentando el avance del conocimiento y el desarrollo de conexiones profesionales. Estar en un contacto continuo con el Bolet\u00edn Adrenalina significa acceso exclusivo a las \u00faltimas tendencias, la oportunidad de contribuir con contenido y la posibilidad de ampliar tu red en el emocionante mundo del deporte y la recreaci\u00f3n.<\/p>\n\n\n\n<p>Si deseas mantenerte informado y motivado en el \u00e1mbito del deporte y la recreaci\u00f3n, el Bolet\u00edn Adrenalina es tu puerta de entrada. Puedes acceder a \u00e9l a trav\u00e9s del nuestro Blog del \u00c1rea de Recreaci\u00f3n, seguir sus redes sociales o consultar copias impresas en la biblioteca de la universidad. Esta plataforma no solo enriquece tu comprensi\u00f3n del tema, sino que tambi\u00e9n te brinda la oportunidad de ser parte de la emoci\u00f3n al contribuir con tus propios art\u00edculos o expresar tus experiencias. \u00danete a esta apasionante comunidad y sum\u00e9rgete en el mundo del Bolet\u00edn Adrenalina del Programa de Ciencias del Deporte y la Recreaci\u00f3n.<\/p>\n\n\n\n<p class=\"has-text-align-center has-light-green-cyan-background-color has-background\"><br><strong>\u00a1Estamos emocionados de anunciar nuestro pr\u00f3ximo bolet\u00edn, que se publicar\u00e1 en octubre! Este bolet\u00edn est\u00e1 lleno de contenido fresco y relevante que no querr\u00e1s perderte.<\/strong><\/p>\n\n\n\n<p>En nuestro pr\u00f3ximo bolet\u00edn, encontrar\u00e1s:<\/p>\n\n\n\n<ul class=\"wp-block-list\">\n<li>Editorial del Director del programa Norman Jairo Pach\u00f3n<\/li>\n\n\n\n<li>Historia de nuestro programa Ciencias del Deporte y la Recreaci\u00f3n<\/li>\n\n\n\n<li>\u00c1reas del programa (\u00c1rea de b\u00e1sicas y aplicadas, \u00c1rea de Deportes, \u00c1rea de Recreaci\u00f3n y \u00c1rea de investigaci\u00f3n y extensi\u00f3n)<\/li>\n\n\n\n<li>Salidas Acad\u00e9micas<\/li>\n\n\n\n<li>Estudiante Destacado<\/li>\n\n\n\n<li>Orgullo CDR<\/li>\n\n\n\n<li>Egresado Destacado<\/li>\n\n\n\n<li>Docente Destacada<\/li>\n\n\n\n<li>Estudiantes de Internalizaci\u00f3n<\/li>\n\n\n\n<li>Semilleros de Investigaci\u00f3n (Semillero de investigaci\u00f3n en Recreaci\u00f3n y Desarrollo Humano)<\/li>\n<\/ul>\n\n\n\n<p><\/p>\n\n\n\n<p>Mantente atento y prep\u00e1rate para una lectura informativa y entretenida en Noviembre. \u00a1Gracias por ser parte de nuestra comunidad!<\/p>\n\n\n\n<p><\/p>\n\n\n\n<p><\/p>\n\n\n\n<h2 class=\"wp-block-heading has-text-align-center\">Puedes conocer el Bolet\u00edn Adrenalina de nuestro programa Ciencias del Deporte y la Recreaci\u00f3n en el siguiente documento:<\/h2>\n\n\n\n<p class=\"has-text-align-left has-medium-font-size\"><\/p>\n\n\n\n<div data-wp-interactive=\"core\/file\" class=\"wp-block-file\"><object data-wp-bind--hidden=\"!state.hasPdfPreview\" hidden class=\"wp-block-file__embed\" data=\"https:\/\/blog.utp.edu.co\/area-de-recreacion-cdr\/files\/2024\/11\/BOLETIN-ADRENALINA-2023.pdf\" type=\"application\/pdf\" style=\"width:100%;height:200px\" aria-label=\"Incrustado de BOLET\u00cdN ADRENALINA 2023.\"><\/object><a id=\"wp-block-file--media-4d8f5e9f-e625-4617-bcc0-0e25920ca468\" href=\"https:\/\/blog.utp.edu.co\/area-de-recreacion-cdr\/files\/2024\/11\/BOLETIN-ADRENALINA-2023.pdf\">BOLET\u00cdN ADRENALINA 2023<\/a><a href=\"https:\/\/blog.utp.edu.co\/area-de-recreacion-cdr\/files\/2024\/11\/BOLETIN-ADRENALINA-2023.pdf\" class=\"wp-block-file__button wp-element-button\" download aria-describedby=\"wp-block-file--media-4d8f5e9f-e625-4617-bcc0-0e25920ca468\">Descarga<\/a><\/div>\n\n\n\n<p><\/p>\n\n\n\n<h2 class=\"wp-block-heading\"><mark style=\"background-color:#fcb900\" class=\"has-inline-color\">OTROS ANTECEDENTES DEL BOLET\u00cdN ADRENALINA:<\/mark><\/h2>\n\n\n\n<p><\/p>\n\n\n\n<div class=\"wp-block-columns is-layout-flex wp-container-core-columns-is-layout-9d6595d7 wp-block-columns-is-layout-flex\">\n<div class=\"wp-block-column is-layout-flow wp-block-column-is-layout-flow\">\n<div data-wp-interactive=\"core\/file\" class=\"wp-block-file\"><object data-wp-bind--hidden=\"!state.hasPdfPreview\" hidden class=\"wp-block-file__embed\" data=\"https:\/\/blog.utp.edu.co\/area-de-recreacion-cdr\/files\/2024\/11\/BOLETIN-ADRENALINA-FEBRERO-2015-1.pdf\" type=\"application\/pdf\" style=\"width:100%;height:290px\" aria-label=\"Incrustado de BOLETIN ADRENALINA FEBRERO 2015.\"><\/object><a id=\"wp-block-file--media-9a492d4c-0e1c-4b9f-b922-db56edf67c52\" href=\"https:\/\/blog.utp.edu.co\/area-de-recreacion-cdr\/files\/2024\/11\/BOLETIN-ADRENALINA-FEBRERO-2015-1.pdf\">BOLETIN ADRENALINA FEBRERO 2015<\/a><a href=\"https:\/\/blog.utp.edu.co\/area-de-recreacion-cdr\/files\/2024\/11\/BOLETIN-ADRENALINA-FEBRERO-2015-1.pdf\" class=\"wp-block-file__button wp-element-button\" download aria-describedby=\"wp-block-file--media-9a492d4c-0e1c-4b9f-b922-db56edf67c52\">Descarga<\/a><\/div>\n<\/div>\n\n\n\n<div class=\"wp-block-column is-layout-flow wp-block-column-is-layout-flow\">\n<div data-wp-interactive=\"core\/file\" class=\"wp-block-file\"><object data-wp-bind--hidden=\"!state.hasPdfPreview\" hidden class=\"wp-block-file__embed\" data=\"https:\/\/blog.utp.edu.co\/area-de-recreacion-cdr\/files\/2024\/11\/Boletin-adrenalina-20-Anos.pdf\" type=\"application\/pdf\" style=\"width:100%;height:290px\" aria-label=\"Incrustado de Boletin adrenalina 20 A\u00f1os.\"><\/object><a id=\"wp-block-file--media-fcb25e24-f62a-413b-9cc7-28e747eb8acd\" href=\"https:\/\/blog.utp.edu.co\/area-de-recreacion-cdr\/files\/2024\/11\/Boletin-adrenalina-20-Anos.pdf\">Boletin adrenalina 20 A\u00f1os<\/a><a href=\"https:\/\/blog.utp.edu.co\/area-de-recreacion-cdr\/files\/2024\/11\/Boletin-adrenalina-20-Anos.pdf\" class=\"wp-block-file__button wp-element-button\" download aria-describedby=\"wp-block-file--media-fcb25e24-f62a-413b-9cc7-28e747eb8acd\">Descarga<\/a><\/div>\n<\/div>\n<\/div>\n\n\n\n<p><\/p>\n\n\n\n<div class=\"wp-block-columns is-layout-flex wp-container-core-columns-is-layout-9d6595d7 wp-block-columns-is-layout-flex\">\n<div class=\"wp-block-column is-layout-flow wp-block-column-is-layout-flow\" style=\"flex-basis:66.66%\">\n<figure class=\"wp-block-image size-full\"><img loading=\"lazy\" decoding=\"async\" width=\"500\" height=\"500\" src=\"https:\/\/blog.utp.edu.co\/area-de-recreacion-cdr\/files\/2024\/11\/LOGO-BOLETIN-ADRENALINA-1.png\" alt=\"\" class=\"wp-image-1195\" srcset=\"https:\/\/blog.utp.edu.co\/area-de-recreacion-cdr\/files\/2024\/11\/LOGO-BOLETIN-ADRENALINA-1.png 500w, https:\/\/blog.utp.edu.co\/area-de-recreacion-cdr\/files\/2024\/11\/LOGO-BOLETIN-ADRENALINA-1-300x300.png 300w, https:\/\/blog.utp.edu.co\/area-de-recreacion-cdr\/files\/2024\/11\/LOGO-BOLETIN-ADRENALINA-1-150x150.png 150w, https:\/\/blog.utp.edu.co\/area-de-recreacion-cdr\/files\/2024\/11\/LOGO-BOLETIN-ADRENALINA-1-250x250.png 250w, https:\/\/blog.utp.edu.co\/area-de-recreacion-cdr\/files\/2024\/11\/LOGO-BOLETIN-ADRENALINA-1-174x174.png 174w\" sizes=\"auto, (max-width: 500px) 100vw, 500px\" \/><\/figure>\n<\/div>\n\n\n\n<div class=\"wp-block-column is-layout-flow wp-block-column-is-layout-flow\" style=\"flex-basis:33.33%\">\n<h2 class=\"wp-block-heading\">NUEVO BOLET\u00cdN ADRENALINA (2024)<\/h2>\n\n\n\n<p class=\"has-text-align-center\">El Bolet\u00edn Informativo Adrenalina es un canal de difusi\u00f3n que ofrece a los estudiantes y a la comunidad educativa, informaci\u00f3n sobre las \u00e1reas del programa Ciencias del Deporte y la Recreaci\u00f3n, noticias generales del programa, visualizaci\u00f3n de los semilleros activos y publicaci\u00f3n de trabajos hechos por los estudiantes de T\u00e9cnicas de la Comunicaci\u00f3n que brindan actividades como entrevistas, destacar docentes y estudiantes, internacionalizaci\u00f3n, entre otras.<\/p>\n<\/div>\n<\/div>\n\n\n\n<p><\/p>\n\n\n\n<div class=\"wp-block-columns is-layout-flex wp-container-core-columns-is-layout-9d6595d7 wp-block-columns-is-layout-flex\">\n<div class=\"wp-block-column is-layout-flow wp-block-column-is-layout-flow\" style=\"flex-basis:33.33%\">\n<h2 class=\"wp-block-heading has-text-align-center\"><mark style=\"background-color:#7bdcb5\" class=\"has-inline-color\">NO TE PIERDAS NADA DEL BOLET\u00cdN ADRENALINA, AHORA DE MANERA M\u00c1S DIN\u00c1MICA:<\/mark><\/h2>\n\n\n\n<p class=\"has-text-align-center\">El Bolet\u00edn Adrenalina en su nueva versi\u00f3n est\u00e1 desarrollado en una p\u00e1gina web a la cual todos pueden ingresar con su correo institucional. <\/p>\n<\/div>\n\n\n\n<div class=\"wp-block-column is-layout-flow wp-block-column-is-layout-flow\" style=\"flex-basis:66.66%\">\n<div class=\"wp-block-buttons is-layout-flex wp-block-buttons-is-layout-flex\">\n<div class=\"wp-block-button is-style-outline is-style-outline--1\"><a class=\"wp-block-button__link wp-element-button\" href=\"https:\/\/sites.google.com\/d\/1sWG-p8xy30Rp8_pm12AVVwtSFdtT4fgq\/p\/1AD7pGNrPcw0Jfgz_kf3xrImciHzK6KAQ\/edit\">P\u00c1GINA BOLET\u00cdN ADRENALINA<\/a><\/div>\n<\/div>\n<\/div>\n<\/div>\n","protected":false},"excerpt":{"rendered":"<p>El Bolet\u00edn Adrenalina hace parte integral del Programa de Ciencias del Deporte y la Recreaci\u00f3n, es una emocionante fuente de informaci\u00f3n que conecta a la comunidad apasionada por el deporte y la recreaci\u00f3n. Este bolet\u00edn peri\u00f3dico se dedica a difundir experiencias, temas, entrevistas y noticias con expertos relacionadas con el campo, fomentando el avance del <a href=\"https:\/\/blog.utp.edu.co\/area-de-recreacion-cdr\/boletin-adrenalina\/\" rel=\"nofollow\"><span class=\"sr-only\">Leer m\u00e1sBolet\u00edn de Adrenalina<\/span>[&hellip;]<\/a><\/p>\n","protected":false},"author":6472,"featured_media":0,"parent":0,"menu_order":0,"comment_status":"closed","ping_status":"closed","template":"","meta":{"footnotes":""},"class_list":["post-609","page","type-page","status-publish","hentry"],"_links":{"self":[{"href":"https:\/\/blog.utp.edu.co\/area-de-recreacion-cdr\/wp-json\/wp\/v2\/pages\/609","targetHints":{"allow":["GET"]}}],"collection":[{"href":"https:\/\/blog.utp.edu.co\/area-de-recreacion-cdr\/wp-json\/wp\/v2\/pages"}],"about":[{"href":"https:\/\/blog.utp.edu.co\/area-de-recreacion-cdr\/wp-json\/wp\/v2\/types\/page"}],"author":[{"embeddable":true,"href":"https:\/\/blog.utp.edu.co\/area-de-recreacion-cdr\/wp-json\/wp\/v2\/users\/6472"}],"replies":[{"embeddable":true,"href":"https:\/\/blog.utp.edu.co\/area-de-recreacion-cdr\/wp-json\/wp\/v2\/comments?post=609"}],"version-history":[{"count":11,"href":"https:\/\/blog.utp.edu.co\/area-de-recreacion-cdr\/wp-json\/wp\/v2\/pages\/609\/revisions"}],"predecessor-version":[{"id":1333,"href":"https:\/\/blog.utp.edu.co\/area-de-recreacion-cdr\/wp-json\/wp\/v2\/pages\/609\/revisions\/1333"}],"wp:attachment":[{"href":"https:\/\/blog.utp.edu.co\/area-de-recreacion-cdr\/wp-json\/wp\/v2\/media?parent=609"}],"curies":[{"name":"wp","href":"https:\/\/api.w.org\/{rel}","templated":true}]}}