{"id":248,"date":"2023-04-26T08:35:42","date_gmt":"2023-04-26T13:35:42","guid":{"rendered":"https:\/\/blog.utp.edu.co\/area-de-recreacion-cdr\/?page_id=248"},"modified":"2026-04-07T11:28:28","modified_gmt":"2026-04-07T16:28:28","slug":"recreacion-especifica","status":"publish","type":"page","link":"https:\/\/blog.utp.edu.co\/area-de-recreacion-cdr\/recreacion-especifica\/","title":{"rendered":"Recreaci\u00f3n Espec\u00edfica"},"content":{"rendered":"\n<h2 class=\"wp-block-heading has-vivid-red-color has-text-color\">Justificaci\u00f3n<\/h2>\n\n\n\n<p>Las pr\u00e1cticas de Recreaci\u00f3n Espec\u00edfica pretenden aportar al objeto de formaci\u00f3n del profesional en Ciencias del Deporte y la Recreaci\u00f3n. <\/p>\n\n\n\n<p>En el proceso de evoluci\u00f3n permanente de la asignatura se ha consolidado un proyecto de extensi\u00f3n que posibilita la proyecci\u00f3n social del \u00e1rea de recreaci\u00f3n y el programa Ciencias del Deporte y la recreaci\u00f3n en el medio externo, promoviendo la generaci\u00f3n de conocimiento desde la VIVENCIA INTENCIONADA y la reflexi\u00f3n de su impacto en la realidad de nuestra ciudad, con posibles proyectos de investigaci\u00f3n-acci\u00f3n, que desde la perspectiva de \u201cPrograma de Intervenci\u00f3n Integral desde la Recreaci\u00f3n\u201d en l\u00edneas de desarrollo como: Social-Comunitaria, Educativa, Ambiental-Tur\u00edstica y Salud-Terap\u00e9utica, han contribuido al desarrollo integral desde una mirada hol\u00edstica de la salud, en poblaciones en situaci\u00f3n de discapacidad, trato especial, vulneraci\u00f3n de derechos, situaci\u00f3n de desplazamiento y\/o reinserci\u00f3n social, comunidades terap\u00e9uticas, ONGS y grupos juveniles, entre otros.<\/p>\n\n\n\n<p><\/p>\n\n\n\n<h2 class=\"wp-block-heading has-text-align-center has-vivid-red-color has-text-color\">Objetivo General<\/h2>\n\n\n\n<p><\/p>\n\n\n\n<div class=\"wp-block-columns is-layout-flex wp-container-core-columns-is-layout-9d6595d7 wp-block-columns-is-layout-flex\">\n<div class=\"wp-block-column is-vertically-aligned-center is-layout-flow wp-block-column-is-layout-flow\">\n<p class=\"has-text-align-center\">El estudiante desarrollar\u00e1 un proyecto de intervenci\u00f3n recreativa con intencionalidad por medio de una pr\u00e1ctica de 16 semanas que contribuya a la Calidad de vida y al Bienestar de la poblaci\u00f3n intervenida.<\/p>\n<\/div>\n\n\n\n<div class=\"wp-block-column is-layout-flow wp-block-column-is-layout-flow\"><div class=\"wp-block-image\">\n<figure class=\"aligncenter size-large is-resized\"><img loading=\"lazy\" decoding=\"async\" width=\"1024\" height=\"683\" src=\"https:\/\/blog.utp.edu.co\/area-de-recreacion-cdr\/files\/2023\/05\/DSC_0022-1024x683.jpg\" alt=\"\" class=\"wp-image-463\" style=\"width:310px;height:207px\" srcset=\"https:\/\/blog.utp.edu.co\/area-de-recreacion-cdr\/files\/2023\/05\/DSC_0022-1024x683.jpg 1024w, https:\/\/blog.utp.edu.co\/area-de-recreacion-cdr\/files\/2023\/05\/DSC_0022-300x200.jpg 300w, https:\/\/blog.utp.edu.co\/area-de-recreacion-cdr\/files\/2023\/05\/DSC_0022-768x512.jpg 768w, https:\/\/blog.utp.edu.co\/area-de-recreacion-cdr\/files\/2023\/05\/DSC_0022-1536x1024.jpg 1536w, https:\/\/blog.utp.edu.co\/area-de-recreacion-cdr\/files\/2023\/05\/DSC_0022-2048x1365.jpg 2048w, https:\/\/blog.utp.edu.co\/area-de-recreacion-cdr\/files\/2023\/05\/DSC_0022-750x500.jpg 750w\" sizes=\"auto, (max-width: 1024px) 100vw, 1024px\" \/><\/figure>\n<\/div><\/div>\n<\/div>\n\n\n\n<p><\/p>\n\n\n\n<h2 class=\"wp-block-heading has-vivid-red-color has-text-color\">Objetivos Espec\u00edficos<\/h2>\n\n\n\n<p>El estudiante estar\u00e1 en capacidad de:<\/p>\n\n\n\n<ul class=\"wp-block-list\">\n<li>Apropiar y aplicar los conocimientos, habilidades, capacidades y experiencias aprendidas en las asignaturas del \u00e1rea de recreaci\u00f3n, por medio del ejercicio de intervenci\u00f3n, enmarcado en la pol\u00edtica de extensi\u00f3n social de la UTP.<\/li>\n\n\n\n<li>Generar actitudes de liderazgo y pro-actividad en el proceso de intervenci\u00f3n social, fundamentadas en el perfil del profesional de Ciencias del Deporte y la Recreaci\u00f3n<\/li>\n\n\n\n<li>Asumir Actitudes \u00e9ticas, durante el proceso de la asignatura propendiendo por la construcci\u00f3n del valor en el diario convivir.<\/li>\n<\/ul>\n\n\n\n<figure class=\"wp-block-gallery has-nested-images columns-default is-cropped wp-block-gallery-1 is-layout-flex wp-block-gallery-is-layout-flex\">\n<figure class=\"wp-block-image size-large\"><img loading=\"lazy\" decoding=\"async\" width=\"1024\" height=\"1024\" data-id=\"459\" src=\"https:\/\/blog.utp.edu.co\/area-de-recreacion-cdr\/files\/2023\/05\/Area-de-Recreacion-6-1024x1024.png\" alt=\"\" class=\"wp-image-459\" srcset=\"https:\/\/blog.utp.edu.co\/area-de-recreacion-cdr\/files\/2023\/05\/Area-de-Recreacion-6-1024x1024.png 1024w, https:\/\/blog.utp.edu.co\/area-de-recreacion-cdr\/files\/2023\/05\/Area-de-Recreacion-6-300x300.png 300w, https:\/\/blog.utp.edu.co\/area-de-recreacion-cdr\/files\/2023\/05\/Area-de-Recreacion-6-150x150.png 150w, https:\/\/blog.utp.edu.co\/area-de-recreacion-cdr\/files\/2023\/05\/Area-de-Recreacion-6-768x768.png 768w, https:\/\/blog.utp.edu.co\/area-de-recreacion-cdr\/files\/2023\/05\/Area-de-Recreacion-6-250x250.png 250w, https:\/\/blog.utp.edu.co\/area-de-recreacion-cdr\/files\/2023\/05\/Area-de-Recreacion-6-174x174.png 174w, https:\/\/blog.utp.edu.co\/area-de-recreacion-cdr\/files\/2023\/05\/Area-de-Recreacion-6.png 1080w\" sizes=\"auto, (max-width: 1024px) 100vw, 1024px\" \/><\/figure>\n\n\n\n<figure class=\"wp-block-image size-large\"><img loading=\"lazy\" decoding=\"async\" width=\"1024\" height=\"1024\" data-id=\"460\" src=\"https:\/\/blog.utp.edu.co\/area-de-recreacion-cdr\/files\/2023\/05\/Area-de-Recreacion-7-1024x1024.png\" alt=\"\" class=\"wp-image-460\" srcset=\"https:\/\/blog.utp.edu.co\/area-de-recreacion-cdr\/files\/2023\/05\/Area-de-Recreacion-7-1024x1024.png 1024w, https:\/\/blog.utp.edu.co\/area-de-recreacion-cdr\/files\/2023\/05\/Area-de-Recreacion-7-300x300.png 300w, https:\/\/blog.utp.edu.co\/area-de-recreacion-cdr\/files\/2023\/05\/Area-de-Recreacion-7-150x150.png 150w, https:\/\/blog.utp.edu.co\/area-de-recreacion-cdr\/files\/2023\/05\/Area-de-Recreacion-7-768x768.png 768w, https:\/\/blog.utp.edu.co\/area-de-recreacion-cdr\/files\/2023\/05\/Area-de-Recreacion-7-250x250.png 250w, https:\/\/blog.utp.edu.co\/area-de-recreacion-cdr\/files\/2023\/05\/Area-de-Recreacion-7-174x174.png 174w, https:\/\/blog.utp.edu.co\/area-de-recreacion-cdr\/files\/2023\/05\/Area-de-Recreacion-7.png 1080w\" sizes=\"auto, (max-width: 1024px) 100vw, 1024px\" \/><\/figure>\n\n\n\n<figure class=\"wp-block-image size-large\"><img loading=\"lazy\" decoding=\"async\" width=\"1024\" height=\"1024\" data-id=\"461\" src=\"https:\/\/blog.utp.edu.co\/area-de-recreacion-cdr\/files\/2023\/05\/Area-de-Recreacion-5-2-1024x1024.png\" alt=\"\" class=\"wp-image-461\" srcset=\"https:\/\/blog.utp.edu.co\/area-de-recreacion-cdr\/files\/2023\/05\/Area-de-Recreacion-5-2-1024x1024.png 1024w, https:\/\/blog.utp.edu.co\/area-de-recreacion-cdr\/files\/2023\/05\/Area-de-Recreacion-5-2-300x300.png 300w, https:\/\/blog.utp.edu.co\/area-de-recreacion-cdr\/files\/2023\/05\/Area-de-Recreacion-5-2-150x150.png 150w, https:\/\/blog.utp.edu.co\/area-de-recreacion-cdr\/files\/2023\/05\/Area-de-Recreacion-5-2-768x768.png 768w, https:\/\/blog.utp.edu.co\/area-de-recreacion-cdr\/files\/2023\/05\/Area-de-Recreacion-5-2-250x250.png 250w, https:\/\/blog.utp.edu.co\/area-de-recreacion-cdr\/files\/2023\/05\/Area-de-Recreacion-5-2-174x174.png 174w, https:\/\/blog.utp.edu.co\/area-de-recreacion-cdr\/files\/2023\/05\/Area-de-Recreacion-5-2.png 1080w\" sizes=\"auto, (max-width: 1024px) 100vw, 1024px\" \/><\/figure>\n<\/figure>\n\n\n\n<p><\/p>\n\n\n\n<h2 class=\"wp-block-heading has-text-align-center has-vivid-red-color has-text-color\">Contenidos<\/h2>\n\n\n\n<p class=\"has-black-color has-text-color has-background has-medium-font-size\" style=\"background-color:#d1e7c5\"><strong>Fase Inicial<\/strong> (Nivel T\u00e1ctico)<\/p>\n\n\n\n<figure class=\"wp-block-image size-large\"><img loading=\"lazy\" decoding=\"async\" width=\"1024\" height=\"576\" src=\"https:\/\/blog.utp.edu.co\/area-de-recreacion-cdr\/files\/2023\/05\/COMPONENTES-MODALIDAD-2-1-1024x576.png\" alt=\"\" class=\"wp-image-465\" srcset=\"https:\/\/blog.utp.edu.co\/area-de-recreacion-cdr\/files\/2023\/05\/COMPONENTES-MODALIDAD-2-1-1024x576.png 1024w, https:\/\/blog.utp.edu.co\/area-de-recreacion-cdr\/files\/2023\/05\/COMPONENTES-MODALIDAD-2-1-300x169.png 300w, https:\/\/blog.utp.edu.co\/area-de-recreacion-cdr\/files\/2023\/05\/COMPONENTES-MODALIDAD-2-1-768x432.png 768w, https:\/\/blog.utp.edu.co\/area-de-recreacion-cdr\/files\/2023\/05\/COMPONENTES-MODALIDAD-2-1-1536x864.png 1536w, https:\/\/blog.utp.edu.co\/area-de-recreacion-cdr\/files\/2023\/05\/COMPONENTES-MODALIDAD-2-1.png 1920w\" sizes=\"auto, (max-width: 1024px) 100vw, 1024px\" \/><\/figure>\n\n\n\n<p><\/p>\n\n\n\n<p class=\"has-background\" style=\"background-color:#c3dff8\"><strong>Fase Central <\/strong>(Fase Proactiva)<\/p>\n\n\n\n<figure class=\"wp-block-image size-large\"><img loading=\"lazy\" decoding=\"async\" width=\"1024\" height=\"576\" src=\"https:\/\/blog.utp.edu.co\/area-de-recreacion-cdr\/files\/2023\/05\/COMPONENTES-MODALIDAD-2-2-1024x576.png\" alt=\"\" class=\"wp-image-469\" srcset=\"https:\/\/blog.utp.edu.co\/area-de-recreacion-cdr\/files\/2023\/05\/COMPONENTES-MODALIDAD-2-2-1024x576.png 1024w, https:\/\/blog.utp.edu.co\/area-de-recreacion-cdr\/files\/2023\/05\/COMPONENTES-MODALIDAD-2-2-300x169.png 300w, https:\/\/blog.utp.edu.co\/area-de-recreacion-cdr\/files\/2023\/05\/COMPONENTES-MODALIDAD-2-2-768x432.png 768w, https:\/\/blog.utp.edu.co\/area-de-recreacion-cdr\/files\/2023\/05\/COMPONENTES-MODALIDAD-2-2-1536x864.png 1536w, https:\/\/blog.utp.edu.co\/area-de-recreacion-cdr\/files\/2023\/05\/COMPONENTES-MODALIDAD-2-2.png 1920w\" sizes=\"auto, (max-width: 1024px) 100vw, 1024px\" \/><\/figure>\n\n\n\n<p><\/p>\n\n\n\n<p class=\"has-black-color has-text-color has-background\" style=\"background-color:#f3d67d\"><strong>Fase Final<\/strong> (Fase de Reflexi\u00f3n y Comunicaci\u00f3n)<\/p>\n\n\n\n<div class=\"wp-block-columns is-layout-flex wp-container-core-columns-is-layout-9d6595d7 wp-block-columns-is-layout-flex\">\n<div class=\"wp-block-column is-layout-flow wp-block-column-is-layout-flow\">\n<figure class=\"wp-block-image size-large\"><img loading=\"lazy\" decoding=\"async\" width=\"1024\" height=\"576\" src=\"https:\/\/blog.utp.edu.co\/area-de-recreacion-cdr\/files\/2023\/05\/COMPONENTES-MODALIDAD-2-3-1024x576.png\" alt=\"\" class=\"wp-image-471\" srcset=\"https:\/\/blog.utp.edu.co\/area-de-recreacion-cdr\/files\/2023\/05\/COMPONENTES-MODALIDAD-2-3-1024x576.png 1024w, https:\/\/blog.utp.edu.co\/area-de-recreacion-cdr\/files\/2023\/05\/COMPONENTES-MODALIDAD-2-3-300x169.png 300w, https:\/\/blog.utp.edu.co\/area-de-recreacion-cdr\/files\/2023\/05\/COMPONENTES-MODALIDAD-2-3-768x432.png 768w, https:\/\/blog.utp.edu.co\/area-de-recreacion-cdr\/files\/2023\/05\/COMPONENTES-MODALIDAD-2-3-1536x864.png 1536w, https:\/\/blog.utp.edu.co\/area-de-recreacion-cdr\/files\/2023\/05\/COMPONENTES-MODALIDAD-2-3.png 1920w\" sizes=\"auto, (max-width: 1024px) 100vw, 1024px\" \/><\/figure>\n<\/div>\n<\/div>\n\n\n\n<p><\/p>\n\n\n\n<h2 class=\"wp-block-heading has-text-align-center has-vivid-cyan-blue-color has-text-color\">Metodolog\u00eda<\/h2>\n\n\n\n<p>El estudiante deber\u00e1 legalizar el proceso de pr\u00e1ctica a trav\u00e9s del aplicativo (Resoluci\u00f3n N\u00famero 346 de 2018 regula las pr\u00e1cticas Ministerio del Trabajo) para gestionar la vinculaci\u00f3n ARL y proceder a firmar acta de inicio.<\/p>\n\n\n\n<p>La asignatura se desarrollar\u00e1 en forma pr\u00e1ctica por el estudiante (Con una intensidad de 48 horas como m\u00ednimo) en la instituci\u00f3n seleccionada, apoyado por el componente te\u00f3rico de manera presencial, denominado encuentros sincr\u00f3nicos los d\u00edas martes \u2013 o mi\u00e9rcoles &nbsp;seg\u00fan acuerdo con el docente (De asistencia obligatoria), donde se complementa el ejercicio de intervenci\u00f3n con tem\u00e1ticas de casos especiales, comunidades terap\u00e9uticas, socializaci\u00f3n de proyectos similares y actualizaci\u00f3n, complementadas por asesor\u00edas permanentes por el docente y personal externo (Seminarios institucionales \u2013 cooperadores).<\/p>\n\n\n\n<p><\/p>\n\n\n<div class=\"wp-block-image\">\n<figure class=\"aligncenter size-full\"><img loading=\"lazy\" decoding=\"async\" width=\"528\" height=\"51\" src=\"https:\/\/blog.utp.edu.co\/area-de-recreacion-cdr\/files\/2023\/05\/image-9.png\" alt=\"\" class=\"wp-image-474\" srcset=\"https:\/\/blog.utp.edu.co\/area-de-recreacion-cdr\/files\/2023\/05\/image-9.png 528w, https:\/\/blog.utp.edu.co\/area-de-recreacion-cdr\/files\/2023\/05\/image-9-300x29.png 300w\" sizes=\"auto, (max-width: 528px) 100vw, 528px\" \/><\/figure>\n<\/div>\n\n\n<p><\/p>\n\n\n\n<ul class=\"wp-block-list\">\n<li>Fundaciones de ni\u00f1os con necesidades educativas especiales y ONG\u2019s relacionadas.<\/li>\n\n\n\n<li>Comunidades terap\u00e9uticas.<\/li>\n\n\n\n<li>Centros de rehabilitaci\u00f3n y resocializaci\u00f3n.<\/li>\n\n\n\n<li>Grupos de Adulto mayor.<\/li>\n\n\n\n<li>Centros de transici\u00f3n, hogares de paso y de protecci\u00f3n.<\/li>\n\n\n\n<li>Instituciones especializadas en salud mental, di\u00e1lisis y el SENA<\/li>\n\n\n\n<li>Colegios con \u00e9nfasis en Deporte y actividad f\u00edsica<\/li>\n<\/ul>\n\n\n\n<p><\/p>\n\n\n\n<h2 class=\"wp-block-heading has-vivid-cyan-blue-color has-text-color\">Componentes<\/h2>\n\n\n\n<div class=\"wp-block-columns is-layout-flex wp-container-core-columns-is-layout-9d6595d7 wp-block-columns-is-layout-flex\">\n<div class=\"wp-block-column is-vertically-aligned-center is-layout-flow wp-block-column-is-layout-flow\">\n<ul class=\"wp-block-list\">\n<li>Caracterizaci\u00f3n institucional <\/li>\n\n\n\n<li>Proyecto de pr\u00e1ctica<\/li>\n\n\n\n<li>Sistematizaci\u00f3n de pr\u00e1ctica<\/li>\n\n\n\n<li>Carpeta digital de pr\u00e1ctica<\/li>\n<\/ul>\n\n\n\n<p><\/p>\n<\/div>\n<\/div>\n\n\n\n<h2 class=\"wp-block-heading\"><strong>Pr\u00e1cticas Recreaci\u00f3n Espec\u00edfica<\/strong><\/h2>\n\n\n\n<div class=\"wp-block-columns is-layout-flex wp-container-core-columns-is-layout-9d6595d7 wp-block-columns-is-layout-flex\">\n<div class=\"wp-block-column is-layout-flow wp-block-column-is-layout-flow\">\n<figure class=\"wp-block-image size-large\"><img loading=\"lazy\" decoding=\"async\" width=\"1024\" height=\"819\" src=\"https:\/\/blog.utp.edu.co\/area-de-recreacion-cdr\/files\/2024\/05\/FONDO-PRACTICAS-ESP-1024x819.png\" alt=\"\" class=\"wp-image-779\" srcset=\"https:\/\/blog.utp.edu.co\/area-de-recreacion-cdr\/files\/2024\/05\/FONDO-PRACTICAS-ESP-1024x819.png 1024w, https:\/\/blog.utp.edu.co\/area-de-recreacion-cdr\/files\/2024\/05\/FONDO-PRACTICAS-ESP-300x240.png 300w, https:\/\/blog.utp.edu.co\/area-de-recreacion-cdr\/files\/2024\/05\/FONDO-PRACTICAS-ESP-768x614.png 768w, https:\/\/blog.utp.edu.co\/area-de-recreacion-cdr\/files\/2024\/05\/FONDO-PRACTICAS-ESP-1536x1229.png 1536w, https:\/\/blog.utp.edu.co\/area-de-recreacion-cdr\/files\/2024\/05\/FONDO-PRACTICAS-ESP.png 2000w\" sizes=\"auto, (max-width: 1024px) 100vw, 1024px\" \/><\/figure>\n<\/div>\n<\/div>\n","protected":false},"excerpt":{"rendered":"<p>Justificaci\u00f3n Las pr\u00e1cticas de Recreaci\u00f3n Espec\u00edfica pretenden aportar al objeto de formaci\u00f3n del profesional en Ciencias del Deporte y la Recreaci\u00f3n. En el proceso de evoluci\u00f3n permanente de la asignatura se ha consolidado un proyecto de extensi\u00f3n que posibilita la proyecci\u00f3n social del \u00e1rea de recreaci\u00f3n y el programa Ciencias del Deporte y la recreaci\u00f3n <a href=\"https:\/\/blog.utp.edu.co\/area-de-recreacion-cdr\/recreacion-especifica\/\" rel=\"nofollow\"><span class=\"sr-only\">Leer m\u00e1sRecreaci\u00f3n Espec\u00edfica<\/span>[&hellip;]<\/a><\/p>\n","protected":false},"author":6472,"featured_media":457,"parent":0,"menu_order":0,"comment_status":"closed","ping_status":"closed","template":"","meta":{"footnotes":""},"class_list":["post-248","page","type-page","status-publish","has-post-thumbnail","hentry"],"_links":{"self":[{"href":"https:\/\/blog.utp.edu.co\/area-de-recreacion-cdr\/wp-json\/wp\/v2\/pages\/248","targetHints":{"allow":["GET"]}}],"collection":[{"href":"https:\/\/blog.utp.edu.co\/area-de-recreacion-cdr\/wp-json\/wp\/v2\/pages"}],"about":[{"href":"https:\/\/blog.utp.edu.co\/area-de-recreacion-cdr\/wp-json\/wp\/v2\/types\/page"}],"author":[{"embeddable":true,"href":"https:\/\/blog.utp.edu.co\/area-de-recreacion-cdr\/wp-json\/wp\/v2\/users\/6472"}],"replies":[{"embeddable":true,"href":"https:\/\/blog.utp.edu.co\/area-de-recreacion-cdr\/wp-json\/wp\/v2\/comments?post=248"}],"version-history":[{"count":21,"href":"https:\/\/blog.utp.edu.co\/area-de-recreacion-cdr\/wp-json\/wp\/v2\/pages\/248\/revisions"}],"predecessor-version":[{"id":1381,"href":"https:\/\/blog.utp.edu.co\/area-de-recreacion-cdr\/wp-json\/wp\/v2\/pages\/248\/revisions\/1381"}],"wp:featuredmedia":[{"embeddable":true,"href":"https:\/\/blog.utp.edu.co\/area-de-recreacion-cdr\/wp-json\/wp\/v2\/media\/457"}],"wp:attachment":[{"href":"https:\/\/blog.utp.edu.co\/area-de-recreacion-cdr\/wp-json\/wp\/v2\/media?parent=248"}],"curies":[{"name":"wp","href":"https:\/\/api.w.org\/{rel}","templated":true}]}}