{"id":246,"date":"2023-04-26T08:34:59","date_gmt":"2023-04-26T13:34:59","guid":{"rendered":"https:\/\/blog.utp.edu.co\/area-de-recreacion-cdr\/?page_id=246"},"modified":"2026-04-07T11:25:23","modified_gmt":"2026-04-07T16:25:23","slug":"modalidad-recreativa-ii","status":"publish","type":"page","link":"https:\/\/blog.utp.edu.co\/area-de-recreacion-cdr\/modalidad-recreativa-ii\/","title":{"rendered":"Modalidad Recreativa II"},"content":{"rendered":"\n<h2 class=\"wp-block-heading has-vivid-red-color has-text-color\">Justificaci\u00f3n<\/h2>\n\n\n\n<p>El curso busca aportar al objeto de formaci\u00f3n del profesional en Ciencias del Deporte y la Recreaci\u00f3n.<\/p>\n\n\n\n<p>La recreaci\u00f3n, el ocio y el uso adecuado del tiempo libre, se reconocen como factores del desarrollo humano y social, en tal sentido se reafirman como una necesidad fundamental en todas las comunidades y culturas del mundo. Estos asuntos se han instaurado en el concepto de desarrollo, porque pueden favorecer y justificar los avances tecnol\u00f3gicos, cient\u00edficos y econ\u00f3micos de un pa\u00eds, dado que el ser humano por naturaleza aspira permanentemente alcanzar niveles de bienestar.<\/p>\n\n\n\n<div class=\"wp-block-columns is-layout-flex wp-container-core-columns-is-layout-9d6595d7 wp-block-columns-is-layout-flex\">\n<div class=\"wp-block-column is-layout-flow wp-block-column-is-layout-flow\"><div class=\"wp-block-image\">\n<figure class=\"aligncenter size-full\"><img loading=\"lazy\" decoding=\"async\" width=\"213\" height=\"60\" src=\"https:\/\/blog.utp.edu.co\/area-de-recreacion-cdr\/files\/2023\/05\/image-1.png\" alt=\"\" class=\"wp-image-415\" \/><\/figure>\n<\/div><\/div>\n\n\n\n<div class=\"wp-block-column is-layout-flow wp-block-column-is-layout-flow\"><div class=\"wp-block-image\">\n<figure class=\"aligncenter size-full\"><img loading=\"lazy\" decoding=\"async\" width=\"185\" height=\"84\" src=\"https:\/\/blog.utp.edu.co\/area-de-recreacion-cdr\/files\/2023\/05\/image-3.png\" alt=\"\" class=\"wp-image-417\" \/><\/figure>\n<\/div><\/div>\n\n\n\n<div class=\"wp-block-column is-layout-flow wp-block-column-is-layout-flow\"><div class=\"wp-block-image\">\n<figure class=\"aligncenter size-full is-resized\"><img loading=\"lazy\" decoding=\"async\" width=\"318\" height=\"72\" src=\"https:\/\/blog.utp.edu.co\/area-de-recreacion-cdr\/files\/2023\/05\/image-2.png\" alt=\"\" class=\"wp-image-416\" style=\"width:253px;height:57px\" srcset=\"https:\/\/blog.utp.edu.co\/area-de-recreacion-cdr\/files\/2023\/05\/image-2.png 318w, https:\/\/blog.utp.edu.co\/area-de-recreacion-cdr\/files\/2023\/05\/image-2-300x68.png 300w\" sizes=\"auto, (max-width: 318px) 100vw, 318px\" \/><\/figure>\n<\/div><\/div>\n<\/div>\n\n\n\n<p>En este sentido, el curso busca facilitar procesos y herramientas did\u00e1ctico &#8211; l\u00fadicas como fuente de enriquecimiento personal y profesional permanente, propendiendo por el manejo de habilidades en t\u00e9cnicas, m\u00e9todos y estrategias pedag\u00f3gicas recreativas, que logren concatenar el enfoque de la recreaci\u00f3n del programa con el desarrollo educativo y profesional del estudiante.<\/p>\n\n\n\n<figure class=\"wp-block-gallery has-nested-images columns-default is-cropped wp-block-gallery-1 is-layout-flex wp-block-gallery-is-layout-flex\">\n<figure class=\"wp-block-image size-large\"><img loading=\"lazy\" decoding=\"async\" width=\"1024\" height=\"683\" data-id=\"422\" src=\"https:\/\/blog.utp.edu.co\/area-de-recreacion-cdr\/files\/2023\/05\/DSC_0177-2-1024x683.jpg\" alt=\"\" class=\"wp-image-422\" srcset=\"https:\/\/blog.utp.edu.co\/area-de-recreacion-cdr\/files\/2023\/05\/DSC_0177-2-1024x683.jpg 1024w, https:\/\/blog.utp.edu.co\/area-de-recreacion-cdr\/files\/2023\/05\/DSC_0177-2-300x200.jpg 300w, https:\/\/blog.utp.edu.co\/area-de-recreacion-cdr\/files\/2023\/05\/DSC_0177-2-768x512.jpg 768w, https:\/\/blog.utp.edu.co\/area-de-recreacion-cdr\/files\/2023\/05\/DSC_0177-2-1536x1024.jpg 1536w, https:\/\/blog.utp.edu.co\/area-de-recreacion-cdr\/files\/2023\/05\/DSC_0177-2-2048x1365.jpg 2048w, https:\/\/blog.utp.edu.co\/area-de-recreacion-cdr\/files\/2023\/05\/DSC_0177-2-750x500.jpg 750w\" sizes=\"auto, (max-width: 1024px) 100vw, 1024px\" \/><\/figure>\n\n\n\n<figure class=\"wp-block-image size-large\"><img loading=\"lazy\" decoding=\"async\" width=\"1024\" height=\"683\" data-id=\"423\" src=\"https:\/\/blog.utp.edu.co\/area-de-recreacion-cdr\/files\/2023\/05\/DSC_0179-3-1024x683.jpg\" alt=\"\" class=\"wp-image-423\" srcset=\"https:\/\/blog.utp.edu.co\/area-de-recreacion-cdr\/files\/2023\/05\/DSC_0179-3-1024x683.jpg 1024w, https:\/\/blog.utp.edu.co\/area-de-recreacion-cdr\/files\/2023\/05\/DSC_0179-3-300x200.jpg 300w, https:\/\/blog.utp.edu.co\/area-de-recreacion-cdr\/files\/2023\/05\/DSC_0179-3-768x512.jpg 768w, https:\/\/blog.utp.edu.co\/area-de-recreacion-cdr\/files\/2023\/05\/DSC_0179-3-1536x1024.jpg 1536w, https:\/\/blog.utp.edu.co\/area-de-recreacion-cdr\/files\/2023\/05\/DSC_0179-3-2048x1365.jpg 2048w, https:\/\/blog.utp.edu.co\/area-de-recreacion-cdr\/files\/2023\/05\/DSC_0179-3-750x500.jpg 750w\" sizes=\"auto, (max-width: 1024px) 100vw, 1024px\" \/><\/figure>\n\n\n\n<figure class=\"wp-block-image size-large\"><img loading=\"lazy\" decoding=\"async\" width=\"1024\" height=\"683\" data-id=\"421\" src=\"https:\/\/blog.utp.edu.co\/area-de-recreacion-cdr\/files\/2023\/05\/DSC_0008-1024x683.jpg\" alt=\"\" class=\"wp-image-421\" srcset=\"https:\/\/blog.utp.edu.co\/area-de-recreacion-cdr\/files\/2023\/05\/DSC_0008-1024x683.jpg 1024w, https:\/\/blog.utp.edu.co\/area-de-recreacion-cdr\/files\/2023\/05\/DSC_0008-300x200.jpg 300w, https:\/\/blog.utp.edu.co\/area-de-recreacion-cdr\/files\/2023\/05\/DSC_0008-768x512.jpg 768w, https:\/\/blog.utp.edu.co\/area-de-recreacion-cdr\/files\/2023\/05\/DSC_0008-1536x1024.jpg 1536w, https:\/\/blog.utp.edu.co\/area-de-recreacion-cdr\/files\/2023\/05\/DSC_0008-2048x1365.jpg 2048w, https:\/\/blog.utp.edu.co\/area-de-recreacion-cdr\/files\/2023\/05\/DSC_0008-750x500.jpg 750w\" sizes=\"auto, (max-width: 1024px) 100vw, 1024px\" \/><\/figure>\n<\/figure>\n\n\n\n<p><\/p>\n\n\n\n<h2 class=\"wp-block-heading has-text-align-center has-vivid-red-color has-text-color\">Objetivo General<\/h2>\n\n\n\n<p><\/p>\n\n\n\n<div class=\"wp-block-columns is-layout-flex wp-container-core-columns-is-layout-9d6595d7 wp-block-columns-is-layout-flex\">\n<div class=\"wp-block-column is-vertically-aligned-center is-layout-flow wp-block-column-is-layout-flow\">\n<p class=\"has-text-align-center\">El estudiante de sexto semestre estar\u00e1 en la capacidad de estructurar y experimentar las competencias espec\u00edficas en recreaci\u00f3n para el manejo y el direccionamiento de procesos recreativos teniendo como referente el enfoque y los objetivos del programa Ciencias del Deporte y la Recreaci\u00f3n.<\/p>\n<\/div>\n\n\n\n<div class=\"wp-block-column is-layout-flow wp-block-column-is-layout-flow\"><div class=\"wp-block-image\">\n<figure class=\"aligncenter size-large is-resized\"><img loading=\"lazy\" decoding=\"async\" width=\"1024\" height=\"683\" src=\"https:\/\/blog.utp.edu.co\/area-de-recreacion-cdr\/files\/2023\/05\/DSC_0177-2-1-1024x683.jpg\" alt=\"\" class=\"wp-image-424\" style=\"width:384px;height:256px\" srcset=\"https:\/\/blog.utp.edu.co\/area-de-recreacion-cdr\/files\/2023\/05\/DSC_0177-2-1-1024x683.jpg 1024w, https:\/\/blog.utp.edu.co\/area-de-recreacion-cdr\/files\/2023\/05\/DSC_0177-2-1-300x200.jpg 300w, https:\/\/blog.utp.edu.co\/area-de-recreacion-cdr\/files\/2023\/05\/DSC_0177-2-1-768x512.jpg 768w, https:\/\/blog.utp.edu.co\/area-de-recreacion-cdr\/files\/2023\/05\/DSC_0177-2-1-1536x1024.jpg 1536w, https:\/\/blog.utp.edu.co\/area-de-recreacion-cdr\/files\/2023\/05\/DSC_0177-2-1-2048x1365.jpg 2048w, https:\/\/blog.utp.edu.co\/area-de-recreacion-cdr\/files\/2023\/05\/DSC_0177-2-1-750x500.jpg 750w\" sizes=\"auto, (max-width: 1024px) 100vw, 1024px\" \/><\/figure>\n<\/div><\/div>\n<\/div>\n\n\n\n<p><\/p>\n\n\n\n<h2 class=\"wp-block-heading has-vivid-red-color has-text-color\">Objetivos Espec\u00edficos<\/h2>\n\n\n\n<p><\/p>\n\n\n\n<p>El estudiante de sexto semestre estar\u00e1 en la capacidad de:<\/p>\n\n\n\n<ul class=\"wp-block-list\">\n<li>Vivenciar e intencionar la orientaci\u00f3n de una amplia tipolog\u00eda de procesos recreativos como complemento de sesiones te\u00f3rico pr\u00e1cticas que generen inquietud, indagaci\u00f3n y compromiso profesional.<\/li>\n\n\n\n<li>Comprender y aplicar los procesos recreativos con sentido y enfoque saludable.<\/li>\n\n\n\n<li>Formular el proceso de construcci\u00f3n de una recreaci\u00f3n para la salud por medio de la integraci\u00f3n interdisciplinaria af\u00edn y la aplicaci\u00f3n al contexto.<\/li>\n\n\n\n<li>Asumir Actitudes \u00e9ticas, durante el proceso de la asignatura propendiendo por la construcci\u00f3n del valor en el diario convivir.<\/li>\n<\/ul>\n\n\n\n<p><\/p>\n\n\n\n<figure class=\"wp-block-image size-large\"><img loading=\"lazy\" decoding=\"async\" width=\"1024\" height=\"576\" src=\"https:\/\/blog.utp.edu.co\/area-de-recreacion-cdr\/files\/2023\/05\/COMPONENTES-MODALIDAD-2-1024x576.png\" alt=\"\" class=\"wp-image-428\" srcset=\"https:\/\/blog.utp.edu.co\/area-de-recreacion-cdr\/files\/2023\/05\/COMPONENTES-MODALIDAD-2-1024x576.png 1024w, https:\/\/blog.utp.edu.co\/area-de-recreacion-cdr\/files\/2023\/05\/COMPONENTES-MODALIDAD-2-300x169.png 300w, https:\/\/blog.utp.edu.co\/area-de-recreacion-cdr\/files\/2023\/05\/COMPONENTES-MODALIDAD-2-768x432.png 768w, https:\/\/blog.utp.edu.co\/area-de-recreacion-cdr\/files\/2023\/05\/COMPONENTES-MODALIDAD-2-1536x864.png 1536w, https:\/\/blog.utp.edu.co\/area-de-recreacion-cdr\/files\/2023\/05\/COMPONENTES-MODALIDAD-2.png 1920w\" sizes=\"auto, (max-width: 1024px) 100vw, 1024px\" \/><\/figure>\n\n\n\n<p><\/p>\n\n\n\n<h2 class=\"wp-block-heading has-vivid-red-color has-text-color\">Metodolog\u00eda<\/h2>\n\n\n\n<p><\/p>\n\n\n\n<figure class=\"wp-block-audio\"><audio controls src=\"https:\/\/blog.utp.edu.co\/area-de-recreacion-cdr\/files\/2023\/05\/prj_2414551_94033e99095524483bda7e76a25bcacd_1683558306-1.mp3\"><\/audio><\/figure>\n\n\n\n<p><\/p>\n\n\n\n<h2 class=\"wp-block-heading\">Componentes<\/h2>\n\n\n\n<div class=\"wp-block-columns alignwide is-layout-flex wp-container-core-columns-is-layout-829b1d53 wp-block-columns-is-layout-flex\" style=\"margin-bottom:0\">\n<div class=\"wp-block-column has-text-color has-background has-link-color wp-elements-8848829aa05e2680bb9fc6a3db9f93a3 is-layout-flow wp-block-column-is-layout-flow\" style=\"color:#000000;background-color:#ffe97d;padding-top:2em;padding-right:2em;padding-bottom:2em;padding-left:2em\">\n<h2 class=\"wp-block-heading has-text-align-center\" id=\"single\" style=\"font-size:25px\"><strong>Salida Acad\u00e9mica<\/strong><\/h2>\n\n\n\n<p class=\"has-text-align-center has-normal-font-size\" style=\"line-height:1.5\">Se pretende realizar un taller en un lugar que nos permita un encuentro natural con nosotros mismos, que, desde el reconocimiento de habilidades personales, permita el fortalecimiento de nuestra identidad y autoestima, con t\u00e9cnicas experienciales y teniendo en cuenta los debidos protocolos de bioseguridad y las exigencias de la universidad, los aprendizajes tenidos en la asignatura y el trabajo en equipo. De la salida acad\u00e9mica se debe entrega un informe escrito aplicativo<\/p>\n\n\n\n<hr class=\"wp-block-separator has-text-color has-css-opacity has-background is-style-wide\" style=\"background-color:#000000;color:#000000\" \/>\n\n\n\n<figure class=\"wp-block-image size-full\"><img loading=\"lazy\" decoding=\"async\" width=\"445\" height=\"301\" src=\"https:\/\/blog.utp.edu.co\/area-de-recreacion-cdr\/files\/2023\/05\/image-5.png\" alt=\"\" class=\"wp-image-437\" srcset=\"https:\/\/blog.utp.edu.co\/area-de-recreacion-cdr\/files\/2023\/05\/image-5.png 445w, https:\/\/blog.utp.edu.co\/area-de-recreacion-cdr\/files\/2023\/05\/image-5-300x203.png 300w\" sizes=\"auto, (max-width: 445px) 100vw, 445px\" \/><\/figure>\n<\/div>\n\n\n\n<div class=\"wp-block-column has-text-color has-background has-link-color wp-elements-71e1b4d2b3c4b3e32d0c94f675be49d7 is-layout-flow wp-block-column-is-layout-flow\" style=\"color:#000000;background-color:#d1d1e1;padding-top:2em;padding-right:2em;padding-bottom:2em;padding-left:2em\">\n<h2 class=\"wp-block-heading has-text-align-center\" id=\"family\" style=\"font-size:25px\"><strong>Intervenci\u00f3n recreativa practica b\u00e1sica I<\/strong><\/h2>\n\n\n\n<p class=\"has-text-align-center has-normal-font-size\" style=\"line-height:1.5\">Apoyo en la Unidad de Recreaci\u00f3n de este curso con actividades Te\u00f3rico-pr\u00e1cticas de enfoque en los sectores de la Recreaci\u00f3n (Recreaci\u00f3n Educativa, Deportiva, Terap\u00e9utica-Salud, Cultural y Art\u00edstica, Ambiental, Social-comunitaria), se debe entregar el taller de forma escrita (Planeaci\u00f3n).<\/p>\n\n\n\n<hr class=\"wp-block-separator has-css-opacity is-style-wide\" \/>\n\n\n\n<figure class=\"wp-block-image size-full is-resized\"><img loading=\"lazy\" decoding=\"async\" width=\"650\" height=\"487\" src=\"https:\/\/blog.utp.edu.co\/area-de-recreacion-cdr\/files\/2023\/05\/image-4.png\" alt=\"\" class=\"wp-image-435\" style=\"width:184px;height:137px\" srcset=\"https:\/\/blog.utp.edu.co\/area-de-recreacion-cdr\/files\/2023\/05\/image-4.png 650w, https:\/\/blog.utp.edu.co\/area-de-recreacion-cdr\/files\/2023\/05\/image-4-300x225.png 300w, https:\/\/blog.utp.edu.co\/area-de-recreacion-cdr\/files\/2023\/05\/image-4-285x214.png 285w\" sizes=\"auto, (max-width: 650px) 100vw, 650px\" \/><\/figure>\n\n\n\n<p><\/p>\n\n\n\n<figure class=\"wp-block-image size-large is-resized\"><img loading=\"lazy\" decoding=\"async\" width=\"1024\" height=\"683\" src=\"https:\/\/blog.utp.edu.co\/area-de-recreacion-cdr\/files\/2023\/05\/DSC_0010-1-1024x683.jpg\" alt=\"\" class=\"wp-image-439\" style=\"width:181px;height:120px\" srcset=\"https:\/\/blog.utp.edu.co\/area-de-recreacion-cdr\/files\/2023\/05\/DSC_0010-1-1024x683.jpg 1024w, https:\/\/blog.utp.edu.co\/area-de-recreacion-cdr\/files\/2023\/05\/DSC_0010-1-300x200.jpg 300w, https:\/\/blog.utp.edu.co\/area-de-recreacion-cdr\/files\/2023\/05\/DSC_0010-1-768x512.jpg 768w, https:\/\/blog.utp.edu.co\/area-de-recreacion-cdr\/files\/2023\/05\/DSC_0010-1-1536x1024.jpg 1536w, https:\/\/blog.utp.edu.co\/area-de-recreacion-cdr\/files\/2023\/05\/DSC_0010-1-2048x1365.jpg 2048w, https:\/\/blog.utp.edu.co\/area-de-recreacion-cdr\/files\/2023\/05\/DSC_0010-1-750x500.jpg 750w\" sizes=\"auto, (max-width: 1024px) 100vw, 1024px\" \/><\/figure>\n<\/div>\n\n\n\n<div class=\"wp-block-column has-text-color has-background has-link-color wp-elements-69c27b57582a2f2d879ef5c25ac23a29 is-layout-flow wp-block-column-is-layout-flow\" style=\"color:#000000;background-color:#c0ebf1;padding-top:2em;padding-right:2em;padding-bottom:2em;padding-left:2em\">\n<h2 class=\"wp-block-heading has-text-align-center\" id=\"patron\" style=\"font-size:25px\"><strong>Presentaci\u00f3n art\u00edstica<\/strong><\/h2>\n\n\n\n<p class=\"has-text-align-center has-normal-font-size\">Exposici\u00f3n art\u00edstica y cultural (Individual o en grupos m\u00e1ximo de tres personas, se deber\u00e1 presentar un libreto de la presentaci\u00f3n -previamente enviado- que deber\u00e1 ser elaborada 100% por los estudiantes) que exprese el talento, creatividad y preparaci\u00f3n de un tema determinado con intencionalidad.<\/p>\n\n\n\n<hr class=\"wp-block-separator has-css-opacity is-style-wide\" \/>\n\n\n\n<figure class=\"wp-block-image size-large\"><img loading=\"lazy\" decoding=\"async\" width=\"1024\" height=\"683\" src=\"https:\/\/blog.utp.edu.co\/area-de-recreacion-cdr\/files\/2023\/05\/DSC_0248-1024x683.jpg\" alt=\"\" class=\"wp-image-434\" srcset=\"https:\/\/blog.utp.edu.co\/area-de-recreacion-cdr\/files\/2023\/05\/DSC_0248-1024x683.jpg 1024w, https:\/\/blog.utp.edu.co\/area-de-recreacion-cdr\/files\/2023\/05\/DSC_0248-300x200.jpg 300w, https:\/\/blog.utp.edu.co\/area-de-recreacion-cdr\/files\/2023\/05\/DSC_0248-768x512.jpg 768w, https:\/\/blog.utp.edu.co\/area-de-recreacion-cdr\/files\/2023\/05\/DSC_0248-1536x1024.jpg 1536w, https:\/\/blog.utp.edu.co\/area-de-recreacion-cdr\/files\/2023\/05\/DSC_0248-2048x1365.jpg 2048w, https:\/\/blog.utp.edu.co\/area-de-recreacion-cdr\/files\/2023\/05\/DSC_0248-750x500.jpg 750w\" sizes=\"auto, (max-width: 1024px) 100vw, 1024px\" \/><\/figure>\n\n\n\n<p><\/p>\n\n\n\n<figure class=\"wp-block-image size-full\"><img loading=\"lazy\" decoding=\"async\" width=\"326\" height=\"298\" src=\"https:\/\/blog.utp.edu.co\/area-de-recreacion-cdr\/files\/2023\/05\/image-6.png\" alt=\"\" class=\"wp-image-440\" srcset=\"https:\/\/blog.utp.edu.co\/area-de-recreacion-cdr\/files\/2023\/05\/image-6.png 326w, https:\/\/blog.utp.edu.co\/area-de-recreacion-cdr\/files\/2023\/05\/image-6-300x274.png 300w\" sizes=\"auto, (max-width: 326px) 100vw, 326px\" \/><\/figure>\n<\/div>\n<\/div>\n\n\n\n<p><\/p>\n\n\n\n<p><\/p>\n\n\n\n<div class=\"wp-block-columns alignwide is-layout-flex wp-container-core-columns-is-layout-829b1d53 wp-block-columns-is-layout-flex\" style=\"margin-bottom:0\">\n<div class=\"wp-block-column is-vertically-aligned-center has-text-color has-background has-link-color wp-elements-7384b573288c03bfee0c983cc1a0a4c9 is-layout-flow wp-block-column-is-layout-flow\" style=\"color:#000000;background-color:#bcd0c6;padding-top:2em;padding-right:2em;padding-bottom:2em;padding-left:2em\">\n<h2 class=\"wp-block-heading has-text-align-center\" id=\"single\" style=\"font-size:25px\"><strong>Exposiciones metodolog\u00eda de trabajo<\/strong><\/h2>\n\n\n\n<p class=\"has-text-align-center has-normal-font-size\" style=\"line-height:1.5\">Exposici\u00f3n Te\u00f3rico-Pr\u00e1ctica acerca del tema asignado al inicio del semestre donde se utilice la metodolog\u00eda misma como forma de presentaci\u00f3n del tema, tendr\u00e1 dos momentos, el primero te\u00f3rico con una presentaci\u00f3n en diapositivas en clase te\u00f3rica y el segundo pr\u00e1ctico, con la ejecuci\u00f3n de un taller donde se use la metodolog\u00eda.<\/p>\n\n\n\n<hr class=\"wp-block-separator has-text-color has-css-opacity has-background is-style-wide\" style=\"background-color:#000000;color:#000000\" \/>\n\n\n\n<figure class=\"wp-block-image size-full\"><img loading=\"lazy\" decoding=\"async\" width=\"323\" height=\"287\" src=\"https:\/\/blog.utp.edu.co\/area-de-recreacion-cdr\/files\/2023\/05\/image-7.png\" alt=\"\" class=\"wp-image-444\" srcset=\"https:\/\/blog.utp.edu.co\/area-de-recreacion-cdr\/files\/2023\/05\/image-7.png 323w, https:\/\/blog.utp.edu.co\/area-de-recreacion-cdr\/files\/2023\/05\/image-7-300x267.png 300w\" sizes=\"auto, (max-width: 323px) 100vw, 323px\" \/><\/figure>\n<\/div>\n\n\n\n<div class=\"wp-block-column has-white-background-color has-text-color has-background has-link-color wp-elements-d8bf7b234c42df4ab55b86abfc259263 is-layout-flow wp-block-column-is-layout-flow\" style=\"color:#000000;padding-top:2em;padding-right:2em;padding-bottom:2em;padding-left:2em\">\n<figure class=\"wp-block-image size-large is-resized\"><img loading=\"lazy\" decoding=\"async\" width=\"1024\" height=\"1024\" src=\"https:\/\/blog.utp.edu.co\/area-de-recreacion-cdr\/files\/2023\/05\/Area-de-Recreacion-1024x1024.png\" alt=\"\" class=\"wp-image-449\" style=\"width:177px;height:177px\" srcset=\"https:\/\/blog.utp.edu.co\/area-de-recreacion-cdr\/files\/2023\/05\/Area-de-Recreacion-1024x1024.png 1024w, https:\/\/blog.utp.edu.co\/area-de-recreacion-cdr\/files\/2023\/05\/Area-de-Recreacion-300x300.png 300w, https:\/\/blog.utp.edu.co\/area-de-recreacion-cdr\/files\/2023\/05\/Area-de-Recreacion-150x150.png 150w, https:\/\/blog.utp.edu.co\/area-de-recreacion-cdr\/files\/2023\/05\/Area-de-Recreacion-768x768.png 768w, https:\/\/blog.utp.edu.co\/area-de-recreacion-cdr\/files\/2023\/05\/Area-de-Recreacion-250x250.png 250w, https:\/\/blog.utp.edu.co\/area-de-recreacion-cdr\/files\/2023\/05\/Area-de-Recreacion-174x174.png 174w, https:\/\/blog.utp.edu.co\/area-de-recreacion-cdr\/files\/2023\/05\/Area-de-Recreacion.png 1080w\" sizes=\"auto, (max-width: 1024px) 100vw, 1024px\" \/><\/figure>\n\n\n\n<p><\/p>\n\n\n\n<figure class=\"wp-block-image size-large\"><img loading=\"lazy\" decoding=\"async\" width=\"1024\" height=\"1024\" src=\"https:\/\/blog.utp.edu.co\/area-de-recreacion-cdr\/files\/2023\/05\/Area-de-Recreacion-1-1-1024x1024.png\" alt=\"\" class=\"wp-image-450\" srcset=\"https:\/\/blog.utp.edu.co\/area-de-recreacion-cdr\/files\/2023\/05\/Area-de-Recreacion-1-1-1024x1024.png 1024w, https:\/\/blog.utp.edu.co\/area-de-recreacion-cdr\/files\/2023\/05\/Area-de-Recreacion-1-1-300x300.png 300w, https:\/\/blog.utp.edu.co\/area-de-recreacion-cdr\/files\/2023\/05\/Area-de-Recreacion-1-1-150x150.png 150w, https:\/\/blog.utp.edu.co\/area-de-recreacion-cdr\/files\/2023\/05\/Area-de-Recreacion-1-1-768x768.png 768w, https:\/\/blog.utp.edu.co\/area-de-recreacion-cdr\/files\/2023\/05\/Area-de-Recreacion-1-1-250x250.png 250w, https:\/\/blog.utp.edu.co\/area-de-recreacion-cdr\/files\/2023\/05\/Area-de-Recreacion-1-1-174x174.png 174w, https:\/\/blog.utp.edu.co\/area-de-recreacion-cdr\/files\/2023\/05\/Area-de-Recreacion-1-1.png 1080w\" sizes=\"auto, (max-width: 1024px) 100vw, 1024px\" \/><\/figure>\n\n\n\n<p><\/p>\n\n\n\n<figure class=\"wp-block-image size-large\"><img loading=\"lazy\" decoding=\"async\" width=\"1024\" height=\"1024\" src=\"https:\/\/blog.utp.edu.co\/area-de-recreacion-cdr\/files\/2023\/05\/Area-de-Recreacion-2-1024x1024.png\" alt=\"\" class=\"wp-image-451\" srcset=\"https:\/\/blog.utp.edu.co\/area-de-recreacion-cdr\/files\/2023\/05\/Area-de-Recreacion-2-1024x1024.png 1024w, https:\/\/blog.utp.edu.co\/area-de-recreacion-cdr\/files\/2023\/05\/Area-de-Recreacion-2-300x300.png 300w, https:\/\/blog.utp.edu.co\/area-de-recreacion-cdr\/files\/2023\/05\/Area-de-Recreacion-2-150x150.png 150w, https:\/\/blog.utp.edu.co\/area-de-recreacion-cdr\/files\/2023\/05\/Area-de-Recreacion-2-768x768.png 768w, https:\/\/blog.utp.edu.co\/area-de-recreacion-cdr\/files\/2023\/05\/Area-de-Recreacion-2-250x250.png 250w, https:\/\/blog.utp.edu.co\/area-de-recreacion-cdr\/files\/2023\/05\/Area-de-Recreacion-2-174x174.png 174w, https:\/\/blog.utp.edu.co\/area-de-recreacion-cdr\/files\/2023\/05\/Area-de-Recreacion-2.png 1080w\" sizes=\"auto, (max-width: 1024px) 100vw, 1024px\" \/><\/figure>\n<\/div>\n\n\n\n<div class=\"wp-block-column is-vertically-aligned-center has-text-color has-background has-link-color wp-elements-0a73748f0e6f7feb738655f58ab0bc2f is-layout-flow wp-block-column-is-layout-flow\" style=\"color:#000000;background-color:#eecacf;padding-top:2em;padding-right:2em;padding-bottom:2em;padding-left:2em\">\n<h2 class=\"wp-block-heading has-text-align-center\" id=\"patron\" style=\"font-size:25px\">Talleres clase, tareas, mapas, foros &#8211; seminarios<\/h2>\n\n\n\n<p class=\"has-text-align-center has-normal-font-size\">Todos los productos elaborados en clase, los trabajos extra clase, las pr\u00e1cticas comunitarias programadas, participaci\u00f3n en eventos acad\u00e9micos de formaci\u00f3n complementaria, los test de estilos de aprendizaje, las conductas de entrada y salida, los cuestionarios valorativos de las diversas tem\u00e1ticas, la asistencia, participaci\u00f3n y desempe\u00f1o en clases tanto &nbsp;pr\u00e1cticas como te\u00f3ricas.<\/p>\n\n\n\n<hr class=\"wp-block-separator has-css-opacity is-style-wide\" \/>\n\n\n\n<figure class=\"wp-block-image size-large\"><img loading=\"lazy\" decoding=\"async\" width=\"1024\" height=\"683\" src=\"https:\/\/blog.utp.edu.co\/area-de-recreacion-cdr\/files\/2023\/05\/DSC_0177-2-2-1024x683.jpg\" alt=\"\" class=\"wp-image-447\" srcset=\"https:\/\/blog.utp.edu.co\/area-de-recreacion-cdr\/files\/2023\/05\/DSC_0177-2-2-1024x683.jpg 1024w, https:\/\/blog.utp.edu.co\/area-de-recreacion-cdr\/files\/2023\/05\/DSC_0177-2-2-300x200.jpg 300w, https:\/\/blog.utp.edu.co\/area-de-recreacion-cdr\/files\/2023\/05\/DSC_0177-2-2-768x512.jpg 768w, https:\/\/blog.utp.edu.co\/area-de-recreacion-cdr\/files\/2023\/05\/DSC_0177-2-2-1536x1024.jpg 1536w, https:\/\/blog.utp.edu.co\/area-de-recreacion-cdr\/files\/2023\/05\/DSC_0177-2-2-2048x1365.jpg 2048w, https:\/\/blog.utp.edu.co\/area-de-recreacion-cdr\/files\/2023\/05\/DSC_0177-2-2-750x500.jpg 750w\" sizes=\"auto, (max-width: 1024px) 100vw, 1024px\" \/><\/figure>\n<\/div>\n<\/div>\n","protected":false},"excerpt":{"rendered":"<p>Justificaci\u00f3n El curso busca aportar al objeto de formaci\u00f3n del profesional en Ciencias del Deporte y la Recreaci\u00f3n. La recreaci\u00f3n, el ocio y el uso adecuado del tiempo libre, se reconocen como factores del desarrollo humano y social, en tal sentido se reafirman como una necesidad fundamental en todas las comunidades y culturas del mundo. <a href=\"https:\/\/blog.utp.edu.co\/area-de-recreacion-cdr\/modalidad-recreativa-ii\/\" rel=\"nofollow\"><span class=\"sr-only\">Leer m\u00e1sModalidad Recreativa II<\/span>[&hellip;]<\/a><\/p>\n","protected":false},"author":6472,"featured_media":409,"parent":0,"menu_order":0,"comment_status":"closed","ping_status":"closed","template":"","meta":{"footnotes":""},"class_list":["post-246","page","type-page","status-publish","has-post-thumbnail","hentry"],"_links":{"self":[{"href":"https:\/\/blog.utp.edu.co\/area-de-recreacion-cdr\/wp-json\/wp\/v2\/pages\/246","targetHints":{"allow":["GET"]}}],"collection":[{"href":"https:\/\/blog.utp.edu.co\/area-de-recreacion-cdr\/wp-json\/wp\/v2\/pages"}],"about":[{"href":"https:\/\/blog.utp.edu.co\/area-de-recreacion-cdr\/wp-json\/wp\/v2\/types\/page"}],"author":[{"embeddable":true,"href":"https:\/\/blog.utp.edu.co\/area-de-recreacion-cdr\/wp-json\/wp\/v2\/users\/6472"}],"replies":[{"embeddable":true,"href":"https:\/\/blog.utp.edu.co\/area-de-recreacion-cdr\/wp-json\/wp\/v2\/comments?post=246"}],"version-history":[{"count":22,"href":"https:\/\/blog.utp.edu.co\/area-de-recreacion-cdr\/wp-json\/wp\/v2\/pages\/246\/revisions"}],"predecessor-version":[{"id":1379,"href":"https:\/\/blog.utp.edu.co\/area-de-recreacion-cdr\/wp-json\/wp\/v2\/pages\/246\/revisions\/1379"}],"wp:featuredmedia":[{"embeddable":true,"href":"https:\/\/blog.utp.edu.co\/area-de-recreacion-cdr\/wp-json\/wp\/v2\/media\/409"}],"wp:attachment":[{"href":"https:\/\/blog.utp.edu.co\/area-de-recreacion-cdr\/wp-json\/wp\/v2\/media?parent=246"}],"curies":[{"name":"wp","href":"https:\/\/api.w.org\/{rel}","templated":true}]}}