{"id":1168,"date":"2024-11-15T01:06:05","date_gmt":"2024-11-15T06:06:05","guid":{"rendered":"https:\/\/blog.utp.edu.co\/area-de-recreacion-cdr\/?page_id=1168"},"modified":"2026-03-24T14:40:29","modified_gmt":"2026-03-24T19:40:29","slug":"area-recreacion","status":"publish","type":"page","link":"https:\/\/blog.utp.edu.co\/area-de-recreacion-cdr\/area-recreacion\/","title":{"rendered":"Unidad Acad\u00e9mica de Recreaci\u00f3n"},"content":{"rendered":"\n<p><strong>Te presentamos un recorrido de lo que es la Unidad Acad\u00e9mica de Recreaci\u00f3n, pasando por sus objetivos y enfoques, adem\u00e1s de las actividades que realizamos y desarrollamos. <\/strong><\/p>\n\n\n\n<p><\/p>\n\n\n\n<div class=\"wp-block-columns is-layout-flex wp-container-core-columns-is-layout-9d6595d7 wp-block-columns-is-layout-flex\">\n<div class=\"wp-block-column is-layout-flow wp-block-column-is-layout-flow\">\n<figure class=\"wp-block-image size-large\"><img loading=\"lazy\" decoding=\"async\" width=\"663\" height=\"1024\" src=\"https:\/\/blog.utp.edu.co\/area-de-recreacion-cdr\/files\/2024\/11\/1-663x1024.png\" alt=\"\" class=\"wp-image-1173\" srcset=\"https:\/\/blog.utp.edu.co\/area-de-recreacion-cdr\/files\/2024\/11\/1-663x1024.png 663w, https:\/\/blog.utp.edu.co\/area-de-recreacion-cdr\/files\/2024\/11\/1-194x300.png 194w, https:\/\/blog.utp.edu.co\/area-de-recreacion-cdr\/files\/2024\/11\/1-768x1187.png 768w, https:\/\/blog.utp.edu.co\/area-de-recreacion-cdr\/files\/2024\/11\/1-994x1536.png 994w, https:\/\/blog.utp.edu.co\/area-de-recreacion-cdr\/files\/2024\/11\/1.png 1294w\" sizes=\"auto, (max-width: 663px) 100vw, 663px\" \/><\/figure>\n<\/div>\n\n\n\n<div class=\"wp-block-column is-layout-flow wp-block-column-is-layout-flow\">\n<figure class=\"wp-block-image size-large\"><img loading=\"lazy\" decoding=\"async\" width=\"663\" height=\"1024\" src=\"https:\/\/blog.utp.edu.co\/area-de-recreacion-cdr\/files\/2024\/11\/2-663x1024.png\" alt=\"\" class=\"wp-image-1174\" srcset=\"https:\/\/blog.utp.edu.co\/area-de-recreacion-cdr\/files\/2024\/11\/2-663x1024.png 663w, https:\/\/blog.utp.edu.co\/area-de-recreacion-cdr\/files\/2024\/11\/2-194x300.png 194w, https:\/\/blog.utp.edu.co\/area-de-recreacion-cdr\/files\/2024\/11\/2-768x1187.png 768w, https:\/\/blog.utp.edu.co\/area-de-recreacion-cdr\/files\/2024\/11\/2-994x1536.png 994w, https:\/\/blog.utp.edu.co\/area-de-recreacion-cdr\/files\/2024\/11\/2.png 1294w\" sizes=\"auto, (max-width: 663px) 100vw, 663px\" \/><\/figure>\n<\/div>\n\n\n\n<div class=\"wp-block-column is-layout-flow wp-block-column-is-layout-flow\">\n<figure class=\"wp-block-image size-large\"><img loading=\"lazy\" decoding=\"async\" width=\"663\" height=\"1024\" src=\"https:\/\/blog.utp.edu.co\/area-de-recreacion-cdr\/files\/2024\/11\/3-663x1024.png\" alt=\"\" class=\"wp-image-1175\" srcset=\"https:\/\/blog.utp.edu.co\/area-de-recreacion-cdr\/files\/2024\/11\/3-663x1024.png 663w, https:\/\/blog.utp.edu.co\/area-de-recreacion-cdr\/files\/2024\/11\/3-194x300.png 194w, https:\/\/blog.utp.edu.co\/area-de-recreacion-cdr\/files\/2024\/11\/3-768x1187.png 768w, https:\/\/blog.utp.edu.co\/area-de-recreacion-cdr\/files\/2024\/11\/3-994x1536.png 994w, https:\/\/blog.utp.edu.co\/area-de-recreacion-cdr\/files\/2024\/11\/3.png 1294w\" sizes=\"auto, (max-width: 663px) 100vw, 663px\" \/><\/figure>\n<\/div>\n<\/div>\n\n\n\n<p><\/p>\n\n\n\n<div class=\"wp-block-columns is-layout-flex wp-container-core-columns-is-layout-9d6595d7 wp-block-columns-is-layout-flex\">\n<div class=\"wp-block-column is-layout-flow wp-block-column-is-layout-flow\">\n<figure class=\"wp-block-image size-large\"><img loading=\"lazy\" decoding=\"async\" width=\"1294\" height=\"2000\" src=\"https:\/\/blog.utp.edu.co\/area-de-recreacion-cdr\/files\/2024\/11\/4-663x1024.png\" alt=\"\" class=\"wp-image-1176\" srcset=\"https:\/\/blog.utp.edu.co\/area-de-recreacion-cdr\/files\/2024\/11\/4-663x1024.png 663w, https:\/\/blog.utp.edu.co\/area-de-recreacion-cdr\/files\/2024\/11\/4-194x300.png 194w, https:\/\/blog.utp.edu.co\/area-de-recreacion-cdr\/files\/2024\/11\/4-768x1187.png 768w, https:\/\/blog.utp.edu.co\/area-de-recreacion-cdr\/files\/2024\/11\/4-994x1536.png 994w, https:\/\/blog.utp.edu.co\/area-de-recreacion-cdr\/files\/2024\/11\/4.png 1294w\" sizes=\"auto, (max-width: 1294px) 100vw, 1294px\" \/><\/figure>\n<\/div>\n\n\n\n<div class=\"wp-block-column is-layout-flow wp-block-column-is-layout-flow\">\n<figure class=\"wp-block-image size-large\"><img loading=\"lazy\" decoding=\"async\" width=\"663\" height=\"1024\" src=\"https:\/\/blog.utp.edu.co\/area-de-recreacion-cdr\/files\/2024\/11\/5-663x1024.png\" alt=\"\" class=\"wp-image-1177\" srcset=\"https:\/\/blog.utp.edu.co\/area-de-recreacion-cdr\/files\/2024\/11\/5-663x1024.png 663w, https:\/\/blog.utp.edu.co\/area-de-recreacion-cdr\/files\/2024\/11\/5-194x300.png 194w, https:\/\/blog.utp.edu.co\/area-de-recreacion-cdr\/files\/2024\/11\/5-768x1187.png 768w, https:\/\/blog.utp.edu.co\/area-de-recreacion-cdr\/files\/2024\/11\/5-994x1536.png 994w, https:\/\/blog.utp.edu.co\/area-de-recreacion-cdr\/files\/2024\/11\/5.png 1294w\" sizes=\"auto, (max-width: 663px) 100vw, 663px\" \/><\/figure>\n<\/div>\n\n\n\n<div class=\"wp-block-column is-layout-flow wp-block-column-is-layout-flow\">\n<figure class=\"wp-block-image size-large\"><img loading=\"lazy\" decoding=\"async\" width=\"663\" height=\"1024\" src=\"https:\/\/blog.utp.edu.co\/area-de-recreacion-cdr\/files\/2024\/11\/6-663x1024.png\" alt=\"\" class=\"wp-image-1178\" srcset=\"https:\/\/blog.utp.edu.co\/area-de-recreacion-cdr\/files\/2024\/11\/6-663x1024.png 663w, https:\/\/blog.utp.edu.co\/area-de-recreacion-cdr\/files\/2024\/11\/6-194x300.png 194w, https:\/\/blog.utp.edu.co\/area-de-recreacion-cdr\/files\/2024\/11\/6-768x1187.png 768w, https:\/\/blog.utp.edu.co\/area-de-recreacion-cdr\/files\/2024\/11\/6-994x1536.png 994w, https:\/\/blog.utp.edu.co\/area-de-recreacion-cdr\/files\/2024\/11\/6.png 1294w\" sizes=\"auto, (max-width: 663px) 100vw, 663px\" \/><\/figure>\n<\/div>\n<\/div>\n\n\n\n<p><\/p>\n\n\n\n<div class=\"wp-block-columns is-layout-flex wp-container-core-columns-is-layout-9d6595d7 wp-block-columns-is-layout-flex\">\n<div class=\"wp-block-column is-layout-flow wp-block-column-is-layout-flow\">\n<figure class=\"wp-block-image size-large\"><img loading=\"lazy\" decoding=\"async\" width=\"663\" height=\"1024\" src=\"https:\/\/blog.utp.edu.co\/area-de-recreacion-cdr\/files\/2024\/11\/7-663x1024.png\" alt=\"\" class=\"wp-image-1179\" srcset=\"https:\/\/blog.utp.edu.co\/area-de-recreacion-cdr\/files\/2024\/11\/7-663x1024.png 663w, https:\/\/blog.utp.edu.co\/area-de-recreacion-cdr\/files\/2024\/11\/7-194x300.png 194w, https:\/\/blog.utp.edu.co\/area-de-recreacion-cdr\/files\/2024\/11\/7-768x1187.png 768w, https:\/\/blog.utp.edu.co\/area-de-recreacion-cdr\/files\/2024\/11\/7-994x1536.png 994w, https:\/\/blog.utp.edu.co\/area-de-recreacion-cdr\/files\/2024\/11\/7.png 1294w\" sizes=\"auto, (max-width: 663px) 100vw, 663px\" \/><\/figure>\n<\/div>\n\n\n\n<div class=\"wp-block-column is-layout-flow wp-block-column-is-layout-flow\">\n<figure class=\"wp-block-image size-large\"><img loading=\"lazy\" decoding=\"async\" width=\"663\" height=\"1024\" src=\"https:\/\/blog.utp.edu.co\/area-de-recreacion-cdr\/files\/2024\/11\/8-663x1024.png\" alt=\"\" class=\"wp-image-1180\" srcset=\"https:\/\/blog.utp.edu.co\/area-de-recreacion-cdr\/files\/2024\/11\/8-663x1024.png 663w, https:\/\/blog.utp.edu.co\/area-de-recreacion-cdr\/files\/2024\/11\/8-194x300.png 194w, https:\/\/blog.utp.edu.co\/area-de-recreacion-cdr\/files\/2024\/11\/8-768x1187.png 768w, https:\/\/blog.utp.edu.co\/area-de-recreacion-cdr\/files\/2024\/11\/8-994x1536.png 994w, https:\/\/blog.utp.edu.co\/area-de-recreacion-cdr\/files\/2024\/11\/8.png 1294w\" sizes=\"auto, (max-width: 663px) 100vw, 663px\" \/><\/figure>\n<\/div>\n\n\n\n<div class=\"wp-block-column is-layout-flow wp-block-column-is-layout-flow\">\n<figure class=\"wp-block-image size-large\"><img loading=\"lazy\" decoding=\"async\" width=\"663\" height=\"1024\" src=\"https:\/\/blog.utp.edu.co\/area-de-recreacion-cdr\/files\/2024\/11\/9-663x1024.png\" alt=\"\" class=\"wp-image-1181\" srcset=\"https:\/\/blog.utp.edu.co\/area-de-recreacion-cdr\/files\/2024\/11\/9-663x1024.png 663w, https:\/\/blog.utp.edu.co\/area-de-recreacion-cdr\/files\/2024\/11\/9-194x300.png 194w, https:\/\/blog.utp.edu.co\/area-de-recreacion-cdr\/files\/2024\/11\/9-768x1187.png 768w, https:\/\/blog.utp.edu.co\/area-de-recreacion-cdr\/files\/2024\/11\/9-994x1536.png 994w, https:\/\/blog.utp.edu.co\/area-de-recreacion-cdr\/files\/2024\/11\/9.png 1294w\" sizes=\"auto, (max-width: 663px) 100vw, 663px\" \/><\/figure>\n<\/div>\n<\/div>\n\n\n\n<p><\/p>\n\n\n\n<div class=\"wp-block-columns is-layout-flex wp-container-core-columns-is-layout-9d6595d7 wp-block-columns-is-layout-flex\">\n<div class=\"wp-block-column is-layout-flow wp-block-column-is-layout-flow\">\n<figure class=\"wp-block-image size-large\"><img loading=\"lazy\" decoding=\"async\" width=\"663\" height=\"1024\" src=\"https:\/\/blog.utp.edu.co\/area-de-recreacion-cdr\/files\/2024\/11\/10-663x1024.png\" alt=\"\" class=\"wp-image-1182\" srcset=\"https:\/\/blog.utp.edu.co\/area-de-recreacion-cdr\/files\/2024\/11\/10-663x1024.png 663w, https:\/\/blog.utp.edu.co\/area-de-recreacion-cdr\/files\/2024\/11\/10-194x300.png 194w, https:\/\/blog.utp.edu.co\/area-de-recreacion-cdr\/files\/2024\/11\/10-768x1187.png 768w, https:\/\/blog.utp.edu.co\/area-de-recreacion-cdr\/files\/2024\/11\/10-994x1536.png 994w, https:\/\/blog.utp.edu.co\/area-de-recreacion-cdr\/files\/2024\/11\/10.png 1294w\" sizes=\"auto, (max-width: 663px) 100vw, 663px\" \/><\/figure>\n<\/div>\n\n\n\n<div class=\"wp-block-column is-layout-flow wp-block-column-is-layout-flow\">\n<figure class=\"wp-block-image size-large\"><img loading=\"lazy\" decoding=\"async\" width=\"663\" height=\"1024\" src=\"https:\/\/blog.utp.edu.co\/area-de-recreacion-cdr\/files\/2024\/11\/11-663x1024.png\" alt=\"\" class=\"wp-image-1183\" srcset=\"https:\/\/blog.utp.edu.co\/area-de-recreacion-cdr\/files\/2024\/11\/11-663x1024.png 663w, https:\/\/blog.utp.edu.co\/area-de-recreacion-cdr\/files\/2024\/11\/11-194x300.png 194w, https:\/\/blog.utp.edu.co\/area-de-recreacion-cdr\/files\/2024\/11\/11-768x1187.png 768w, https:\/\/blog.utp.edu.co\/area-de-recreacion-cdr\/files\/2024\/11\/11-994x1536.png 994w, https:\/\/blog.utp.edu.co\/area-de-recreacion-cdr\/files\/2024\/11\/11.png 1294w\" sizes=\"auto, (max-width: 663px) 100vw, 663px\" \/><\/figure>\n<\/div>\n\n\n\n<div class=\"wp-block-column is-layout-flow wp-block-column-is-layout-flow\">\n<figure class=\"wp-block-image size-large\"><img loading=\"lazy\" decoding=\"async\" width=\"663\" height=\"1024\" src=\"https:\/\/blog.utp.edu.co\/area-de-recreacion-cdr\/files\/2024\/11\/12-663x1024.png\" alt=\"\" class=\"wp-image-1184\" srcset=\"https:\/\/blog.utp.edu.co\/area-de-recreacion-cdr\/files\/2024\/11\/12-663x1024.png 663w, https:\/\/blog.utp.edu.co\/area-de-recreacion-cdr\/files\/2024\/11\/12-194x300.png 194w, https:\/\/blog.utp.edu.co\/area-de-recreacion-cdr\/files\/2024\/11\/12-768x1187.png 768w, https:\/\/blog.utp.edu.co\/area-de-recreacion-cdr\/files\/2024\/11\/12-994x1536.png 994w, https:\/\/blog.utp.edu.co\/area-de-recreacion-cdr\/files\/2024\/11\/12.png 1294w\" sizes=\"auto, (max-width: 663px) 100vw, 663px\" \/><\/figure>\n<\/div>\n<\/div>\n\n\n\n<p><\/p>\n\n\n\n<div class=\"wp-block-columns is-layout-flex wp-container-core-columns-is-layout-9d6595d7 wp-block-columns-is-layout-flex\">\n<div class=\"wp-block-column is-layout-flow wp-block-column-is-layout-flow\">\n<figure class=\"wp-block-image size-large\"><img loading=\"lazy\" decoding=\"async\" width=\"663\" height=\"1024\" src=\"https:\/\/blog.utp.edu.co\/area-de-recreacion-cdr\/files\/2024\/11\/13-663x1024.png\" alt=\"\" class=\"wp-image-1185\" srcset=\"https:\/\/blog.utp.edu.co\/area-de-recreacion-cdr\/files\/2024\/11\/13-663x1024.png 663w, https:\/\/blog.utp.edu.co\/area-de-recreacion-cdr\/files\/2024\/11\/13-194x300.png 194w, https:\/\/blog.utp.edu.co\/area-de-recreacion-cdr\/files\/2024\/11\/13-768x1187.png 768w, https:\/\/blog.utp.edu.co\/area-de-recreacion-cdr\/files\/2024\/11\/13-994x1536.png 994w, https:\/\/blog.utp.edu.co\/area-de-recreacion-cdr\/files\/2024\/11\/13.png 1294w\" sizes=\"auto, (max-width: 663px) 100vw, 663px\" \/><\/figure>\n<\/div>\n\n\n\n<div class=\"wp-block-column is-layout-flow wp-block-column-is-layout-flow\">\n<figure class=\"wp-block-image size-large\"><img loading=\"lazy\" decoding=\"async\" width=\"663\" height=\"1024\" src=\"https:\/\/blog.utp.edu.co\/area-de-recreacion-cdr\/files\/2024\/11\/14-663x1024.png\" alt=\"\" class=\"wp-image-1186\" srcset=\"https:\/\/blog.utp.edu.co\/area-de-recreacion-cdr\/files\/2024\/11\/14-663x1024.png 663w, https:\/\/blog.utp.edu.co\/area-de-recreacion-cdr\/files\/2024\/11\/14-194x300.png 194w, https:\/\/blog.utp.edu.co\/area-de-recreacion-cdr\/files\/2024\/11\/14-768x1187.png 768w, https:\/\/blog.utp.edu.co\/area-de-recreacion-cdr\/files\/2024\/11\/14-994x1536.png 994w, https:\/\/blog.utp.edu.co\/area-de-recreacion-cdr\/files\/2024\/11\/14.png 1294w\" sizes=\"auto, (max-width: 663px) 100vw, 663px\" \/><\/figure>\n<\/div>\n\n\n\n<div class=\"wp-block-column is-layout-flow wp-block-column-is-layout-flow\"><\/div>\n<\/div>\n","protected":false},"excerpt":{"rendered":"<p>Te presentamos un recorrido de lo que es la Unidad Acad\u00e9mica de Recreaci\u00f3n, pasando por sus objetivos y enfoques, adem\u00e1s de las actividades que realizamos y desarrollamos.<\/p>\n","protected":false},"author":247,"featured_media":0,"parent":0,"menu_order":0,"comment_status":"closed","ping_status":"closed","template":"","meta":{"footnotes":""},"class_list":["post-1168","page","type-page","status-publish","hentry"],"_links":{"self":[{"href":"https:\/\/blog.utp.edu.co\/area-de-recreacion-cdr\/wp-json\/wp\/v2\/pages\/1168","targetHints":{"allow":["GET"]}}],"collection":[{"href":"https:\/\/blog.utp.edu.co\/area-de-recreacion-cdr\/wp-json\/wp\/v2\/pages"}],"about":[{"href":"https:\/\/blog.utp.edu.co\/area-de-recreacion-cdr\/wp-json\/wp\/v2\/types\/page"}],"author":[{"embeddable":true,"href":"https:\/\/blog.utp.edu.co\/area-de-recreacion-cdr\/wp-json\/wp\/v2\/users\/247"}],"replies":[{"embeddable":true,"href":"https:\/\/blog.utp.edu.co\/area-de-recreacion-cdr\/wp-json\/wp\/v2\/comments?post=1168"}],"version-history":[{"count":3,"href":"https:\/\/blog.utp.edu.co\/area-de-recreacion-cdr\/wp-json\/wp\/v2\/pages\/1168\/revisions"}],"predecessor-version":[{"id":1332,"href":"https:\/\/blog.utp.edu.co\/area-de-recreacion-cdr\/wp-json\/wp\/v2\/pages\/1168\/revisions\/1332"}],"wp:attachment":[{"href":"https:\/\/blog.utp.edu.co\/area-de-recreacion-cdr\/wp-json\/wp\/v2\/media?parent=1168"}],"curies":[{"name":"wp","href":"https:\/\/api.w.org\/{rel}","templated":true}]}}