{"id":111,"date":"2023-04-24T09:17:38","date_gmt":"2023-04-24T14:17:38","guid":{"rendered":"https:\/\/blog.utp.edu.co\/area-de-recreacion-cdr\/?page_id=111"},"modified":"2026-03-24T15:42:27","modified_gmt":"2026-03-24T20:42:27","slug":"eventos","status":"publish","type":"page","link":"https:\/\/blog.utp.edu.co\/area-de-recreacion-cdr\/eventos\/","title":{"rendered":"\u00bfQu\u00e9 es ExpoRecreaci\u00f3n?"},"content":{"rendered":"\n<h2 class=\"wp-block-heading has-text-align-center\">ExpoRecreaci\u00f3n<\/h2>\n\n\n\n<p>ExpoRecreaci\u00f3n es un evento de formaci\u00f3n acad\u00e9mica, realizado por el Programa Ciencias del Deporte y la Recreaci\u00f3n de la Universidad Tecnol\u00f3gica de Pereira, con un enfoque te\u00f3rico- pr\u00e1ctico, innovador y constructivo, que busca evidenciar las reflexiones, discusiones conceptuales y nuevas tendencias de la recreaci\u00f3n, invitando a la pr\u00e1ctica del ocio saludable. En el a\u00f1o 2022 se realiz\u00f3 la cuarta edici\u00f3n.<\/p>\n\n\n\n<figure class=\"wp-block-image size-full is-resized\"><img loading=\"lazy\" decoding=\"async\" width=\"831\" height=\"304\" src=\"https:\/\/blog.utp.edu.co\/area-de-recreacion-cdr\/files\/2023\/04\/image-1.png\" alt=\"\" class=\"wp-image-191\" style=\"width:831px;height:304px\" srcset=\"https:\/\/blog.utp.edu.co\/area-de-recreacion-cdr\/files\/2023\/04\/image-1.png 831w, https:\/\/blog.utp.edu.co\/area-de-recreacion-cdr\/files\/2023\/04\/image-1-300x110.png 300w, https:\/\/blog.utp.edu.co\/area-de-recreacion-cdr\/files\/2023\/04\/image-1-768x281.png 768w\" sizes=\"auto, (max-width: 831px) 100vw, 831px\" \/><\/figure>\n\n\n\n<p><\/p>\n\n\n\n<div class=\"wp-block-columns is-layout-flex wp-container-core-columns-is-layout-9d6595d7 wp-block-columns-is-layout-flex\">\n<div class=\"wp-block-column is-layout-flow wp-block-column-is-layout-flow\">\n<p class=\"has-text-align-center\">Exporecreaci\u00f3n es un evento acad\u00e9mico que a manera de congreso, re\u00fane a trav\u00e9s de diversas estrategias mediadas por los m\u00e9todos activos de aprendizaje, la exposici\u00f3n y socializaci\u00f3n de los avances conceptuales, cient\u00edficos, t\u00e9cnicos y sociales de la Recreaci\u00f3n y Ocio en Colombia y algunos pa\u00edses de Am\u00e9rica Latina, en la b\u00fasqueda de motivar reflexiones desde la mirada de lo que pasa con la Recreaci\u00f3n a nivel Comunitario, en el aprendizaje y el bienestar social, ahondando sobre la manera c\u00f3mo debe generarse un \u201cHabitar\u201d de la recreaci\u00f3n en lo personal y social, que haga presente y latente el valor de la vida, la libertad y el buen vivir.<\/p>\n<\/div>\n\n\n\n<div class=\"wp-block-column is-layout-flow wp-block-column-is-layout-flow\">\n<p class=\"has-text-align-center\">Se pretende entonces, generar espacios de encuentro y discusi\u00f3n que permitan seguir consolidando la mirada de la recreaci\u00f3n como campo de conocimiento, que situ\u00e9 entre sus debates el papel de la Recreaci\u00f3n en los \u00e1mbitos personales y sociales desde lo comunitario, el impacto de la vivencia recreada en el desarrollo humano, el bienestar y la felicidad de las comunidades y los sujetos, la funci\u00f3n de la recreaci\u00f3n en la reinvenci\u00f3n de las estrategias y ambientes de aprendizaje para la comprensi\u00f3n del sentido de la vida, la afectividad, las relaciones interpersonales y la actitud con la que se asumen los diversos roles cotidianos.<\/p>\n<\/div>\n<\/div>\n\n\n\n<figure class=\"wp-block-gallery has-nested-images columns-default is-cropped wp-block-gallery-1 is-layout-flex wp-block-gallery-is-layout-flex\">\n<figure class=\"wp-block-image size-large\"><img loading=\"lazy\" decoding=\"async\" width=\"1024\" height=\"819\" data-id=\"203\" src=\"https:\/\/blog.utp.edu.co\/area-de-recreacion-cdr\/files\/2023\/04\/Diseno-sin-titulo-13-2-1024x819.png\" alt=\"\" class=\"wp-image-203\" srcset=\"https:\/\/blog.utp.edu.co\/area-de-recreacion-cdr\/files\/2023\/04\/Diseno-sin-titulo-13-2-1024x819.png 1024w, https:\/\/blog.utp.edu.co\/area-de-recreacion-cdr\/files\/2023\/04\/Diseno-sin-titulo-13-2-300x240.png 300w, https:\/\/blog.utp.edu.co\/area-de-recreacion-cdr\/files\/2023\/04\/Diseno-sin-titulo-13-2-768x614.png 768w, https:\/\/blog.utp.edu.co\/area-de-recreacion-cdr\/files\/2023\/04\/Diseno-sin-titulo-13-2-1536x1229.png 1536w, https:\/\/blog.utp.edu.co\/area-de-recreacion-cdr\/files\/2023\/04\/Diseno-sin-titulo-13-2.png 2000w\" sizes=\"auto, (max-width: 1024px) 100vw, 1024px\" \/><\/figure>\n<\/figure>\n\n\n\n<p><\/p>\n\n\n\n<h2 class=\"wp-block-heading has-text-align-center\"><mark style=\"background-color:#00d084\" class=\"has-inline-color has-black-color\">\u00a8Re encuentros&#8230; Recrear el Arte de Vivir\u00a8<\/mark><\/h2>\n\n\n\n<p><\/p>\n\n\n\n<div class=\"wp-block-columns is-layout-flex wp-container-core-columns-is-layout-9d6595d7 wp-block-columns-is-layout-flex\">\n<div class=\"wp-block-column is-layout-flow wp-block-column-is-layout-flow\">\n<p>EXPORECREACI\u00d3N 2022 \u201cRE ENCUENTROS\u201d busca acercarnos desde las miradas de \u201cla recreaci\u00f3n\u201d como campo de conocimiento en desarrollo, esto implica entender sus significaciones en la cotidianidad de los sujetos, en sus formas de actuar y percibir la vida, la diversidad y la multiculturalidad presente en los di\u00e1logos inter subjetivos, desde el encuentro, el juego, la vida, la sonrisa y la libertad; es reconocerla como elemento esencial de la existencia, en el cuidado y re-creaci\u00f3n de la \u201cvida\u201d, en todo lo que la compone, es \u201chabitar\u201d desde la concienciaci\u00f3n de ser feliz, de auto-expresar y re-invindicar nuestro papel protag\u00f3nico en los diversos cambios personales, sociales y comunitarios.<\/p>\n<\/div>\n\n\n\n<div class=\"wp-block-column is-layout-flow wp-block-column-is-layout-flow\">\n<p>EXPORECREACI\u00d3N 2022 \u201cRE ENCUENTROS\u201d se convierte en un escenario acad\u00e9mico para la expresi\u00f3n de ideas que conecten la recreaci\u00f3n con el arte, as\u00ed como ambas con la vida y su aporte desde las reflexiones, las construcciones<br>conceptuales, las investigaciones y las pr\u00e1cticas. Es nuestro reto, proponer un evento presencial, desde una propuesta innovadora, participativa y de disfrute, donde: se apropien los procesos para compartir, se generen espacios de interlocuci\u00f3n y aporte, como tambi\u00e9n, los espacios para el sentir, el asombro, el arte y el encuentro l\u00fadico.<\/p>\n<\/div>\n<\/div>\n\n\n\n<p>Se llevaron a cabo tres l\u00edneas de desarrollo acad\u00e9mico en el evento:<\/p>\n\n\n\n<div class=\"wp-block-columns is-layout-flex wp-container-core-columns-is-layout-9d6595d7 wp-block-columns-is-layout-flex\">\n<div class=\"wp-block-column is-layout-flow wp-block-column-is-layout-flow\">\n<figure class=\"wp-block-image size-full\"><img loading=\"lazy\" decoding=\"async\" width=\"570\" height=\"567\" src=\"https:\/\/blog.utp.edu.co\/area-de-recreacion-cdr\/files\/2023\/04\/image-3.png\" alt=\"\" class=\"wp-image-211\" srcset=\"https:\/\/blog.utp.edu.co\/area-de-recreacion-cdr\/files\/2023\/04\/image-3.png 570w, https:\/\/blog.utp.edu.co\/area-de-recreacion-cdr\/files\/2023\/04\/image-3-300x298.png 300w, https:\/\/blog.utp.edu.co\/area-de-recreacion-cdr\/files\/2023\/04\/image-3-150x150.png 150w, https:\/\/blog.utp.edu.co\/area-de-recreacion-cdr\/files\/2023\/04\/image-3-250x250.png 250w, https:\/\/blog.utp.edu.co\/area-de-recreacion-cdr\/files\/2023\/04\/image-3-174x174.png 174w\" sizes=\"auto, (max-width: 570px) 100vw, 570px\" \/><\/figure>\n<\/div>\n\n\n\n<div class=\"wp-block-column is-layout-flow wp-block-column-is-layout-flow\">\n<figure class=\"wp-block-gallery has-nested-images columns-default is-cropped wp-block-gallery-2 is-layout-flex wp-block-gallery-is-layout-flex\">\n<figure class=\"wp-block-image size-large\"><img loading=\"lazy\" decoding=\"async\" width=\"567\" height=\"569\" data-id=\"212\" src=\"https:\/\/blog.utp.edu.co\/area-de-recreacion-cdr\/files\/2023\/04\/image-4.png\" alt=\"\" class=\"wp-image-212\" srcset=\"https:\/\/blog.utp.edu.co\/area-de-recreacion-cdr\/files\/2023\/04\/image-4.png 567w, https:\/\/blog.utp.edu.co\/area-de-recreacion-cdr\/files\/2023\/04\/image-4-300x300.png 300w, https:\/\/blog.utp.edu.co\/area-de-recreacion-cdr\/files\/2023\/04\/image-4-150x150.png 150w, https:\/\/blog.utp.edu.co\/area-de-recreacion-cdr\/files\/2023\/04\/image-4-250x250.png 250w, https:\/\/blog.utp.edu.co\/area-de-recreacion-cdr\/files\/2023\/04\/image-4-174x174.png 174w\" sizes=\"auto, (max-width: 567px) 100vw, 567px\" \/><\/figure>\n<\/figure>\n<\/div>\n\n\n\n<div class=\"wp-block-column is-layout-flow wp-block-column-is-layout-flow\">\n<figure class=\"wp-block-gallery has-nested-images columns-default is-cropped wp-block-gallery-3 is-layout-flex wp-block-gallery-is-layout-flex\">\n<figure class=\"wp-block-image size-large\"><img loading=\"lazy\" decoding=\"async\" width=\"569\" height=\"567\" data-id=\"213\" src=\"https:\/\/blog.utp.edu.co\/area-de-recreacion-cdr\/files\/2023\/04\/image-5.png\" alt=\"\" class=\"wp-image-213\" srcset=\"https:\/\/blog.utp.edu.co\/area-de-recreacion-cdr\/files\/2023\/04\/image-5.png 569w, https:\/\/blog.utp.edu.co\/area-de-recreacion-cdr\/files\/2023\/04\/image-5-300x300.png 300w, https:\/\/blog.utp.edu.co\/area-de-recreacion-cdr\/files\/2023\/04\/image-5-150x150.png 150w, https:\/\/blog.utp.edu.co\/area-de-recreacion-cdr\/files\/2023\/04\/image-5-250x250.png 250w, https:\/\/blog.utp.edu.co\/area-de-recreacion-cdr\/files\/2023\/04\/image-5-174x174.png 174w\" sizes=\"auto, (max-width: 569px) 100vw, 569px\" \/><\/figure>\n<\/figure>\n<\/div>\n<\/div>\n\n\n\n<figure class=\"wp-block-gallery has-nested-images columns-default is-cropped wp-block-gallery-4 is-layout-flex wp-block-gallery-is-layout-flex\">\n<figure class=\"wp-block-image size-large\"><img loading=\"lazy\" decoding=\"async\" width=\"451\" height=\"552\" data-id=\"209\" src=\"https:\/\/blog.utp.edu.co\/area-de-recreacion-cdr\/files\/2023\/04\/image-2.png\" alt=\"\" class=\"wp-image-209\" srcset=\"https:\/\/blog.utp.edu.co\/area-de-recreacion-cdr\/files\/2023\/04\/image-2.png 451w, https:\/\/blog.utp.edu.co\/area-de-recreacion-cdr\/files\/2023\/04\/image-2-245x300.png 245w\" sizes=\"auto, (max-width: 451px) 100vw, 451px\" \/><\/figure>\n<\/figure>\n","protected":false},"excerpt":{"rendered":"<p>ExpoRecreaci\u00f3n ExpoRecreaci\u00f3n es un evento de formaci\u00f3n acad\u00e9mica, realizado por el Programa Ciencias del Deporte y la Recreaci\u00f3n de la Universidad Tecnol\u00f3gica de Pereira, con un enfoque te\u00f3rico- pr\u00e1ctico, innovador y constructivo, que busca evidenciar las reflexiones, discusiones conceptuales y nuevas tendencias de la recreaci\u00f3n, invitando a la pr\u00e1ctica del ocio saludable. En el a\u00f1o <a href=\"https:\/\/blog.utp.edu.co\/area-de-recreacion-cdr\/eventos\/\" rel=\"nofollow\"><span class=\"sr-only\">Leer m\u00e1s\u00bfQu\u00e9 es ExpoRecreaci\u00f3n?<\/span>[&hellip;]<\/a><\/p>\n","protected":false},"author":6472,"featured_media":191,"parent":0,"menu_order":0,"comment_status":"closed","ping_status":"closed","template":"","meta":{"footnotes":""},"class_list":["post-111","page","type-page","status-publish","has-post-thumbnail","hentry"],"_links":{"self":[{"href":"https:\/\/blog.utp.edu.co\/area-de-recreacion-cdr\/wp-json\/wp\/v2\/pages\/111","targetHints":{"allow":["GET"]}}],"collection":[{"href":"https:\/\/blog.utp.edu.co\/area-de-recreacion-cdr\/wp-json\/wp\/v2\/pages"}],"about":[{"href":"https:\/\/blog.utp.edu.co\/area-de-recreacion-cdr\/wp-json\/wp\/v2\/types\/page"}],"author":[{"embeddable":true,"href":"https:\/\/blog.utp.edu.co\/area-de-recreacion-cdr\/wp-json\/wp\/v2\/users\/6472"}],"replies":[{"embeddable":true,"href":"https:\/\/blog.utp.edu.co\/area-de-recreacion-cdr\/wp-json\/wp\/v2\/comments?post=111"}],"version-history":[{"count":16,"href":"https:\/\/blog.utp.edu.co\/area-de-recreacion-cdr\/wp-json\/wp\/v2\/pages\/111\/revisions"}],"predecessor-version":[{"id":1339,"href":"https:\/\/blog.utp.edu.co\/area-de-recreacion-cdr\/wp-json\/wp\/v2\/pages\/111\/revisions\/1339"}],"wp:featuredmedia":[{"embeddable":true,"href":"https:\/\/blog.utp.edu.co\/area-de-recreacion-cdr\/wp-json\/wp\/v2\/media\/191"}],"wp:attachment":[{"href":"https:\/\/blog.utp.edu.co\/area-de-recreacion-cdr\/wp-json\/wp\/v2\/media?parent=111"}],"curies":[{"name":"wp","href":"https:\/\/api.w.org\/{rel}","templated":true}]}}