{"id":110,"date":"2023-04-24T09:17:38","date_gmt":"2023-04-24T14:17:38","guid":{"rendered":"https:\/\/blog.utp.edu.co\/area-de-recreacion-cdr\/?page_id=110"},"modified":"2026-04-06T09:36:46","modified_gmt":"2026-04-06T14:36:46","slug":"asignaturas","status":"publish","type":"page","link":"https:\/\/blog.utp.edu.co\/area-de-recreacion-cdr\/asignaturas\/","title":{"rendered":"Asignaturas"},"content":{"rendered":"\n<h3 class=\"wp-block-heading has-text-align-center\"><em>PERFIL PROFESIONAL<\/em><\/h3>\n\n\n\n<p>El profesional en Ciencias del Deporte y la Recreaci\u00f3n de la Universidad Tecnol\u00f3gica de Pereira podr\u00e1 desempe\u00f1arse en actividades relacionadas con:<\/p>\n\n\n\n<ul class=\"wp-block-list\">\n<li>Planeaci\u00f3n, ejecuci\u00f3n y evaluaci\u00f3n de procesos deportivos y\/o recreativos.<\/li>\n\n\n\n<li>La Administraci\u00f3n deportivo recreativa.<\/li>\n\n\n\n<li>La investigaci\u00f3n deportivo recreativa.<\/li>\n\n\n\n<li>La asesor\u00eda en programa deportivo y\/o recreativo<\/li>\n\n\n\n<li>Procesos de educaci\u00f3n formal y no formal<\/li>\n<\/ul>\n\n\n\n<div class=\"wp-block-columns is-layout-flex wp-container-core-columns-is-layout-9d6595d7 wp-block-columns-is-layout-flex\">\n<div class=\"wp-block-column is-layout-flow wp-block-column-is-layout-flow\"><div class=\"wp-block-image\">\n<figure class=\"aligncenter size-large\"><img loading=\"lazy\" decoding=\"async\" width=\"1024\" height=\"819\" src=\"https:\/\/blog.utp.edu.co\/area-de-recreacion-cdr\/files\/2023\/04\/Diseno-sin-titulo-1024x819.png\" alt=\"\" class=\"wp-image-65\" srcset=\"https:\/\/blog.utp.edu.co\/area-de-recreacion-cdr\/files\/2023\/04\/Diseno-sin-titulo-1024x819.png 1024w, https:\/\/blog.utp.edu.co\/area-de-recreacion-cdr\/files\/2023\/04\/Diseno-sin-titulo-300x240.png 300w, https:\/\/blog.utp.edu.co\/area-de-recreacion-cdr\/files\/2023\/04\/Diseno-sin-titulo-768x614.png 768w, https:\/\/blog.utp.edu.co\/area-de-recreacion-cdr\/files\/2023\/04\/Diseno-sin-titulo-1536x1229.png 1536w, https:\/\/blog.utp.edu.co\/area-de-recreacion-cdr\/files\/2023\/04\/Diseno-sin-titulo.png 2000w\" sizes=\"auto, (max-width: 1024px) 100vw, 1024px\" \/><\/figure>\n<\/div><\/div>\n<\/div>\n\n\n\n<p><\/p>\n\n\n\n<h3 class=\"wp-block-heading has-text-align-center\"><em>PERFIL OCUPACIONAL<\/em><\/h3>\n\n\n\n<p><strong><mark style=\"background-color:#8ed1fc\" class=\"has-inline-color\">Los ejes del programa de Ciencias del Deporte y Recreaci\u00f3n est\u00e1n centrados en:<\/mark><\/strong><\/p>\n\n\n\n<ul class=\"wp-block-list\">\n<li>La formaci\u00f3n cient\u00edfica e investigativa en que se fundamenta la concepci\u00f3n epistemol\u00f3gica, te\u00f3rica y pr\u00e1ctica de la actividad f\u00edsica, el deporte, la recreaci\u00f3n y la salud.<\/li>\n\n\n\n<li>Los procesos y m\u00e9todos que le son propios de cada actividad.<\/li>\n\n\n\n<li>Los aspectos biom\u00e9dicos, f\u00edsicos y ps\u00edquicos, sobre los cuales se desarrolla el organismo humano.<\/li>\n\n\n\n<li>La formaci\u00f3n human\u00edstica como elemento fundamental para lograr un profesional con una posici\u00f3n cr\u00edtica centrada en valores y transformaci\u00f3n social.<\/li>\n<\/ul>\n\n\n\n<p><mark><strong>Asignaturas que hacen parte del \u00c1rea de Recreaci\u00f3n<\/strong><\/mark><\/p>\n\n\n\n<ul class=\"wp-block-list\">\n<li>Participaci\u00f3n Comunitaria (2 semestre)<\/li>\n\n\n\n<li>T\u00e9cnicas Comunicaci\u00f3n Desarrollo Comunitario (3 semestre)<\/li>\n\n\n\n<li>Psicolog\u00eda Evolutiva I (4 semestre)<\/li>\n\n\n\n<li>Taller Const. para Deporte y Recreaci\u00f3n (4 semestre)<\/li>\n\n\n\n<li>Psicolog\u00eda Evolutiva II (5 semestre)<\/li>\n\n\n\n<li>Modalidad Recreativa I (5 semestre)<\/li>\n\n\n\n<li>Psicolog\u00eda Deportiva (6 semestre)<\/li>\n\n\n\n<li>Modalidad Recreativa II (6 semestre)<\/li>\n\n\n\n<li>Recreaci\u00f3n Espec\u00edfica (7 semestre)<\/li>\n<\/ul>\n","protected":false},"excerpt":{"rendered":"<p>PERFIL PROFESIONAL El profesional en Ciencias del Deporte y la Recreaci\u00f3n de la Universidad Tecnol\u00f3gica de Pereira podr\u00e1 desempe\u00f1arse en actividades relacionadas con: PERFIL OCUPACIONAL Los ejes del programa de Ciencias del Deporte y Recreaci\u00f3n est\u00e1n centrados en: Asignaturas que hacen parte del \u00c1rea de Recreaci\u00f3n<\/p>\n","protected":false},"author":6472,"featured_media":0,"parent":0,"menu_order":0,"comment_status":"closed","ping_status":"closed","template":"","meta":{"footnotes":""},"class_list":["post-110","page","type-page","status-publish","hentry"],"_links":{"self":[{"href":"https:\/\/blog.utp.edu.co\/area-de-recreacion-cdr\/wp-json\/wp\/v2\/pages\/110","targetHints":{"allow":["GET"]}}],"collection":[{"href":"https:\/\/blog.utp.edu.co\/area-de-recreacion-cdr\/wp-json\/wp\/v2\/pages"}],"about":[{"href":"https:\/\/blog.utp.edu.co\/area-de-recreacion-cdr\/wp-json\/wp\/v2\/types\/page"}],"author":[{"embeddable":true,"href":"https:\/\/blog.utp.edu.co\/area-de-recreacion-cdr\/wp-json\/wp\/v2\/users\/6472"}],"replies":[{"embeddable":true,"href":"https:\/\/blog.utp.edu.co\/area-de-recreacion-cdr\/wp-json\/wp\/v2\/comments?post=110"}],"version-history":[{"count":11,"href":"https:\/\/blog.utp.edu.co\/area-de-recreacion-cdr\/wp-json\/wp\/v2\/pages\/110\/revisions"}],"predecessor-version":[{"id":1344,"href":"https:\/\/blog.utp.edu.co\/area-de-recreacion-cdr\/wp-json\/wp\/v2\/pages\/110\/revisions\/1344"}],"wp:attachment":[{"href":"https:\/\/blog.utp.edu.co\/area-de-recreacion-cdr\/wp-json\/wp\/v2\/media?parent=110"}],"curies":[{"name":"wp","href":"https:\/\/api.w.org\/{rel}","templated":true}]}}