{"id":2,"date":"2011-02-11T19:50:30","date_gmt":"2011-02-12T00:50:30","guid":{"rendered":"http:\/\/blog.utp.edu.co\/700repart\/?page_id=2"},"modified":"2021-11-06T11:01:55","modified_gmt":"2021-11-06T16:01:55","slug":"inicio","status":"publish","type":"page","link":"https:\/\/blog.utp.edu.co\/700repart\/","title":{"rendered":"Inicio"},"content":{"rendered":"<p>Esto es un ejemplo de p\u00e1gina de WordPress, puedes editarla para mostrar informaci\u00f3n acerca de ti o tu sitio; as\u00ed, los lectores sabr\u00e1n a qu\u00e9 atenerse. Puedes crear tantas p\u00e1ginas o sub-p\u00e1ginas como quieras y organizar su contenido dentro de WordPress.<\/p>\n","protected":false},"excerpt":{"rendered":"<p>Esto es un ejemplo de p\u00e1gina de WordPress, puedes editarla para mostrar informaci\u00f3n acerca de ti o tu sitio; as\u00ed, los lectores sabr\u00e1n a qu\u00e9 atenerse. Puedes crear tantas p\u00e1ginas o sub-p\u00e1ginas como quieras y organizar su contenido dentro de WordPress.<\/p>\n","protected":false},"author":240,"featured_media":0,"parent":0,"menu_order":0,"comment_status":"open","ping_status":"closed","template":"","meta":{"footnotes":""},"class_list":["post-2","page","type-page","status-publish","hentry"],"_links":{"self":[{"href":"https:\/\/blog.utp.edu.co\/700repart\/wp-json\/wp\/v2\/pages\/2","targetHints":{"allow":["GET"]}}],"collection":[{"href":"https:\/\/blog.utp.edu.co\/700repart\/wp-json\/wp\/v2\/pages"}],"about":[{"href":"https:\/\/blog.utp.edu.co\/700repart\/wp-json\/wp\/v2\/types\/page"}],"author":[{"embeddable":true,"href":"https:\/\/blog.utp.edu.co\/700repart\/wp-json\/wp\/v2\/users\/240"}],"replies":[{"embeddable":true,"href":"https:\/\/blog.utp.edu.co\/700repart\/wp-json\/wp\/v2\/comments?post=2"}],"version-history":[{"count":1,"href":"https:\/\/blog.utp.edu.co\/700repart\/wp-json\/wp\/v2\/pages\/2\/revisions"}],"predecessor-version":[{"id":3871,"href":"https:\/\/blog.utp.edu.co\/700repart\/wp-json\/wp\/v2\/pages\/2\/revisions\/3871"}],"wp:attachment":[{"href":"https:\/\/blog.utp.edu.co\/700repart\/wp-json\/wp\/v2\/media?parent=2"}],"curies":[{"name":"wp","href":"https:\/\/api.w.org\/{rel}","templated":true}]}}